{"id":10858,"date":"2025-06-26T20:59:32","date_gmt":"2025-06-26T18:59:32","guid":{"rendered":"http:\/\/localhost\/gautierinformatique\/?post_type=product&#038;p=10858"},"modified":"2025-06-26T21:03:03","modified_gmt":"2025-06-26T19:03:03","slug":"apple-iphone-15-pro-max-titane-noir256-go","status":"publish","type":"product","link":"https:\/\/gautierinformatique.com\/?product=apple-iphone-15-pro-max-titane-noir256-go","title":{"rendered":"Apple iPhone 15 Pro Max (Titane noir)256 Go"},"content":{"rendered":"<p><span class=\"c-product__tag-line\">Une puissance ph\u00e9nom\u00e9nale. Un bond colossal. Taill\u00e9 dans le titane.<\/span><\/p>\n<div class=\"c-description-content c-content--right\">\n<div class=\"c-content__text\">\n<h3>Le premier iPhone taill\u00e9 dans le titane.<\/h3>\n<p>Gr\u00e2ce \u00e0 un design en<strong> titane de qualit\u00e9 a\u00e9rospatiale<\/strong>, l\u2019iPhone 15 Pro\u00a0Max est incroyablement r\u00e9sistant et l\u00e9ger.<\/p>\n<p>Le titane est l\u2019un des m\u00e9taux offrant le meilleur ratio r\u00e9sistance\/poids, ce qui permet\u00a0de cr\u00e9er les mod\u00e8les<strong>\u00a0pro les plus l\u00e9gers \u00e0 ce jour<\/strong>.<\/p>\n<p>Vous sentirez tout de suite la diff\u00e9rence. Et avec le <strong>Ceramic Shield<\/strong> et la r\u00e9sistance \u00e0 l\u2019eau, vous profitez d\u2019une durabilit\u00e9 exceptionnelle.<\/p>\n<h3>Des photos surr\u00e9alistes. Et plus vraies que nature.<\/h3>\n<p>R\u00e9alisez des photos et des portraits en super haute r\u00e9solution gr\u00e2ce \u00e0 l\u2019<strong>appareil photo principal 48 Mpx<\/strong> dot\u00e9 du plus grand capteur jamais vu sur iPhone.<\/p>\n<p>Et avec l\u2019\u00e9quivalent de <strong>7 objectifs pro<\/strong> \u00e0 port\u00e9e de main, dont un appareil photo <strong>t\u00e9l\u00e9objectif 5x<\/strong>, vous pouvez sortir du cadre et laisser libre cours \u00e0 votre cr\u00e9ativit\u00e9.<\/p>\n<p>Vous disposez d\u2019une large palette de longueurs focales. C\u2019est comme si vous aviez sept objectifs professionnels \u00e0 port\u00e9e de main, partout o\u00f9 vous allez.<\/p>\n<p>Vous pouvez d\u00e9sormais r\u00e9aliser des gros plans plus nets d\u2019encore plus loin et prendre une photo sensationnelle d\u2019une amie ou immortaliser le but marqu\u00e9 par votre enfant pendant un match de foot.<\/p>\n<\/div>\n<div class=\"c-content__thumb\"><img decoding=\"async\" class=\"img-fluid\" src=\"https:\/\/media.materiel.net\/bo-images\/fiches\/Telephonie\/Smartphones\/Apple\/iPhone-15-Pro\/1.jpg\" alt=\"\" \/><\/div>\n<\/div>\n<div class=\"c-description-content c-content--left\">\n<div class=\"c-content__text\">\n<h3>Tout nouveau bouton Action. Que fera le v\u00f4tre ?<\/h3>\n<p>Le tout nouveau bouton Action est un raccourci vers votre fonctionnalit\u00e9 pr\u00e9f\u00e9r\u00e9e. Une fois que vous l&rsquo;avez configur\u00e9, il suffit d&rsquo;appuyer de fa\u00e7on prolong\u00e9e pour d\u00e9clencher l&rsquo;action souhait\u00e9e.<\/p>\n<p>Quels que soient vos besoins, le bouton Action est toujours \u00e0 port\u00e9e de main. Configurez-le pour ouvrir l&rsquo;appareil photo d\u00e8s que vous voulez prendre un selfie ou pour enregistrer un m\u00e9mo vocal \u00e0 la vol\u00e9e. Vous pouvez m\u00eame s\u00e9lectionner Raccourci pour ouvrir une app ou effectuer une s\u00e9rie de t\u00e2ches, comme allumer les lumi\u00e8res du salon et mettre de la musique.<\/p>\n<h3>\u00c9cran Super Retina XDR de 6,7\u00a0pouces avec ProMotion et\u00a0\u00e9cran toujours activ\u00e9<\/h3>\n<p>\u00c0 pr\u00e9sent, <strong>votre \u00e9cran verrouill\u00e9 est toujours visible<\/strong>, et vous pouvez le consulter d&rsquo;un simple coup d&rsquo;oeil, sans avoir besoin de le toucher.<\/p>\n<p>Lorsque votre iPhone est au fond de votre poche ou tourn\u00e9 vers le bas, l&rsquo;\u00e9cran s&rsquo;obscurcit pour pr\u00e9server la batterie.<\/p>\n<\/div>\n<div class=\"c-content__thumb\"><img decoding=\"async\" class=\"img-fluid\" src=\"https:\/\/media.materiel.net\/bo-images\/fiches\/Telephonie\/Smartphones\/Apple\/iPhone-15-Pro\/2.jpg\" alt=\"\" \/><\/div>\n<\/div>\n<div class=\"c-description-content c-content--right\">\n<div class=\"c-content__text\">\n<h3>Puce A17 Pro.\u00a0Des performances r\u00e9volutionnaires \u00e0 la puissance Pro.<\/h3>\n<p>L\u2019iPhone 15 Pro\u00a0Max est dot\u00e9 de la<strong> nouvelle puce A17 Pro<\/strong> avec un <strong>GPU de niveau pro dot\u00e9 de 6 c\u0153urs<\/strong>. Sa puissance est taill\u00e9e pour le gaming de haut niveau et les workflows pro, tout en offrant toujours une autonomie d\u2019une journ\u00e9e.<\/p>\n<p>Pour la premi\u00e8re fois, l\u2019iPhone 15 Pro\u00a0Max exploite une<strong>technologie de ray tracing acc\u00e9l\u00e9r\u00e9 par le mat\u00e9riel<\/strong>, jusqu\u2019\u00e0 quatre fois plus rapide que le ray tracing logiciel, pour des graphismes plus fluides et un \u00e9clairage plus vrai que nature. Il s\u2019agit du ray tracing<strong> le plus rapide sur smartphone<\/strong>.<\/p>\n<p><strong>MetalFX Upscaling<\/strong> associe les performances du GPU \u00e0 celles du Neural Engine pour produire des graphismes haute r\u00e9solution tout en consommant beaucoup moins d\u2019\u00e9nergie. Le gaming a de belles heures devant lui.<\/p>\n<h3>Compatible avec la 5G<\/h3>\n<p>Rapidement, mais s\u00fbrement, le monde se met \u00e0 la <strong>5G<\/strong>. Du streaming au t\u00e9l\u00e9chargement, tout va beaucoup plus vite. La <strong>5G <\/strong>est m\u00eame assez rapide pour le gaming de haut vol \u00e0 plusieurs ou encore le partage de vid\u00e9os en r\u00e9alit\u00e9 augment\u00e9e.<\/p>\n<p>En mode Smart Data, l&rsquo;iPhone passe automatiquement \u00e0 la vitesse inf\u00e9rieure d\u00e8s que vous n&rsquo;avez plus besoin d&rsquo;une vitesse extr\u00eame, afin d&rsquo;\u00e9conomiser l&rsquo;\u00e9nergie.<\/p>\n<\/div>\n<div class=\"c-content__thumb\"><img decoding=\"async\" class=\"img-fluid\" src=\"https:\/\/media.materiel.net\/bo-images\/fiches\/Telephonie\/Smartphones\/Apple\/iPhone-15-Pro\/3.jpg\" alt=\"\" \/><\/div>\n<\/div>\n<div class=\"c-description-content c-content--left\">\n<div class=\"c-content__text\">\n<h3>Pour les transferts, tout s&rsquo;acc\u00e9l\u00e8re.<\/h3>\n<p>\u00c0 pr\u00e9sent, <strong>votre \u00e9cran verrouill\u00e9 est toujours visible<\/strong>, et vous pouvez le consulter d&rsquo;un simple coup d&rsquo;oeil, sans avoir besoin de le toucher.<\/p>\n<p>L&rsquo;iPhone 15 Pro\u00a0Max est le premier iPhone \u00e0 prendre en charge la norme USB 3, pour des vitesses de transfert de donn\u00e9es nettement acc\u00e9l\u00e9r\u00e9es et des workflows pro plus rapides que jamais.<\/p>\n<p>Le nouveau connecteur USB\u2011C vous permet d&rsquo;utiliser le m\u00eame c\u00e2ble pour charger votre Mac ou iPad et votre iPhone 15 Pro Max. Fini, les c\u00e2bles emm\u00eal\u00e9s.<\/p>\n<\/div>\n<div class=\"c-content__thumb\"><img decoding=\"async\" class=\"img-fluid\" src=\"https:\/\/media.materiel.net\/bo-images\/fiches\/Telephonie\/Smartphones\/Apple\/iPhone-15-Pro\/4.jpg\" alt=\"\" \/><\/div>\n<\/div>\n<div class=\"c-description-content c-content--right\">\n<div class=\"c-content__text\">\n<h3>La d\u00e9tection des accidents appelle les secours pour vous.<\/h3>\n<p>L&rsquo;iPhone 15\u00a0Pro\u00a0Max est capable de d\u00e9tecter que vous venez d&rsquo;avoir un grave accident de voiture. Il appelle automatiquement les secours et pr\u00e9vient vos contacts d&rsquo;urgence.<\/p>\n<h3>Ceramic Shield : un verre plus r\u00e9sistant que jamais<\/h3>\n<p>Apple am\u00e9liore consid\u00e9rablement la r\u00e9sistance du verre avec la<strong> technologie Ceramic Shield<\/strong>. Afin de cr\u00e9er ce type de verre, il est introduit des cristaux de nano-c\u00e9ramique plus r\u00e9sistants que la majorit\u00e9 des m\u00e9taux. Ce proc\u00e9d\u00e9 complexe permet d&rsquo;avoir le verre le plus r\u00e9sistant sur smartphone.<\/p>\n<h3>R\u00e9sistance aux \u00e9claboussures, \u00e0 l&rsquo;eau et \u00e0 la poussi\u00e8re<\/h3>\n<p>L&rsquo;iPhone 15\u00a0Pro Max r\u00e9siste aux al\u00e9as du quotidien. Ne vous souciez plus des \u00e9claboussures ou des liquides renvers\u00e9s.<\/p>\n<p>Il a \u00e9t\u00e9 test\u00e9 en laboratoire dans des conditions contr\u00f4l\u00e9es et a obtenu l&rsquo;<strong>indice de protection IP68<\/strong> (jusqu&rsquo;\u00e0 6 m\u00e8tres de profondeur pendant 30 minutes maximum) d\u00e9fini par la norme 60529 de la CEI.<\/p>\n<\/div>\n<div class=\"c-content__thumb\"><img decoding=\"async\" class=\"img-fluid\" src=\"https:\/\/media.materiel.net\/bo-images\/fiches\/Telephonie\/Smartphones\/Apple\/iPhone-15-Pro\/5.jpg\" alt=\"\" \/><\/div>\n<\/div>\n<div class=\"py-4 mb-4 border-top border-bottom o-bloc-infos\">\n<h3><\/h3>\n<\/div>\n","protected":false},"excerpt":{"rendered":"<p>Une puissance ph\u00e9nom\u00e9nale. Un bond colossal. Taill\u00e9 dans le titane. Le premier iPhone taill\u00e9 dans le titane. Gr\u00e2ce \u00e0 un<\/p>\n","protected":false},"featured_media":11025,"comment_status":"open","ping_status":"closed","template":"","meta":[],"product_brand":[],"product_cat":[155,133,157],"product_tag":[],"class_list":{"0":"post-10858","1":"product","2":"type-product","3":"status-publish","4":"has-post-thumbnail","6":"product_cat-apple","7":"product_cat-apple-iphone","8":"product_cat-iphone-15","10":"first","11":"instock","12":"shipping-taxable","13":"purchasable","14":"product-type-simple"},"_links":{"self":[{"href":"https:\/\/gautierinformatique.com\/index.php?rest_route=\/wp\/v2\/product\/10858","targetHints":{"allow":["GET"]}}],"collection":[{"href":"https:\/\/gautierinformatique.com\/index.php?rest_route=\/wp\/v2\/product"}],"about":[{"href":"https:\/\/gautierinformatique.com\/index.php?rest_route=\/wp\/v2\/types\/product"}],"replies":[{"embeddable":true,"href":"https:\/\/gautierinformatique.com\/index.php?rest_route=%2Fwp%2Fv2%2Fcomments&post=10858"}],"version-history":[{"count":1,"href":"https:\/\/gautierinformatique.com\/index.php?rest_route=\/wp\/v2\/product\/10858\/revisions"}],"predecessor-version":[{"id":11026,"href":"https:\/\/gautierinformatique.com\/index.php?rest_route=\/wp\/v2\/product\/10858\/revisions\/11026"}],"wp:featuredmedia":[{"embeddable":true,"href":"https:\/\/gautierinformatique.com\/index.php?rest_route=\/wp\/v2\/media\/11025"}],"wp:attachment":[{"href":"https:\/\/gautierinformatique.com\/index.php?rest_route=%2Fwp%2Fv2%2Fmedia&parent=10858"}],"wp:term":[{"taxonomy":"product_brand","embeddable":true,"href":"https:\/\/gautierinformatique.com\/index.php?rest_route=%2Fwp%2Fv2%2Fproduct_brand&post=10858"},{"taxonomy":"product_cat","embeddable":true,"href":"https:\/\/gautierinformatique.com\/index.php?rest_route=%2Fwp%2Fv2%2Fproduct_cat&post=10858"},{"taxonomy":"product_tag","embeddable":true,"href":"https:\/\/gautierinformatique.com\/index.php?rest_route=%2Fwp%2Fv2%2Fproduct_tag&post=10858"}],"curies":[{"name":"wp","href":"https:\/\/api.w.org\/{rel}","templated":true}]}}