{"id":10878,"date":"2025-06-26T20:59:56","date_gmt":"2025-06-26T18:59:56","guid":{"rendered":"http:\/\/localhost\/gautierinformatique\/?post_type=product&#038;p=10878"},"modified":"2025-06-26T21:03:22","modified_gmt":"2025-06-26T19:03:22","slug":"apple-iphone-15-noir-128-go","status":"publish","type":"product","link":"https:\/\/gautierinformatique.com\/?product=apple-iphone-15-noir-128-go","title":{"rendered":"Apple iPhone 15 Noir 128 Go"},"content":{"rendered":"<p><span class=\"c-product__tag-line\">Un grand pas en avant pour l&rsquo;iPhone<\/span><\/p>\n<div class=\"c-description-content c-content--right\">\n<div class=\"c-content__text\">\n<h3>Dynamic Island. La bulle d&rsquo;infos qu&rsquo;il vous faut.<\/h3>\n<p><strong>Apple iPhone 15<\/strong>\u00a0int\u00e8gre <strong>Dynamic Island<\/strong>, un moyen innovant d&rsquo;interagir avec les alertes importantes et les Activit\u00e9s en direct. Cette exp\u00e9rience s&rsquo;\u00e9tend et s&rsquo;adapte de mani\u00e8re fluide pour que les utilisateurs puissent voir la prochaine \u00e9tape de l&rsquo;itin\u00e9raire dans Plans, contr\u00f4ler facilement leur musique ou encore obtenir, gr\u00e2ce aux int\u00e9grations avec des apps tierces, des informations en temps r\u00e9el sur la livraison de repas, un trajet en cours, des r\u00e9sultats sportifs, des informations de voyage, et bien plus encore.<\/p>\n<h3>Un \u00e9cran plus brillant. Et plus dynamique.<\/h3>\n<p>L&rsquo;<strong>iPhone 15\u00a0<\/strong>est \u00e9quip\u00e9 d&rsquo;un \u00e9cran <strong>Super Retina XDR de 6,1 pouces<\/strong>, cet \u00e9cran OLED est lumineux avec jusqu&rsquo;\u00e0 2000 nits et vous offre ainsi une visibilit\u00e9 optimale m\u00eame en plein soleil.\u00a0\u00a0La luminosit\u00e9 HDR de pointe atteint d\u00e9sormais 1\u00a0600\u00a0nits, ce qui am\u00e9liore consid\u00e9rablement le rendu des photos et vid\u00e9os\u00a0HDR.\u00a0Blancs \u00e9clatants, noirs profonds et nuances interm\u00e9diaires&#8230; rien ne vous \u00e9chappe. Ce qui n&#8217;emp\u00eache pas cet \u00e9cran d&rsquo;\u00eatre plus \u00e9conome en \u00e9nergie que jamais.<\/p>\n<h3>Aussi r\u00e9sistant qu\u2019irr\u00e9sistible.<\/h3>\n<p>L&rsquo;iphone 15 est dot\u00e9\u00a0d\u2019un <strong>dos en verre teint\u00e9 dans la masse<\/strong>,\u00a0une premi\u00e8re dans l&rsquo;industrie,\u00a0offrant une superbe finition mate textur\u00e9e, et d\u2019un<strong> bo\u00eetier en aluminium avec de nouveaux bords profil\u00e9s<\/strong>. Des ions m\u00e9talliques ultra-fins diffusent la couleur dans le\u00a0verre<b>.\u00a0<\/b>Le bo\u00eetier en aluminium de qualit\u00e9 a\u00e9rospatiale pr\u00e9sente de <strong>nouveaux bords profil\u00e9s offrant une prise en main encore plus agr\u00e9able\u00a0<\/strong>et une face avant <strong>Ceramic\u00a0Shield<\/strong> toujours plus r\u00e9sistante que le verre de n\u2019importe quel autre smartphone. Le\u00a0design interne offre des performances \u00e9lev\u00e9es sur la dur\u00e9e, tout en am\u00e9liorant la r\u00e9parabilit\u00e9 des appareils et le co\u00fbt des r\u00e9parations.<\/p>\n<\/div>\n<div class=\"c-content__thumb\"><img decoding=\"async\" class=\"img-fluid\" src=\"https:\/\/media.materiel.net\/bo-images\/fiches\/Telephonie\/Smartphones\/Apple\/iPhone%2015\/800%202.jpg\" alt=\"\" \/><\/div>\n<\/div>\n<div class=\"c-description-content c-content--left\">\n<div class=\"c-content__text\">\n<h3>Appareil photo principal 48\u00a0Mpx. La photo au sommet de son art.<\/h3>\n<p>L&rsquo;iPhone 15\u00a0r\u00e9alise de magnifiques photos gr\u00e2ce au <strong>puissant appareil photo principal de 48 Mpx<\/strong> permettant de prendre des clich\u00e9s en tr\u00e8s haute r\u00e9solution et avec le nouveau <strong>T\u00e9l\u00e9objectif 2x<\/strong> en option les utilisateurs disposent de trois niveaux de zoom optique au total , l\u2019\u00e9quivalent d\u2019un troisi\u00e8me objectif. La gamme d\u2019iPhone\u00a015 apporte \u00e9galement des <strong>portraits nouvelle g\u00e9n\u00e9ration<\/strong>, riches en d\u00e9tails et offrant d\u2019excellentes performances en conditions de faible \u00e9clairage.<\/p>\n<p>Un appareil photo principal de 48\u00a0Mpx prend des photos et des vid\u00e9os d\u2019une <strong>grande nettet\u00e9 avec un niveau de d\u00e9tail \u00e9lev\u00e9<\/strong> gr\u00e2ce au capteur quad\u2011pixel et 100\u00a0% de Focus\u00a0Pixels pour assurer une mise au point automatique rapide. Gr\u00e2ce \u00e0 la puissance du traitement photo informatique, l\u2019appareil photo principal prend d\u00e9sormais par d\u00e9faut des clich\u00e9s en tr\u00e8s haute r\u00e9solution de 24 Mpx.\u00a0La cam\u00e9ra TrueDepth fait automa\u00adtiquement la mise au\u00a0point sur vous et sur vos proches, pour\u00a0<strong>des selfies spectaculaires et des appels FaceTime incroyablement\u00a0nets<\/strong>.<\/p>\n<h3>Une avanc\u00e9e majeure. De pr\u00e8s comme de loin.<\/h3>\n<p>Les portraits nouvelle g\u00e9n\u00e9ration pris avec l\u2019iPhone\u00a015 affichent des d\u00e9tails plus nets, des couleurs plus \u00e9clatantes et des performances am\u00e9lior\u00e9es en conditions de faible \u00e9clairage.\u00a0\u00a0En cas de luminosit\u00e9 \u00e9lev\u00e9e ou non homog\u00e8ne, le nouveau <strong>Smart\u00a0HDR<\/strong> capture les sujets et les arri\u00e8re-plans avec un meilleur rendu des tons de peau, tout en garantissant des tons clairs plus lumineux, des tons moyens plus riches et des ombres plus intenses lorsque les photos sont affich\u00e9es dans l\u2019app\u00a0Photos<\/p>\n<h3>Faites des vid\u00e9os 4K\u00a0HDR<\/h3>\n<p>Que vous filmiez en vous promenant sur un sentier de randonn\u00e9e ou en courant apr\u00e8s vos enfants, activez le <strong>mode Action <\/strong>pour des vid\u00e9os plus stables lorsque vous tenez votre appareil \u00e0 la main.\u00a0Ou laissez-vous s\u00e9duire par le mode Cin\u00e9matique 4K, qui fait automa\u00adtiquement la mise au point sur le sujet le plus important de la sc\u00e8ne.<\/p>\n<\/div>\n<div class=\"c-content__thumb\"><img decoding=\"async\" class=\"img-fluid\" src=\"https:\/\/media.materiel.net\/bo-images\/fiches\/Telephonie\/Smartphones\/Apple\/iPhone%2015\/800%204.jpg\" alt=\"\" \/><\/div>\n<\/div>\n<div class=\"c-description-content c-content--right\">\n<div class=\"c-content__text\">\n<h3>S\u00e9curit\u00e9 : La d\u00e9tection des accidents appelle les secours pour vous<\/h3>\n<p>L&rsquo;iPhone 15\u00a0est <strong>capable de d\u00e9tecter que vous venez d&rsquo;avoir un grave accident de voiture<\/strong>.<\/p>\n<p>Il <strong>appelle automatiquement les secours <\/strong>et pr\u00e9vient vos contacts d&rsquo;urgence.<\/p>\n<h3>Tellement Plus d&rsquo;autonomie<\/h3>\n<p>L&rsquo;iPhone 15\u00a0vous en donne plus pendant plus longtemps, il offre<strong> jusqu&rsquo;\u00e0 20\u00a0heures de lecture vid\u00e9o<\/strong>.<\/p>\n<\/div>\n<div class=\"c-content__thumb\"><img decoding=\"async\" class=\"img-fluid\" src=\"https:\/\/media.materiel.net\/bo-images\/fiches\/Telephonie\/Smartphones\/Apple\/iPhone%2015\/800%201.jpg\" alt=\"\" \/><\/div>\n<\/div>\n<div class=\"c-description-content c-content--left\">\n<div class=\"c-content__text\">\n<h3>Puce A16 Bionic : Puissance et performances \u00e9prouv\u00e9es<\/h3>\n<p>Rapide comme l&rsquo;\u00e9clair, la <strong>puce A16\u00a0Bionic<\/strong> aux performances \u00e9prouv\u00e9es est capable\u00a0d\u2019ex\u00e9cuter des fonctionnalit\u00e9s comme Dynamic Island et le traitement photo informatique. Dot\u00e9 de deux\u00a0c\u0153urs hautes performances qui consomment 20\u00a0% d\u2019\u00e9nergie en moins et quatre\u00a0c\u0153urs \u00e0 haute efficacit\u00e9 \u00e9nerg\u00e9tique. Le CPU 6\u00a0c\u0153urs est plus rapide que celui de g\u00e9n\u00e9ration pr\u00e9c\u00e9dente et g\u00e8re facilement les t\u00e2ches intensives. Avec 50\u00a0% de bande passante m\u00e9moire en plus, le GPU 5\u00a0c\u0153urs permet de profiter de graphismes fluides pour les vid\u00e9os en streaming ou les jeux.<\/p>\n<h3>Compatible avec la 5G<\/h3>\n<p>Rapidement, mais s\u00fbrement, le monde se met \u00e0 la <strong>5G<\/strong>. Du streaming au t\u00e9l\u00e9chargement, tout va beaucoup plus vite. La 5G est m\u00eame assez rapide pour le gaming de haut vol \u00e0 plusieurs ou encore le partage de vid\u00e9os en r\u00e9alit\u00e9 augment\u00e9e. En mode Smart Data, l&rsquo;iPhone passe automatiquement \u00e0 la vitesse inf\u00e9rieure d\u00e8s que vous n&rsquo;avez plus besoin d&rsquo;une vitesse extr\u00eame, afin d&rsquo;\u00e9conomiser l&rsquo;\u00e9nergie.<\/p>\n<h3>R\u00e9sistance aux \u00e9claboussures, \u00e0 l&rsquo;eau et \u00e0 la poussi\u00e8re<\/h3>\n<p>L&rsquo;iPhone 15\u00a0r\u00e9siste aux al\u00e9as du quotidien. Ne vous souciez plus des \u00e9claboussures ou des liquides renvers\u00e9s. Il a \u00e9t\u00e9 test\u00e9 en laboratoire dans des conditions contr\u00f4l\u00e9es et a obtenu l&rsquo;<strong>indice de protection IP68<\/strong> (jusqu&rsquo;\u00e0 6 m\u00e8tres de profondeur pendant 30 minutes maximum) d\u00e9fini par la norme 60529 de la CEI.<\/p>\n<\/div>\n<div class=\"c-content__thumb\"><img decoding=\"async\" class=\"img-fluid\" src=\"https:\/\/media.materiel.net\/bo-images\/fiches\/Telephonie\/Smartphones\/Apple\/iPhone%2015\/800%205.jpg\" alt=\"\" \/><\/div>\n<\/div>\n<div class=\"c-description-content c-content--right\">\n<div class=\"c-content__text\">\n<h3>De puissantes capacit\u00e9s de connexion<\/h3>\n<p>La gamme iPhone 15 propose de nouvelles m\u00e9thodes pratiques pour recharger son appareil, retrouver des proches dans des lieux tr\u00e8s fr\u00e9quent\u00e9s et rester en contact en voyage. Les deux mod\u00e8les sont dot\u00e9s d&rsquo;un <strong>connecteur USB-C<\/strong>, la norme universelle pour la charge et le transfert de contenu, ce qui permet d&rsquo;utiliser le m\u00eame c\u00e2ble pour charger l&rsquo;iPhone, le Mac, l&rsquo;iPad et les nouveaux AirPods Pro (2\u1d49 g\u00e9n\u00e9ration)<\/p>\n<p>La gamme iPhone 15 int\u00e8gre\u00a0une puce <strong>Ultra Wideband 2\u1d49 g\u00e9n\u00e9ration<\/strong>, leur permettant de se connecter \u00e0 un autre iPhone \u00e9quip\u00e9 de cette puce dans une zone de port\u00e9e trois fois plus \u00e9tendue qu&rsquo;auparavant.<\/p>\n<h3>SOS d&rsquo;urgence par satellite.<\/h3>\n<p>Si vous ne parvenez pas \u00e0 joindre les secours parce que vous \u00eates hors de port\u00e9e d&rsquo;un r\u00e9seau cellulaire ou Wi\u2011Fi, vous pouvez utiliser votre iPhone pour envoyer par satellite un SMS aux services d&rsquo;urgence.<\/p>\n<h3>iOS 17<\/h3>\n<p><strong>L&rsquo;iPhone 15 int\u00e8gre\u00a0iOS 17<\/strong>\u00a0qui rend l&rsquo;iPhone encore plus personnel et intuitif gr\u00e2ce \u00e0 de nouvelles fonctionnalit\u00e9s.<\/p>\n<h3>Meilleurs pour l&rsquo;environnement<\/h3>\n<p>Pour la premi\u00e8re fois sur iPhone, l&rsquo;iPhone 15 contient une part encore plus importante de <strong>mat\u00e9riaux recycl\u00e9s<\/strong>, dont du cobalt 100 % recycl\u00e9 dans la batterie et du <strong>cuivre 100 % recycl\u00e9<\/strong> dans la carte m\u00e8re logique principale, les fils de cuivre du Taptic Engine et la feuille de cuivre dans le dispositif de charge par induction MagSafe.<\/p>\n<\/div>\n<div class=\"c-content__thumb\"><img decoding=\"async\" class=\"img-fluid\" src=\"https:\/\/media.materiel.net\/bo-images\/fiches\/Telephonie\/Smartphones\/Apple\/iPhone%2015\/800%203.jpg\" alt=\"\" \/><\/div>\n<\/div>\n<div class=\"py-4 mb-4 border-top border-bottom o-bloc-infos\">\n<h3><\/h3>\n<\/div>\n","protected":false},"excerpt":{"rendered":"<p>L&rsquo;iPhone 15 de Apple arbore un nouveau design magnifique avec un dos en verre r\u00e9sistant teint\u00e9 dans la masse et de nouveaux bords profil\u00e9s, Dynamic Island, un appareil photo principal 48 Mpx avec T\u00e9l\u00e9objectif 2x et un port USB-C.<\/p>\n","protected":false},"featured_media":11042,"comment_status":"open","ping_status":"closed","template":"","meta":[],"product_brand":[],"product_cat":[137,133,156,157],"product_tag":[],"class_list":{"0":"post-10878","1":"product","2":"type-product","3":"status-publish","4":"has-post-thumbnail","6":"product_cat-almost-new-phone","7":"product_cat-apple-iphone","8":"product_cat-apple-iphone-almost-new-phone","9":"product_cat-iphone-15","11":"first","12":"instock","13":"shipping-taxable","14":"purchasable","15":"product-type-simple"},"_links":{"self":[{"href":"https:\/\/gautierinformatique.com\/index.php?rest_route=\/wp\/v2\/product\/10878","targetHints":{"allow":["GET"]}}],"collection":[{"href":"https:\/\/gautierinformatique.com\/index.php?rest_route=\/wp\/v2\/product"}],"about":[{"href":"https:\/\/gautierinformatique.com\/index.php?rest_route=\/wp\/v2\/types\/product"}],"replies":[{"embeddable":true,"href":"https:\/\/gautierinformatique.com\/index.php?rest_route=%2Fwp%2Fv2%2Fcomments&post=10878"}],"version-history":[{"count":1,"href":"https:\/\/gautierinformatique.com\/index.php?rest_route=\/wp\/v2\/product\/10878\/revisions"}],"predecessor-version":[{"id":11043,"href":"https:\/\/gautierinformatique.com\/index.php?rest_route=\/wp\/v2\/product\/10878\/revisions\/11043"}],"wp:featuredmedia":[{"embeddable":true,"href":"https:\/\/gautierinformatique.com\/index.php?rest_route=\/wp\/v2\/media\/11042"}],"wp:attachment":[{"href":"https:\/\/gautierinformatique.com\/index.php?rest_route=%2Fwp%2Fv2%2Fmedia&parent=10878"}],"wp:term":[{"taxonomy":"product_brand","embeddable":true,"href":"https:\/\/gautierinformatique.com\/index.php?rest_route=%2Fwp%2Fv2%2Fproduct_brand&post=10878"},{"taxonomy":"product_cat","embeddable":true,"href":"https:\/\/gautierinformatique.com\/index.php?rest_route=%2Fwp%2Fv2%2Fproduct_cat&post=10878"},{"taxonomy":"product_tag","embeddable":true,"href":"https:\/\/gautierinformatique.com\/index.php?rest_route=%2Fwp%2Fv2%2Fproduct_tag&post=10878"}],"curies":[{"name":"wp","href":"https:\/\/api.w.org\/{rel}","templated":true}]}}