{"id":10881,"date":"2025-06-26T20:59:57","date_gmt":"2025-06-26T18:59:57","guid":{"rendered":"http:\/\/localhost\/gautierinformatique\/?post_type=product&#038;p=10881"},"modified":"2026-04-01T14:00:44","modified_gmt":"2026-04-01T14:00:44","slug":"apple-iphone-14-minuit-128-go","status":"publish","type":"product","link":"https:\/\/gautierinformatique.com\/?product=apple-iphone-14-minuit-128-go","title":{"rendered":"Apple iPhone 14 Minuit 128 Go"},"content":{"rendered":"<p><span class=\"c-product__tag-line\">iPhone 14. Exc\u00e8s de fonctionnalit\u00e9s exceptionnelles.<\/span><\/p>\n<div class=\"c-description-content c-content--right\">\n<div class=\"c-content__text\">\n<h3>Un \u00e9cran Super Retina XDR lumineux<\/h3>\n<p>L&rsquo;<strong>iPhone 14<\/strong> est \u00e9quip\u00e9 d&rsquo;un \u00e9cran <strong>Super Retina XDR de 6,1 pouces<\/strong>, cet \u00e9cran OLED est lumineux avec jusqu&rsquo;\u00e0 800 nits et vous offre ainsi une visibilit\u00e9 optimale m\u00eame en plein soleil.<\/p>\n<p>Et il va<strong> jusqu&rsquo;\u00e0 1 200 nits<\/strong> pour les contenus HDR. Blancs \u00e9clatants, noirs profonds et nuances interm\u00e9diaires&#8230; rien ne vous \u00e9chappe. Ce qui n&#8217;emp\u00eache pas cet \u00e9cran d&rsquo;\u00eatre plus \u00e9conome en \u00e9nergie que jamais.<\/p>\n<h3>Design con\u00e7u pour durer avec Ceramic Shield<\/h3>\n<p>Apple am\u00e9liore consid\u00e9rablement la r\u00e9sistance du verre avec la<strong> technologie Ceramic Shield<\/strong>. Afin de cr\u00e9er ce type de verre, il est introduit des<strong> cristaux de nano-c\u00e9ramique<\/strong> plus r\u00e9sistants que la majorit\u00e9 des m\u00e9taux.<\/p>\n<p>Ce proc\u00e9d\u00e9 complexe permet d&rsquo;avoir <strong>le verre le plus r\u00e9sistant sur smartphone<\/strong>.<\/p>\n<\/div>\n<div class=\"c-content__thumb\"><img decoding=\"async\" class=\"img-fluid\" src=\"https:\/\/media.materiel.net\/bo-images\/fiches\/Telephonie\/Smartphones\/Apple\/iPhone-14\/1.jpg\" alt=\"\" \/><\/div>\n<\/div>\n<div class=\"c-description-content c-content--left\">\n<div class=\"c-content__text\">\n<h3>Syst\u00e8me photo avanc\u00e9 pour des photos brillantes, quel que soit l&rsquo;\u00e9clairage<\/h3>\n<p>L&rsquo;iPhone 14 r\u00e9alise de magnifiques photos gr\u00e2ce au <strong>double appareil photo de 12 m\u00e9gapixels<\/strong> (un grand angle et un ultra-grand-angle). Avec la <strong>stabilisation optique <\/strong>de l&rsquo;image par d\u00e9placement du capteur sur l&rsquo;optique grand-angle, l&rsquo;image reste fixe quand vous bougez.<\/p>\n<h3>Encore plus fort pour les clich\u00e9s par faible luminosit\u00e9<\/h3>\n<p>Gr\u00e2ce \u00e0 un objectif principal et \u00e0 un <strong>traitement d&rsquo;image am\u00e9lior\u00e9s<\/strong>, vous pouvez prendre <strong>des clich\u00e9s encore plus sensationnels<\/strong> dans toutes les conditions d&rsquo;\u00e9clairage, y compris par faible luminosit\u00e9.<\/p>\n<h3>Des s\u00e9quences sans secousses.<\/h3>\n<p>Que vous filmiez en vous promenant sur un sentier de randonn\u00e9e ou en courant apr\u00e8s vos enfants, activez le <strong>mode Action <\/strong>pour des vid\u00e9os plus stables lorsque vous tenez votre appareil \u00e0 la main.<\/p>\n<\/div>\n<div class=\"c-content__thumb\"><img decoding=\"async\" class=\"img-fluid\" src=\"https:\/\/media.materiel.net\/bo-images\/fiches\/Telephonie\/Smartphones\/Apple\/iPhone-14\/2.jpg\" alt=\"\" \/><\/div>\n<\/div>\n<div class=\"c-description-content c-content--right\">\n<div class=\"c-content__text\">\n<h3>S\u00e9curit\u00e9 : La d\u00e9tection des accidents appelle les secours pour vous<\/h3>\n<p>L&rsquo;iPhone 14 est <strong>capable de d\u00e9tecter que vous venez d&rsquo;avoir un grave accident de voiture<\/strong>.<\/p>\n<p>Il <strong>appelle automatiquement les secours <\/strong>et pr\u00e9vient vos contacts d&rsquo;urgence.<\/p>\n<h3>Tellement Plus d&rsquo;autonomie<\/h3>\n<p>L&rsquo;iPhone 14 vous en donne plus pendant plus longtemps, il offre<strong> jusqu&rsquo;\u00e0 20 heures de lecture vid\u00e9o<\/strong> sur l&rsquo;iPhone 14.<\/p>\n<\/div>\n<div class=\"c-content__thumb\"><img decoding=\"async\" class=\"img-fluid\" src=\"https:\/\/media.materiel.net\/bo-images\/fiches\/Telephonie\/Smartphones\/Apple\/iPhone-14\/3.jpg\" alt=\"\" \/><\/div>\n<\/div>\n<div class=\"c-description-content c-content--left\">\n<div class=\"c-content__text\">\n<h3>Puce A15 Bionic pour des performances fulgurantes<\/h3>\n<p>Rapide comme l&rsquo;\u00e9clair, la <strong>puce A15 Bionic<\/strong> offre toute sa puissance au mode Cin\u00e9matique, aux Styles photographiques, \u00e0 Texte en direct et plus encore. Son processeur Secure Enclave prot\u00e8ge vos donn\u00e9es personnelles, comme celles de Face ID ou vos contacts. Et elle est plus \u00e9conome en \u00e9nergie, pour une plus grande autonomie. Cette puce comprend un CPU 6 coeurs avec 2 coeurs de performance et 4 coeurs \u00e0 haute efficacit\u00e9 \u00e9nerg\u00e9tique, un GPU 4 coeurs et Neural Engine 16 coeurs.<\/p>\n<h3>Compatible avec la 5G<\/h3>\n<p>Rapidement, mais s\u00fbrement, le monde se met \u00e0 la <strong>5G<\/strong>. Du streaming au t\u00e9l\u00e9chargement, tout va beaucoup plus vite. La 5G est m\u00eame assez rapide pour le gaming de haut vol \u00e0 plusieurs ou encore le partage de vid\u00e9os en r\u00e9alit\u00e9 augment\u00e9e. En mode Smart Data, l&rsquo;iPhone passe automatiquement \u00e0 la vitesse inf\u00e9rieure d\u00e8s que vous n&rsquo;avez plus besoin d&rsquo;une vitesse extr\u00eame, afin d&rsquo;\u00e9conomiser l&rsquo;\u00e9nergie.<\/p>\n<h3>R\u00e9sistance aux \u00e9claboussures, \u00e0 l&rsquo;eau et \u00e0 la poussi\u00e8re<\/h3>\n<p>L&rsquo;iPhone 14 r\u00e9siste aux al\u00e9as du quotidien. Ne vous souciez plus des \u00e9claboussures ou des liquides renvers\u00e9s. Il a \u00e9t\u00e9 test\u00e9 en laboratoire dans des conditions contr\u00f4l\u00e9es et a obtenu l&rsquo;<strong>indice de protection IP68<\/strong> (jusqu&rsquo;\u00e0 6 m\u00e8tres de profondeur pendant 30 minutes maximum) d\u00e9fini par la norme 60529 de la CEI.<\/p>\n<\/div>\n<div class=\"c-content__thumb\"><img decoding=\"async\" class=\"img-fluid\" src=\"https:\/\/media.materiel.net\/bo-images\/fiches\/Telephonie\/Smartphones\/Apple\/iPhone-14\/4.jpg\" alt=\"\" \/><\/div>\n<\/div>\n<div class=\"py-4 mb-4 border-top border-bottom o-bloc-infos\">\n<h3><\/h3>\n<\/div>\n","protected":false},"excerpt":{"rendered":"<p>iPhone 14. Exc\u00e8s de fonctionnalit\u00e9s exceptionnelles. Un \u00e9cran Super Retina XDR lumineux L&rsquo;iPhone 14 est \u00e9quip\u00e9 d&rsquo;un \u00e9cran Super Retina<\/p>\n","protected":false},"featured_media":11061,"comment_status":"open","ping_status":"closed","template":"","meta":[],"product_brand":[],"product_cat":[155,133,134],"product_tag":[],"class_list":{"0":"post-10881","1":"product","2":"type-product","3":"status-publish","4":"has-post-thumbnail","6":"product_cat-apple","7":"product_cat-apple-iphone","8":"product_cat-iphone-14","10":"first","11":"outofstock","12":"shipping-taxable","13":"purchasable","14":"product-type-simple"},"_links":{"self":[{"href":"https:\/\/gautierinformatique.com\/index.php?rest_route=\/wp\/v2\/product\/10881","targetHints":{"allow":["GET"]}}],"collection":[{"href":"https:\/\/gautierinformatique.com\/index.php?rest_route=\/wp\/v2\/product"}],"about":[{"href":"https:\/\/gautierinformatique.com\/index.php?rest_route=\/wp\/v2\/types\/product"}],"replies":[{"embeddable":true,"href":"https:\/\/gautierinformatique.com\/index.php?rest_route=%2Fwp%2Fv2%2Fcomments&post=10881"}],"version-history":[{"count":1,"href":"https:\/\/gautierinformatique.com\/index.php?rest_route=\/wp\/v2\/product\/10881\/revisions"}],"predecessor-version":[{"id":11062,"href":"https:\/\/gautierinformatique.com\/index.php?rest_route=\/wp\/v2\/product\/10881\/revisions\/11062"}],"wp:featuredmedia":[{"embeddable":true,"href":"https:\/\/gautierinformatique.com\/index.php?rest_route=\/wp\/v2\/media\/11061"}],"wp:attachment":[{"href":"https:\/\/gautierinformatique.com\/index.php?rest_route=%2Fwp%2Fv2%2Fmedia&parent=10881"}],"wp:term":[{"taxonomy":"product_brand","embeddable":true,"href":"https:\/\/gautierinformatique.com\/index.php?rest_route=%2Fwp%2Fv2%2Fproduct_brand&post=10881"},{"taxonomy":"product_cat","embeddable":true,"href":"https:\/\/gautierinformatique.com\/index.php?rest_route=%2Fwp%2Fv2%2Fproduct_cat&post=10881"},{"taxonomy":"product_tag","embeddable":true,"href":"https:\/\/gautierinformatique.com\/index.php?rest_route=%2Fwp%2Fv2%2Fproduct_tag&post=10881"}],"curies":[{"name":"wp","href":"https:\/\/api.w.org\/{rel}","templated":true}]}}