{"id":10966,"date":"2025-06-26T21:01:48","date_gmt":"2025-06-26T19:01:48","guid":{"rendered":"http:\/\/localhost\/gautierinformatique\/?post_type=product&#038;p=10966"},"modified":"2025-10-10T12:56:42","modified_gmt":"2025-10-10T12:56:42","slug":"galaxy-s24-5g-8-256-go-creme","status":"publish","type":"product","link":"https:\/\/gautierinformatique.com\/?product=galaxy-s24-5g-8-256-go-creme","title":{"rendered":"Galaxy S24 &#8211; 5G &#8211; 8\/256 Go &#8211; Cr\u00e8me"},"content":{"rendered":"<h2>Fiche technique &#8211; Smartphone Android &#8211; Samsung &#8211; Galaxy S24 &#8211; 5G &#8211; 8\/256 Go &#8211; Cr\u00e8me<\/h2>\n<div class=\"caracteristique-box\">\n<div class=\"group-box\">\n<div class=\"group-name\">Informations G\u00e9n\u00e9rales<\/div>\n<div class=\"group-items\">\n<div class=\"group-item\">\n<div class=\"label\">Double sim :<\/div>\n<div class=\"value\">Oui<\/div>\n<\/div>\n<div class=\"group-item\">\n<div class=\"label\">Etanch\u00e9it\u00e9 :<\/div>\n<div class=\"value\">IP68<\/div>\n<\/div>\n<div class=\"group-item\">\n<div class=\"label\">Etat :<\/div>\n<div class=\"value\">Neuf<\/div>\n<\/div>\n<div class=\"group-item\">\n<div class=\"label\">Indice de r\u00e9parabilit\u00e9 (note sur 10) :<\/div>\n<div class=\"value\"><a href=\"https:\/\/www.rueducommerce.fr\/info\/indice-de-reparabilite\" target=\"_blank\" rel=\"noopener\">8.6<\/a><\/div>\n<\/div>\n<div class=\"group-item\">\n<div class=\"label\">Marque :<\/div>\n<div class=\"value\">Samsung<\/div>\n<\/div>\n<div class=\"group-item\">\n<div class=\"label\">Mod\u00e8le de smartphone :<\/div>\n<div class=\"value\">Galaxy S24<\/div>\n<\/div>\n<div class=\"group-item\">\n<div class=\"label\">NFC :<\/div>\n<div class=\"value\">NFC<\/div>\n<\/div>\n<div class=\"group-item\">\n<div class=\"label\">Paiement sans contact :<\/div>\n<div class=\"value\">Oui<\/div>\n<\/div>\n<div class=\"group-item\">\n<div class=\"label\">Zoom optique :<\/div>\n<div class=\"value\">3x<\/div>\n<\/div>\n<\/div>\n<\/div>\n<div class=\"group-box\">\n<div class=\"group-name\">Caract\u00e9ristique principale<\/div>\n<div class=\"group-items\">\n<div class=\"group-item\">\n<div class=\"label\">Type de carte SIM :<\/div>\n<div class=\"value\">NanoSim<\/div>\n<\/div>\n<\/div>\n<\/div>\n<div class=\"group-box\">\n<div class=\"group-name\">Caract\u00e9ristique technique<\/div>\n<div class=\"group-items\">\n<div class=\"group-item\">\n<div class=\"label\">Couleur :<\/div>\n<div class=\"value\">Cr\u00e8me<\/div>\n<\/div>\n<div class=\"group-item\">\n<div class=\"label\">DAS membre (en W\/Kg) :<\/div>\n<div class=\"value\">2.13 W\/kg<\/div>\n<\/div>\n<div class=\"group-item\">\n<div class=\"label\">DAS tronc (en W\/Kg) :<\/div>\n<div class=\"value\">1.35 W\/kg<\/div>\n<\/div>\n<div class=\"group-item\">\n<div class=\"label\">DAS t\u00eate (en W\/Kg) :<\/div>\n<div class=\"value\">0.869 W\/kg<\/div>\n<\/div>\n<\/div>\n<\/div>\n<div class=\"group-box\">\n<div class=\"group-name\">Affichage<\/div>\n<div class=\"group-items\">\n<div class=\"group-item\">\n<div class=\"label\">Flash de cam\u00e9ra arri\u00e8re :<\/div>\n<div class=\"value\">Oui<\/div>\n<\/div>\n<div class=\"group-item\">\n<div class=\"label\">R\u00e9solution max de l&rsquo;appareil photo (Mpixels) :<\/div>\n<div class=\"value\">50<\/div>\n<\/div>\n<div class=\"group-item\">\n<div class=\"label\">Type de cam\u00e9ra avant :<\/div>\n<div class=\"value\">Cam\u00e9ra unique<\/div>\n<\/div>\n<\/div>\n<\/div>\n<div class=\"group-box\">\n<div class=\"group-name\">Ecran<\/div>\n<div class=\"group-items\">\n<div class=\"group-item\">\n<div class=\"label\">R\u00e9solution de l&rsquo;\u00e9cran smartphone :<\/div>\n<div class=\"value\">Quad HD Plus<\/div>\n<\/div>\n<div class=\"group-item\">\n<div class=\"label\">Taille d&rsquo;\u00e9cran (pouces) :<\/div>\n<div class=\"value\">6.2<\/div>\n<\/div>\n<\/div>\n<\/div>\n<div class=\"group-box\">\n<div class=\"group-name\">Graphisme<\/div>\n<div class=\"group-items\">\n<div class=\"group-item\">\n<div class=\"label\">Type de stabilisateur d&rsquo;image :<\/div>\n<div class=\"value\">Optical Image Stabilization (OIS)<\/div>\n<\/div>\n<\/div>\n<\/div>\n<div class=\"group-box\">\n<div class=\"group-name\">M\u00e9moire<\/div>\n<div class=\"group-items\">\n<div class=\"group-item\">\n<div class=\"label\">M\u00e9moire int\u00e9gr\u00e9e (ROM) :<\/div>\n<div class=\"value\">256 Go<\/div>\n<\/div>\n<div class=\"group-item\">\n<div class=\"label\">M\u00e9moire vive install\u00e9e (Go) :<\/div>\n<div class=\"value\">8<\/div>\n<\/div>\n<\/div>\n<\/div>\n<div class=\"group-box\">\n<div class=\"group-name\">Processeur et carte m\u00e8re<\/div>\n<div class=\"group-items\">\n<div class=\"group-item\">\n<div class=\"label\">Mod\u00e8le de processeur smartphone :<\/div>\n<div class=\"value\">Qualcomm Snapdragon 8 Gen 3<\/div>\n<\/div>\n<\/div>\n<\/div>\n<div class=\"group-box\">\n<div class=\"group-name\">R\u00e9seau<\/div>\n<div class=\"group-items\">\n<div class=\"group-item\">\n<div class=\"label\">R\u00e9seau internet :<\/div>\n<div class=\"value\">5G<\/div>\n<\/div>\n<\/div>\n<\/div>\n<div class=\"group-box\">\n<div class=\"group-name\">Syst\u00e8me d&rsquo;exploitation<\/div>\n<div class=\"group-items\">\n<div class=\"group-item\">\n<div class=\"label\">Syst\u00e8me d&rsquo;exploitation mobile :<\/div>\n<div class=\"value\">Android<\/div>\n<\/div>\n<\/div>\n<\/div>\n<\/div>\n","protected":false},"excerpt":{"rendered":"<p>Fiche technique &#8211; Smartphone Android &#8211; Samsung &#8211; Galaxy S24 &#8211; 5G &#8211; 8\/256 Go &#8211; Cr\u00e8me Informations G\u00e9n\u00e9rales Double<\/p>\n","protected":false},"featured_media":11121,"comment_status":"open","ping_status":"closed","template":"","meta":[],"product_brand":[],"product_cat":[161,162],"product_tag":[],"class_list":{"0":"post-10966","1":"product","2":"type-product","3":"status-publish","4":"has-post-thumbnail","6":"product_cat-galaxy-s24-series","7":"product_cat-samsung","9":"first","10":"outofstock","11":"sale","12":"shipping-taxable","13":"purchasable","14":"product-type-simple"},"_links":{"self":[{"href":"https:\/\/gautierinformatique.com\/index.php?rest_route=\/wp\/v2\/product\/10966","targetHints":{"allow":["GET"]}}],"collection":[{"href":"https:\/\/gautierinformatique.com\/index.php?rest_route=\/wp\/v2\/product"}],"about":[{"href":"https:\/\/gautierinformatique.com\/index.php?rest_route=\/wp\/v2\/types\/product"}],"replies":[{"embeddable":true,"href":"https:\/\/gautierinformatique.com\/index.php?rest_route=%2Fwp%2Fv2%2Fcomments&post=10966"}],"version-history":[{"count":1,"href":"https:\/\/gautierinformatique.com\/index.php?rest_route=\/wp\/v2\/product\/10966\/revisions"}],"predecessor-version":[{"id":11122,"href":"https:\/\/gautierinformatique.com\/index.php?rest_route=\/wp\/v2\/product\/10966\/revisions\/11122"}],"wp:featuredmedia":[{"embeddable":true,"href":"https:\/\/gautierinformatique.com\/index.php?rest_route=\/wp\/v2\/media\/11121"}],"wp:attachment":[{"href":"https:\/\/gautierinformatique.com\/index.php?rest_route=%2Fwp%2Fv2%2Fmedia&parent=10966"}],"wp:term":[{"taxonomy":"product_brand","embeddable":true,"href":"https:\/\/gautierinformatique.com\/index.php?rest_route=%2Fwp%2Fv2%2Fproduct_brand&post=10966"},{"taxonomy":"product_cat","embeddable":true,"href":"https:\/\/gautierinformatique.com\/index.php?rest_route=%2Fwp%2Fv2%2Fproduct_cat&post=10966"},{"taxonomy":"product_tag","embeddable":true,"href":"https:\/\/gautierinformatique.com\/index.php?rest_route=%2Fwp%2Fv2%2Fproduct_tag&post=10966"}],"curies":[{"name":"wp","href":"https:\/\/api.w.org\/{rel}","templated":true}]}}