{"id":11110,"date":"2025-06-26T21:04:31","date_gmt":"2025-06-26T19:04:31","guid":{"rendered":"http:\/\/localhost\/gautierinformatique\/?post_type=product&#038;p=11110"},"modified":"2025-06-26T21:11:30","modified_gmt":"2025-06-26T19:11:30","slug":"11110","status":"publish","type":"product","link":"https:\/\/gautierinformatique.com\/?product=11110","title":{"rendered":""},"content":{"rendered":"<div class=\"xdj266r x11i5rnm xat24cr x1mh8g0r x1vvkbs x126k92a\">\n<div dir=\"auto\"><\/div>\n<\/div>\n<div class=\"x11i5rnm xat24cr x1mh8g0r x1vvkbs xtlvy1s x126k92a\">\n<div dir=\"auto\"><span class=\"html-span xexx8yu x4uap5 x18d9i69 xkhd6sd x1hl2dhg x16tdsg8 x1vvkbs x3nfvp2 x1j61x8r x1fcty0u xdj266r xat24cr xgzva0m xhhsvwb xxymvpz xlup9mm x1kky2od\"><img decoding=\"async\" class=\"xz74otr\" src=\"https:\/\/z-p3-static.xx.fbcdn.net\/images\/emoji.php\/v9\/t8c\/1\/16\/1f4bb.png\" alt=\"\ud83d\udcbb\" width=\"16\" height=\"16\" \/><\/span> Acer Predator Helios Neo 16 \u2013 Puissance &amp; Immersion au Rendez-vous !<\/div>\n<div dir=\"auto\">Transformez vos sessions de gaming en v\u00e9ritables aventures avec ce PC gamer taill\u00e9 pour l\u2019excellence.<\/div>\n<\/div>\n<div class=\"x11i5rnm xat24cr x1mh8g0r x1vvkbs xtlvy1s x126k92a\">\n<div dir=\"auto\"><span class=\"html-span xexx8yu x4uap5 x18d9i69 xkhd6sd x1hl2dhg x16tdsg8 x1vvkbs x3nfvp2 x1j61x8r x1fcty0u xdj266r xat24cr xgzva0m xhhsvwb xxymvpz xlup9mm x1kky2od\"><img decoding=\"async\" class=\"xz74otr\" src=\"https:\/\/z-p3-static.xx.fbcdn.net\/images\/emoji.php\/v9\/tc6\/1\/16\/1f680.png\" alt=\"\ud83d\ude80\" width=\"16\" height=\"16\" \/><\/span> Performance Imbattable :<\/div>\n<div dir=\"auto\">&#8211; Processeur Intel Core i9-13900HX et Carte NVIDIA RTX 4070 8GO pour des performances sans limites.<\/div>\n<div dir=\"auto\">&#8211; \u00c9cran 16&Prime; WQXGA (2560 x 1600) \u00e0 165 Hz pour une immersion totale.<\/div>\n<div dir=\"auto\"><span class=\"html-span xexx8yu x4uap5 x18d9i69 xkhd6sd x1hl2dhg x16tdsg8 x1vvkbs x3nfvp2 x1j61x8r x1fcty0u xdj266r xat24cr xgzva0m xhhsvwb xxymvpz xlup9mm x1kky2od\"><img decoding=\"async\" class=\"xz74otr\" src=\"https:\/\/z-p3-static.xx.fbcdn.net\/images\/emoji.php\/v9\/tfb\/1\/16\/1f4c2.png\" alt=\"\ud83d\udcc2\" width=\"16\" height=\"16\" \/><\/span> Stockage XXL :<\/div>\n<div dir=\"auto\">&#8211; 1 To de SSD pour vos jeux et vos fichiers sans compromis.<\/div>\n<div dir=\"auto\"><span class=\"html-span xexx8yu x4uap5 x18d9i69 xkhd6sd x1hl2dhg x16tdsg8 x1vvkbs x3nfvp2 x1j61x8r x1fcty0u xdj266r xat24cr xgzva0m xhhsvwb xxymvpz xlup9mm x1kky2od\"><img loading=\"lazy\" decoding=\"async\" class=\"xz74otr\" src=\"https:\/\/z-p3-static.xx.fbcdn.net\/images\/emoji.php\/v9\/t2f\/1\/16\/1f3ae.png\" alt=\"\ud83c\udfae\" width=\"16\" height=\"16\" \/><\/span> Design Audacieux :<\/div>\n<div dir=\"auto\">&#8211; Look gamer avec clavier r\u00e9tro\u00e9clair\u00e9 et finitions premium.<\/div>\n<\/div>\n<div class=\"x11i5rnm xat24cr x1mh8g0r x1vvkbs xtlvy1s x126k92a\">\n<div dir=\"auto\"><\/div>\n<\/div>\n<div class=\"x11i5rnm xat24cr x1mh8g0r x1vvkbs xtlvy1s x126k92a\">\n<div dir=\"auto\">Faites plaisir ou offrez-vous le cadeau ultime pour des f\u00eates inoubliables.<\/div>\n<\/div>\n","protected":false},"excerpt":{"rendered":"<div id=\"legal_feature_div\" class=\"celwidget\" data-feature-name=\"legal\" data-csa-c-type=\"widget\" data-csa-c-content-id=\"legal\" data-csa-c-slot-id=\"legal_feature_div\" data-csa-c-asin=\"\" data-csa-c-is-in-initial-active-row=\"false\" data-csa-c-id=\"4i9ps7-drosmi-hbo79c-h55mxw\" data-cel-widget=\"legal_feature_div\">\n<div class=\"a-box a-alert a-alert-info legalFeature\" aria-live=\"polite\" aria-atomic=\"true\">\n<div class=\"a-box-inner a-alert-container\">\n<h4 class=\"a-alert-heading\">Syst\u00e8me d&rsquo;exploitation<\/h4>\n<p>&nbsp;<\/p>\n<div class=\"a-alert-content\">\n<div class=\"a-expander-collapsed-height a-row a-expander-container a-expander-partial-collapse-container\" data-a-expander-name=\"ProductApiOPERATING_SYSTEM_NOTICE\" data-a-expander-collapsed-height=\"75\">\n<div class=\"a-expander-content a-expander-partial-collapse-content\" data-expanded=\"false\">Ce produit fonctionne de mani\u00e8re optimale avec Windows 11. Installer d&rsquo;autres syst\u00e8mes d&rsquo;exploitation peut ne pas fonctionner ou alt\u00e9rer les fonctionnalit\u00e9s de l&rsquo;appareil.<\/div>\n<\/div>\n<\/div>\n<\/div>\n<\/div>\n<\/div>\n<div id=\"legalEUBtf_feature_div\" class=\"celwidget\" data-feature-name=\"legalEUBtf\" data-csa-c-type=\"widget\" data-csa-c-content-id=\"legalEUBtf\" data-csa-c-slot-id=\"legalEUBtf_feature_div\" data-csa-c-asin=\"\" data-csa-c-is-in-initial-active-row=\"false\" data-csa-c-id=\"hji83e-g0u4cp-sc1sn4-l350bc\" data-cel-widget=\"legalEUBtf_feature_div\"><\/div>\n<div id=\"legal-compliance-card_feature_div\" class=\"celwidget\" data-feature-name=\"legal-compliance-card\" data-csa-c-type=\"widget\" data-csa-c-content-id=\"legal-compliance-card\" data-csa-c-slot-id=\"legal-compliance-card_feature_div\" data-csa-c-asin=\"\" data-csa-c-is-in-initial-active-row=\"false\" data-csa-c-id=\"ijyktc-qheeng-t7onbp-4ywswh\" data-cel-widget=\"legal-compliance-card_feature_div\">\n<div class=\"celwidget c-f\" data-csa-op-log-render=\"\" data-csa-c-content-id=\"DsUnknown\" data-csa-c-slot-id=\"DsUnknown-2\" data-csa-c-type=\"widget\" data-csa-c-painter=\"legal-compliance-card-cards\" data-csa-c-id=\"ggl37b-1wtlt5-l382sc-on1n19\" data-cel-widget=\"legal-compliance-card_DetailPage_1\">\n<div id=\"CardInstancecaKrbrxRQ-7kMgV4tW75mA\" data-card-metrics-id=\"legal-compliance-card_DetailPage_1\" data-acp-tracking=\"{}\" data-mix-claimed=\"true\"><\/div>\n<\/div>\n<\/div>\n<div id=\"dp-ads-center-promo-top_feature_div\" class=\"celwidget\" data-feature-name=\"dp-ads-center-promo-top\" data-csa-c-type=\"widget\" data-csa-c-content-id=\"dp-ads-center-promo-top\" data-csa-c-slot-id=\"dp-ads-center-promo-top_feature_div\" data-csa-c-asin=\"\" data-csa-c-is-in-initial-active-row=\"false\" data-csa-c-id=\"fuxvhf-4cuwq3-onxuh0-r1app1\" data-cel-widget=\"dp-ads-center-promo-top_feature_div\"><\/div>\n<div id=\"renewedProgramDescriptionBtf_feature_div\" class=\"celwidget\" data-feature-name=\"renewedProgramDescriptionBtf\" data-csa-c-type=\"widget\" data-csa-c-content-id=\"renewedProgramDescriptionBtf\" data-csa-c-slot-id=\"renewedProgramDescriptionBtf_feature_div\" data-csa-c-asin=\"\" data-csa-c-is-in-initial-active-row=\"false\" data-csa-c-id=\"wn0c61-uqckj7-n1mhyo-h8ncaf\" data-cel-widget=\"renewedProgramDescriptionBtf_feature_div\"><\/div>\n<div id=\"virtual-brand-ingress_feature_div\" class=\"celwidget\" data-feature-name=\"virtual-brand-ingress\" data-csa-c-type=\"widget\" data-csa-c-content-id=\"virtual-brand-ingress\" data-csa-c-slot-id=\"virtual-brand-ingress_feature_div\" data-csa-c-asin=\"\" data-csa-c-is-in-initial-active-row=\"false\" data-csa-c-id=\"cn7o8u-fstf86-vmi40a-8ulaok\" data-cel-widget=\"virtual-brand-ingress_feature_div\">\n<div id=\"sims-consolidated-3_feature_div\">\n<div id=\"sims-consolidated-3_feature_div\"><\/div>\n<\/div>\n<\/div>\n<div id=\"btf_arenas\" class=\"celwidget\" data-feature-name=\"btf_arenas\" data-csa-c-type=\"widget\" data-csa-c-content-id=\"btf_arenas\" data-csa-c-slot-id=\"btf_arenas\" data-csa-c-asin=\"\" data-csa-c-is-in-initial-active-row=\"false\" data-csa-c-id=\"e0u308-66dsi1-93ws94-kp8v7b\" data-cel-widget=\"btf_arenas\">\n<div id=\"aplusBrandStory_feature_div\" class=\"celwidget pd_rd_w-8YMZy pd_rd_r-6XE6G701EQ7Z5581DWC9 pd_rd_wg-4OKa3\" data-feature-name=\"aplusBrandStory\" data-csa-c-type=\"widget\" data-csa-c-content-id=\"aplusBrandStory\" data-csa-c-slot-id=\"aplusBrandStory_feature_div\" data-csa-c-asin=\"\" data-csa-c-is-in-initial-active-row=\"false\" data-csa-c-id=\"smfndm-hbh9nr-hdnxzj-afd8p8\" data-cel-widget=\"aplusBrandStory_feature_div\"><\/div>\n<div id=\"aplus_feature_div\" class=\"celwidget pd_rd_w-uzIP8 pd_rd_r-6XE6G701EQ7Z5581DWC9 pd_rd_wg-4OKa3\" data-feature-name=\"aplus\" data-csa-c-type=\"widget\" data-csa-c-content-id=\"aplus\" data-csa-c-slot-id=\"aplus_feature_div\" data-csa-c-asin=\"\" data-csa-c-is-in-initial-active-row=\"false\" data-csa-c-id=\"v6agq0-mom77d-ghzgll-2pn7zv\" data-cel-widget=\"aplus_feature_div\">\n<div id=\"aplus\" class=\"a-section a-spacing-large bucket\">\n<hr class=\"bucketDivider\" noshade=\"noshade\" size=\"1\" \/>\n<h2>Description du fabricant<\/h2>\n<div class=\"aplus-v2 desktop celwidget\" data-csa-c-id=\"vdqpoa-yoiakp-liwuww-2cnfj\" data-cel-widget=\"aplus\">\n<div class=\"celwidget aplus-module premium-module-2-fullbackground-text aplus-premium\" data-csa-c-id=\"3h1pq7-wfjw8g-arw8qq-c6zkz7\" data-cel-widget=\"aplus-premium-module-2-fullbackground-text\">\n<div class=\"a-section a-spacing-none premium-aplus premium-aplus-module-2\">\n<div class=\"a-section a-spacing-none premium-background-wrapper\">\n<div class=\"a-section a-spacing-none background-image\"><img decoding=\"async\" class=\"\" src=\"https:\/\/m.media-amazon.com\/images\/S\/aplus-media-library-service-media\/228f69fd-7151-4cb4-8be3-c10ce69a6281.__CR0,0,1464,600_PT0_SX1464_V1___.png\" alt=\"helios neo\" data-src=\"https:\/\/m.media-amazon.com\/images\/S\/aplus-media-library-service-media\/228f69fd-7151-4cb4-8be3-c10ce69a6281.__CR0,0,1464,600_PT0_SX1464_V1___.png\" \/><\/div>\n<div class=\"a-section a-spacing-none premium-intro-wrapper right secondary-color\">\n<div class=\"a-section a-spacing-none premium-intro-content-container\">\n<div class=\"a-section a-spacing-none premium-intro-content-column\">\n<div class=\"a-section a-spacing-none premium-intro-background black-background\">\n<h1 class=\"aplus-h1 aplus-module-2-heading a-text-bold\">PREDATOR HELIOS NEO 16<\/h1>\n<div class=\"a-section a-spacing-none premium-intro-paragraph\">\n<p class=\"aplus-p2 aplus-module-2-description\">Avec Predator Helios Neo 16 vous d\u00e9tenez la cl\u00e9 pour lib\u00e9rer vos ambitions, vos curiosit\u00e9s et des possibilit\u00e9s infinies.<\/p>\n<\/div>\n<\/div>\n<\/div>\n<\/div>\n<\/div>\n<\/div>\n<div class=\"a-section a-text-center\"><\/div>\n<\/div>\n<\/div>\n<div class=\"celwidget aplus-module premium-module-2-fullbackground-text aplus-premium\" data-csa-c-id=\"tsnmq4-a5j3rb-yet9pj-lbwd9m\" data-cel-widget=\"aplus-premium-module-2-fullbackground-text\">\n<div class=\"a-section a-spacing-none premium-aplus premium-aplus-module-2\">\n<div class=\"a-section a-spacing-none premium-background-wrapper\">\n<div class=\"a-section a-spacing-none background-image\"><img decoding=\"async\" class=\"\" src=\"https:\/\/m.media-amazon.com\/images\/S\/aplus-media-library-service-media\/4a586a27-a37a-4204-b394-946d417e5fa0.__CR0,0,1464,600_PT0_SX1464_V1___.png\" alt=\"helios neo\" data-src=\"https:\/\/m.media-amazon.com\/images\/S\/aplus-media-library-service-media\/4a586a27-a37a-4204-b394-946d417e5fa0.__CR0,0,1464,600_PT0_SX1464_V1___.png\" \/><\/div>\n<div class=\"a-section a-spacing-none premium-intro-wrapper right secondary-color\">\n<div class=\"a-section a-spacing-none premium-intro-content-container\">\n<div class=\"a-section a-spacing-none premium-intro-content-column\">\n<div class=\"a-section a-spacing-none premium-intro-background black-background\">\n<h1 class=\"aplus-h1 aplus-module-2-heading a-text-bold\">AU-DEL\u00c0 DES PERFORMANCES<\/h1>\n<div class=\"a-section a-spacing-none premium-intro-paragraph\">\n<p class=\"aplus-p2 aplus-module-2-description\">D\u00e9couvrez les processeurs Intel Core i9 HX de 13e g\u00e9n\u00e9ration. Dot\u00e9s de la nouvelle architecture hybride ultra performante et d&rsquo;une m\u00e9moire vive de 16 Go DDR5-4800 MHz, ils offrent des temps de chargement rapides comme l&rsquo;\u00e9clair pour certains des jeux les plus exigeants.<\/p>\n<\/div>\n<\/div>\n<\/div>\n<\/div>\n<\/div>\n<\/div>\n<div class=\"a-section a-text-center\"><\/div>\n<\/div>\n<\/div>\n<div class=\"celwidget aplus-module premium-module-4-two-column-images aplus-premium\" data-csa-c-id=\"5nctko-vufdjo-ga1nwp-b1e8f4\" data-cel-widget=\"aplus-premium-module-4-two-column-images\">\n<div class=\"a-section a-spacing-none premium-aplus premium-aplus-module-4 aplus-container-1\">\n<h1 class=\"a-text-center premium-module-4-heading aplus-h1 a-text-bold\">NVIDIA RTX 40 Series<\/h1>\n<div class=\"a-section a-spacing-none premium-aplus-two-column\">\n<div class=\"a-section a-spacing-none premium-aplus-column\">\n<div class=\"a-section a-spacing-none {'column-image'}\"><img decoding=\"async\" class=\"\" src=\"https:\/\/m.media-amazon.com\/images\/S\/aplus-media-library-service-media\/14360e46-34e2-40c6-a2f6-41623cf2578a.__CR0,0,650,350_PT0_SX650_V1___.png\" alt=\"nvidia\" data-src=\"https:\/\/m.media-amazon.com\/images\/S\/aplus-media-library-service-media\/14360e46-34e2-40c6-a2f6-41623cf2578a.__CR0,0,650,350_PT0_SX650_V1___.png\" \/><\/div>\n<div class=\"a-section a-spacing-none column-heading\">\n<h1 class=\"aplus-h3 a-text-bold\">RTX RAY TRACING<\/h1>\n<\/div>\n<div class=\"a-section a-spacing-none column-description\">\n<p class=\"aplus-p3\">NVIDIA RTX est la plateforme la plus avanc\u00e9e pour les technologies de ray tracing et d&rsquo;IA qui r\u00e9volutionnent nos fa\u00e7ons de jouer et de cr\u00e9er. Plus de 250 jeux et applications de premier plan utilisent RTX pour fournir des graphismes r\u00e9alistes avec des performances incroyablement rapides.<\/p>\n<\/div>\n<\/div>\n<div class=\"a-section a-spacing-none premium-aplus-column\">\n<div class=\"a-section a-spacing-none {'column-image'}\"><img decoding=\"async\" class=\"\" src=\"https:\/\/m.media-amazon.com\/images\/S\/aplus-media-library-service-media\/1fe387e1-97a3-4f5a-a0e7-0004e44c8586.__CR0,0,650,350_PT0_SX650_V1___.png\" alt=\"nvidia\" data-src=\"https:\/\/m.media-amazon.com\/images\/S\/aplus-media-library-service-media\/1fe387e1-97a3-4f5a-a0e7-0004e44c8586.__CR0,0,650,350_PT0_SX650_V1___.png\" \/><\/div>\n<div class=\"a-section a-spacing-none column-heading\">\n<h1 class=\"aplus-h3 a-text-bold\">NVIDIA DLSS3<\/h1>\n<\/div>\n<div class=\"a-section a-spacing-none column-description\">\n<p class=\"aplus-p3\">DLSS est une avanc\u00e9e r\u00e9volutionnaire dans le domaine des graphismes aliment\u00e9s par l&rsquo;IA qui augmente massivement les performances. Aliment\u00e9 par les GPU de la s\u00e9rie GeForce RTX 40, DLSS 3 utilise l&rsquo;IA pour cr\u00e9er des images suppl\u00e9mentaires de haute qualit\u00e9 et booster les performances.<\/p>\n<\/div>\n<\/div>\n<\/div>\n<\/div>\n<\/div>\n<div class=\"celwidget aplus-module premium-module-4-two-column-images aplus-premium\" data-csa-c-id=\"w96h4e-r75xuj-siap0e-3coufl\" data-cel-widget=\"aplus-premium-module-4-two-column-images\">\n<div class=\"a-section a-spacing-none premium-aplus premium-aplus-module-4 aplus-container-1\">\n<div class=\"a-section a-spacing-none premium-aplus-two-column\">\n<div class=\"a-section a-spacing-none premium-aplus-column\">\n<div class=\"a-section a-spacing-none {'column-image'}\"><img decoding=\"async\" class=\"\" src=\"https:\/\/m.media-amazon.com\/images\/S\/aplus-media-library-service-media\/e5892472-5368-4621-bf42-7a5a903a53a3.__CR0,0,650,350_PT0_SX650_V1___.png\" alt=\"nvidia\" data-src=\"https:\/\/m.media-amazon.com\/images\/S\/aplus-media-library-service-media\/e5892472-5368-4621-bf42-7a5a903a53a3.__CR0,0,650,350_PT0_SX650_V1___.png\" \/><\/div>\n<div class=\"a-section a-spacing-none column-heading\">\n<h1 class=\"aplus-h3 a-text-bold\">NVIDIA STUDIO<\/h1>\n<\/div>\n<div class=\"a-section a-spacing-none column-description\">\n<p class=\"aplus-p3\">NVIDIA Studio offre des GPU RTX de pointe pour des performances cr\u00e9atives exceptionnelles. Les outils IA acc\u00e9l\u00e8rent le processus cr\u00e9atif, des id\u00e9es \u00e0 la r\u00e9alisation, avec fiabilit\u00e9 gr\u00e2ce aux pilotes Studio.<\/p>\n<\/div>\n<\/div>\n<div class=\"a-section a-spacing-none premium-aplus-column\">\n<div class=\"a-section a-spacing-none {'column-image'}\"><img decoding=\"async\" class=\"\" src=\"https:\/\/m.media-amazon.com\/images\/S\/aplus-media-library-service-media\/07dc7477-256c-4b7a-8bb4-ab40811f031d.__CR0,0,650,350_PT0_SX650_V1___.png\" alt=\"nvidia\" data-src=\"https:\/\/m.media-amazon.com\/images\/S\/aplus-media-library-service-media\/07dc7477-256c-4b7a-8bb4-ab40811f031d.__CR0,0,650,350_PT0_SX650_V1___.png\" \/><\/div>\n<div class=\"a-section a-spacing-none column-heading\">\n<h1 class=\"aplus-h3 a-text-bold\">NVIDIA REFLEX<\/h1>\n<\/div>\n<div class=\"a-section a-spacing-none column-description\">\n<p class=\"aplus-p3\">NVIDIA Reflex offre la latence la plus faible et la meilleure r\u00e9activit\u00e9 pour un avantage comp\u00e9titif ultime. Reflex permet une acquisition plus rapide de la cible, des temps de r\u00e9action plus courts et la meilleure pr\u00e9cision de vis\u00e9e pour les jeux comp\u00e9titifs.<\/p>\n<\/div>\n<\/div>\n<\/div>\n<\/div>\n<\/div>\n<div class=\"celwidget aplus-module premium-module-2-fullbackground-text aplus-premium\" data-csa-c-id=\"davo98-rpmjjz-vcjq85-krssz9\" data-cel-widget=\"aplus-premium-module-2-fullbackground-text\">\n<div class=\"a-section a-spacing-none premium-aplus premium-aplus-module-2\">\n<div class=\"a-section a-spacing-none premium-background-wrapper\">\n<div class=\"a-section a-spacing-none background-image\"><img decoding=\"async\" class=\"\" src=\"https:\/\/m.media-amazon.com\/images\/S\/aplus-media-library-service-media\/623d82b8-e2b6-402e-8650-63246e468d33.__CR0,0,1464,600_PT0_SX1464_V1___.png\" alt=\"helios neo \" data-src=\"https:\/\/m.media-amazon.com\/images\/S\/aplus-media-library-service-media\/623d82b8-e2b6-402e-8650-63246e468d33.__CR0,0,1464,600_PT0_SX1464_V1___.png\" \/><\/div>\n<div class=\"a-section a-spacing-none premium-intro-wrapper left secondary-color\">\n<div class=\"a-section a-spacing-none premium-intro-content-container\">\n<div class=\"a-section a-spacing-none premium-intro-content-column\">\n<div class=\"a-section a-spacing-none premium-intro-background black-background\">\n<h1 class=\"aplus-h1 aplus-module-2-heading a-text-bold\">REFROIDISSEMENT OPTIMIS\u00c9<\/h1>\n<div class=\"a-section a-spacing-none premium-intro-paragraph\">\n<p class=\"aplus-p2 aplus-module-2-description\">Le Predator Helios Neo est dot\u00e9 d&rsquo;un syst\u00e8me de refroidissement de pointe avec notre ventilateur enti\u00e8rement m\u00e9tallique AeroBlade con\u00e7u sur mesure, pour repousser les performances \u00e0 leur maximum.<\/p>\n<\/div>\n<\/div>\n<\/div>\n<\/div>\n<\/div>\n<\/div>\n<div class=\"a-section a-text-center\"><\/div>\n<\/div>\n<\/div>\n<div class=\"celwidget aplus-module premium-module-2-fullbackground-text aplus-premium\" data-csa-c-id=\"meejak-8frzlz-2uismw-e5r6b5\" data-cel-widget=\"aplus-premium-module-2-fullbackground-text\">\n<div class=\"a-section a-spacing-none premium-aplus premium-aplus-module-2\">\n<div class=\"a-section a-spacing-none premium-background-wrapper\">\n<div class=\"a-section a-spacing-none background-image\"><img decoding=\"async\" class=\"\" src=\"https:\/\/m.media-amazon.com\/images\/S\/aplus-media-library-service-media\/6e3c19aa-e803-44e6-b248-e2e005f8b8b9.__CR0,0,1464,600_PT0_SX1464_V1___.png\" alt=\"predator helios\" data-src=\"https:\/\/m.media-amazon.com\/images\/S\/aplus-media-library-service-media\/6e3c19aa-e803-44e6-b248-e2e005f8b8b9.__CR0,0,1464,600_PT0_SX1464_V1___.png\" \/><\/div>\n<div class=\"a-section a-spacing-none premium-intro-wrapper right secondary-color\">\n<div class=\"a-section a-spacing-none premium-intro-content-container\">\n<div class=\"a-section a-spacing-none premium-intro-content-column\">\n<div class=\"a-section a-spacing-none premium-intro-background black-background\">\n<h1 class=\"aplus-h1 aplus-module-2-heading a-text-bold\">GARDEZ LE CONTR\u00d4LE<\/h1>\n<div class=\"a-section a-spacing-none premium-intro-paragraph\">\n<p class=\"aplus-p2 aplus-module-2-description\">Illuminez votre ordinateur portable avec les 4 zones r\u00e9tro\u00e9clair\u00e9es RGB. Vous pouvez \u00e9galement param\u00e9trer votre clavier pour l\u2019adapter \u00e0 toutes les situations et ouvrir PredatorSense avec une simple touche.<\/p>\n<\/div>\n<\/div>\n<\/div>\n<\/div>\n<\/div>\n<\/div>\n<div class=\"a-section a-text-center\"><\/div>\n<\/div>\n<\/div>\n<div class=\"celwidget aplus-module premium-module-5-comparison-table-scroller aplus-premium\" data-csa-c-id=\"wqvazk-98ciiy-1hvfx9-9l5t71\" data-cel-widget=\"aplus-premium-module-5-comparison-table-scroller\">\n<div class=\"premium-aplus premium-aplus-module-5 aplus-container-3 comparison-table\">\n<h1 class=\"a-text-center a-text-bold\">ACCESSOIRES PREDATOR<\/h1>\n<\/div>\n<\/div>\n<\/div>\n<\/div>\n<\/div>\n<\/div>\n","protected":false},"featured_media":11323,"comment_status":"open","ping_status":"closed","template":"","meta":[],"product_brand":[],"product_cat":[142],"product_tag":[],"class_list":{"0":"post-11110","1":"product","2":"type-product","3":"status-publish","4":"has-post-thumbnail","6":"product_cat-gaming-laptops","8":"first","9":"instock","10":"sale","11":"shipping-taxable","12":"purchasable","13":"product-type-simple"},"_links":{"self":[{"href":"https:\/\/gautierinformatique.com\/index.php?rest_route=\/wp\/v2\/product\/11110","targetHints":{"allow":["GET"]}}],"collection":[{"href":"https:\/\/gautierinformatique.com\/index.php?rest_route=\/wp\/v2\/product"}],"about":[{"href":"https:\/\/gautierinformatique.com\/index.php?rest_route=\/wp\/v2\/types\/product"}],"replies":[{"embeddable":true,"href":"https:\/\/gautierinformatique.com\/index.php?rest_route=%2Fwp%2Fv2%2Fcomments&post=11110"}],"version-history":[{"count":1,"href":"https:\/\/gautierinformatique.com\/index.php?rest_route=\/wp\/v2\/product\/11110\/revisions"}],"predecessor-version":[{"id":11324,"href":"https:\/\/gautierinformatique.com\/index.php?rest_route=\/wp\/v2\/product\/11110\/revisions\/11324"}],"wp:featuredmedia":[{"embeddable":true,"href":"https:\/\/gautierinformatique.com\/index.php?rest_route=\/wp\/v2\/media\/11323"}],"wp:attachment":[{"href":"https:\/\/gautierinformatique.com\/index.php?rest_route=%2Fwp%2Fv2%2Fmedia&parent=11110"}],"wp:term":[{"taxonomy":"product_brand","embeddable":true,"href":"https:\/\/gautierinformatique.com\/index.php?rest_route=%2Fwp%2Fv2%2Fproduct_brand&post=11110"},{"taxonomy":"product_cat","embeddable":true,"href":"https:\/\/gautierinformatique.com\/index.php?rest_route=%2Fwp%2Fv2%2Fproduct_cat&post=11110"},{"taxonomy":"product_tag","embeddable":true,"href":"https:\/\/gautierinformatique.com\/index.php?rest_route=%2Fwp%2Fv2%2Fproduct_tag&post=11110"}],"curies":[{"name":"wp","href":"https:\/\/api.w.org\/{rel}","templated":true}]}}