{"id":11235,"date":"2025-06-26T21:08:39","date_gmt":"2025-06-26T19:08:39","guid":{"rendered":"http:\/\/localhost\/gautierinformatique\/?post_type=product&#038;p=11235"},"modified":"2025-06-26T21:16:48","modified_gmt":"2025-06-26T19:16:48","slug":"asus-zenbook-pro-16x-oled-ux7602zm","status":"publish","type":"product","link":"https:\/\/gautierinformatique.com\/?product=asus-zenbook-pro-16x-oled-ux7602zm","title":{"rendered":"ASUS Zenbook Pro 16X OLED UX7602ZM"},"content":{"rendered":"<div class=\"xdj266r x11i5rnm xat24cr x1mh8g0r x1vvkbs x126k92a\">\n<div dir=\"auto\">\u00a0ASUS Zenbook Pro 16X OLED UX7602ZM <span class=\"html-span xexx8yu x4uap5 x18d9i69 xkhd6sd x1hl2dhg x16tdsg8 x1vvkbs x3nfvp2 x1j61x8r x1fcty0u xdj266r xat24cr xgzva0m xhhsvwb xxymvpz xlup9mm x1kky2od\"><img decoding=\"async\" class=\"xz74otr\" src=\"https:\/\/static.xx.fbcdn.net\/images\/emoji.php\/v9\/t7\/1\/16\/1f384.png\" alt=\"\ud83c\udf84\" width=\"16\" height=\"16\" \/><\/span><\/div>\n<\/div>\n<div class=\"x11i5rnm xat24cr x1mh8g0r x1vvkbs xtlvy1s x126k92a\">\n<div dir=\"auto\"><\/div>\n<div dir=\"auto\"><span class=\"html-span xexx8yu x4uap5 x18d9i69 xkhd6sd x1hl2dhg x16tdsg8 x1vvkbs x3nfvp2 x1j61x8r x1fcty0u xdj266r xat24cr xgzva0m xhhsvwb xxymvpz xlup9mm x1kky2od\"><img decoding=\"async\" class=\"xz74otr\" src=\"https:\/\/static.xx.fbcdn.net\/images\/emoji.php\/v9\/t2e\/1\/16\/1f512.png\" alt=\"\ud83d\udd12\" width=\"16\" height=\"16\" \/><\/span> Neuf, scell\u00e9, et garanti 6 mois !<\/div>\n<div dir=\"auto\"><span class=\"html-span xexx8yu x4uap5 x18d9i69 xkhd6sd x1hl2dhg x16tdsg8 x1vvkbs x3nfvp2 x1j61x8r x1fcty0u xdj266r xat24cr xgzva0m xhhsvwb xxymvpz xlup9mm x1kky2od\"><img decoding=\"async\" class=\"xz74otr\" src=\"https:\/\/static.xx.fbcdn.net\/images\/emoji.php\/v9\/t84\/1\/16\/1f381.png\" alt=\"\ud83c\udf81\" width=\"16\" height=\"16\" \/><\/span> Bonus offert : Un sac pc, une souris et ne cl\u00e9 USB.<\/div>\n<\/div>\n<div class=\"x11i5rnm xat24cr x1mh8g0r x1vvkbs xtlvy1s x126k92a\">\n<div dir=\"auto\">Le PC portable ASUS Zenbook Pro 16X OLED UX7602ZM est l&rsquo;outil parfait pour les professionnels exigeants, avec des performances de haut niveau et un design raffin\u00e9. Id\u00e9al pour vos travaux en Architecture, Infographie, Dessin, Cartographie, Montage Vid\u00e9o, Production Audio-visuelle, Cin\u00e9matographie, et bien plus encore.<\/div>\n<\/div>\n<div class=\"x11i5rnm xat24cr x1mh8g0r x1vvkbs xtlvy1s x126k92a\">\n<div dir=\"auto\">Caract\u00e9ristiques cl\u00e9s :<\/div>\n<div dir=\"auto\">&#8211; <span class=\"html-span xexx8yu x4uap5 x18d9i69 xkhd6sd x1hl2dhg x16tdsg8 x1vvkbs x3nfvp2 x1j61x8r x1fcty0u xdj266r xat24cr xgzva0m xhhsvwb xxymvpz xlup9mm x1kky2od\"><img loading=\"lazy\" decoding=\"async\" class=\"xz74otr\" src=\"https:\/\/static.xx.fbcdn.net\/images\/emoji.php\/v9\/t50\/1\/16\/1f525.png\" alt=\"\ud83d\udd25\" width=\"16\" height=\"16\" \/><\/span> Processeur Intel Core i7-12700H (12 c\u0153urs, 20 threads, 4.7 GHz Turbo)<\/div>\n<div dir=\"auto\">&#8211; <span class=\"html-span xexx8yu x4uap5 x18d9i69 xkhd6sd x1hl2dhg x16tdsg8 x1vvkbs x3nfvp2 x1j61x8r x1fcty0u xdj266r xat24cr xgzva0m xhhsvwb xxymvpz xlup9mm x1kky2od\"><img loading=\"lazy\" decoding=\"async\" class=\"xz74otr\" src=\"https:\/\/static.xx.fbcdn.net\/images\/emoji.php\/v9\/tf\/1\/16\/1f4be.png\" alt=\"\ud83d\udcbe\" width=\"16\" height=\"16\" \/><\/span> 32Go de RAM LPDDR5 et 1 To SSD PCIe 4.0<\/div>\n<div dir=\"auto\">&#8211; <span class=\"html-span xexx8yu x4uap5 x18d9i69 xkhd6sd x1hl2dhg x16tdsg8 x1vvkbs x3nfvp2 x1j61x8r x1fcty0u xdj266r xat24cr xgzva0m xhhsvwb xxymvpz xlup9mm x1kky2od\"><img loading=\"lazy\" decoding=\"async\" class=\"xz74otr\" src=\"https:\/\/static.xx.fbcdn.net\/images\/emoji.php\/v9\/t82\/1\/16\/1f3a8.png\" alt=\"\ud83c\udfa8\" width=\"16\" height=\"16\" \/><\/span> \u00c9cran OLED tactile 16&Prime; 3840&#215;2400 \u2013 des couleurs \u00e9clatantes pour vos cr\u00e9ations !<\/div>\n<div dir=\"auto\">&#8211; <span class=\"html-span xexx8yu x4uap5 x18d9i69 xkhd6sd x1hl2dhg x16tdsg8 x1vvkbs x3nfvp2 x1j61x8r x1fcty0u xdj266r xat24cr xgzva0m xhhsvwb xxymvpz xlup9mm x1kky2od\"><img loading=\"lazy\" decoding=\"async\" class=\"xz74otr\" src=\"https:\/\/static.xx.fbcdn.net\/images\/emoji.php\/v9\/tbf\/1\/16\/1f50b.png\" alt=\"\ud83d\udd0b\" width=\"16\" height=\"16\" \/><\/span> Clavier AZERTY r\u00e9tro\u00e9clair\u00e9 RGBW avec NumberPad int\u00e9gr\u00e9<\/div>\n<div dir=\"auto\">&#8211; <span class=\"html-span xexx8yu x4uap5 x18d9i69 xkhd6sd x1hl2dhg x16tdsg8 x1vvkbs x3nfvp2 x1j61x8r x1fcty0u xdj266r xat24cr xgzva0m xhhsvwb xxymvpz xlup9mm x1kky2od\"><img loading=\"lazy\" decoding=\"async\" class=\"xz74otr\" src=\"https:\/\/static.xx.fbcdn.net\/images\/emoji.php\/v9\/tde\/1\/16\/1f4f8.png\" alt=\"\ud83d\udcf8\" width=\"16\" height=\"16\" \/><\/span> Webcam IR Full HD avec Privacy Shutter<\/div>\n<div dir=\"auto\">&#8211; <span class=\"html-span xexx8yu x4uap5 x18d9i69 xkhd6sd x1hl2dhg x16tdsg8 x1vvkbs x3nfvp2 x1j61x8r x1fcty0u xdj266r xat24cr xgzva0m xhhsvwb xxymvpz xlup9mm x1kky2od\"><img loading=\"lazy\" decoding=\"async\" class=\"xz74otr\" src=\"https:\/\/static.xx.fbcdn.net\/images\/emoji.php\/v9\/tdc\/1\/16\/1f4f6.png\" alt=\"\ud83d\udcf6\" width=\"16\" height=\"16\" \/><\/span> Wi-Fi 6E + Bluetooth 5.2 pour une connexion ultra rapide<\/div>\n<\/div>\n<div class=\"x11i5rnm xat24cr x1mh8g0r x1vvkbs xtlvy1s x126k92a\">\n<div dir=\"auto\"><span class=\"html-span xexx8yu x4uap5 x18d9i69 xkhd6sd x1hl2dhg x16tdsg8 x1vvkbs x3nfvp2 x1j61x8r x1fcty0u xdj266r xat24cr xgzva0m xhhsvwb xxymvpz xlup9mm x1kky2od\"><img loading=\"lazy\" decoding=\"async\" class=\"xz74otr\" src=\"https:\/\/static.xx.fbcdn.net\/images\/emoji.php\/v9\/tf4\/1\/16\/2728.png\" alt=\"\u2728\" width=\"16\" height=\"16\" \/><\/span> Design monocoque CNC en aluminium 6000 ultra-r\u00e9sistant pour un look premium et une durabilit\u00e9 incomparable.<\/div>\n<\/div>\n","protected":false},"excerpt":{"rendered":"<section id=\"Opinions\" class=\"f-productLayerGrid__section js-productSection fa-strate-summary\" data-automation-id=\"opinions-layer-block\">\n<div class=\"f-productLayerGrid__col\">\n<div class=\"f-productLayer\">\n<header class=\"f-productLayer__header\">\n<div class=\"f-productLayer__container\">\n<h2 class=\"f-productLayer__title\" data-automation-id=\"title-opinions-layer-label\">Description<\/h2>\n<\/div>\n<\/header>\n<div class=\"f-productLayer__body\">\n<div class=\"f-productLayer__container\" data-automation-id=\"EditorOpinionOrSummary-block\">\n<div class=\"js-Expander expander expander--hasIcon collapsed\" data-automation-button=\"expand-EditorOpinionOrSummary-button\" data-automation-content=\"expand-EditorOpinionOrSummary\">\n<div class=\"expander__content\" data-automation-id=\"expand-EditorOpinionOrSummary\" aria-expanded=\"true\">\n<div class=\"f-productDesc\">\n<div class=\"f-productDesc__raw\">\n<p><b>Zenbook Pro 16X OLED UX7602ZM-ME108W : L&rsquo;innovation au service des cr\u00e9ateurs<\/b><\/p>\n<p>Le Zenbook Pro 16X OLED ne fait aucun compromis, il est dot\u00e9 d&rsquo;une multitude de fonctionnalit\u00e9s novatrices et d&rsquo;un tout nouveau design enti\u00e8rement m\u00e9tallique. Il pr\u00e9sente un \u00e9cran tactile 16:10 4K OLED HDR NanoEdge et est aliment\u00e9 par un processeur Intel\u00ae de 12e g\u00e9n\u00e9ration accompagn\u00e9 d\u2019un GPU NVIDIA\u00ae GeForce RTX\u2122 3060. Le nouveau m\u00e9canisme Active Aerodynamic System Ultra (AAS Ultra) permet au clavier auto-inclinable d\u2019assurer un angle de frappe confortable et am\u00e9liore \u00e9galement le refroidissement du syst\u00e8me pour des performances maximales. Le tout nouveau syst\u00e8me d&rsquo;\u00e9clairage connect\u00e9 White RGB permet des fonctions d&rsquo;interactivit\u00e9 intelligentes. Le Zenbook Pro 16X OLED red\u00e9finit la notion d\u2019ordinateur portable pour cr\u00e9ateur et vous aide \u00e0 stimuler votre cr\u00e9ativit\u00e9.<\/p>\n<p><b>Ecran &amp; vid\u00e9o : un affichage \u00e0 la hauteur de vos id\u00e9es<\/b><\/p>\n<p>Gr\u00e2ce \u00e0 son \u00e9cran OLED tactile 16&Prime; 4k, profitez d&rsquo;une exp\u00e9rience exceptionnelle. La dalle OLED du Zenbook Pro 16X vous offre des couleurs d&rsquo;une qualit\u00e9 comme vous n&rsquo;en avez jamais vue, elle est capable d&rsquo;afficher 100% de la gamme DCI-P3 et dispose de la certification Pantone et HDR True Black 500, assurant la pr\u00e9cision des couleurs affich\u00e9es. La fonction tactile quand \u00e0 elle, vous permet d\u2019avoir tout votre univers multim\u00e9dia au bout des doigts: la navigation devient encore plus intuitive et ludique. De plus, son rapport 16:10 et ses bordures ultra-fine NanoEdge (rapport \u00e9cran\/appareil de 90%) vous permettent de profiter d&rsquo;encore plus de contenus \u00e0 l&rsquo;\u00e9cran dans un format plus compact.<\/p>\n<p><b>M\u00e9canisme AAS, DialWheel et Numpad : l&rsquo;\u00e9veil des sens<\/b><\/p>\n<p>Profitez d&rsquo;une exp\u00e9rience de saisie jamais vue. Le m\u00e9canisme AAS sur\u00e9l\u00e8ve le clavier de fa\u00e7on \u00e0 am\u00e9liorer le refroidissement des composants tout en vous procurant un confort de frappe accru. Le TouchPad comporte quand \u00e0 lui la technologie NumPad vous permettant de profiter d&rsquo;un pav\u00e9 num\u00e9rique s\u00e9par\u00e9. Enfin, la technologie DialWheel, vous apporte un contr\u00f4le ultra pr\u00e9cis de toutes vos applications cr\u00e9atives telle que la suite Adobe via une molette physique configurable.<\/p>\n<p><b>Processeur Intel Core i7 12\u00e8me g\u00e9n\u00e9ration, RAM 32 Go : des performances illimit\u00e9es<\/b><\/p>\n<p>Cet ordinateur portable embarque un processeur Intel Core\u2122 i7-12700H cadenc\u00e9 \u00e0 2,3 GHz de fr\u00e9quence de base (jusqu\u2019\u00e0 4,7 GHz en mode Turbo Boost) avec 24 Mo de m\u00e9moire cache pour optimiser son fonctionnement interne et fluidifier l&rsquo;affichage de vos applications.<br \/>\nIl dispose \u00e9galement d&rsquo;une carte graphique NVidia GeForce RTX 3060 disposant de 6 Go de m\u00e9moire vid\u00e9o GDDR6 d\u00e9di\u00e9s permettant un fonctionnement sans \u00e0-coup m\u00eame dans des t\u00e2ches gourmandes en ressources.<br \/>\nIl est dot\u00e9 de 32 Go de m\u00e9moire vive LPDDR5 qui optimisent la fluidit\u00e9 d&rsquo;enregistrement et de navigation pour ne plus jamais savoir ce que le mot \u00ab\u00a0ramer\u00a0\u00bb signifie !<br \/>\nAvec son SSD 1 To, vous pouvez stocker tout votre univers multim\u00e9dia sans contrainte d&rsquo;espace disque tout en b\u00e9n\u00e9ficiant d\u2019une vitesse d\u2019acc\u00e8s ultra rapide et de temps de chargement r\u00e9duits.<\/p>\n<p><b>Windows 11<\/b><\/p>\n<p>Windows 11 offre un espace calme et cr\u00e9atif o\u00f9 vous pouvez vivre vos passions \u00e0 travers une nouvelle exp\u00e9rience. Depuis la nouvelle version du menu D\u00e9marrer jusqu\u2019aux nouvelles fa\u00e7ons de vous connecter \u00e0 vos contacts, actualit\u00e9s, jeux et contenus pr\u00e9f\u00e9r\u00e9s, Windows 11 est le lieu id\u00e9al pour penser, s\u2019exprimer et cr\u00e9er de mani\u00e8re naturelle.<\/p>\n<p><b>C\u00f4t\u00e9 connectivit\u00e9 : une conception tout confort !<\/b><\/p>\n<p>Carte Wi-Fi 802.11 ax int\u00e9gr\u00e9e : connectez-vous \u00e0 un HotSpot, sur le r\u00e9seau sans fil d&rsquo;un ami, imprimez sans fil vers une imprimante compatible&#8230; Si votre modem-routeur est compatible, vous pourrez surfer en tr\u00e8s haut d\u00e9bit sur une plus grande distance et sans interf\u00e9rences m\u00eame dans des environnements o\u00f9 de nombreux r\u00e9seaux se chevauchent!<br \/>\nTechnologie Bluetooth 5.2 int\u00e9gr\u00e9e pour synchroniser vos p\u00e9riph\u00e9riques compatibles (t\u00e9<\/p>\n<\/div>\n<\/div>\n<\/div>\n<div class=\"expander__mask\"><\/div>\n<\/div>\n<\/div>\n<\/div>\n<\/div>\n<\/div>\n<\/section>\n<section id=\"BrandWord\" class=\"f-productLayerGrid__section js-productSection js-strate-flixmedia\" data-automation-id=\"brand-word-layer-block\">\n<div class=\"f-productLayer\">\n<header class=\"f-productLayer__header\">\n<div class=\"f-productLayer__container\"><\/div>\n<\/header>\n<\/div>\n<\/section>\n","protected":false},"featured_media":11455,"comment_status":"open","ping_status":"closed","template":"","meta":[],"product_brand":[],"product_cat":[142],"product_tag":[],"class_list":{"0":"post-11235","1":"product","2":"type-product","3":"status-publish","4":"has-post-thumbnail","6":"product_cat-gaming-laptops","8":"first","9":"instock","10":"sale","11":"shipping-taxable","12":"purchasable","13":"product-type-simple"},"_links":{"self":[{"href":"https:\/\/gautierinformatique.com\/index.php?rest_route=\/wp\/v2\/product\/11235","targetHints":{"allow":["GET"]}}],"collection":[{"href":"https:\/\/gautierinformatique.com\/index.php?rest_route=\/wp\/v2\/product"}],"about":[{"href":"https:\/\/gautierinformatique.com\/index.php?rest_route=\/wp\/v2\/types\/product"}],"replies":[{"embeddable":true,"href":"https:\/\/gautierinformatique.com\/index.php?rest_route=%2Fwp%2Fv2%2Fcomments&post=11235"}],"version-history":[{"count":1,"href":"https:\/\/gautierinformatique.com\/index.php?rest_route=\/wp\/v2\/product\/11235\/revisions"}],"predecessor-version":[{"id":11456,"href":"https:\/\/gautierinformatique.com\/index.php?rest_route=\/wp\/v2\/product\/11235\/revisions\/11456"}],"wp:featuredmedia":[{"embeddable":true,"href":"https:\/\/gautierinformatique.com\/index.php?rest_route=\/wp\/v2\/media\/11455"}],"wp:attachment":[{"href":"https:\/\/gautierinformatique.com\/index.php?rest_route=%2Fwp%2Fv2%2Fmedia&parent=11235"}],"wp:term":[{"taxonomy":"product_brand","embeddable":true,"href":"https:\/\/gautierinformatique.com\/index.php?rest_route=%2Fwp%2Fv2%2Fproduct_brand&post=11235"},{"taxonomy":"product_cat","embeddable":true,"href":"https:\/\/gautierinformatique.com\/index.php?rest_route=%2Fwp%2Fv2%2Fproduct_cat&post=11235"},{"taxonomy":"product_tag","embeddable":true,"href":"https:\/\/gautierinformatique.com\/index.php?rest_route=%2Fwp%2Fv2%2Fproduct_tag&post=11235"}],"curies":[{"name":"wp","href":"https:\/\/api.w.org\/{rel}","templated":true}]}}