{"id":11453,"date":"2025-06-26T21:16:40","date_gmt":"2025-06-26T19:16:40","guid":{"rendered":"http:\/\/localhost\/gautierinformatique\/?post_type=product&#038;p=11453"},"modified":"2025-06-26T21:26:06","modified_gmt":"2025-06-26T19:26:06","slug":"ordinateur-bureau-hp-290-g9-i5-16go-512ssd-22%e2%80%b3","status":"publish","type":"product","link":"https:\/\/gautierinformatique.com\/?product=ordinateur-bureau-hp-290-g9-i5-16go-512ssd-22%e2%80%b3","title":{"rendered":"Ordinateur bureau HP 290 G9 \u2013 i5 16go 512ssd \u2013 22\u2033"},"content":{"rendered":"<div class=\"summary entry-summary\">\n<div class=\"woocommerce-product-details__short-description\">\n<p>Ordinateur bureau HP 290 G9 \u2013 i5 \u2013 16 512 ssd \u2013 22\u2033<\/p>\n<p>BUREAU HP 290-G9 i5\/16Gb\/512 ssd \/ ECRAN 22 \u00a0\u00bb HDMI VGA FULL HD 12 TH GEN<\/p>\n<p>Achetez en ligne sur onesalam c\u00f4te d\u2019Ivoire \u00e0 Abidjan au meilleur prix et faites vous livrer chez vous. Commandez au 0143086484 ou Rendez-vous sur www.onesalam.ci<\/p>\n<\/div>\n<p class=\"stock in-stock\">10 en stock (peut \u00eatre command\u00e9)<\/p>\n<form class=\"cart\" action=\"https:\/\/onesalam.ci\/produit\/ordinateur-bureau-hp-290-g9-i7-8gb-1tb-22\/\" enctype=\"multipart\/form-data\" method=\"post\"><button class=\"minus\" type=\"button\">&#8211;<\/button><\/p>\n<div class=\"quantity\"><label class=\"screen-reader-text\" for=\"quantity_67c198b88d05f\">quantit\u00e9 de Ordinateur bureau HP 290 G9 &#8211; i5- 512 ssd- 512ssd &#8211; 22&Prime;<\/label><input id=\"quantity_67c198b88d05f\" class=\"input-text qty text\" autocomplete=\"off\" max=\"\" min=\"1\" name=\"quantity\" step=\"1\" type=\"number\" value=\"1\" placeholder=\"\" aria-label=\"Quantit\u00e9 de produits\" \/><\/div>\n<p><button class=\"plus\" type=\"button\">+<\/button><button class=\"single_add_to_cart_button button alt\" name=\"add-to-cart\" type=\"submit\" value=\"14407\">J&rsquo;ach\u00e8te<\/button><\/p>\n<\/form>\n<div class=\"wpced wpced-14407 wpced-product wpced-default\" data-id=\"14407\">\n<div class=\"wpced-inner\">\u00a0<b><span style=\"color: #ff0000;\">Livraison estim\u00e9e entre le : samedi 1. mars &#8211; lundi 3. mars<\/span><\/b><\/div>\n<\/div>\n<div class=\"product_meta\"><span class=\"sku_wrapper\">UGS\u00a0:\u00a0<span class=\"sku\">KNT130724OBG290-1<\/span><\/span>\u00a0<span class=\"posted_in\">Cat\u00e9gories\u00a0:\u00a0<a href=\"https:\/\/onesalam.ci\/product-category\/ordinateur\/\" rel=\"tag\">Ordinateur<\/a>,\u00a0<a href=\"https:\/\/onesalam.ci\/product-category\/ordinateur\/ordinateurs-de-bureau\/\" rel=\"tag\">Ordinateurs de Bureau<\/a><\/span><\/div>\n<div class=\"pwb-single-product-brands pwb-clearfix\"><a title=\"View brand\" href=\"https:\/\/onesalam.ci\/brand\/hp\/\">hp<\/a><\/div>\n<div class=\"sharedaddy sd-sharing-enabled\">\n<div class=\"robots-nocontent sd-block sd-social sd-social-icon-text sd-sharing\">\n<h3 class=\"sd-title\">Partager\u00a0:<\/h3>\n<div class=\"sd-content\">\n<ul data-sharing-events-added=\"true\">\n<li class=\"share-facebook\"><a class=\"share-facebook sd-button share-icon\" title=\"Cliquez pour partager sur Facebook\" href=\"https:\/\/onesalam.ci\/produit\/ordinateur-bureau-hp-290-g9-i7-8gb-1tb-22\/?share=facebook&amp;nb=1\" target=\"_blank\" rel=\"nofollow noopener noreferrer\" data-shared=\"sharing-facebook-14407\">Facebook<\/a><\/li>\n<li class=\"share-jetpack-whatsapp\"><a class=\"share-jetpack-whatsapp sd-button share-icon\" title=\"Cliquez pour partager sur WhatsApp\" href=\"https:\/\/onesalam.ci\/produit\/ordinateur-bureau-hp-290-g9-i7-8gb-1tb-22\/?share=jetpack-whatsapp&amp;nb=1\" target=\"_blank\" rel=\"nofollow noopener noreferrer\" data-shared=\"\">WhatsApp<\/a><\/li>\n<li class=\"share-linkedin\"><a class=\"share-linkedin sd-button share-icon\" title=\"Cliquez pour partager sur LinkedIn\" href=\"https:\/\/onesalam.ci\/produit\/ordinateur-bureau-hp-290-g9-i7-8gb-1tb-22\/?share=linkedin&amp;nb=1\" target=\"_blank\" rel=\"nofollow noopener noreferrer\" data-shared=\"sharing-linkedin-14407\">LinkedIn<\/a><\/li>\n<li class=\"share-email share-service-visible\"><a class=\"share-email sd-button share-icon\" title=\"Cliquer pour envoyer un lien par e-mail \u00e0 un ami\" href=\"mailto:?subject=%5BArticle%20partag%C3%A9%5D%20Ordinateur%20bureau%20HP%20290%20G9%20-%20i7%20-%208Gb%20-%201TB%20-%2022%22&amp;body=https%3A%2F%2Fonesalam.ci%2Fproduit%2Fordinateur-bureau-hp-290-g9-i7-8gb-1tb-22%2F&amp;share=email&amp;nb=1\" target=\"_blank\" rel=\"nofollow noopener noreferrer\" data-shared=\"\" data-email-share-error-title=\"Votre messagerie est-elle configur\u00e9e\u00a0?\" data-email-share-error-text=\"Si vous rencontrez des probl\u00e8mes de partage par e-mail, votre messagerie n\u2019est peut-\u00eatre pas configur\u00e9e pour votre navigateur. Vous devrez peut-\u00eatre cr\u00e9er vous-m\u00eame une nouvelle messagerie.\" data-email-share-nonce=\"54aae333e7\" data-email-share-track-url=\"https:\/\/onesalam.ci\/produit\/ordinateur-bureau-hp-290-g9-i7-8gb-1tb-22\/?share=email\">E-mail<\/a><\/li>\n<li class=\"share-end\"><\/li>\n<\/ul>\n<\/div>\n<\/div>\n<\/div>\n<\/div>\n<div class=\"woocommerce-tabs wc-tabs-wrapper\">\n<ul class=\"tabs wc-tabs\" role=\"tablist\">\n<li id=\"tab-title-description\" class=\"description_tab active\"><a tabindex=\"0\" role=\"tab\" href=\"https:\/\/onesalam.ci\/produit\/ordinateur-bureau-hp-290-g9-i7-8gb-1tb-22\/#tab-description\" aria-controls=\"tab-description\" aria-selected=\"true\">Description<\/a><\/li>\n<li id=\"tab-title-pwb_tab\" class=\"pwb_tab_tab\"><a tabindex=\"-1\" role=\"tab\" href=\"https:\/\/onesalam.ci\/produit\/ordinateur-bureau-hp-290-g9-i7-8gb-1tb-22\/#tab-pwb_tab\" aria-controls=\"tab-pwb_tab\" aria-selected=\"false\">Brand<\/a><\/li>\n<li id=\"tab-title-reviews\" class=\"reviews_tab\"><a tabindex=\"-1\" role=\"tab\" href=\"https:\/\/onesalam.ci\/produit\/ordinateur-bureau-hp-290-g9-i7-8gb-1tb-22\/#tab-reviews\" aria-controls=\"tab-reviews\" aria-selected=\"false\">Avis (0)<\/a><\/li>\n<li id=\"tab-title-wcfm_product_store_tab\" class=\"wcfm_product_store_tab_tab\"><a tabindex=\"-1\" role=\"tab\" href=\"https:\/\/onesalam.ci\/produit\/ordinateur-bureau-hp-290-g9-i7-8gb-1tb-22\/#tab-wcfm_product_store_tab\" aria-controls=\"tab-wcfm_product_store_tab\" aria-selected=\"false\">Seller<\/a><\/li>\n<li id=\"tab-title-wcfm_product_multivendor_tab\" class=\"wcfm_product_multivendor_tab_tab\"><a tabindex=\"-1\" role=\"tab\" href=\"https:\/\/onesalam.ci\/produit\/ordinateur-bureau-hp-290-g9-i7-8gb-1tb-22\/#tab-wcfm_product_multivendor_tab\" aria-controls=\"tab-wcfm_product_multivendor_tab\" aria-selected=\"false\">Plus d&rsquo;offres<\/a><\/li>\n<li><strong>Processeur \/ Chipset HP Pro 290 G9<\/strong>CPU Intel Core i5 (12\u00e8me g\u00e9n\u00e9ration) 12400<br \/>\nFr\u00e9quence d\u2019horloge 2.5 GHz<br \/>\nVitesse maximale en mode Turbo 4.4 GHz<br \/>\nNombre de coeurs 6 c\u0153urs<br \/>\nNombre d\u2019unit\u00e9s centrales 1<br \/>\nNombre maximum d\u2019unit\u00e9s centrales 1<br \/>\n\u00c9volutivit\u00e9 de l\u2019unit\u00e9 centrale \u00c9volutif<br \/>\nCaract\u00e9ristiques principales du processeur Technologie Hyper-Threading, technologie Intel Turbo Boost 2, Intel Smart Cache<br \/>\nType de chipset Intel H670<strong>M\u00e9moire cache HP Pro 290 G9<\/strong><br \/>\nTaille install\u00e9e L3 \u2013 18 Mo<br \/>\nCache par processeur 18 Mo<\/p>\n<p><strong>RAM<\/strong><br \/>\nTaille install\u00e9e 8 Go \/ 64 Go (maximum)<br \/>\nTechnologie DDR4 SDRAM<br \/>\nVitesse de m\u00e9moire effective 2933 MHz<br \/>\nVitesse nominale de la m\u00e9moire 2933 MHz<br \/>\nFormat DIMM 288 broches<br \/>\nEmplacements 2 (Totale) \/ 1 (vide)<br \/>\nCaract\u00e9ristiques M\u00e9moire sans tampon<br \/>\nCaract\u00e9ristiques de configuration 2 x 4 Go<\/p>\n<p><strong>Disque dur<\/strong><br \/>\nType SSD<br \/>\nCapacit\u00e9 \u00a0512 Go<br \/>\n<strong>Contr\u00f4leur de stockage<\/strong><br \/>\nType 1 x SATA<br \/>\nNbre de canaux 3<\/p>\n<p><strong>Stockage optique<\/strong><br \/>\nType Pas de disque optique<\/p>\n<p><strong>Moniteur<\/strong><br \/>\nMoniteur 22\u2033<\/p>\n<p><strong>Contr\u00f4leur graphique HP Pro 290 G9<\/strong><br \/>\nProcesseur graphique Intel UHD Graphics 730 Dynamic Video Memory Technology<br \/>\nInterfaces vid\u00e9o VGA, HDMI<\/p>\n<p><strong>Sortie audio<\/strong><br \/>\nMode de sortie audio St\u00e9reo<br \/>\nFr\u00e9quence d\u2019\u00e9chantillonnage max. 192 kHz<br \/>\nNormes de conformit\u00e9 Audio haute d\u00e9finition<\/p>\n<p><strong>P\u00e9riph\u00e9rique d\u2019entr\u00e9e<\/strong><br \/>\nType Souris, clavier<\/p>\n<p><strong>Clavier<\/strong><br \/>\nNom du clavier HP 125<\/p>\n<p><strong>R\u00e9seaux<\/strong><br \/>\nProtocole de liaison de donn\u00e9es Ethernet, Fast Ethernet, Gigabit Ethernet<br \/>\nProtocole de gestion \u00e0 distance SNMP 2<br \/>\nCaract\u00e9ristiques Wake on LAN (WoL), prise en charge ACPI<\/p>\n<p><strong>Extension\/connectivit\u00e9<\/strong><br \/>\nBaies 1 (total) \/ 1 (libre) x externe 5,25\u2033 Slim Line ? 2 (total) \/ 2 (libre) x interne 3.5\u2033<br \/>\nEmplacements 1 (total) \/ 1 (libre) x PCIe 4.0 x16 ? 1 (total) \/ 1 (libre) x PCIe 3.0 x1 ? 1 (total) \/ 1 (libre) x M.2 Card \u2013 2230 ? 1 (total) \/ 0 (libre) x M.2 Card \u2013 2242\/2280<br \/>\nInterfaces 1 x casque\/microphone ? 4 x USB 3.2 Gen 1 ? 4 x USB 2.0 ? 1 x entr\u00e9e de ligne audio ? 1 x sortie de ligne audio ? 1 x HDMI ? 1 x VGA ? 1 x LAN (Gigabit Ethernet)<\/p>\n<p><strong>Divers<\/strong><br \/>\nProtection antivol\/anti-intrusion Fente de verrouillage de s\u00e9curit\u00e9 (c\u00e2ble de verrouillage vendu s\u00e9par\u00e9ment)<br \/>\nType de logement de s\u00e9curit\u00e9 Serrure de s\u00e9curit\u00e9 Kensington<br \/>\nNormes de conformit\u00e9 CSA, UL, RoHS, ETS 300 826, WEEE, ETS 300 328, FCC CFR47 Part 15 C, LVD, CECP, SEPA, IEC 950, ErP Lot 3 2013 Ready, Japan PC Green Label, Taiwan Green Mark, Korea Eco-Label<\/p>\n<p><strong>Alimentation<\/strong><br \/>\nType de p\u00e9riph\u00e9rique Alimentation \u00e9lectrique<br \/>\nTension requise CA 90-264 V (50\/60 Hz)<br \/>\nAlimentation fournie 350 Watt<br \/>\nCertification 80 PLUS 80 PLUS Gold<br \/>\nEfficacit\u00e9 90% (115VAC) \/ 92% (230VAC)<br \/>\nCorrection du facteur de puissance Oui (actif)<\/p>\n<p><strong>Syst\u00e8me d\u2019exploitation \/ Logiciels<\/strong><br \/>\nSyst\u00e8me d\u2019exploitation fourni; Freedos + Licence \u00a0Windows 11 Pro<\/li>\n<\/ul>\n<\/div>\n","protected":false},"excerpt":{"rendered":"<p>Ordinateur bureau HP 290 G9 \u2013 i5 \u2013 16 512 ssd \u2013 22\u2033 BUREAU HP 290-G9 i5\/16Gb\/512 ssd \/ ECRAN<\/p>\n","protected":false},"featured_media":11704,"comment_status":"open","ping_status":"closed","template":"","meta":[],"product_brand":[],"product_cat":[130],"product_tag":[],"class_list":{"0":"post-11453","1":"product","2":"type-product","3":"status-publish","4":"has-post-thumbnail","6":"product_cat-desktops","8":"first","9":"instock","10":"sale","11":"shipping-taxable","12":"purchasable","13":"product-type-simple"},"_links":{"self":[{"href":"https:\/\/gautierinformatique.com\/index.php?rest_route=\/wp\/v2\/product\/11453","targetHints":{"allow":["GET"]}}],"collection":[{"href":"https:\/\/gautierinformatique.com\/index.php?rest_route=\/wp\/v2\/product"}],"about":[{"href":"https:\/\/gautierinformatique.com\/index.php?rest_route=\/wp\/v2\/types\/product"}],"replies":[{"embeddable":true,"href":"https:\/\/gautierinformatique.com\/index.php?rest_route=%2Fwp%2Fv2%2Fcomments&post=11453"}],"version-history":[{"count":1,"href":"https:\/\/gautierinformatique.com\/index.php?rest_route=\/wp\/v2\/product\/11453\/revisions"}],"predecessor-version":[{"id":11705,"href":"https:\/\/gautierinformatique.com\/index.php?rest_route=\/wp\/v2\/product\/11453\/revisions\/11705"}],"wp:featuredmedia":[{"embeddable":true,"href":"https:\/\/gautierinformatique.com\/index.php?rest_route=\/wp\/v2\/media\/11704"}],"wp:attachment":[{"href":"https:\/\/gautierinformatique.com\/index.php?rest_route=%2Fwp%2Fv2%2Fmedia&parent=11453"}],"wp:term":[{"taxonomy":"product_brand","embeddable":true,"href":"https:\/\/gautierinformatique.com\/index.php?rest_route=%2Fwp%2Fv2%2Fproduct_brand&post=11453"},{"taxonomy":"product_cat","embeddable":true,"href":"https:\/\/gautierinformatique.com\/index.php?rest_route=%2Fwp%2Fv2%2Fproduct_cat&post=11453"},{"taxonomy":"product_tag","embeddable":true,"href":"https:\/\/gautierinformatique.com\/index.php?rest_route=%2Fwp%2Fv2%2Fproduct_tag&post=11453"}],"curies":[{"name":"wp","href":"https:\/\/api.w.org\/{rel}","templated":true}]}}