{"id":11530,"date":"2025-06-26T21:19:27","date_gmt":"2025-06-26T19:19:27","guid":{"rendered":"http:\/\/localhost\/gautierinformatique\/?post_type=product&#038;p=11530"},"modified":"2025-06-26T21:29:12","modified_gmt":"2025-06-26T19:29:12","slug":"legion-pro-7-16irx8h","status":"publish","type":"product","link":"https:\/\/gautierinformatique.com\/?product=legion-pro-7-16irx8h","title":{"rendered":"L\u00e9gion Pro 7 16IRX8H"},"content":{"rendered":"<h1 class=\"main-size mt-50\">Lenovo Legion Pro 7 16IRX8H<\/h1>\n<div class=\"main-size scroll-x\"><\/div>\n<div class=\"main-size border-soft\">\n<div>\n<div>\n<h1 id=\"title\" class=\"a-size-large a-spacing-none\"><span id=\"productTitle\" class=\"a-size-large product-title-word-break\">Lenovo Legion Pro 7 16IRX8H &#8211; Ordinateur Portable 16\u00a0\u00bb WQXGA 240Hz (Intel Core i9-13900HX, RAM 32Go, SSD 1To, NVIDIA RTX 4070 8Go, Windows 11 Home) Clavier r\u00e9tro\u00e9clair\u00e9 AZERTY Fran\u00e7ais &#8211; Gris<\/span><\/h1>\n<\/div>\n<\/div>\n<\/div>\n","protected":false},"excerpt":{"rendered":"<div id=\"as_show\" class=\"as_box\">\n<div class=\"as_show_right\">\n<h2 class=\"\"><span class=\"as_info_productName\"><span>L\u00e9gion Pro 7 16IRX8H<\/span><\/span><span id=\"product_name_top_icon_two\" class=\"product_name_top_icon two\"><img decoding=\"async\" src=\"https:\/\/psref.lenovo.com\/Content\/icon\/product_dotdotdot.svg\" \/><\/span><\/h2>\n<div class=\"as_show_right_content\">\n<table>\n<tbody>\n<tr>\n<td class=\"as_as_show_right_content_left\"><\/td>\n<td><span>Jusqu&rsquo;\u00e0 la 13e g\u00e9n\u00e9ration de processeurs Intel\u00ae Core\u2122 i9-13900HX<\/span><\/td>\n<\/tr>\n<tr>\n<td class=\"as_as_show_right_content_left\"><\/td>\n<td><span>Jusqu&rsquo;\u00e0 Windows\u00ae 11 Pro<\/span><\/td>\n<\/tr>\n<tr>\n<td class=\"as_as_show_right_content_left\"><\/td>\n<td><span>Jusqu&rsquo;\u00e0 NVIDIA\u00ae GeForce RTX\u2122 4090<\/span><\/td>\n<\/tr>\n<tr>\n<td class=\"as_as_show_right_content_left\"><\/td>\n<td><span>Jusqu&rsquo;\u00e0 32 Go DDR5-5600, 2x SO-DIMM<\/span><\/td>\n<\/tr>\n<tr>\n<td class=\"as_as_show_right_content_left\"><\/td>\n<td><span>Jusqu&rsquo;\u00e0 2 SSD M.2 PCIe\u00ae NVMe\u00ae de 1 To<\/span><\/td>\n<\/tr>\n<tr>\n<td class=\"as_as_show_right_content_left\"><\/td>\n<td><span>\u00c9cran IPS 16&Prime; (2560 x 1600), 500 nits, 100 % sRGB, 240 Hz, Dolby Vision\u00ae, HDR 400, G-Sync, \u00e9talonnage des couleurs d&rsquo;usine<\/span><\/td>\n<\/tr>\n<\/tbody>\n<\/table>\n<\/div>\n<div class=\"as_show_right_footer\"><span>Remarque\u00a0: certaines configurations ne sont disponibles que sur certains mod\u00e8les et peuvent ne pas \u00eatre disponibles dans toutes les r\u00e9gions<\/span><\/div>\n<\/div>\n<\/div>\n<div id=\"example-three\">\n<ul id=\"pro_ul_nav\" class=\"nav\">\n<li class=\"tabnav\"><span class=\"current\" data-div=\"Overview\"><span>Aper\u00e7u<\/span><\/span><\/li>\n<li class=\"tabnav\"><span class=\"\" data-div=\"divModels\"><span>Mod\u00e8les<\/span><\/span><\/li>\n<li class=\"tabnav\"><span class=\"\" data-div=\"divSpec\"><span>Caract\u00e9ristiques<\/span><\/span><\/li>\n<li class=\"tabnav as_tab_Documentation\"><span class=\"\" data-div=\"divDocument\"><span>Documentation<\/span><\/span><\/li>\n<li class=\"tabnav\"><span class=\"User_Guide\" data-div=\"\"><span>Guide de l&rsquo;utilisateur<\/span><\/span><\/li>\n<li id=\"nav_accessories\" class=\"tabnav\"><span>Accessoires<\/span><\/li>\n<li id=\"nav_services\" class=\"tabnav\"><span>Services<\/span><\/li>\n<\/ul>\n<\/div>\n<div id=\"Overview\" class=\"tab_view\">\n<div class=\"as_overview_content\">\n<div class=\"as_overview_img\"><img decoding=\"async\" src=\"https:\/\/psrefstuff.lenovo.com\/syspool\/Sys\/PDF\/Legion\/Legion_Pro_7_16IRX8H\/Legion_Pro_7_16IRX8H_OverViewPic.jpg\" \/><\/div>\n<div class=\"as_overview_tabal\">\n<table cellspacing=\"0\" cellpadding=\"0\">\n<tbody>\n<tr>\n<td>\n<div>\n<div class=\"Div_overview\"><span>1.\u00a0<\/span><\/div>\n<div class=\"Div_overview\"><span>Ethernet (RJ-45)<\/span><\/div>\n<\/div>\n<\/td>\n<td>\n<div class=\"Div_overview\">\n<div class=\"Div_overview\"><span>6.\u00a0<\/span><\/div>\n<div class=\"Div_overview\"><span>Connecteur d&rsquo;alimentation<\/span><\/div>\n<\/div>\n<\/td>\n<\/tr>\n<tr>\n<td>\n<div>\n<div class=\"Div_overview\"><span>2.\u00a0<\/span><\/div>\n<div class=\"Div_overview\"><span>USB-C\u00ae 3.2 Gen 2<\/span><\/div>\n<\/div>\n<\/td>\n<td>\n<div class=\"Div_overview\">\n<div class=\"Div_overview\"><span>7.\u00a0<\/span><\/div>\n<div class=\"Div_overview\"><span>USB 3.2 Gen 1<\/span><\/div>\n<\/div>\n<\/td>\n<\/tr>\n<tr>\n<td>\n<div>\n<div class=\"Div_overview\"><span>3.\u00a0<\/span><\/div>\n<div class=\"Div_overview\"><span>HDMI\u00ae 2.1<\/span><\/div>\n<\/div>\n<\/td>\n<td>\n<div class=\"Div_overview\">\n<div class=\"Div_overview\"><span>8.\u00a0<\/span><\/div>\n<div class=\"Div_overview\"><span>Thunderbolt\u2122 4<\/span><\/div>\n<\/div>\n<\/td>\n<\/tr>\n<tr>\n<td>\n<div>\n<div class=\"Div_overview\"><span>4.\u00a0<\/span><\/div>\n<div class=\"Div_overview\"><span>USB 3.2 Gen 1<\/span><\/div>\n<\/div>\n<\/td>\n<td>\n<div class=\"Div_overview\">\n<div class=\"Div_overview\"><span>9.\u00a0<\/span><\/div>\n<div class=\"Div_overview\"><span>Prise combin\u00e9e casque\/microphone (3,5 mm)<\/span><\/div>\n<\/div>\n<\/td>\n<\/tr>\n<tr>\n<td>\n<div>\n<div class=\"Div_overview\"><span>5.\u00a0<\/span><\/div>\n<div class=\"Div_overview\"><span>USB 3.2 Gen 1 (toujours activ\u00e9)<\/span><\/div>\n<\/div>\n<\/td>\n<td>\n<div class=\"Div_overview\">\n<div class=\"Div_overview\"><span>10.\u00a0<\/span><\/div>\n<div class=\"Div_overview\"><span>USB 3.2 Gen 1<\/span><\/div>\n<\/div>\n<\/td>\n<\/tr>\n<\/tbody>\n<\/table>\n<\/div>\n<\/div>\n<\/div>\n","protected":false},"featured_media":11774,"comment_status":"open","ping_status":"closed","template":"","meta":[],"product_brand":[],"product_cat":[142],"product_tag":[],"class_list":{"0":"post-11530","1":"product","2":"type-product","3":"status-publish","4":"has-post-thumbnail","6":"product_cat-gaming-laptops","8":"first","9":"instock","10":"sale","11":"shipping-taxable","12":"purchasable","13":"product-type-simple"},"_links":{"self":[{"href":"https:\/\/gautierinformatique.com\/index.php?rest_route=\/wp\/v2\/product\/11530","targetHints":{"allow":["GET"]}}],"collection":[{"href":"https:\/\/gautierinformatique.com\/index.php?rest_route=\/wp\/v2\/product"}],"about":[{"href":"https:\/\/gautierinformatique.com\/index.php?rest_route=\/wp\/v2\/types\/product"}],"replies":[{"embeddable":true,"href":"https:\/\/gautierinformatique.com\/index.php?rest_route=%2Fwp%2Fv2%2Fcomments&post=11530"}],"version-history":[{"count":1,"href":"https:\/\/gautierinformatique.com\/index.php?rest_route=\/wp\/v2\/product\/11530\/revisions"}],"predecessor-version":[{"id":11775,"href":"https:\/\/gautierinformatique.com\/index.php?rest_route=\/wp\/v2\/product\/11530\/revisions\/11775"}],"wp:featuredmedia":[{"embeddable":true,"href":"https:\/\/gautierinformatique.com\/index.php?rest_route=\/wp\/v2\/media\/11774"}],"wp:attachment":[{"href":"https:\/\/gautierinformatique.com\/index.php?rest_route=%2Fwp%2Fv2%2Fmedia&parent=11530"}],"wp:term":[{"taxonomy":"product_brand","embeddable":true,"href":"https:\/\/gautierinformatique.com\/index.php?rest_route=%2Fwp%2Fv2%2Fproduct_brand&post=11530"},{"taxonomy":"product_cat","embeddable":true,"href":"https:\/\/gautierinformatique.com\/index.php?rest_route=%2Fwp%2Fv2%2Fproduct_cat&post=11530"},{"taxonomy":"product_tag","embeddable":true,"href":"https:\/\/gautierinformatique.com\/index.php?rest_route=%2Fwp%2Fv2%2Fproduct_tag&post=11530"}],"curies":[{"name":"wp","href":"https:\/\/api.w.org\/{rel}","templated":true}]}}