{"id":11556,"date":"2025-06-26T21:20:19","date_gmt":"2025-06-26T19:20:19","guid":{"rendered":"http:\/\/localhost\/gautierinformatique\/?post_type=product&#038;p=11556"},"modified":"2025-06-26T21:29:25","modified_gmt":"2025-06-26T19:29:25","slug":"drone-dji-air-3-fly-more-combo-rc-2-gris","status":"publish","type":"product","link":"https:\/\/gautierinformatique.com\/?product=drone-dji-air-3-fly-more-combo-rc-2-gris","title":{"rendered":"Drone DJI Air 3 Fly More Combo RC 2 Gris"},"content":{"rendered":"<div class=\"xdj266r x11i5rnm xat24cr x1mh8g0r x1vvkbs x126k92a\">\n<div dir=\"auto\"><span class=\"html-span xexx8yu x4uap5 x18d9i69 xkhd6sd x1hl2dhg x16tdsg8 x1vvkbs x3nfvp2 x1j61x8r x1fcty0u xdj266r xat24cr xgzva0m xhhsvwb xxymvpz xlup9mm x1kky2od\"><img decoding=\"async\" class=\"xz74otr x168nmei x13lgxp2 x5pf9jr xo71vjh\" src=\"https:\/\/static.xx.fbcdn.net\/images\/emoji.php\/v9\/t50\/1\/16\/1f525.png\" alt=\"\ud83d\udd25\" width=\"16\" height=\"16\" \/><\/span>OPPORTUNIT\u00c9 DU MOIS<\/div>\n<\/div>\n<div class=\"x11i5rnm xat24cr x1mh8g0r x1vvkbs xtlvy1s x126k92a\">\n<div dir=\"auto\"><span class=\"html-span xexx8yu x4uap5 x18d9i69 xkhd6sd x1hl2dhg x16tdsg8 x1vvkbs x3nfvp2 x1j61x8r x1fcty0u xdj266r xat24cr xgzva0m xhhsvwb xxymvpz xlup9mm x1kky2od\"><img decoding=\"async\" class=\"xz74otr x168nmei x13lgxp2 x5pf9jr xo71vjh\" src=\"https:\/\/static.xx.fbcdn.net\/images\/emoji.php\/v9\/t50\/1\/16\/1f525.png\" alt=\"\ud83d\udd25\" width=\"16\" height=\"16\" \/><\/span>DJI MAVIC AIR 3 FLY COMBO<\/div>\n<div dir=\"auto\">\u00a0DISPO AVEC 03 BATTERIES<\/div>\n<\/div>\n<div class=\"x11i5rnm xat24cr x1mh8g0r x1vvkbs xtlvy1s x126k92a\">\n<div dir=\"auto\"><\/div>\n<\/div>\n<div class=\"x11i5rnm xat24cr x1mh8g0r x1vvkbs xtlvy1s x126k92a\">\n<div dir=\"auto\">Quadricopt\u00e8re compact &#8211; double cam\u00e9ra embarqu\u00e9e 4K &#8211; stabilisation 3 axes &#8211; distance de vol 20 km &#8211; autonomie 46 minutes &#8211; t\u00e9l\u00e9commande Normale<\/div>\n<\/div>\n<div class=\"x11i5rnm xat24cr x1mh8g0r x1vvkbs xtlvy1s x126k92a\">\n<div dir=\"auto\">Le DJI Air 3 est un drone compact et pliable dot\u00e9 de deux cam\u00e9ras puissantes &#8211; une cam\u00e9ra grand-angle et une t\u00e9l\u00e9cam\u00e9ra moyenne 3x. Profitez de vols optimis\u00e9s avec un temps de vol maximum de 46 minutes, la d\u00e9tection d\u2019obstacles omnidirectionnelle, et la transmission vid\u00e9o O4. En outre, capturez les moindres d\u00e9tails de toute sc\u00e8ne gr\u00e2ce \u00e0 la double cam\u00e9ra 48 MP pour les photos et 4K HDR pour les vid\u00e9os.<\/div>\n<\/div>\n<div class=\"x11i5rnm xat24cr x1mh8g0r x1vvkbs xtlvy1s x126k92a\">\n<div dir=\"auto\">Avec le Air 3, filmez vos sujets avec une cr\u00e9ativit\u00e9 infinie et racontez une histoire visuelle audacieuse<\/div>\n<\/div>\n<div class=\"x11i5rnm xat24cr x1mh8g0r x1vvkbs xtlvy1s x126k92a\">\n<div dir=\"auto\"><span class=\"html-span xdj266r x11i5rnm xat24cr x1mh8g0r xexx8yu x4uap5 x18d9i69 xkhd6sd x1hl2dhg x16tdsg8 x1vvkbs\"><a class=\"x1i10hfl xjbqb8w x1ejq31n xd10rxx x1sy0etr x17r0tee x972fbf xcfux6l x1qhh985 xm0m39n x9f619 x1ypdohk xt0psk2 xe8uvvx xdj266r x11i5rnm xat24cr x1mh8g0r xexx8yu x4uap5 x18d9i69 xkhd6sd x16tdsg8 x1hl2dhg xggy1nq x1a2a7pz xkrqix3 x1sur9pj x1fey0fg x1s688f\" tabindex=\"0\" role=\"link\" href=\"https:\/\/www.facebook.com\/hashtag\/drone?__eep__=6&amp;__cft__[0]=AZXAqbCD30gAFUnnBFBXViQ9JRTyP0_y3kFmR_FxiaNeIKw7YnSj60IFhRTfQO5PStr19GCdYIVNMCuqGjdLuTa35OyzaJ8q3mM_EKPyKvV6GTN3UzBo1fNkCK58lrFj-4uNZx7Yy52yGTFPXXalmX6-_nMWBTL9WQaBpKX3_zF-pwh3SHWo2Kmx4Q5fS-LCxk0&amp;__tn__=*NK-R\">#drone<\/a><\/span> <span class=\"html-span xdj266r x11i5rnm xat24cr x1mh8g0r xexx8yu x4uap5 x18d9i69 xkhd6sd x1hl2dhg x16tdsg8 x1vvkbs\"><a class=\"x1i10hfl xjbqb8w x1ejq31n xd10rxx x1sy0etr x17r0tee x972fbf xcfux6l x1qhh985 xm0m39n x9f619 x1ypdohk xt0psk2 xe8uvvx xdj266r x11i5rnm xat24cr x1mh8g0r xexx8yu x4uap5 x18d9i69 xkhd6sd x16tdsg8 x1hl2dhg xggy1nq x1a2a7pz xkrqix3 x1sur9pj x1fey0fg x1s688f\" tabindex=\"0\" role=\"link\" href=\"https:\/\/www.facebook.com\/hashtag\/dji?__eep__=6&amp;__cft__[0]=AZXAqbCD30gAFUnnBFBXViQ9JRTyP0_y3kFmR_FxiaNeIKw7YnSj60IFhRTfQO5PStr19GCdYIVNMCuqGjdLuTa35OyzaJ8q3mM_EKPyKvV6GTN3UzBo1fNkCK58lrFj-4uNZx7Yy52yGTFPXXalmX6-_nMWBTL9WQaBpKX3_zF-pwh3SHWo2Kmx4Q5fS-LCxk0&amp;__tn__=*NK-R\">#dji<\/a><\/span> <span class=\"html-span xdj266r x11i5rnm xat24cr x1mh8g0r xexx8yu x4uap5 x18d9i69 xkhd6sd x1hl2dhg x16tdsg8 x1vvkbs\"><a class=\"x1i10hfl xjbqb8w x1ejq31n xd10rxx x1sy0etr x17r0tee x972fbf xcfux6l x1qhh985 xm0m39n x9f619 x1ypdohk xt0psk2 xe8uvvx xdj266r x11i5rnm xat24cr x1mh8g0r xexx8yu x4uap5 x18d9i69 xkhd6sd x16tdsg8 x1hl2dhg xggy1nq x1a2a7pz xkrqix3 x1sur9pj x1fey0fg x1s688f\" tabindex=\"0\" role=\"link\" href=\"https:\/\/www.facebook.com\/hashtag\/djimavicpro?__eep__=6&amp;__cft__[0]=AZXAqbCD30gAFUnnBFBXViQ9JRTyP0_y3kFmR_FxiaNeIKw7YnSj60IFhRTfQO5PStr19GCdYIVNMCuqGjdLuTa35OyzaJ8q3mM_EKPyKvV6GTN3UzBo1fNkCK58lrFj-4uNZx7Yy52yGTFPXXalmX6-_nMWBTL9WQaBpKX3_zF-pwh3SHWo2Kmx4Q5fS-LCxk0&amp;__tn__=*NK-R\">#djimavicpro<\/a><\/span> <span class=\"html-span xdj266r x11i5rnm xat24cr x1mh8g0r xexx8yu x4uap5 x18d9i69 xkhd6sd x1hl2dhg x16tdsg8 x1vvkbs\"><a class=\"x1i10hfl xjbqb8w x1ejq31n xd10rxx x1sy0etr x17r0tee x972fbf xcfux6l x1qhh985 xm0m39n x9f619 x1ypdohk xt0psk2 xe8uvvx xdj266r x11i5rnm xat24cr x1mh8g0r xexx8yu x4uap5 x18d9i69 xkhd6sd x16tdsg8 x1hl2dhg xggy1nq x1a2a7pz xkrqix3 x1sur9pj x1fey0fg x1s688f\" tabindex=\"0\" role=\"link\" href=\"https:\/\/www.facebook.com\/hashtag\/djimavicpro2zoom?__eep__=6&amp;__cft__[0]=AZXAqbCD30gAFUnnBFBXViQ9JRTyP0_y3kFmR_FxiaNeIKw7YnSj60IFhRTfQO5PStr19GCdYIVNMCuqGjdLuTa35OyzaJ8q3mM_EKPyKvV6GTN3UzBo1fNkCK58lrFj-4uNZx7Yy52yGTFPXXalmX6-_nMWBTL9WQaBpKX3_zF-pwh3SHWo2Kmx4Q5fS-LCxk0&amp;__tn__=*NK-R\">#djimavicpro2zoom<\/a><\/span><\/div>\n<div dir=\"auto\">\n<div class=\"f-productSection f-productDesc\">\n<div class=\"f-productSection__body f-productDesc__body\">\n<div class=\"f-productDesc__raw\">Efficacit\u00e9 doubleDJI Air 3 est un drone compact et pliable dot\u00e9 de deux cam\u00e9ras puissantes &#8211; une cam\u00e9ra grand-angle et une t\u00e9l\u00e9cam\u00e9ra moyenne 3x. Profitez de vols optimis\u00e9s avec un temps de vol maximum de 46 minutes, la d\u00e9tection d\u2019obstacles omnidirectionnelle, et la transmission vid\u00e9o O4. En outre, capturez les moindres d\u00e9tails de toute sc\u00e8ne gr\u00e2ce \u00e0 la double cam\u00e9ra 48 MP pour les photos et 4K HDR pour les vid\u00e9os. Avec Air 3, filmez vos sujets avec une cr\u00e9ativit\u00e9 infinie et racontez une histoire visuelle audacieuse&#8230;<\/div>\n<\/div>\n<\/div>\n<div class=\"f-productSection f-productProperties\">\n<div class=\"f-productSection__header\">\n<div class=\"f-productSection__title\">Caract\u00e9ristiques<\/div>\n<p><a class=\"f-productSection__seemore js-ScrollTo\" href=\"https:\/\/www.fnac.com\/Drone-DJI-Air-3-Fly-More-Combo-RC-2-Gris\/a18317387\/w-4#Characteristics\">Voir tout<\/a><\/p>\n<\/div>\n<div class=\"f-productProperties__list\">\n<dl class=\"f-productProperties__item\">\n<dt class=\"f-productProperties__term\">Type de Drone<\/dt>\n<dd class=\"f-productProperties__definition\">Vid\u00e9o<\/dd>\n<\/dl>\n<dl class=\"f-productProperties__item\">\n<dt class=\"f-productProperties__term\">Port\u00e9e de transmission max<\/dt>\n<dd class=\"f-productProperties__definition\">20Km<\/dd>\n<\/dl>\n<dl class=\"f-productProperties__item\">\n<dt class=\"f-productProperties__term\">D\u00e9finition<\/dt>\n<dd class=\"f-productProperties__definition\">4K (UHD)<\/dd>\n<\/dl>\n<dl class=\"f-productProperties__item\">\n<dt class=\"f-productProperties__term\">Fonctionnalit\u00e9 de la cam\u00e9ra<\/dt>\n<dd class=\"f-productProperties__definition\">Mode Photo<\/dd>\n<\/dl>\n<\/div>\n<\/div>\n<\/div>\n<\/div>\n","protected":false},"excerpt":{"rendered":"<div class=\"f-productLayerGrid__col\">\n<div class=\"f-productLayer\">\n<div class=\"f-productLayer__body\">\n<div class=\"f-productLayer__container\" data-automation-id=\"EditorOpinionOrSummary-block\">\n<div class=\"js-Expander expander expander--hasIcon collapsed\" data-automation-button=\"expand-EditorOpinionOrSummary-button\" data-automation-content=\"expand-EditorOpinionOrSummary\">\n<div class=\"expander__content\" data-automation-id=\"expand-EditorOpinionOrSummary\" aria-expanded=\"true\">\n<div class=\"f-productDesc\">\n<div class=\"f-productDesc__raw\">\n<p><b>Efficacit\u00e9 double<\/b><\/p>\n<p>DJI Air 3 est un drone compact et pliable dot\u00e9 de deux cam\u00e9ras puissantes &#8211; une cam\u00e9ra grand-angle et une t\u00e9l\u00e9cam\u00e9ra moyenne 3x. Profitez de vols optimis\u00e9s avec un temps de vol maximum de 46 minutes, la d\u00e9tection d\u2019obstacles omnidirectionnelle, et la transmission vid\u00e9o O4. En outre, capturez les moindres d\u00e9tails de toute sc\u00e8ne gr\u00e2ce \u00e0 la double cam\u00e9ra 48 MP pour les photos et 4K HDR pour les vid\u00e9os. Avec Air 3, filmez vos sujets avec une cr\u00e9ativit\u00e9 infinie et racontez une histoire visuelle audacieuse.<\/p>\n<p><b>Syst\u00e8me \u00e0 double cam\u00e9ra principaleLe mod\u00e8le Air 3 est dot\u00e9 d\u2019un syst\u00e8me \u00e0 double cam\u00e9ra principale, novateur dans la gamme Air, int\u00e9grant une cam\u00e9ra CMOS grand-angle 1\/1,3 pouce et une t\u00e9l\u00e9cam\u00e9ra 3x CMOS 1\/1,3 pouce dans un corps \u00e9pur\u00e9 et compact. Les deux cam\u00e9ras pr\u00e9sentent la m\u00eame taille de capteur mais des distances focales diff\u00e9rentes, assurant ainsi une qualit\u00e9 d\u2019image constante et des possibilit\u00e9s d\u2019imagerie plus dynamiques.<\/b><\/p>\n<p><b>Performances de cam\u00e9ras compl\u00e9mentaires<\/b><\/p>\n<p><b>La cam\u00e9ra grand-angle permet de capturer des paysages majestueux.<\/b><\/p>\n<p><b>La t\u00e9l\u00e9cam\u00e9ra moyenne 3x assure un zoom optique 3x sans perte pour une compression spatiale offrant une perspective unique de tout sujet.<\/b><\/p>\n<p><b>Embl\u00e9matique sous tous les angles<\/b><\/p>\n<p><b>Utilisez le FOV \u00e9tendu de la cam\u00e9ra grand-angle pour capturer plus d\u2019images de tout paysage. Passez \u00e0 la t\u00e9l\u00e9cam\u00e9ra moyenne 3x pour cadrer tout sujet en tant que point de mise au point os\u00e9.<\/b><\/p>\n<p><b>Double cam\u00e9ra &#8211; Photos 48 MP<\/b><\/p>\n<p><b>Les deux cam\u00e9ras sont capables de produire des photos de 48 MP aux d\u00e9tails authentiques parfaitement visibles, et permettent un recadrage transparent en post-traitement pour les utilisateurs int\u00e9ress\u00e9s.<\/b><\/p>\n<p><b>Double cam\u00e9ra &#8211; Vid\u00e9os HDR 4K\/60 ips<\/b><\/p>\n<p><b>Les deux capteurs CMOS 1\/1,3 pouce de la cam\u00e9ra Air 3 prennent en charge l\u2019ISO double natif pour une sortie directe de la vid\u00e9o HDR 4K\/60 ips sans recadrage. Ainsi, les s\u00e9quences film\u00e9es par chacune des deux cam\u00e9ras sont riches en couleurs et en transitions d\u2019\u00e9clairage naturel, pour des r\u00e9sultats d\u2019une pr\u00e9cision \u00e9poustouflante.<\/b><\/p>\n<p><b>Les deux cam\u00e9ras prennent \u00e9galement en charge les profils de couleur D-Log M 10 bits et HLG 10 bits. Les profils de couleurs D-Log M 10 bits conservent plus de d\u00e9tails dans les ombres et les hautes lumi\u00e8res pour plus de flexibilit\u00e9 lors de l\u2019\u00e9dition. Le profil de couleur HLG 10 bits offre une plage dynamique plus \u00e9lev\u00e9e et permet d\u2019obtenir d\u2019excellents r\u00e9sultats d\u2019imagerie sans \u00e9talonnage des couleurs.<\/b><\/p>\n<p><b>Vol prolong\u00e9, recharge innovante<\/b><\/p>\n<p><b>Air 3 offre jusqu\u2019\u00e0 46 minutes de temps de vol[1], soit une augmentation de 48 % par rapport \u00e0 la g\u00e9n\u00e9ration pr\u00e9c\u00e9dente. Vous disposez ainsi de suffisamment de temps pour explorer, ajuster les compositions et obtenir les photos que vous souhaitez, le tout en un seul vol.<\/b><\/p>\n<p><b>La nouvelle station de recharge de batterie est dot\u00e9e d\u2019une fonction innovante de transfert d\u2019\u00e9nergie. Appuyez simplement sur le bouton de fonction et maintenez-le enfonc\u00e9 pour transf\u00e9rer l\u2019\u00e9nergie restante de plusieurs batteries vers celle ayant l\u2019\u00e9nergie restante la plus \u00e9lev\u00e9e, permettant ainsi d\u2019obtenir une batterie mieux recharg\u00e9e dans les situations \u00e0 faible capacit\u00e9 de recharge.<\/b><\/p>\n<p><b>D\u00e9tection d\u2019obstacles omnidirectionnelle<\/b><\/p>\n<p><b>Le syst\u00e8me de d\u00e9tection omnidirectionnel permet une connaissance compl\u00e8te de l\u2019environnement, permettant \u00e0 Air 3 de d\u00e9tecter les obstacles dans toutes les directions. En cas de d\u00e9tection d\u2019obstacles, Air 3 utilise le syst\u00e8me APAS 5.0 pour effectuer des mouvements d\u2019\u00e9vitement plus fluides pour un vol plus s\u00fbr. M\u00eame les d\u00e9butants chevronn\u00e9s peuvent d\u00e9sormais voler en toute confiance et mettre en pratique leurs id\u00e9es cr\u00e9atives en toute s\u00e9curit\u00e9.<\/b><\/p>\n<p><b>Transmission vid\u00e9o O4<\/b><\/p>\n<p><b>Le syst\u00e8me de transmission vid\u00e9o O4 de nouvelle g\u00e9n\u00e9ration conf\u00e8re \u00e0 la cam\u00e9ra Air 3 des performances de transmission nettement am\u00e9lior\u00e9es. Elle offre une port\u00e9e maximale de 20 km avec une stabilit\u00e9 accrue et un flux en direct de qualit\u00e9 maximale 1 080p\/60 ips pour une visualisation et un fonctionnement ultra-fluides.<\/b><\/p>\n<p><b>RTH avanc\u00e9<\/b><\/p>\n<p><b>Pendant le RTH intelligent, la cam\u00e9ra Air 3 planifie automatiquement un itin\u00e9raire de vol optimis\u00e9 pour le RTH avanc\u00e9, tout en maintenant la d\u00e9tection d\u2019obstacles omnidirectionnelle pour revenir \u00e0 son point de d\u00e9part rapidement et en toute s\u00e9curit\u00e9.<\/b><\/p>\n<p><b>FocusTrack<\/b><\/p>\n<p><b>La fonction FocusTrack vous garde, vous ou votre sujet, au centre du cadre. La t\u00e9l\u00e9cam\u00e9ra 3x moyenne offre une sensation unique de compression spatiale lors de la mise en valeur des sujets. Cette performance de suivi actualis\u00e9e, combin\u00e9e \u00e0 la d\u00e9tection d\u2019obstacles omnidirectionnelle, permet de r\u00e9aliser des prises de vue intelligentes et bien planifi\u00e9es \u00e0 tout moment et en tout lieu.<\/b><\/p>\n<p><b>QuickShots<\/b><\/p>\n<p><b>La fonction QuickShots permet \u00e0 la cam\u00e9ra Air 3 d\u2019effectuer des mouvements cr\u00e9atifs tels que Fus\u00e9e, Dronie, Cercle, Spirale, Boomerang et Ast\u00e9ro\u00efde.<\/b><\/p>\n<p><b>Prise de vue verticale 2,7K<\/b><\/p>\n<p><b>La cam\u00e9ra Air 3 prend en charge la prise de vue verticale 2,7K avec les deux cam\u00e9ras, ce qui conf\u00e8re aux s\u00e9quences verticales un aspect hautement dynamique lors de la capture de paysages ou de sujets. La prise de vue verticale 2,7K r\u00e9alis\u00e9e directement depuis le capteur CMOS 4\/3 produit des clips optimis\u00e9s pour le visionnage sur smartphone et pr\u00eats \u00e0 \u00eatre partag\u00e9s sur les m\u00e9dias sociaux, sans n\u00e9cessiter de recadrage en post-traitement.<\/b><\/p>\n<p><b>MasterShots<\/b><\/p>\n<p><b>MasterShots permet \u00e0 Air 3 d\u2019effectuer automatiquement divers mouvements de cam\u00e9ra, de filmer plusieurs clips et de les monter avec de la musique, des coupes et des effets pour des s\u00e9quences cin\u00e9matographiques rapides et rationalis\u00e9es.<\/b><\/p>\n<p><b>Application LightCut<\/b><\/p>\n<p><b>Connectez-vous \u00e0 Air 3 sans fil via l\u2019application LightCut sur votre smartphone pour b\u00e9n\u00e9ficier d\u2019options cr\u00e9atives \u00e9tendues telles que l\u2019\u00c9dition en un clic. Inutile de t\u00e9l\u00e9charger toutes les s\u00e9quences pendant le processus, vous permettant ainsi un gain d\u2019espace de stockage sur votre appareil mobile.<\/b><\/p>\n<p><b>Waypoint<\/b><\/p>\n<p><b>Pour la premi\u00e8re fois, la fonction Waypoint est disponible sur la gamme Air. Planifiez les itin\u00e9raires de vol et les actions de prise de vue \u00e0 l\u2019avance pour Air 3 pour r\u00e9aliser des mouvements de cam\u00e9ra complexes et des prises de vue uniques \u00e0 couper le souffle. Vous pouvez \u00e9galement enregistrer des itin\u00e9raires de vol pour r\u00e9p\u00e9ter le m\u00eame mouvement avec pr\u00e9cision \u00e0 une date ou une heure ult\u00e9rieure, permettant ainsi des prises de vue prolong\u00e9es en timelapse pour capturer des transitions telles que le passage du jour \u00e0 la nuit ou d\u2019une saison \u00e0 l\u2019autre.<\/b><\/p>\n<\/div>\n<p>&nbsp;<\/p>\n<\/div>\n<p>&nbsp;<\/p>\n<\/div>\n<div class=\"expander__mask\"><\/div>\n<\/div>\n<p>&nbsp;<\/p>\n<\/div>\n<p>&nbsp;<\/p>\n<\/div>\n<p>&nbsp;<\/p>\n<\/div>\n<p>&nbsp;<\/p>\n<\/div>\n<div>\n<div id=\"div_description_longue\" class=\"cont-onglet column small-12\">\n<div class=\"hide_info_annexe row small-collapse medium-uncollapse\">\n<div class=\"column\">\n<h2 class=\"titre-h2\">D\u00e9couvrez le DJI Air 3 en vid\u00e9o<\/h2>\n<p><iframe src=\"https:\/\/www.youtube.com\/embed\/xi85DAbv5oU\" width=\"560\" height=\"314\" allowfullscreen=\"allowfullscreen\"><\/iframe><\/p>\n<h2 class=\"titre-h2\">La double efficacit\u00e9 du drone DJI Air 3<\/h2>\n<p>studioSPORT vous propose de d\u00e9couvrir ce DJI Air 3, un drone compact, pliable et l\u00e9ger (seulement 720g). Il dispose d&rsquo;une d\u00e9tection d&rsquo;obstacles omnidirectionnelle. Mais \u00e9galement la transmission vid\u00e9o O4, et d&rsquo;une autonomie maximum de 46 minutes, afin de vous fournir des vols s\u00fbrs, sans avoir \u00e0 vous soucier de votre batterie. Ce drone vous permettra de capturer des photographies de 48MP et des vid\u00e9o jusqu&rsquo;en 4K \u00e0 100p, ce qui est id\u00e9al pour faire des ralentis ultra-smooth ! Il se compose de deux cam\u00e9ras, l&rsquo;une grand-angle de 24mm avec une ouverture f\/1.7, et l&rsquo;autre une t\u00e9l\u00e9cam\u00e9ra de 70mm avec une ouverture \u00e0 f\/2.8.<\/p>\n<p>Les deux cam\u00e9ras vous permettent d&rsquo;avoir acc\u00e8s aux profils de couleurs D-Log M 10 bits, mais \u00e9galement le HLG 10 bits.<\/p>\n<p>Vous disposerez d&rsquo;une multitude de fonctions intelligentes tels que : FocusTrack, QuickShots, Mode Nuit, SmartPhoto 3.0, etc. Vous retrouverez \u00e9galement sur ce DJI Air 3 le mode de vol Waypoints qui vous permet de planifier des itin\u00e9raires de vol et les actions de prise de vue bien \u00e0 l\u2019avance.<\/p>\n<p><img decoding=\"async\" title=\"\" src=\"https:\/\/www.studiosport.fr\/upload\/image\/-image-250706-moyenne.jpg\" alt=\"\" \/><\/p>\n<h2 class=\"titre-h2\">Radiocommande DJI RC-N2<\/h2>\n<p>Ce drone est \u00e9quip\u00e9 de la radiocommande DJI RC-N2, elle permet de r\u00e9duire le co\u00fbt de votre drone, mais aussi de pouvoir mettre votre smartphone et toutes vos applications. Cette radiocommande vous offre une autonomie allant jusqu&rsquo;\u00e0 6h et un retour vid\u00e9o pouvant aller jusqu&rsquo;\u00e0 du 1080p \u00e0 60 images par seconde. Le petit plus de cette radiocommande est qu&rsquo;elle accueille la transmission vid\u00e9o O4. Cette radiocommande est vraiment id\u00e9ale pour vous accompagner dans vos sorties drones.<\/p>\n<h2 class=\"titre-h2\">Les avantage du Fly More Combo<\/h2>\n<p>Le DJI Air 3 vous est propos\u00e9 avec son Fly More Combo, c&rsquo;est \u00e0 dire que vous avez plus d&rsquo;accessoires pour votre drone :<\/p>\n<ul>\n<li>6 paires d&rsquo;h\u00e9lices \u00e0 faible bruit, afin de pouvoir parer \u00e0 tout crash, ou endommagement de vos h\u00e9lices.<\/li>\n<li>La station de recharge qui vous permet de recharger jusqu&rsquo;\u00e0 trois batteries en s\u00e9quence en fonction de leur niveau d\u2019\u00e9nergie restant, les batteries les plus recherch\u00e9es recevant l\u2019\u00e9nergie en premier.<\/li>\n<li>Trois batteries de vol intelligentes, ce qui vous permettra de ne jamais \u00eatre \u00e0 court de batterie.<\/li>\n<li>Un sac en bandouli\u00e8re DJI qui vous permet de transporter votre drone en toute s\u00e9curit\u00e9.<\/li>\n<\/ul>\n<p><iframe src=\"https:\/\/www.youtube.com\/embed\/m9SpvevYdRo\" width=\"560\" height=\"314\" allowfullscreen=\"allowfullscreen\"><\/iframe><\/p>\n<h2>Foire aux questions sur le drone DJI Air 3<\/h2>\n<ul class=\"accordion\" role=\"tablist\" data-accordion=\"691yoe-accordion\">\n<li class=\"accordion-item\" data-accordion-item=\"\"><a id=\"4j8c3y-accordion-label\" class=\"accordion-title\" role=\"tab\" href=\"https:\/\/www.studiosport.fr\/dji-air-3-fly-more-combo-dji-rc-n2-a26917.html#\" aria-controls=\"4j8c3y-accordion\" aria-expanded=\"false\" aria-selected=\"false\">Quelles sont les am\u00e9liorations du DJI Air 3 par rapport au DJI Air 2S, son pr\u00e9decesseur ?<\/a><\/li>\n<li class=\"accordion-item\" data-accordion-item=\"\"><a id=\"lusdw6-accordion-label\" class=\"accordion-title\" role=\"tab\" href=\"https:\/\/www.studiosport.fr\/dji-air-3-fly-more-combo-dji-rc-n2-a26917.html#\" aria-controls=\"lusdw6-accordion\" aria-expanded=\"false\" aria-selected=\"false\">Est-ce que le drone DJI Air 3 est certifi\u00e9 pour la l\u00e9gislation drone Europ\u00e9enne ?<\/a><\/li>\n<li class=\"accordion-item\" data-accordion-item=\"\"><a id=\"3w58dp-accordion-label\" class=\"accordion-title\" role=\"tab\" href=\"https:\/\/www.studiosport.fr\/dji-air-3-fly-more-combo-dji-rc-n2-a26917.html#\" aria-controls=\"3w58dp-accordion\" aria-expanded=\"false\" aria-selected=\"false\">Le DJI Air 3 peut-il filmer au format portrait ?<\/a><\/li>\n<li class=\"accordion-item\" data-accordion-item=\"\"><a id=\"qlkb5b-accordion-label\" class=\"accordion-title\" role=\"tab\" href=\"https:\/\/www.studiosport.fr\/dji-air-3-fly-more-combo-dji-rc-n2-a26917.html#\" aria-controls=\"qlkb5b-accordion\" aria-expanded=\"false\" aria-selected=\"false\">Avec quelles radiocommandes peut-on piloter le DJI Air 3 ?<\/a><\/li>\n<\/ul>\n<\/div>\n<\/div>\n<\/div>\n<div id=\"div_description_longue3\" class=\"cont-onglet column small-12\">\n<h2 class=\"cont-onglet-titre\">Contenu du produit<\/h2>\n<div class=\"hide_info_annexe row small-collapse medium-uncollapse\">\n<div class=\"column\">\n<p>1 x Drone DJI Air 3<\/p>\n<p>6 x Paires d&rsquo;h\u00e9lices \u00e0 faible bruit<\/p>\n<p>1 x Protection de nacelle<\/p>\n<p>1 x Radiocommande DJI\u00a0RC-N2<\/p>\n<p>1 x C\u00e2ble de connexion \u00e0 connecteur USB Type-C<\/p>\n<p>1 x C\u00e2ble de connexion \u00e0 connecteur Lightning<\/p>\n<p>1 x Station de recharge de batteries<\/p>\n<p>1 x C\u00e2ble de connexion USB Type-C<\/p>\n<p>3 x Batteries de vol intelligentes<\/p>\n<p>1 x Sac en bandouli\u00e8re<\/p>\n<p>Documents (Guide de d\u00e9marrage rapide et clause exclusive de responsabilit\u00e9)<\/p>\n<p>Garantie : 24 mois<\/p>\n<\/div>\n<\/div>\n<\/div>\n<\/div>\n","protected":false},"featured_media":11776,"comment_status":"open","ping_status":"closed","template":"","meta":[],"product_brand":[],"product_cat":[175],"product_tag":[],"class_list":{"0":"post-11556","1":"product","2":"type-product","3":"status-publish","4":"has-post-thumbnail","6":"product_cat-drone","8":"first","9":"instock","10":"sale","11":"shipping-taxable","12":"purchasable","13":"product-type-simple"},"_links":{"self":[{"href":"https:\/\/gautierinformatique.com\/index.php?rest_route=\/wp\/v2\/product\/11556","targetHints":{"allow":["GET"]}}],"collection":[{"href":"https:\/\/gautierinformatique.com\/index.php?rest_route=\/wp\/v2\/product"}],"about":[{"href":"https:\/\/gautierinformatique.com\/index.php?rest_route=\/wp\/v2\/types\/product"}],"replies":[{"embeddable":true,"href":"https:\/\/gautierinformatique.com\/index.php?rest_route=%2Fwp%2Fv2%2Fcomments&post=11556"}],"version-history":[{"count":1,"href":"https:\/\/gautierinformatique.com\/index.php?rest_route=\/wp\/v2\/product\/11556\/revisions"}],"predecessor-version":[{"id":11777,"href":"https:\/\/gautierinformatique.com\/index.php?rest_route=\/wp\/v2\/product\/11556\/revisions\/11777"}],"wp:featuredmedia":[{"embeddable":true,"href":"https:\/\/gautierinformatique.com\/index.php?rest_route=\/wp\/v2\/media\/11776"}],"wp:attachment":[{"href":"https:\/\/gautierinformatique.com\/index.php?rest_route=%2Fwp%2Fv2%2Fmedia&parent=11556"}],"wp:term":[{"taxonomy":"product_brand","embeddable":true,"href":"https:\/\/gautierinformatique.com\/index.php?rest_route=%2Fwp%2Fv2%2Fproduct_brand&post=11556"},{"taxonomy":"product_cat","embeddable":true,"href":"https:\/\/gautierinformatique.com\/index.php?rest_route=%2Fwp%2Fv2%2Fproduct_cat&post=11556"},{"taxonomy":"product_tag","embeddable":true,"href":"https:\/\/gautierinformatique.com\/index.php?rest_route=%2Fwp%2Fv2%2Fproduct_tag&post=11556"}],"curies":[{"name":"wp","href":"https:\/\/api.w.org\/{rel}","templated":true}]}}