{"id":11592,"date":"2025-06-26T21:21:26","date_gmt":"2025-06-26T19:21:26","guid":{"rendered":"http:\/\/localhost\/gautierinformatique\/?post_type=product&#038;p=11592"},"modified":"2025-06-26T21:29:38","modified_gmt":"2025-06-26T19:29:38","slug":"macbook-pro-m3-max-2023-16-puissance-ultime","status":"publish","type":"product","link":"https:\/\/gautierinformatique.com\/?product=macbook-pro-m3-max-2023-16-puissance-ultime","title":{"rendered":"MacBook Pro M3 Max 2023 \u2013 16\u201d | Puissance Ultime !"},"content":{"rendered":"<p>MacBook Pro M3 Max 2023 \u2013 16\u201d | Puissance Ultime !<br \/>\n\ud83d\ude80 Mod\u00e8le haut de gamme \u2013 Id\u00e9al pour les pros &amp; cr\u00e9atifs<\/p>\n<p>\u2611Neuf juste descell\u00e9<br \/>\n\u2611Garantie 1 ans<\/p>\n<p>\ud83d\udccc Caract\u00e9ristiques :<br \/>\n\u2705 Processeur : Apple M3 Max (14-Core CPU)<br \/>\n\u2705 Graphique : 30-Core GPU<br \/>\n\u2705 RAM : 36 Go<br \/>\n\u2705 Stockage : 512 SSD<br \/>\n\u2705 \u00c9cran : Retina 16\u201d \u2013 Noir Espace<\/p>\n<div class=\"elementor-element elementor-element-33a435d6 elementor-widget elementor-widget-woocommerce-product-title elementor-page-title elementor-widget-heading\" data-id=\"33a435d6\" data-element_type=\"widget\" data-widget_type=\"woocommerce-product-title.default\">\n<div class=\"elementor-widget-container\">\n<h1 class=\"product_title entry-title elementor-heading-title elementor-size-default\">16-inch MacBook Pro Apple M3<\/h1>\n<\/div>\n<\/div>\n<div class=\"elementor-element elementor-element-33f14f9e elementor-widget elementor-widget-woocommerce-product-short-description\" data-id=\"33f14f9e\" data-element_type=\"widget\" data-widget_type=\"woocommerce-product-short-description.default\">\n<div class=\"elementor-widget-container\">\n<div class=\"woocommerce-product-details__short-description\">\n<p>Le MacBook Pro 14 pouces fait un bond en avant gr\u00e2ce \u00e0 la M3, une puce incroyablement sophistiqu\u00e9e qui offre un gain de vitesse et de performances impressionnant. Avec une autonomie de premier plan et un sublime \u00e9cran Liquid Retina XDR, cet ordinateur portable pro est sans \u00e9gal.<\/p>\n<\/div>\n<\/div>\n<\/div>\n","protected":false},"excerpt":{"rendered":"<p>MacBook Pro M3 Max 2023 \u2013 16\u201d | Puissance Ultime ! \ud83d\ude80 Mod\u00e8le haut de gamme \u2013 Id\u00e9al pour les<\/p>\n","protected":false},"featured_media":11797,"comment_status":"open","ping_status":"closed","template":"","meta":[],"product_brand":[],"product_cat":[176],"product_tag":[],"class_list":{"0":"post-11592","1":"product","2":"type-product","3":"status-publish","4":"has-post-thumbnail","6":"product_cat-macbook-pro-apple-macbooks","8":"first","9":"instock","10":"sale","11":"shipping-taxable","12":"purchasable","13":"product-type-simple"},"_links":{"self":[{"href":"https:\/\/gautierinformatique.com\/index.php?rest_route=\/wp\/v2\/product\/11592","targetHints":{"allow":["GET"]}}],"collection":[{"href":"https:\/\/gautierinformatique.com\/index.php?rest_route=\/wp\/v2\/product"}],"about":[{"href":"https:\/\/gautierinformatique.com\/index.php?rest_route=\/wp\/v2\/types\/product"}],"replies":[{"embeddable":true,"href":"https:\/\/gautierinformatique.com\/index.php?rest_route=%2Fwp%2Fv2%2Fcomments&post=11592"}],"version-history":[{"count":1,"href":"https:\/\/gautierinformatique.com\/index.php?rest_route=\/wp\/v2\/product\/11592\/revisions"}],"predecessor-version":[{"id":11798,"href":"https:\/\/gautierinformatique.com\/index.php?rest_route=\/wp\/v2\/product\/11592\/revisions\/11798"}],"wp:featuredmedia":[{"embeddable":true,"href":"https:\/\/gautierinformatique.com\/index.php?rest_route=\/wp\/v2\/media\/11797"}],"wp:attachment":[{"href":"https:\/\/gautierinformatique.com\/index.php?rest_route=%2Fwp%2Fv2%2Fmedia&parent=11592"}],"wp:term":[{"taxonomy":"product_brand","embeddable":true,"href":"https:\/\/gautierinformatique.com\/index.php?rest_route=%2Fwp%2Fv2%2Fproduct_brand&post=11592"},{"taxonomy":"product_cat","embeddable":true,"href":"https:\/\/gautierinformatique.com\/index.php?rest_route=%2Fwp%2Fv2%2Fproduct_cat&post=11592"},{"taxonomy":"product_tag","embeddable":true,"href":"https:\/\/gautierinformatique.com\/index.php?rest_route=%2Fwp%2Fv2%2Fproduct_tag&post=11592"}],"curies":[{"name":"wp","href":"https:\/\/api.w.org\/{rel}","templated":true}]}}