{"id":11699,"date":"2025-06-26T21:25:58","date_gmt":"2025-06-26T19:25:58","guid":{"rendered":"http:\/\/localhost\/gautierinformatique\/?post_type=product&#038;p=11699"},"modified":"2025-06-26T21:33:15","modified_gmt":"2025-06-26T19:33:15","slug":"hp-27-cr0155nh-i7-all-in-one-a99bnea","status":"publish","type":"product","link":"https:\/\/gautierinformatique.com\/?product=hp-27-cr0155nh-i7-all-in-one-a99bnea","title":{"rendered":"HP 27-cr0155nh i7 All-in-One \u2013 A99BNEA"},"content":{"rendered":"<h1 class=\"product_title entry-title wd-entities-title\">HP 27-cr0155nh i7 All-in-One \u2013 A99BNEA<\/h1>\n<div class=\"woocommerce-product-details__short-description\">\n<p>Intel\u00ae Core\u2122 i7-1355U (jusqu\u2019\u00e0 5,0 GHz avec la technologie Intel\u00ae Turbo Boost, 12 Mo de m\u00e9moire cache L3, 10 c\u0153urs, 12 threads)<br \/>\n16 Go DDR4-3200 MT\/s (2 x 8 Go) (Taux de transfert pouvant atteindre 3200 MT\/s.)<br \/>\nDisque SSD PCIe\u00ae NVMe\u2122 M.2 \u2013 1 Tera<br \/>\n\u00c9cran tactile Full HD de 68,6 cm (27 pouces) (1920 x 1080), IPS, micro-bords sur trois c\u00f4t\u00e9s, antireflet, 300 nits, 99 % sRGB<br \/>\nCarte graphique Intel\u00ae Iris\u00ae X\u1d49<br \/>\nCouleur produit \u2013 Noir \u00e9b\u00e8ne<br \/>\nClavier \u2013 Souris filaire USB<br \/>\nWindows 11\u00a0Professionnel<\/p>\n<\/div>\n","protected":false},"excerpt":{"rendered":"<h3>HP 27-cr0155nh i7 All-in-One \u2013 A99BNEA<\/h3>\n<p><strong>la HP 27-cr0155nh i7 All-in-One \u2013 A99BNEA :<\/strong><br \/>\nD\u00e9couvrez des PC ultra-fiables, \u00e0 l\u2019aise dans toutes les situations. Les PC HP embarquent des technologies \u00e9prouv\u00e9es et une puissance hors pair, pour des performances optimales qui ne vous d\u00e9cevront jamais.<\/p>\n<p><strong><img decoding=\"async\" class=\"size-thumbnail wp-image-6588 alignright\" src=\"https:\/\/dakarstock.com\/wp-content\/uploads\/2025\/01\/hp-27-cr0019nk-i7-all-in-one-a7cx8ea-1-150x150.png\" sizes=\"(max-width: 150px) 100vw, 150px\" srcset=\"https:\/\/dakarstock.com\/wp-content\/uploads\/2025\/01\/hp-27-cr0019nk-i7-all-in-one-a7cx8ea-1-150x150.png 150w, https:\/\/dakarstock.com\/wp-content\/uploads\/2025\/01\/hp-27-cr0019nk-i7-all-in-one-a7cx8ea-1-600x600.png 600w, https:\/\/dakarstock.com\/wp-content\/uploads\/2025\/01\/hp-27-cr0019nk-i7-all-in-one-a7cx8ea-1-300x300.png 300w\" alt=\"\" width=\"150\" height=\"150\" \/>Un \u00e9lan vers le d\u00e9veloppement durable<\/strong><br \/>\nLe premier PC HP au monde avec du marc de caf\u00e9 recycl\u00e9 qui contient des plastiques recycl\u00e9s post-consommation et issus de d\u00e9chets oc\u00e9aniques.<\/p>\n<p><strong><img decoding=\"async\" class=\"size-thumbnail wp-image-6589 alignleft\" src=\"https:\/\/dakarstock.com\/wp-content\/uploads\/2025\/01\/hp-27-cr0019nk-i7-all-in-one-a7cx8ea-2-150x150.png\" sizes=\"(max-width: 150px) 100vw, 150px\" srcset=\"https:\/\/dakarstock.com\/wp-content\/uploads\/2025\/01\/hp-27-cr0019nk-i7-all-in-one-a7cx8ea-2-150x150.png 150w, https:\/\/dakarstock.com\/wp-content\/uploads\/2025\/01\/hp-27-cr0019nk-i7-all-in-one-a7cx8ea-2-600x600.png 600w, https:\/\/dakarstock.com\/wp-content\/uploads\/2025\/01\/hp-27-cr0019nk-i7-all-in-one-a7cx8ea-2-300x300.png 300w\" alt=\"\" width=\"150\" height=\"150\" \/>Con\u00e7u pour une connexion assur\u00e9e \u00e0 vos \u00e9quipes<\/strong><br \/>\nCon\u00e7u pour une v\u00e9ritable collaboration avec une cam\u00e9ra de confidentialit\u00e9 r\u00e9tractable inclinable, deux micros et une r\u00e9duction de bruit avanc\u00e9e.<\/p>\n<p><strong><img decoding=\"async\" class=\"size-thumbnail wp-image-6590 alignright\" src=\"https:\/\/dakarstock.com\/wp-content\/uploads\/2025\/01\/hp-27-cr0019nk-i7-all-in-one-a7cx8ea-3-150x150.png\" sizes=\"(max-width: 150px) 100vw, 150px\" srcset=\"https:\/\/dakarstock.com\/wp-content\/uploads\/2025\/01\/hp-27-cr0019nk-i7-all-in-one-a7cx8ea-3-150x150.png 150w, https:\/\/dakarstock.com\/wp-content\/uploads\/2025\/01\/hp-27-cr0019nk-i7-all-in-one-a7cx8ea-3-600x600.png 600w, https:\/\/dakarstock.com\/wp-content\/uploads\/2025\/01\/hp-27-cr0019nk-i7-all-in-one-a7cx8ea-3-300x300.png 300w\" alt=\"\" width=\"150\" height=\"150\" \/>Une op\u00e9rationnalit\u00e9 garantie<\/strong><br \/>\nD\u00e9couvrez un PC qui ne vous l\u00e2che jamais avec son processeur Intel\u00ae fiable, un espace de stockage cons\u00e9quent, des connexions rapides et beaucoup de m\u00e9moire.<\/p>\n<p><strong><img loading=\"lazy\" decoding=\"async\" class=\"size-medium wp-image-6591 alignleft\" src=\"https:\/\/dakarstock.com\/wp-content\/uploads\/2025\/01\/hp-27-cr0019nk-i7-all-in-one-a7cx8ea-4-300x225.png\" sizes=\"(max-width: 300px) 100vw, 300px\" srcset=\"https:\/\/dakarstock.com\/wp-content\/uploads\/2025\/01\/hp-27-cr0019nk-i7-all-in-one-a7cx8ea-4-300x225.png 300w, https:\/\/dakarstock.com\/wp-content\/uploads\/2025\/01\/hp-27-cr0019nk-i7-all-in-one-a7cx8ea-4-150x113.png 150w, https:\/\/dakarstock.com\/wp-content\/uploads\/2025\/01\/hp-27-cr0019nk-i7-all-in-one-a7cx8ea-4.png 573w\" alt=\"\" width=\"300\" height=\"225\" \/>Une conception qui s\u2019inscrit dans une d\u00e9marche de d\u00e9veloppement durable<\/strong><br \/>\n<strong>Allez au-del\u00e0 des performances pour permettre \u00e0 votre PC d\u2019en faire encore plus \u00e0 la fois<\/strong><br \/>\nBien plus qu\u2019un score de performance. Les processeurs Intel\u00ae Core\u2122 de 13e g\u00e9n\u00e9ration font progresser le r\u00e9alisme et renforcent l\u2019efficacit\u00e9 en mode multit\u00e2che.<br \/>\n<strong>Carte graphique Intel\u00ae Iris\u00ae X\u1d49<\/strong><br \/>\nPerformances impressionnantes pour la cr\u00e9ation, le jeu et le divertissement. Un nouveau niveau de performances graphiques et des visuels nets et \u00e9poustouflants, le tout avec la commodit\u00e9 d\u2019un ordinateur portable fin et l\u00e9ger.<br \/>\n<strong>Ecran tactile IPS FHD<\/strong><br \/>\nB\u00e9n\u00e9ficiez toujours de la meilleure qualit\u00e9 pour votre contenu avec un grand angle de vision de 178\u00b0 et une image dynamique. De plus, la technologie tactile vous permet de commander votre ordinateur directement depuis votre l\u2019\u00e9cran.<br \/>\n<strong>Panneau antireflets<\/strong><br \/>\nGr\u00e2ce \u00e0 ce panneau antireflets, vous pouvez profiter du soleil tout en utilisant votre ordinateur. Utilisez votre ordinateur en ext\u00e9rieur gr\u00e2ce \u00e0 l\u2019\u00e9cran antireflet.<br \/>\n<strong>Anti-scintillement<\/strong><br \/>\nGr\u00e2ce \u00e0 la technologie de gradation CC, qui commande la luminosit\u00e9 en ajustant le courant continu plut\u00f4t qu\u2019en actionnant le r\u00e9tro\u00e9clairage, nous pouvons supprimer le scintillement de l\u2019\u00e9cran pour un affichage plus confortable.<br \/>\n<strong>Design durable<\/strong><br \/>\nParce que les d\u00e9tails font toute la diff\u00e9rence, la conception de ce produit comprend des mat\u00e9riaux durables comme du plastique oc\u00e9anique et du plastique recycl\u00e9 post-consommation.<br \/>\n<strong>Stockage SSD PCIe NVMe\u2122 M.2<\/strong><br \/>\nD\u00e9marrez votre ordinateur en quelques secondes avec jusqu\u2019\u00e0 512 Go de stockage SSD PCIe NVMe\u2122 M.2.<br \/>\n<strong>M\u00e9moire double canal<\/strong><br \/>\nLa technologie double canal am\u00e9liore les performances du syst\u00e8me gr\u00e2ce au fonctionnement simultan\u00e9 des deux canaux qui permet de doubler la vitesse de communication entre le contr\u00f4leur de m\u00e9moire et la RAM.<br \/>\n<strong>Cam\u00e9ra HP True Vision HD Privacy<\/strong><br \/>\nChat vid\u00e9o avec une grande clart\u00e9 d\u2019image gr\u00e2ce \u00e0 une r\u00e9solution Full HD, m\u00eame en cas de faible luminosit\u00e9. Cette cam\u00e9ra r\u00e9tractable prot\u00e8ge votre vie priv\u00e9e lorsque vous ne l\u2019utilisez pas et vous garantit une s\u00e9curit\u00e9 totale en ligne.<br \/>\n<strong>Facilit\u00e9 de connexion<\/strong><br \/>\nProfite de vitesses plus rapides, de performances am\u00e9lior\u00e9es et d\u2019une capacit\u00e9 accrue gr\u00e2ce \u00e0 la carte sans fil Wi-Fi 6 et Bluetooth\u00ae 5.3.<br \/>\n<strong>Doubles haut-parleurs<\/strong><br \/>\nProfitez pleinement de votre musique, de vos films ou de vos jeux pr\u00e9f\u00e9r\u00e9s gr\u00e2ce aux doubles haut-parleurs st\u00e9r\u00e9o.<br \/>\n<strong>Port USB Type-A, vitesse de transfert de 5 Gbit\/s<\/strong><br \/>\nConnectez votre stockage externe gr\u00e2ce \u00e0 ce port USB Type-A, offrant une vitesse de transfert de 5 Gbit\/s.<\/p>\n","protected":false},"featured_media":11927,"comment_status":"open","ping_status":"closed","template":"","meta":[],"product_brand":[],"product_cat":[130],"product_tag":[],"class_list":{"0":"post-11699","1":"product","2":"type-product","3":"status-publish","4":"has-post-thumbnail","6":"product_cat-desktops","8":"first","9":"instock","10":"sale","11":"shipping-taxable","12":"purchasable","13":"product-type-simple"},"_links":{"self":[{"href":"https:\/\/gautierinformatique.com\/index.php?rest_route=\/wp\/v2\/product\/11699","targetHints":{"allow":["GET"]}}],"collection":[{"href":"https:\/\/gautierinformatique.com\/index.php?rest_route=\/wp\/v2\/product"}],"about":[{"href":"https:\/\/gautierinformatique.com\/index.php?rest_route=\/wp\/v2\/types\/product"}],"replies":[{"embeddable":true,"href":"https:\/\/gautierinformatique.com\/index.php?rest_route=%2Fwp%2Fv2%2Fcomments&post=11699"}],"version-history":[{"count":1,"href":"https:\/\/gautierinformatique.com\/index.php?rest_route=\/wp\/v2\/product\/11699\/revisions"}],"predecessor-version":[{"id":11928,"href":"https:\/\/gautierinformatique.com\/index.php?rest_route=\/wp\/v2\/product\/11699\/revisions\/11928"}],"wp:featuredmedia":[{"embeddable":true,"href":"https:\/\/gautierinformatique.com\/index.php?rest_route=\/wp\/v2\/media\/11927"}],"wp:attachment":[{"href":"https:\/\/gautierinformatique.com\/index.php?rest_route=%2Fwp%2Fv2%2Fmedia&parent=11699"}],"wp:term":[{"taxonomy":"product_brand","embeddable":true,"href":"https:\/\/gautierinformatique.com\/index.php?rest_route=%2Fwp%2Fv2%2Fproduct_brand&post=11699"},{"taxonomy":"product_cat","embeddable":true,"href":"https:\/\/gautierinformatique.com\/index.php?rest_route=%2Fwp%2Fv2%2Fproduct_cat&post=11699"},{"taxonomy":"product_tag","embeddable":true,"href":"https:\/\/gautierinformatique.com\/index.php?rest_route=%2Fwp%2Fv2%2Fproduct_tag&post=11699"}],"curies":[{"name":"wp","href":"https:\/\/api.w.org\/{rel}","templated":true}]}}