{"id":11837,"date":"2025-06-26T21:30:55","date_gmt":"2025-06-26T19:30:55","guid":{"rendered":"http:\/\/localhost\/gautierinformatique\/?post_type=product&#038;p=11837"},"modified":"2025-06-26T21:37:26","modified_gmt":"2025-06-26T19:37:26","slug":"asus-rog-zephyrus-g15-ga503rm-147w","status":"publish","type":"product","link":"https:\/\/gautierinformatique.com\/?product=asus-rog-zephyrus-g15-ga503rm-147w","title":{"rendered":"ASUS ROG Zephyrus G15 GA503RM-147W"},"content":{"rendered":"<h1 class=\"title lg:text-[24px] text-[20px] font-medium text-textColor dark:text-zinc-100\"><span>Asus ROG Zephyrus G15 GA503RM-G15.R93060<\/span><\/h1>\n<p class=\"summary text-md my-3 text-[16px] text-gray-900 dark:text-zinc-100\"><span>R9-6900HS | 16 Go de RAM DDR5 | SSD 512 Go | RTX3060 6 Go | \u00c9cran WQHD 15,6&Prime; | 165 Hz | Windows 11 | DS1848<\/span><\/p>\n<div class=\"specification prose prose-sm mt-4 text-gray-700 dark:text-gray-100 mb-5\">\n<ul>\n<li><strong><span>Processeur :<\/span><\/strong><span>\u00a0AMD Ryzen\u2122 9-6900HS<\/span><\/li>\n<li><strong><span>RAM :<\/span><\/strong><span>\u00a016 Go DDR5 4800 MHz<\/span><\/li>\n<li><strong><span>SSD :<\/span><\/strong><span>\u00a0\u00a0512 Go M.2 NVMe\u2122 PCIe\u00ae 4.0<\/span><\/li>\n<li><strong><span>Graphique\u00a0:\u00a0<\/span><\/strong><span>\u00a0NVIDIA GeForce RTX 3060 6\u00a0Go<\/span><\/li>\n<li><strong><span>\u00c9cran LCD\u00a0:<\/span><\/strong><span>\u00a015,6\u00a0pouces WQHD 2,5\u00a0K 165\u00a0Hz<\/span><\/li>\n<li><strong><span>Syst\u00e8me d&rsquo;exploitation :<\/span><\/strong><span>\u00a0Windows 11 Famille<\/span><\/li>\n<li><strong><span>Poids :<\/span><\/strong><span>\u00a01,90 kg<\/span><\/li>\n<li><strong><span>Couleur :<\/span><\/strong><span>\u00a0\u00a0Gris Eclipse<\/span><\/li>\n<li><strong><span>R\u00e9f. :<\/span><\/strong><span>\u00a0\u00a090NR0812-M006B0<\/span><\/li>\n<\/ul>\n<\/div>\n","protected":false},"excerpt":{"rendered":"<p><span>Vous pouvez commander\u00a0\u00a0<strong>le mod\u00e8le Asus ROG Zephyrus G15 GA503RM-G15.R93060 90NR0812-M006B0\u00a0\u00a0 \u00a0 en ligne depuis notre boutique avec livraison nationale GRATUITE. Vous pouvez acheter<\/strong><\/span><br \/>\n<strong><span>le mod\u00e8le Asus ROG Zephyrus G15 GA503RM-G15.R93060 90NR0812-M006B0\u00a0 \u00a0\u00a0<\/span><\/strong><span>\u00a0\u00e0 Bakou au Delta Store en esp\u00e8ces et par virement. Vous pouvez utiliser<\/span><br \/>\n<strong><span>le mod\u00e8le Asus ROG Zephyrus G15 GA503RM-G15.R93060 90NR0812-M006B0\u00a0 \u00a0\u00a0<\/span><\/strong><span>\u00a0pour les t\u00e2ches n\u00e9cessitant un \u00e9quipement lourd, comme les jeux et la conception.\u00a0\u00a0Vous pouvez \u00e9galement utiliser<\/span><br \/>\n<strong><span>le mod\u00e8le Asus ROG Zephyrus G15 GA503RM-G15.R93060 90NR0812-M006B0 \u00a0\u00a0 pour le travail et l&rsquo;\u00e9cole.<\/span><\/strong><\/p>\n<div class=\"logo\"><a href=\"https:\/\/www.ldlc.com\/asus\/bint000000806\/\" rel=\"nofollow\"><img decoding=\"async\" src=\"https:\/\/media.ldlc.com\/v3\/marque\/bo\/00\/05\/62\/42\/V30005624251_2.jpg\" alt=\"ASUS\" \/><\/a><\/div>\n<div id=\"description\" class=\"description\">\n<div class=\"details-pdt-desc\">\n<h2 class=\"h2-master\">Hautes performances dans un format mince<\/h2>\n<section>Adapt\u00e9 pour le divertissement num\u00e9rique mobile, le PC portable\u00a0<strong>ASUS ROG Zephyrus G15 GA503<\/strong>\u00a0vous offre \u00e0 la fois la puissance, la mobilit\u00e9 et le confort dont vous avez besoin ! De plus, son \u00e9cran de niveau IPS avec r\u00e9solution UHD et fr\u00e9quence de 120 Hz offre un excellent confort visuel.<\/p>\n<p>L&rsquo;ordinateur portable\u00a0<strong>ASUS ROG Zephyrus G15 GA503RM-147W<\/strong>\u00a0offre de hautes performances et un fonctionnement rapide gr\u00e2ce \u00e0 son processeur\u00a0<strong>AMD Ryzen 7 6800HS<\/strong>, ses 16 Go de m\u00e9moire DDR4, son\u00a0<strong>SSD PCIe M.2 PCIe de 512 Go<\/strong>\u00a0et sa puce graphique\u00a0<strong>NVIDIA GeForce RTX 3060<\/strong>.<br \/>\n<\/section>\n<section>\n<div class=\"desc-image\"><img decoding=\"async\" src=\"https:\/\/media.ldlc.com\/bo\/images\/fiches\/pc_portables\/asus\/ga503\/801.jpg\" alt=\"\" \/><\/div>\n<div class=\"desc-text\">\n<h2>Hautes performances pour le jeu<\/h2>\n<p>Atteignez un haut niveau de performance avec le processeur AMD Ryzen 7 s\u00e9rie 6000 et la puce graphique NVIDIA GeForce RTX 3060 ! Avec en prime un superbe \u00e9cran IPS au format 16\/9, haute r\u00e9solution et fr\u00e9quence d&rsquo;affichage \u00e0 120 Hz, pr\u00e9parez-vous \u00e0 profiter d&rsquo;une image riche en d\u00e9tails et parfaitement fluide. L&rsquo;id\u00e9al pour jouer sans contraintes, m\u00eame en plein c\u0153ur d&rsquo;une bataille !<\/p>\n<\/div>\n<\/section>\n<section>\n<div class=\"desc-text\">\n<h2>Performances sonores optimis\u00e9es<\/h2>\n<p>Les six haut-parleurs dot\u00e9s de la technologie Dolby Atmos vous placent au c\u0153ur de l&rsquo;action. Les deux tweeters vous font face pour vous offrir plus de volume tandis que deux autres woofers \u00e0 suppression de r\u00e9sonance sous le repose-poignet viennent \u00e9quilibrer l&rsquo;audio tout en minimisant les r\u00e9sonances ind\u00e9sirables. Augmentez le volume pour appr\u00e9cier pleinement toute la richesse de ce son dynamique.<\/p>\n<\/div>\n<div class=\"desc-image\"><img decoding=\"async\" src=\"https:\/\/media.ldlc.com\/bo\/images\/fiches\/pc_portables\/asus\/ga503\/802.jpg\" alt=\"\" \/><\/div>\n<\/section>\n<section>\n<div class=\"desc-image\"><img decoding=\"async\" src=\"https:\/\/media.ldlc.com\/bo\/images\/fiches\/pc_portables\/asus\/ga503\/803.jpg\" alt=\"\" \/><\/div>\n<div class=\"desc-text\">\n<h2>Refroidissement performant<\/h2>\n<p>La philosophie du refroidissement intelligent ROG r\u00e9side dans son alliance entre fonctionnalit\u00e9s utiles et param\u00e8tres syst\u00e8me correctement ajust\u00e9s pour garantir la meilleure exp\u00e9rience possible au niveau du ch\u00e2ssis et des composants, quelle que soit la t\u00e2che lanc\u00e9e par l&rsquo;utilisateur. Une p\u00e2te thermique de m\u00e9tal liquide a \u00e9t\u00e9 appliqu\u00e9e sur le processeur du Zephyrus G15 afin d&rsquo;aider \u00e0 ce qu&rsquo;il garde une temp\u00e9rature optimale. Le module thermique autonettoyant du Zephyrus G15 rejette les particules de poussi\u00e8re pour am\u00e9liorer la dur\u00e9e de vie globale du syst\u00e8me. Les deux ventilateurs Arc Flow sont quant \u00e0 eux dot\u00e9s de nouvelles pales qui boostent la circulation de l&rsquo;air tout en r\u00e9duisant le niveau de bruit g\u00e9n\u00e9r\u00e9. Le logiciel ROG Armoury Crate permet de passer rapidement d&rsquo;un mode \u00e0 l&rsquo;autre pour optimiser les performances et le niveau de bruit du syst\u00e8me de refroidissement lorsque vous utilisez votre ROG Zephyrus G15.<\/p>\n<\/div>\n<\/section>\n<section>\n<h2>Caract\u00e9ristiques principales :<\/h2>\n<ul>\n<li><strong>Processeur AMD Ryzen 7 6800HS<\/strong>\u00a0(Octo-Core 3.2 GHz \/ 4.7 GHz Turbo &#8211; 16 Threads &#8211; Cache 16 Mo)<\/li>\n<li>16 Go de m\u00e9moire DDR5 4800 MHz (8 Go soud\u00e9s + 1 x 8 Go &#8211; maximum 40 Go)<\/li>\n<li>Ecran de 15.6 pouces anti-reflets avec r\u00e9solution\u00a0<strong>UHD<\/strong>\u00a0(3840 x 2160) et\u00a0<strong>fr\u00e9quence de 120 Hz<\/strong><\/li>\n<li>Dalle de niveau IPS : couleurs lumineuses et angles de vision larges<\/li>\n<li>Puce graphique\u00a0<strong>NVIDIA GeForce RTX 3060\u00a0<\/strong>avec 6 Go de m\u00e9moire GDDR6 (1425MHz Boost Clock+50MHz OC, 100W+20W Dynamic Boost)<\/li>\n<li><strong>SSD M.2 PCIe de 512 Go<\/strong>\u00a0+ slot M.2 libre pour un second SSD au format M.2 PCIe<\/li>\n<li>Connexion\u00a0r\u00e9seau\u00a0Gigabit Ethernet 2.5 Gbps + communication sans fil\u00a0<strong>Wi-Fi 6E<\/strong>\u00a0+\u00a0<strong>Bluetooth 5.2<\/strong><\/li>\n<li>Clavier \u00e0 touches r\u00e9tro\u00e9clair\u00e9es<\/li>\n<li><strong>Windows 11 Famille 64 bits<\/strong><\/li>\n<\/ul>\n<\/section>\n<\/div>\n<div class=\"emphasis\"><strong>Qu&rsquo;est ce que le DAS ou D\u00e9bit d&rsquo;Absorption Sp\u00e9cifique ?<\/strong>Le d\u00e9bit d&rsquo;absorption sp\u00e9cifique (DAS) local quantifie l&rsquo;exposition de l&rsquo;utilisateur aux ondes \u00e9lectromagn\u00e9tiques de l&rsquo;\u00e9quipement concern\u00e9. Le DAS maximal autoris\u00e9 est de 2 W\/kg pour la t\u00eate et le tronc et de 4 W\/kg pour les membres.<\/p>\n<p><em>Tous les produits vendus sur le site LDLC.com sont conformes \u00e0 cette r\u00e9glementation. Les valeurs DAS des produits concern\u00e9s sont indiqu\u00e9es au niveau des fiches produits dans la partie fiche technique.<\/em><\/p>\n<\/div>\n<\/div>\n","protected":false},"featured_media":12091,"comment_status":"open","ping_status":"closed","template":"","meta":[],"product_brand":[],"product_cat":[142],"product_tag":[],"class_list":{"0":"post-11837","1":"product","2":"type-product","3":"status-publish","4":"has-post-thumbnail","6":"product_cat-gaming-laptops","8":"first","9":"instock","10":"sale","11":"shipping-taxable","12":"purchasable","13":"product-type-simple"},"_links":{"self":[{"href":"https:\/\/gautierinformatique.com\/index.php?rest_route=\/wp\/v2\/product\/11837","targetHints":{"allow":["GET"]}}],"collection":[{"href":"https:\/\/gautierinformatique.com\/index.php?rest_route=\/wp\/v2\/product"}],"about":[{"href":"https:\/\/gautierinformatique.com\/index.php?rest_route=\/wp\/v2\/types\/product"}],"replies":[{"embeddable":true,"href":"https:\/\/gautierinformatique.com\/index.php?rest_route=%2Fwp%2Fv2%2Fcomments&post=11837"}],"version-history":[{"count":1,"href":"https:\/\/gautierinformatique.com\/index.php?rest_route=\/wp\/v2\/product\/11837\/revisions"}],"predecessor-version":[{"id":12092,"href":"https:\/\/gautierinformatique.com\/index.php?rest_route=\/wp\/v2\/product\/11837\/revisions\/12092"}],"wp:featuredmedia":[{"embeddable":true,"href":"https:\/\/gautierinformatique.com\/index.php?rest_route=\/wp\/v2\/media\/12091"}],"wp:attachment":[{"href":"https:\/\/gautierinformatique.com\/index.php?rest_route=%2Fwp%2Fv2%2Fmedia&parent=11837"}],"wp:term":[{"taxonomy":"product_brand","embeddable":true,"href":"https:\/\/gautierinformatique.com\/index.php?rest_route=%2Fwp%2Fv2%2Fproduct_brand&post=11837"},{"taxonomy":"product_cat","embeddable":true,"href":"https:\/\/gautierinformatique.com\/index.php?rest_route=%2Fwp%2Fv2%2Fproduct_cat&post=11837"},{"taxonomy":"product_tag","embeddable":true,"href":"https:\/\/gautierinformatique.com\/index.php?rest_route=%2Fwp%2Fv2%2Fproduct_tag&post=11837"}],"curies":[{"name":"wp","href":"https:\/\/api.w.org\/{rel}","templated":true}]}}