{"id":11838,"date":"2025-06-26T21:30:55","date_gmt":"2025-06-26T19:30:55","guid":{"rendered":"http:\/\/localhost\/gautierinformatique\/?post_type=product&#038;p=11838"},"modified":"2025-06-26T21:37:45","modified_gmt":"2025-06-26T19:37:45","slug":"asus-rog-zephyrus-m16-gu603zw-008w","status":"publish","type":"product","link":"https:\/\/gautierinformatique.com\/?product=asus-rog-zephyrus-m16-gu603zw-008w","title":{"rendered":"ASUS ROG Zephyrus M16 GU603ZW-008W"},"content":{"rendered":"<ul>\n<li><strong><strong class=\"lastBreadcrumb\">ASUS ROG Zephyrus M16 GU603ZW-008W<\/strong>Processeur Intel Core i9-12900H<\/strong>\u00a0(6 Performance-Cores 5 GHz Turbo + 8 Efficient-Cores 3.8 GHz Turbo &#8211; 20 Threads &#8211; Cache 24 Mo)<\/li>\n<li>32 Go de m\u00e9moire vive DDR5 (16 Go int\u00e9gr\u00e9s + 1x 16 Go &#8211; maximum 48 Go au total)<\/li>\n<li>Ecran de 16&Prime; avec r\u00e9solution\u00a0<strong>QHD+<\/strong>\u00a0(2560 x 1600 pixels)<\/li>\n<li>Dalle de niveau IPS avec fr\u00e9quence d&rsquo;affichage de\u00a0<strong>165 Hz\u00a0<\/strong>et temps de r\u00e9ponse de 3 ms<\/li>\n<li>Puce graphique\u00a0<strong>NVIDIA GeForce RTX 3070 Ti<\/strong>\u00a0avec 8 Go de m\u00e9moire d\u00e9di\u00e9e GDDR6 (1035 MHz +50 MHz OC &#8211; 100 Watts \/ 120 Watts Dynamic Boost)<\/li>\n<li>Fonctionnement ultra-rapide avec un\u00a0<strong>SSD M.2 PCIe 4.0 de 1 To<\/strong><\/li>\n<li>Connexion sans fil Wi-Fi 6E + Bluetooth 5.2<\/li>\n<li>1 connecteur HDMI 2.0b compatible 4K@60 Hz + 1 port Thunderbolt 4 + 1 port USB-C avec support du signal DisplayPort 1.4<\/li>\n<li>Clavier Gamer avec r\u00e9tro\u00e9clairage RGB<\/li>\n<li>Haut-parleurs 2x 2 Watts + subwoofer 4+ 2 Watts<\/li>\n<li>Adaptateur secteur 240 Watts<\/li>\n<li><strong>Windows 11 Famille 64 bits<\/strong><\/li>\n<\/ul>\n","protected":false},"excerpt":{"rendered":"<div class=\"logo\"><a href=\"https:\/\/www.ldlc.com\/asus\/bint000000806\/\" rel=\"nofollow\"><img decoding=\"async\" src=\"https:\/\/media.ldlc.com\/v3\/marque\/bo\/00\/05\/62\/42\/V30005624251_2.jpg\" alt=\"ASUS\" \/><\/a><\/div>\n<div id=\"description\" class=\"description\">\n<div class=\"details-pdt-desc\">\n<h2 class=\"h2-master\">Puissance et finesse sans compromis<\/h2>\n<section>Les performances du\u00a0<strong>PC portable Gamer ASUS Zephyrus M16<\/strong>\u00a0sont hautement fluides gr\u00e2ce \u00e0 ses composants performants. Voyez les choses en grand sur la dalle QHD 165 Hz\/3 ms certifi\u00e9e Pantone avec colorim\u00e9trie 100% DCI-P3 !Le PC portable ASUS ROG Zephyrus M16 GU603ZX-001W offre de hautes performances gr\u00e2ce \u00e0 son\u00a0<strong>processeur Intel Core i9-12900H<\/strong>, ses 32 Go de m\u00e9moire DDR5 et sa<strong>\u00a0puce graphique NVIDIA GeForce RTX 3070 Ti Laptop<\/strong>. De plus, gr\u00e2ce \u00e0 son\u00a0<strong>SSD M.2 PCIe 4.0 de 1 To<\/strong>, il offre un fonctionnement particuli\u00e8rement rapide.<\/section>\n<section>\n<div class=\"desc-image\"><img decoding=\"async\" src=\"https:\/\/media.ldlc.com\/bo\/images\/fiches\/pc_portables\/asus\/m16\/801.jpg\" alt=\"\" \/><\/div>\n<div class=\"desc-text\">\n<h2>Hautes performandes de jeu<\/h2>\n<p>Le Zephyrus M16 r\u00e9ussit \u00e0 allier parfaitement rapidit\u00e9, puissance et portabilit\u00e9. Son ch\u00e2ssis ultrafin abrite un processeur Intel Core de 12e g\u00e9n\u00e9ration avec une puce graphique NVIDIA GeForce RTX s\u00e9rie 3000. Avec en prime de la m\u00e9moire DDR5 cadenc\u00e9e \u00e0 4800 MHz et un SSD au format M.2 PCIe 4.0, ce PC portable Gamer vous offrira un fonctionnement fluide et rapide.<\/p>\n<\/div>\n<\/section>\n<section>\n<div class=\"desc-text\">\n<h2>Affichage immersif<\/h2>\n<p>Avec son rapport \u00e9cran\/appareil \u00e9lev\u00e9 de 94 %, l&rsquo;\u00e9cran QHD 165 Hz \/ 3 ms du Zephyrus M16 permet un divertissement particuli\u00e8rement immersif. L&rsquo;affichage des jeux avec FPS \u00e9lev\u00e9 est plus riche, pr\u00e9sentant l&rsquo;\u00e9quilibre parfait entre une r\u00e9solution \u00e9lev\u00e9e et une fr\u00e9quence de rafra\u00eechissement de 165 Hz. Gr\u00e2ce \u00e0 la colorim\u00e9trie 100 % DCI-P3 certifi\u00e9e par Pantone, les couleurs affich\u00e9es sont particuli\u00e8rement pr\u00e9cises : l&rsquo;id\u00e9al pour les joueurs et cr\u00e9ateurs de contenu. Le rapport d&rsquo;aspect 16:10 agrandit quant \u00e0 lui l&rsquo;affichage et am\u00e9liore la visibilit\u00e9 des principales commandes de contr\u00f4le.\u200b<\/p>\n<\/div>\n<div class=\"desc-image\"><img decoding=\"async\" src=\"https:\/\/media.ldlc.com\/bo\/images\/fiches\/pc_portables\/asus\/m16\/802.jpg\" alt=\"\" \/><\/div>\n<\/section>\n<section>\n<div class=\"desc-image\"><img decoding=\"async\" src=\"https:\/\/media.ldlc.com\/bo\/images\/fiches\/pc_portables\/asus\/m16\/803.jpg\" alt=\"\" \/><\/div>\n<div class=\"desc-text\">\n<h2>Refroidissement performant<\/h2>\n<p>La philosophie du refroidissement intelligent ROG r\u00e9side dans son alliance entre fonctionnalit\u00e9s utiles et param\u00e8tres syst\u00e8me correctement ajust\u00e9s pour garantir la meilleure exp\u00e9rience possible quel que soit le jeu d\u00e9marr\u00e9. Une p\u00e2te thermique de m\u00e9tal liquide a \u00e9t\u00e9 appliqu\u00e9e sur le processeur du Zephyrus M16 afin d&rsquo;aider \u00e0 ce qu&rsquo;il garde une temp\u00e9rature optimale. De plus, le module thermique autonettoyant 2.0 du Zephyrus M16 rejette les particules de poussi\u00e8re pour am\u00e9liorer la dur\u00e9e de vie globale du syst\u00e8me. Les ventilateurs Arc Flow sont quant \u00e0 eux dot\u00e9s de nouvelles pales qui boostent la circulation de l&rsquo;air tout en r\u00e9duisant le niveau de bruit g\u00e9n\u00e9r\u00e9.<\/p>\n<\/div>\n<\/section>\n<section>\n<div class=\"desc-text\">\n<h2>Excellente qualit\u00e9 audio<\/h2>\n<p>Le streaming, l&rsquo;enregistrement vid\u00e9o et le gaming sont d&rsquo;une qualit\u00e9 irr\u00e9prochable avec le syst\u00e8me audio du Zephyrus M16. \u00c9quip\u00e9s de la technologie Dolby Atmos, les haut-parleurs d&rsquo;aigus et woofers \u00e0 suppression de r\u00e9sonnance offrent un son parfaitement \u00e9quilibr\u00e9. La certification Hi-Res est quant \u00e0 elle gage de tr\u00e8s haute fid\u00e9lit\u00e9 pour l&rsquo;ensemble de vos contenus multim\u00e9dias. De plus, le microphone 3D configurable capte efficacement le son quel qu&rsquo;en soit le type, la provenance, etc., tandis que la technologie Two-Way AI Noise Cancelation clarifie le son en entr\u00e9e comme en sortie. Les woofers produisent des fr\u00e9quences basses qui cr\u00e9ent un paysage sonore plus riche et dynamique pour votre syst\u00e8me audio. Les sons \u00e0 une fr\u00e9quence si basse d\u00e9livrent typiquement des vibrations plus fortes et perceptibles. Afin de minimiser la r\u00e9sonnance dans les ch\u00e2ssis plus petits, le Zephyrus M16 d\u00e9ploie ses woofers par paire afin qu&rsquo;ils \u00e9liminent mutuellement leurs vibrations.<\/p>\n<\/div>\n<div class=\"desc-image\"><img decoding=\"async\" src=\"https:\/\/media.ldlc.com\/bo\/images\/fiches\/pc_portables\/asus\/m16\/804.jpg\" alt=\"\" \/><\/div>\n<\/section>\n<section>\n<div class=\"desc-image\"><img decoding=\"async\" src=\"https:\/\/media.ldlc.com\/bo\/images\/fiches\/pc_portables\/asus\/m16\/805.jpg\" alt=\"\" \/><\/div>\n<div class=\"desc-text\">\n<h2>Clavier Gamer optimis\u00e9 pour le jeu<\/h2>\n<p>Faites profil bas avec le clavier \u00ab\u00a0Stealth\u00a0\u00bb du Zephyrus M16, qui g\u00e9n\u00e8re moins de 30 dB. Faites des commandes complexes en une vitesse record avec la technologie N-Key Rollover, qui garantit l&rsquo;enregistrement de chacune de vos frappes et la technologie Overstroke, qui r\u00e9duit la distance d&rsquo;activation des touches pour une saisie plus facile. La navigation est \u00e9galement plus fluide et facile gr\u00e2ce au pav\u00e9 tactile 20% plus large et plus pr\u00e9cis.<\/p>\n<\/div>\n<\/section>\n<section>\n<h2>Caract\u00e9ristiques principales :<\/h2>\n<ul>\n<li><strong>Processeur Intel Core i9-12900H<\/strong>\u00a0(6 Performance-Cores 5 GHz Turbo + 8 Efficient-Cores 3.8 GHz Turbo &#8211; 20 Threads &#8211; Cache 24 Mo)<\/li>\n<li>32 Go de m\u00e9moire vive DDR5 (16 Go int\u00e9gr\u00e9s + 1x 16 Go &#8211; maximum 48 Go au total)<\/li>\n<li>Ecran de 16&Prime; avec r\u00e9solution\u00a0<strong>QHD+<\/strong>\u00a0(2560 x 1600 pixels)<\/li>\n<li>Dalle de niveau IPS avec fr\u00e9quence d&rsquo;affichage de\u00a0<strong>165 Hz\u00a0<\/strong>et temps de r\u00e9ponse de 3 ms<\/li>\n<li>Puce graphique\u00a0<strong>NVIDIA GeForce RTX 3070 Ti<\/strong>\u00a0avec 8 Go de m\u00e9moire d\u00e9di\u00e9e GDDR6 (1035 MHz +50 MHz OC &#8211; 100 Watts \/ 120 Watts Dynamic Boost)<\/li>\n<li>Fonctionnement ultra-rapide avec un\u00a0<strong>SSD M.2 PCIe 4.0 de 1 To<\/strong><\/li>\n<li>Connexion sans fil Wi-Fi 6E + Bluetooth 5.2<\/li>\n<li>1 connecteur HDMI 2.0b compatible 4K@60 Hz + 1 port Thunderbolt 4 + 1 port USB-C avec support du signal DisplayPort 1.4<\/li>\n<li>Clavier Gamer avec r\u00e9tro\u00e9clairage RGB<\/li>\n<li>Haut-parleurs 2x 2 Watts + subwoofer 4+ 2 Watts<\/li>\n<li>Adaptateur secteur 240 Watts<\/li>\n<li><strong>Windows 11 Famille 64 bits<\/strong><\/li>\n<li>Garantie constructeur 2 ans (enl\u00e8vement et retour sur site en France m\u00e9tropolitaine)<\/li>\n<\/ul>\n<\/section>\n<\/div>\n<\/div>\n","protected":false},"featured_media":12091,"comment_status":"open","ping_status":"closed","template":"","meta":[],"product_brand":[],"product_cat":[142],"product_tag":[],"class_list":{"0":"post-11838","1":"product","2":"type-product","3":"status-publish","4":"has-post-thumbnail","6":"product_cat-gaming-laptops","8":"first","9":"instock","10":"sale","11":"shipping-taxable","12":"purchasable","13":"product-type-simple"},"_links":{"self":[{"href":"https:\/\/gautierinformatique.com\/index.php?rest_route=\/wp\/v2\/product\/11838","targetHints":{"allow":["GET"]}}],"collection":[{"href":"https:\/\/gautierinformatique.com\/index.php?rest_route=\/wp\/v2\/product"}],"about":[{"href":"https:\/\/gautierinformatique.com\/index.php?rest_route=\/wp\/v2\/types\/product"}],"replies":[{"embeddable":true,"href":"https:\/\/gautierinformatique.com\/index.php?rest_route=%2Fwp%2Fv2%2Fcomments&post=11838"}],"version-history":[{"count":1,"href":"https:\/\/gautierinformatique.com\/index.php?rest_route=\/wp\/v2\/product\/11838\/revisions"}],"predecessor-version":[{"id":12095,"href":"https:\/\/gautierinformatique.com\/index.php?rest_route=\/wp\/v2\/product\/11838\/revisions\/12095"}],"wp:featuredmedia":[{"embeddable":true,"href":"https:\/\/gautierinformatique.com\/index.php?rest_route=\/wp\/v2\/media\/12091"}],"wp:attachment":[{"href":"https:\/\/gautierinformatique.com\/index.php?rest_route=%2Fwp%2Fv2%2Fmedia&parent=11838"}],"wp:term":[{"taxonomy":"product_brand","embeddable":true,"href":"https:\/\/gautierinformatique.com\/index.php?rest_route=%2Fwp%2Fv2%2Fproduct_brand&post=11838"},{"taxonomy":"product_cat","embeddable":true,"href":"https:\/\/gautierinformatique.com\/index.php?rest_route=%2Fwp%2Fv2%2Fproduct_cat&post=11838"},{"taxonomy":"product_tag","embeddable":true,"href":"https:\/\/gautierinformatique.com\/index.php?rest_route=%2Fwp%2Fv2%2Fproduct_tag&post=11838"}],"curies":[{"name":"wp","href":"https:\/\/api.w.org\/{rel}","templated":true}]}}