{"id":11893,"date":"2025-06-26T21:32:24","date_gmt":"2025-06-26T19:32:24","guid":{"rendered":"http:\/\/localhost\/gautierinformatique\/?post_type=product&#038;p=11893"},"modified":"2025-06-30T18:26:37","modified_gmt":"2025-06-30T18:26:37","slug":"acer-nitro-5-an517-52-541c-intel-core-i5-ordinateur-portable-gaming-173","status":"publish","type":"product","link":"https:\/\/gautierinformatique.com\/?product=acer-nitro-5-an517-52-541c-intel-core-i5-ordinateur-portable-gaming-173","title":{"rendered":"Acer Nitro 5 AN517-52-541C Intel Core i5 Ordinateur Portable Gaming 17,3&prime;"},"content":{"rendered":"<div class=\"xdj266r x14z9mp xat24cr x1lziwak x1vvkbs x126k92a\">\n<div dir=\"auto\"><span class=\"html-span xexx8yu xyri2b x18d9i69 x1c1uobl x1hl2dhg x16tdsg8 x1vvkbs x3nfvp2 x1j61x8r x1fcty0u xdj266r xat24cr xm2jcoa x1mpyi22 xxymvpz xlup9mm x1kky2od\"><img decoding=\"async\" class=\"xz74otr x168nmei x13lgxp2 x5pf9jr xo71vjh\" src=\"https:\/\/static.xx.fbcdn.net\/images\/emoji.php\/v9\/t2f\/1\/16\/1f3ae.png\" alt=\"\ud83c\udfae\" width=\"16\" height=\"16\" \/><\/span><span class=\"html-span xexx8yu xyri2b x18d9i69 x1c1uobl x1hl2dhg x16tdsg8 x1vvkbs x3nfvp2 x1j61x8r x1fcty0u xdj266r xat24cr xm2jcoa x1mpyi22 xxymvpz xlup9mm x1kky2od\"><img decoding=\"async\" class=\"xz74otr x168nmei x13lgxp2 x5pf9jr xo71vjh\" src=\"https:\/\/static.xx.fbcdn.net\/images\/emoji.php\/v9\/t8c\/1\/16\/1f4bb.png\" alt=\"\ud83d\udcbb\" width=\"16\" height=\"16\" \/><\/span> ALERTE PERFORMANCE CHEZ GAUTIER INFORMATIQUE !<\/div>\n<div dir=\"auto\">Le Acer Nitro 5 d\u00e9barque en mode turbo\u2026 et il n\u2019est pas venu seul ! <span class=\"html-span xexx8yu xyri2b x18d9i69 x1c1uobl x1hl2dhg x16tdsg8 x1vvkbs x3nfvp2 x1j61x8r x1fcty0u xdj266r xat24cr xm2jcoa x1mpyi22 xxymvpz xlup9mm x1kky2od\"><img decoding=\"async\" class=\"xz74otr x168nmei x13lgxp2 x5pf9jr xo71vjh\" src=\"https:\/\/static.xx.fbcdn.net\/images\/emoji.php\/v9\/t83\/1\/16\/1f60e.png\" alt=\"\ud83d\ude0e\" width=\"16\" height=\"16\" \/><\/span><\/div>\n<\/div>\n<div class=\"x14z9mp xat24cr x1lziwak x1vvkbs xtlvy1s x126k92a\">\n<div dir=\"auto\"><span class=\"html-span xexx8yu xyri2b x18d9i69 x1c1uobl x1hl2dhg x16tdsg8 x1vvkbs x3nfvp2 x1j61x8r x1fcty0u xdj266r xat24cr xm2jcoa x1mpyi22 xxymvpz xlup9mm x1kky2od\"><img loading=\"lazy\" decoding=\"async\" class=\"xz74otr x168nmei x13lgxp2 x5pf9jr xo71vjh\" src=\"https:\/\/static.xx.fbcdn.net\/images\/emoji.php\/v9\/t50\/1\/16\/1f525.png\" alt=\"\ud83d\udd25\" width=\"16\" height=\"16\" \/><\/span> Design\u00e9 pour les cr\u00e9atifs, calibr\u00e9 pour les gamers, valid\u00e9 par les pros.<\/div>\n<div dir=\"auto\"><span class=\"html-span xexx8yu xyri2b x18d9i69 x1c1uobl x1hl2dhg x16tdsg8 x1vvkbs x3nfvp2 x1j61x8r x1fcty0u xdj266r xat24cr xm2jcoa x1mpyi22 xxymvpz xlup9mm x1kky2od\"><img loading=\"lazy\" decoding=\"async\" class=\"xz74otr x168nmei x13lgxp2 x5pf9jr xo71vjh\" src=\"https:\/\/static.xx.fbcdn.net\/images\/emoji.php\/v9\/t5a\/1\/16\/1f4b0.png\" alt=\"\ud83d\udcb0\" width=\"16\" height=\"16\" \/><\/span> \u00c0 530.000 FCFA TTC, avec sac, souris et cl\u00e9 USB OFFERTS, c\u2019est un braquage technologique&#8230; 100 % l\u00e9gal.<\/div>\n<\/div>\n<div class=\"x14z9mp xat24cr x1lziwak x1vvkbs xtlvy1s x126k92a\">\n<div dir=\"auto\"><span class=\"html-span xexx8yu xyri2b x18d9i69 x1c1uobl x1hl2dhg x16tdsg8 x1vvkbs x3nfvp2 x1j61x8r x1fcty0u xdj266r xat24cr xm2jcoa x1mpyi22 xxymvpz xlup9mm x1kky2od\"><img loading=\"lazy\" decoding=\"async\" class=\"xz74otr x168nmei x13lgxp2 x5pf9jr xo71vjh\" src=\"https:\/\/static.xx.fbcdn.net\/images\/emoji.php\/v9\/t7c\/1\/16\/1f9e0.png\" alt=\"\ud83e\udde0\" width=\"16\" height=\"16\" \/><\/span> Les specs qui font trembler la concurrence :<\/div>\n<div dir=\"auto\"><span class=\"html-span xexx8yu xyri2b x18d9i69 x1c1uobl x1hl2dhg x16tdsg8 x1vvkbs x3nfvp2 x1j61x8r x1fcty0u xdj266r xat24cr xm2jcoa x1mpyi22 xxymvpz xlup9mm x1kky2od\"><img loading=\"lazy\" decoding=\"async\" class=\"xz74otr x168nmei x13lgxp2 x5pf9jr xo71vjh\" src=\"https:\/\/static.xx.fbcdn.net\/images\/emoji.php\/v9\/t72\/1\/16\/1f538.png\" alt=\"\ud83d\udd38\" width=\"16\" height=\"16\" \/><\/span> Intel Core i5 \u2013 Rapide comme l\u2019\u00e9clair<\/div>\n<div dir=\"auto\"><span class=\"html-span xexx8yu xyri2b x18d9i69 x1c1uobl x1hl2dhg x16tdsg8 x1vvkbs x3nfvp2 x1j61x8r x1fcty0u xdj266r xat24cr xm2jcoa x1mpyi22 xxymvpz xlup9mm x1kky2od\"><img loading=\"lazy\" decoding=\"async\" class=\"xz74otr x168nmei x13lgxp2 x5pf9jr xo71vjh\" src=\"https:\/\/static.xx.fbcdn.net\/images\/emoji.php\/v9\/t72\/1\/16\/1f538.png\" alt=\"\ud83d\udd38\" width=\"16\" height=\"16\" \/><\/span> RTX 3060 \u2013 La carte graphique qui voit plus loin que toi<\/div>\n<div dir=\"auto\"><span class=\"html-span xexx8yu xyri2b x18d9i69 x1c1uobl x1hl2dhg x16tdsg8 x1vvkbs x3nfvp2 x1j61x8r x1fcty0u xdj266r xat24cr xm2jcoa x1mpyi22 xxymvpz xlup9mm x1kky2od\"><img loading=\"lazy\" decoding=\"async\" class=\"xz74otr x168nmei x13lgxp2 x5pf9jr xo71vjh\" src=\"https:\/\/static.xx.fbcdn.net\/images\/emoji.php\/v9\/t72\/1\/16\/1f538.png\" alt=\"\ud83d\udd38\" width=\"16\" height=\"16\" \/><\/span> 24 Go de RAM \u2013 Plus multit\u00e2che que ta journ\u00e9e<\/div>\n<div dir=\"auto\"><span class=\"html-span xexx8yu xyri2b x18d9i69 x1c1uobl x1hl2dhg x16tdsg8 x1vvkbs x3nfvp2 x1j61x8r x1fcty0u xdj266r xat24cr xm2jcoa x1mpyi22 xxymvpz xlup9mm x1kky2od\"><img loading=\"lazy\" decoding=\"async\" class=\"xz74otr x168nmei x13lgxp2 x5pf9jr xo71vjh\" src=\"https:\/\/static.xx.fbcdn.net\/images\/emoji.php\/v9\/t72\/1\/16\/1f538.png\" alt=\"\ud83d\udd38\" width=\"16\" height=\"16\" \/><\/span> SSD 512 Go \u2013 Lance tes applis avant m\u00eame d\u2019y penser<\/div>\n<div dir=\"auto\"><span class=\"html-span xexx8yu xyri2b x18d9i69 x1c1uobl x1hl2dhg x16tdsg8 x1vvkbs x3nfvp2 x1j61x8r x1fcty0u xdj266r xat24cr xm2jcoa x1mpyi22 xxymvpz xlup9mm x1kky2od\"><img loading=\"lazy\" decoding=\"async\" class=\"xz74otr x168nmei x13lgxp2 x5pf9jr xo71vjh\" src=\"https:\/\/static.xx.fbcdn.net\/images\/emoji.php\/v9\/t72\/1\/16\/1f538.png\" alt=\"\ud83d\udd38\" width=\"16\" height=\"16\" \/><\/span> \u00c9cran 17,3\u201d FHD IPS 120 Hz \u2013 Fluide comme ton flow<\/div>\n<div dir=\"auto\"><span class=\"html-span xexx8yu xyri2b x18d9i69 x1c1uobl x1hl2dhg x16tdsg8 x1vvkbs x3nfvp2 x1j61x8r x1fcty0u xdj266r xat24cr xm2jcoa x1mpyi22 xxymvpz xlup9mm x1kky2od\"><img loading=\"lazy\" decoding=\"async\" class=\"xz74otr x168nmei x13lgxp2 x5pf9jr xo71vjh\" src=\"https:\/\/static.xx.fbcdn.net\/images\/emoji.php\/v9\/t72\/1\/16\/1f538.png\" alt=\"\ud83d\udd38\" width=\"16\" height=\"16\" \/><\/span> Clavier AZERTY <span class=\"html-span xexx8yu xyri2b x18d9i69 x1c1uobl x1hl2dhg x16tdsg8 x1vvkbs x3nfvp2 x1j61x8r x1fcty0u xdj266r xat24cr xm2jcoa x1mpyi22 xxymvpz xlup9mm x1kky2od\"><img loading=\"lazy\" decoding=\"async\" class=\"xz74otr x168nmei x13lgxp2 x5pf9jr xo71vjh\" src=\"https:\/\/static.xx.fbcdn.net\/images\/emoji.php\/v9\/t74\/1\/16\/1f1eb_1f1f7.png\" alt=\"\ud83c\uddeb\ud83c\uddf7\" width=\"16\" height=\"16\" \/><\/span> \u2013 Confort pro, frappe pr\u00e9cise<\/div>\n<\/div>\n<div class=\"x14z9mp xat24cr x1lziwak x1vvkbs xtlvy1s x126k92a\">\n<div dir=\"auto\"><span class=\"html-span xexx8yu xyri2b x18d9i69 x1c1uobl x1hl2dhg x16tdsg8 x1vvkbs x3nfvp2 x1j61x8r x1fcty0u xdj266r xat24cr xm2jcoa x1mpyi22 xxymvpz xlup9mm x1kky2od\"><img loading=\"lazy\" decoding=\"async\" class=\"xz74otr x168nmei x13lgxp2 x5pf9jr xo71vjh\" src=\"https:\/\/static.xx.fbcdn.net\/images\/emoji.php\/v9\/tb0\/1\/16\/1f3af.png\" alt=\"\ud83c\udfaf\" width=\"16\" height=\"16\" \/><\/span> Id\u00e9al pour :<\/div>\n<div dir=\"auto\"><span class=\"html-span xexx8yu xyri2b x18d9i69 x1c1uobl x1hl2dhg x16tdsg8 x1vvkbs x3nfvp2 x1j61x8r x1fcty0u xdj266r xat24cr xm2jcoa x1mpyi22 xxymvpz xlup9mm x1kky2od\"><img loading=\"lazy\" decoding=\"async\" class=\"xz74otr x168nmei x13lgxp2 x5pf9jr xo71vjh\" src=\"https:\/\/static.xx.fbcdn.net\/images\/emoji.php\/v9\/t51\/1\/16\/2714.png\" alt=\"\u2714\ufe0f\" width=\"16\" height=\"16\" \/><\/span> Architecture | Infographie | Cartographie | Montage vid\u00e9o | Audiovisuel | Gaming | Cin\u00e9ma<\/div>\n<\/div>\n<div class=\"x14z9mp xat24cr x1lziwak x1vvkbs xtlvy1s x126k92a\">\n<div dir=\"auto\"><span class=\"html-span xexx8yu xyri2b x18d9i69 x1c1uobl x1hl2dhg x16tdsg8 x1vvkbs x3nfvp2 x1j61x8r x1fcty0u xdj266r xat24cr xm2jcoa x1mpyi22 xxymvpz xlup9mm x1kky2od\"><img loading=\"lazy\" decoding=\"async\" class=\"xz74otr x168nmei x13lgxp2 x5pf9jr xo71vjh\" src=\"https:\/\/static.xx.fbcdn.net\/images\/emoji.php\/v9\/t84\/1\/16\/1f381.png\" alt=\"\ud83c\udf81\" width=\"16\" height=\"16\" \/><\/span> Inclus avec amour et strat\u00e9gie marketing :<\/div>\n<div dir=\"auto\"><span class=\"html-span xexx8yu xyri2b x18d9i69 x1c1uobl x1hl2dhg x16tdsg8 x1vvkbs x3nfvp2 x1j61x8r x1fcty0u xdj266r xat24cr xm2jcoa x1mpyi22 xxymvpz xlup9mm x1kky2od\"><img loading=\"lazy\" decoding=\"async\" class=\"xz74otr x168nmei x13lgxp2 x5pf9jr xo71vjh\" src=\"https:\/\/static.xx.fbcdn.net\/images\/emoji.php\/v9\/t33\/1\/16\/2705.png\" alt=\"\u2705\" width=\"16\" height=\"16\" \/><\/span> Neuf sous emballage<\/div>\n<div dir=\"auto\"><span class=\"html-span xexx8yu xyri2b x18d9i69 x1c1uobl x1hl2dhg x16tdsg8 x1vvkbs x3nfvp2 x1j61x8r x1fcty0u xdj266r xat24cr xm2jcoa x1mpyi22 xxymvpz xlup9mm x1kky2od\"><img loading=\"lazy\" decoding=\"async\" class=\"xz74otr x168nmei x13lgxp2 x5pf9jr xo71vjh\" src=\"https:\/\/static.xx.fbcdn.net\/images\/emoji.php\/v9\/t33\/1\/16\/2705.png\" alt=\"\u2705\" width=\"16\" height=\"16\" \/><\/span> Facture &amp; garantie<\/div>\n<div dir=\"auto\"><span class=\"html-span xexx8yu xyri2b x18d9i69 x1c1uobl x1hl2dhg x16tdsg8 x1vvkbs x3nfvp2 x1j61x8r x1fcty0u xdj266r xat24cr xm2jcoa x1mpyi22 xxymvpz xlup9mm x1kky2od\"><img loading=\"lazy\" decoding=\"async\" class=\"xz74otr x168nmei x13lgxp2 x5pf9jr xo71vjh\" src=\"https:\/\/static.xx.fbcdn.net\/images\/emoji.php\/v9\/t33\/1\/16\/2705.png\" alt=\"\u2705\" width=\"16\" height=\"16\" \/><\/span> Sac, souris, cl\u00e9 USB = cadeaux bonus parce qu&rsquo;on est g\u00e9n\u00e9reu<\/div>\n<\/div>\n","protected":false},"excerpt":{"rendered":"<ul class=\"a-unordered-list a-vertical a-spacing-mini\">\n<li class=\"a-spacing-mini\"><span class=\"a-list-item\">GAMING D&rsquo;\u00c9LITE : Dominez le jeu avec le PC portable gaming Acer Nitro 5 \u00e9quip\u00e9 du processeur Intel Core i5-10300H, de la carte graphique NVIDIA GeForce RTX 3060, 8 Go RAM DDR4 et 512 Go Intel PCIe SSD pour des performances de jeu d\u00e9cupl\u00e9es<\/span><\/li>\n<li class=\"a-spacing-mini\"><span class=\"a-list-item\">INTENSIT\u00c9 VISUELLE : Notebook gamer avec un \u00e9cran de 17,3 pouces Full HD IPS (1920 x 1080) ConfyView Dalle Mate sans reflet, pour des couleurs r\u00e9alistes et des images brillantes. La technologie BlueLightShield prot\u00e9gera vos yeux de la lumi\u00e8re bleue<\/span><\/li>\n<li class=\"a-spacing-mini\"><span class=\"a-list-item\">LIBERT\u00c9 DE JEU : Profitez d&rsquo;un jeu fluide et sans temps d\u2019arr\u00eat sur le laptop gaming Acer Nitro 5 avec un taux de rafra\u00eechissement de 120 Hz et un temps de r\u00e9ponse de 3 ms pour des images \u00e9clatantes et nettes<\/span><\/li>\n<li class=\"a-spacing-mini\"><span class=\"a-list-item\">R\u00c9GULATION DE TEMP\u00c9RATURE : Ordinateur portable gaming avec double syst\u00e8me de ventilation et 4 extracteurs d&rsquo;air, pour de meilleures performances de jeu<\/span><\/li>\n<li class=\"a-spacing-mini\"><span class=\"a-list-item\">GARDEZ LE CONTR\u00d4LE : Ce laptop gaming est \u00e9quip\u00e9 d&rsquo;un clavier RGB \u00e0 4 zones et des technologies Acer NitroSense &amp; Acer CoolBoost pour contr\u00f4ler les fonctionnalit\u00e9s essentielles du syst\u00e8me et jouer en toute fluidit\u00e9<\/span><\/li>\n<li>D\u00e9couvrez le PC portable gaming ACER Nitro 5 et dominez l&rsquo;univers gaming gr\u00e2ce \u00e0 la puissance combin\u00e9e du processeur Intel Core i5-10300H et des GPU NVIDIA GeForce RTX 3060. Le Nitro 5 vous permet de configurer votre ordinateur portable pour une vitesse maximale et un stockage massif avec deux emplacements pour les SSD M.2 PCIe \/ SATA et jusqu&rsquo;\u00e0 32 Go de RAM DDR4 3200. Les derniers processeurs Intel sont con\u00e7us pour d\u00e9passer toutes les limites visuelles tout en facilitant les d\u00e9placements. Avec une fr\u00e9quence turbo pouvant atteindre 4,5 GHz et jusqu&rsquo;\u00e0 4 c\u0153urs et 8 threads, vous b\u00e9n\u00e9ficiez de toutes les performances dont vous avez besoin et de la libert\u00e9 de jouer o\u00f9 que vous soyez. Les cartes graphiques RTX de NVIDIA sont \u00e9quip\u00e9es des c\u0153urs Ray Tracing et Tensor et de multiprocesseurs de streaming pour d\u00e9passer toutes les limites de performances.<br \/>\nExplorez les jeux plus en d\u00e9tail gr\u00e2ce aux visuels pr\u00e9cis de l&rsquo;\u00e9cran Full HD IPS ComfyView Dalle Mate avec des bordures fines et un excellent ratio ch\u00e2ssis\/\u00e9cran pour une exp\u00e9rience visuelle intense.<br \/>\nLorsque l&rsquo;utilisation intensive n\u00e9cessite un boost suppl\u00e9mentaire, comptez sur les deux ventilateurs d\u00e9di\u00e9s, la technologie de refroidissement Acer CoolBoost et ses 4 grilles d&rsquo;a\u00e9ration. CoolBoost augmente la vitesse des ventilateurs de 10% et le refroidissement du CPU\/GPU de 9% par rapport au mode automatique. Surveillez et g\u00e9rez votre syst\u00e8me en temps r\u00e9el gr\u00e2ce \u00e0 l&rsquo;application NitroSense, qui permet de contr\u00f4ler les temp\u00e9ratures, ainsi que la vitesse des ventilateurs.<br \/>\nPrenez l&rsquo;avantage sur vos adversaires et profitez d&rsquo;une exp\u00e9rience plus immersive gr\u00e2ce \u00e0 un son de meilleure qualit\u00e9 offert par deux haut-parleurs de 2 W. Gr\u00e2ce \u00e0 la technologie DTS:X Ultra, les sons sont clairs et peuvent \u00eatre diffus\u00e9s dans un paysage sonore spatial en 3D, ce qui vous permet d&rsquo;entendre d&rsquo;o\u00f9 viennent vos adversaires avec une pr\u00e9cision extr\u00eame.<br \/>\nPassez au niveau sup\u00e9rieur avec le portable Acer Nitro 5.<\/li>\n<\/ul>\n","protected":false},"featured_media":12142,"comment_status":"open","ping_status":"closed","template":"","meta":[],"product_brand":[],"product_cat":[142],"product_tag":[],"class_list":{"0":"post-11893","1":"product","2":"type-product","3":"status-publish","4":"has-post-thumbnail","6":"product_cat-gaming-laptops","8":"first","9":"instock","10":"shipping-taxable","11":"purchasable","12":"product-type-simple"},"_links":{"self":[{"href":"https:\/\/gautierinformatique.com\/index.php?rest_route=\/wp\/v2\/product\/11893","targetHints":{"allow":["GET"]}}],"collection":[{"href":"https:\/\/gautierinformatique.com\/index.php?rest_route=\/wp\/v2\/product"}],"about":[{"href":"https:\/\/gautierinformatique.com\/index.php?rest_route=\/wp\/v2\/types\/product"}],"replies":[{"embeddable":true,"href":"https:\/\/gautierinformatique.com\/index.php?rest_route=%2Fwp%2Fv2%2Fcomments&post=11893"}],"version-history":[{"count":1,"href":"https:\/\/gautierinformatique.com\/index.php?rest_route=\/wp\/v2\/product\/11893\/revisions"}],"predecessor-version":[{"id":12143,"href":"https:\/\/gautierinformatique.com\/index.php?rest_route=\/wp\/v2\/product\/11893\/revisions\/12143"}],"wp:featuredmedia":[{"embeddable":true,"href":"https:\/\/gautierinformatique.com\/index.php?rest_route=\/wp\/v2\/media\/12142"}],"wp:attachment":[{"href":"https:\/\/gautierinformatique.com\/index.php?rest_route=%2Fwp%2Fv2%2Fmedia&parent=11893"}],"wp:term":[{"taxonomy":"product_brand","embeddable":true,"href":"https:\/\/gautierinformatique.com\/index.php?rest_route=%2Fwp%2Fv2%2Fproduct_brand&post=11893"},{"taxonomy":"product_cat","embeddable":true,"href":"https:\/\/gautierinformatique.com\/index.php?rest_route=%2Fwp%2Fv2%2Fproduct_cat&post=11893"},{"taxonomy":"product_tag","embeddable":true,"href":"https:\/\/gautierinformatique.com\/index.php?rest_route=%2Fwp%2Fv2%2Fproduct_tag&post=11893"}],"curies":[{"name":"wp","href":"https:\/\/api.w.org\/{rel}","templated":true}]}}