{"id":12034,"date":"2025-06-26T21:35:44","date_gmt":"2025-06-26T19:35:44","guid":{"rendered":"http:\/\/localhost\/gautierinformatique\/?post_type=product&#038;p=12034"},"modified":"2025-06-26T21:43:38","modified_gmt":"2025-06-26T19:43:38","slug":"apple-macbook-air-m4-15-pouces-2025-minuit-24go-512-go","status":"publish","type":"product","link":"https:\/\/gautierinformatique.com\/?product=apple-macbook-air-m4-15-pouces-2025-minuit-24go-512-go","title":{"rendered":"Apple MacBook Air M4 15 pouces (2025) Minuit 24Go\/512 Go"},"content":{"rendered":"<div class=\"sfjs-product-data\" data-product-id=\"AR202503060037\" data-product-is-clearance=\"0\" data-product-typology=\"\" data-offer-id=\"AR202503060037\" data-category-id=\"410\" data-category-route=\"listing_page_filtered\" data-category-slug=\"macbook\" data-variant-group-code=\"15948\">\n<h1 data-brand=\"Apple\" data-category=\"MacBook\" data-seller=\"Materiel.Net\" data-universe=\"PC et Ordinateur\">Apple MacBook Air M4 15 pouces (2025) Minuit 24Go\/512 Go (MC6L4FN\/A)<\/h1>\n<h2 class=\"c-product__specs\">PC portable, 15.3&Prime;, 2880 x 1864, Apple M4 10 coeurs (GPU 10 coeurs), RAM 24 Go, SSD 512 Go, Mac OS Sequoia, 1,51 kg<\/h2>\n<\/div>\n<div class=\"row align-items-center mb-3\">\n<div class=\"col-auto col-md-auto\">\n<div class=\"c-customer-review__quick-view\">\n<div class=\"o-stars\">\n<div class=\"o-star o-star--large\"><\/div>\n<div class=\"o-star o-star--large\"><\/div>\n<div class=\"o-star o-star--large\"><\/div>\n<div class=\"o-star o-star--large\"><\/div>\n<div class=\"o-star o-star--large\"><\/div>\n<\/div>\n<p><span class=\"ml-2 want-to-review link\" data-product-id=\"AR202503060037\">\u00a0Donner votre avis<\/span><\/p>\n<\/div>\n<\/div>\n<div id=\"questions-answers-quickview\" class=\"col-auto col-md\">\n<p><button class=\"question-link link showQuestionPanel\" type=\"button\" data-label-singulier=\"Question\/R\u00e9ponse\" data-label-pluriel=\"Questions\/R\u00e9ponses\" data-label-none=\"Posez votre question\" data-target=\"productContentControls\" data-init=\"productQa\"><\/button><button class=\"question-link link showQuestionPanel\" type=\"button\" data-label-singulier=\"Question\/R\u00e9ponse\" data-label-pluriel=\"Questions\/R\u00e9ponses\" data-label-none=\"Posez votre question\" data-target=\"productContentControls\" data-init=\"productQa\">\u00a0<\/button><\/p>\n<div class=\"d-inline questions-answers-label\">Posez votre question<\/div>\n<\/div>\n<\/div>\n<p class=\"mb-4 d-none d-md-block\">Le plus l\u00e9ger des MacBook revient dans sa nouvelle version 2025 avec le Apple MacBook Air 15,3 pouces (MC6L4FN\/A) en coloris Minuit ! R\u00e9alis\u00e9 dans un aluminium 100% recycl\u00e9, il int\u00e8gre la toute nouvelle puce Apple M4, 24 Go de RAM ainsi qu&rsquo;un SSD de 512 Go en plus d&rsquo;un magnifique \u00e9cran 15,3 pouces Liquid Retina.<\/p>\n<div class=\"block-marketplace\"><\/div>\n<div class=\"product-variants\">\n<div class=\"row\">\n<div class=\"col-12\">\n<p class=\"variant-group-name\" data-toggle=\"modal\" data-target=\"#modalProductVariants\">Couleur (4) :\u00a0<span class=\"font-weight-bold\">Noir<\/span><\/p>\n<\/div>\n<\/div>\n<\/div>\n","protected":false},"excerpt":{"rendered":"<p>Apple MacBook Air M4 15 pouces (2025) Minuit 24Go\/512 Go (MC6L4FN\/A) PC portable, 15.3&Prime;, 2880 x 1864, Apple M4 10<\/p>\n","protected":false},"featured_media":12280,"comment_status":"open","ping_status":"closed","template":"","meta":[],"product_brand":[],"product_cat":[153],"product_tag":[],"class_list":{"0":"post-12034","1":"product","2":"type-product","3":"status-publish","4":"has-post-thumbnail","6":"product_cat-macbook-air-apple-macbooks","8":"first","9":"instock","10":"sale","11":"shipping-taxable","12":"purchasable","13":"product-type-simple"},"_links":{"self":[{"href":"https:\/\/gautierinformatique.com\/index.php?rest_route=\/wp\/v2\/product\/12034","targetHints":{"allow":["GET"]}}],"collection":[{"href":"https:\/\/gautierinformatique.com\/index.php?rest_route=\/wp\/v2\/product"}],"about":[{"href":"https:\/\/gautierinformatique.com\/index.php?rest_route=\/wp\/v2\/types\/product"}],"replies":[{"embeddable":true,"href":"https:\/\/gautierinformatique.com\/index.php?rest_route=%2Fwp%2Fv2%2Fcomments&post=12034"}],"version-history":[{"count":1,"href":"https:\/\/gautierinformatique.com\/index.php?rest_route=\/wp\/v2\/product\/12034\/revisions"}],"predecessor-version":[{"id":12281,"href":"https:\/\/gautierinformatique.com\/index.php?rest_route=\/wp\/v2\/product\/12034\/revisions\/12281"}],"wp:featuredmedia":[{"embeddable":true,"href":"https:\/\/gautierinformatique.com\/index.php?rest_route=\/wp\/v2\/media\/12280"}],"wp:attachment":[{"href":"https:\/\/gautierinformatique.com\/index.php?rest_route=%2Fwp%2Fv2%2Fmedia&parent=12034"}],"wp:term":[{"taxonomy":"product_brand","embeddable":true,"href":"https:\/\/gautierinformatique.com\/index.php?rest_route=%2Fwp%2Fv2%2Fproduct_brand&post=12034"},{"taxonomy":"product_cat","embeddable":true,"href":"https:\/\/gautierinformatique.com\/index.php?rest_route=%2Fwp%2Fv2%2Fproduct_cat&post=12034"},{"taxonomy":"product_tag","embeddable":true,"href":"https:\/\/gautierinformatique.com\/index.php?rest_route=%2Fwp%2Fv2%2Fproduct_tag&post=12034"}],"curies":[{"name":"wp","href":"https:\/\/api.w.org\/{rel}","templated":true}]}}