{"id":12049,"date":"2025-06-26T21:36:14","date_gmt":"2025-06-26T19:36:14","guid":{"rendered":"http:\/\/localhost\/gautierinformatique\/?post_type=product&#038;p=12049"},"modified":"2025-06-26T21:44:07","modified_gmt":"2025-06-26T19:44:07","slug":"%f0%9f%94%a5dji-drone-dji-mavic-pro-casque-virtuel","status":"publish","type":"product","link":"https:\/\/gautierinformatique.com\/?product=%f0%9f%94%a5dji-drone-dji-mavic-pro-casque-virtuel","title":{"rendered":"\ud83d\udd25DJI Drone DJI Mavic Pro + Casque Virtuel"},"content":{"rendered":"<p>DJI Drone DJI Mavic Pro + Casque Virtuel<\/p>\n<p>\u2611Garanti 04 mois<br \/>\n\u2611Neuf<\/p>\n<p>\u2611Une manette<br \/>\n\u26113 Batterie<br \/>\n\u2611Avec toute les accessoires<\/p>\n<p>Avantages Drone DJI Mavic Pro<br \/>\nCouleur : Noir<br \/>\nCapture vid\u00e9o : 4K<br \/>\nContr\u00f4le du drone : T\u00e9l\u00e9commande<br \/>\nR\u00e9solution vid\u00e9o : 4K<br \/>\nCam\u00e9ra : Avec cam\u00e9ra<br \/>\nSyst\u00e8me compatible : iOS\/Android<br \/>\nNombre d&rsquo;h\u00e9lices : 4<br \/>\nPi\u00e8ces d\u00e9tach\u00e9es : Aucune<br \/>\nSyst\u00e8me d&rsquo;exploitation : iOS\/Android<br \/>\nAutonomie en vol : 27<br \/>\nRetour Vid\u00e9o : Avec retour vid\u00e9o<br \/>\nSp\u00e9cificit\u00e9 de vol du drone : Mode follow me<br \/>\nMod\u00e8le du\u00a0drone\u00a0:\u00a0Mavic<\/p>\n","protected":false},"excerpt":{"rendered":"<p>DJI Drone DJI Mavic Pro + Casque Virtuel \u2611Garanti 04 mois \u2611Neuf \u2611Une manette \u26113 Batterie \u2611Avec toute les accessoires<\/p>\n","protected":false},"featured_media":12293,"comment_status":"open","ping_status":"closed","template":"","meta":[],"product_brand":[],"product_cat":[175],"product_tag":[],"class_list":{"0":"post-12049","1":"product","2":"type-product","3":"status-publish","4":"has-post-thumbnail","6":"product_cat-drone","8":"first","9":"instock","10":"sale","11":"shipping-taxable","12":"purchasable","13":"product-type-simple"},"_links":{"self":[{"href":"https:\/\/gautierinformatique.com\/index.php?rest_route=\/wp\/v2\/product\/12049","targetHints":{"allow":["GET"]}}],"collection":[{"href":"https:\/\/gautierinformatique.com\/index.php?rest_route=\/wp\/v2\/product"}],"about":[{"href":"https:\/\/gautierinformatique.com\/index.php?rest_route=\/wp\/v2\/types\/product"}],"replies":[{"embeddable":true,"href":"https:\/\/gautierinformatique.com\/index.php?rest_route=%2Fwp%2Fv2%2Fcomments&post=12049"}],"version-history":[{"count":1,"href":"https:\/\/gautierinformatique.com\/index.php?rest_route=\/wp\/v2\/product\/12049\/revisions"}],"predecessor-version":[{"id":12294,"href":"https:\/\/gautierinformatique.com\/index.php?rest_route=\/wp\/v2\/product\/12049\/revisions\/12294"}],"wp:featuredmedia":[{"embeddable":true,"href":"https:\/\/gautierinformatique.com\/index.php?rest_route=\/wp\/v2\/media\/12293"}],"wp:attachment":[{"href":"https:\/\/gautierinformatique.com\/index.php?rest_route=%2Fwp%2Fv2%2Fmedia&parent=12049"}],"wp:term":[{"taxonomy":"product_brand","embeddable":true,"href":"https:\/\/gautierinformatique.com\/index.php?rest_route=%2Fwp%2Fv2%2Fproduct_brand&post=12049"},{"taxonomy":"product_cat","embeddable":true,"href":"https:\/\/gautierinformatique.com\/index.php?rest_route=%2Fwp%2Fv2%2Fproduct_cat&post=12049"},{"taxonomy":"product_tag","embeddable":true,"href":"https:\/\/gautierinformatique.com\/index.php?rest_route=%2Fwp%2Fv2%2Fproduct_tag&post=12049"}],"curies":[{"name":"wp","href":"https:\/\/api.w.org\/{rel}","templated":true}]}}