{"id":12064,"date":"2025-06-26T21:36:43","date_gmt":"2025-06-26T19:36:43","guid":{"rendered":"http:\/\/localhost\/gautierinformatique\/?post_type=product&#038;p=12064"},"modified":"2025-06-26T21:44:40","modified_gmt":"2025-06-26T19:44:40","slug":"asus-rog-strix-scar-18-g834jy-n6035x","status":"publish","type":"product","link":"https:\/\/gautierinformatique.com\/?product=asus-rog-strix-scar-18-g834jy-n6035x","title":{"rendered":"ASUS ROG STRIX SCAR 18 G834JY-N6035X"},"content":{"rendered":"<ul>\n<li><strong>Processeur Intel i9-13980HX<\/strong>\u00a0(8 Performance-Cores 5.6 GHz Turbo + 16 Efficient-Cores 4 GHz Turbo &#8211; 32 Threads &#8211; Cache 36 Mo)<\/li>\n<li>32 Go de m\u00e9moire vive DDR5 4800 MHz (2x 16 Go &#8211; 2 slots &#8211; maximum 64 Go au total)<\/li>\n<li>\u00c9cran de niveau IPS 18&Prime; avec r\u00e9solution QHD+ (2560 x 1600 pixels) et\u00a0<strong>fr\u00e9quence de 240 Hz<\/strong><\/li>\n<li>Puce graphique\u00a0<strong>NVIDIA GeForce RTX 4090<\/strong>\u00a0avec 16 Go de m\u00e9moire d\u00e9di\u00e9e GDDR6<\/li>\n<li><strong>Switch MUX<\/strong>\u00a0int\u00e9gr\u00e9, pour passer \u00e0 un mode GPU Direct vers l&rsquo;affichage et r\u00e9duire la latence<\/li>\n<li><strong>Deux SSD M.2 4.0 PCIe de 1 To en RAID 0<\/strong><\/li>\n<li>Communication sans fil performante :\u00a0Wi-Fi 6E + Bluetooth\u00a05.2<\/li>\n<li>Clavier gaming avec touches r\u00e9tro\u00e9clair\u00e9es RGB touche par touche<\/li>\n<li>4 haut-parleurs int\u00e9gr\u00e9s avec technologie Smart Amp<\/li>\n<li><strong>Windows 11 Professionnel<\/strong><\/li>\n<\/ul>\n","protected":false},"excerpt":{"rendered":"<div class=\"logo\"><a href=\"https:\/\/www.ldlc.com\/asus\/bint000000806\/\" rel=\"nofollow\"><img decoding=\"async\" src=\"https:\/\/media.ldlc.com\/v3\/marque\/bo\/00\/05\/62\/42\/V30005624251_2.jpg\" alt=\"ASUS\" \/><\/a><\/div>\n<div id=\"description\" class=\"description\">\n<div class=\"details-pdt-desc\">\n<h2 class=\"h2-master\">Confort et hautes performances avec un \u00e9cran 18&Prime; QHD 240 Hz<\/h2>\n<section>Le\u00a0<strong>PC Portable ASUS ROG STRIX SCAR 18<\/strong>\u00a0vous permettra de travailler et de jouer dans les meilleures conditions gr\u00e2ce \u00e0 des composants ultra-performants, un \u00e9cran 240 Hz et une conception haut de gamme qui ne laisse rien au hasard. Le PC portable Gamer ASUS ROG STRIX SCAR 18 G834JY-N6035X offre de hautes performances gr\u00e2ce \u00e0 son<strong>\u00a0processeur Intel i9-13980HX<\/strong>, ses 32 Go de m\u00e9moire DDR5, son<strong>\u00a0SSD M.2 PCIe de 2 To<\/strong>\u00a0et sa\u00a0<strong>puce graphique NVIDIA GeForce RTX 4090<\/strong>.<\/section>\n<section>\n<div class=\"desc-image\"><img decoding=\"async\" src=\"https:\/\/media.ldlc.com\/bo\/images\/fiches\/pc_portables\/asus\/g834\/801.jpg\" alt=\"\" \/><\/div>\n<div class=\"desc-text\">\n<h2>Performance et confort pour les Gamers<\/h2>\n<p>Avec un \u00e9cran de 18 pouces, gagnez en confort de jeu et distinguez l&rsquo;ennemi plus clairement ! Aliment\u00e9 par un processeur Intel Core i9-13980HX de 13e Gen et un GPU pour ordinateur portable NVIDIA GeForce RTX 4090 \u00e0 la TGP maximale de 175W, le SCAR 18 g\u00e8re facilement les jeux les plus exigeants. Il est \u00e9galement \u00e9quip\u00e9 d&rsquo;un switch MUX d\u00e9di\u00e9 avec prise en charge de NVIDIA Advanced Optimus, ce qui vous permet d&rsquo;exploiter pleinement la puissance de votre GPU lorsque vous jouez.<\/p>\n<p>Prenant en charge jusqu&rsquo;\u00e0 32 Go de RAM DDR5 et jusqu&rsquo;\u00e0 4 To de stockage PCIe Gen4x4, le SCAR 18 permet de jouer, streamer et cr\u00e9er du contenu en m\u00eame temps sans transpirer. Les composants de haut niveau requi\u00e8rent de la puissance, d\u2019autant plus lorsqu&rsquo;il s\u2019agit de faire grimper les performances de votre GPU. Aliment\u00e9e par NVIDIA DLSS 3, l&rsquo;architecture Ada Lovelace ultra-efficace et les technologies Max-Q, le GPU NVIDIA GeForce RTX 4090 pour ordinateur portable se d\u00e9cha\u00eene pleinement pour atteindre une TGP maximale de 175W avec Dynamic Boost.<\/p>\n<\/div>\n<\/section>\n<section>\n<div class=\"desc-text\">\n<h2>Affichage fluide avec un \u00e9cran 240 Hz<\/h2>\n<p>Destin\u00e9 aux joueurs qui exigent les meilleurs mouvements et la meilleure clart\u00e9 d&rsquo;image, le SCAR 18 offre un incroyable \u00e9cran Nebula au taux de rafra\u00eechissement de 240 Hz, une couverture DCI-P3 de 100 % et une luminosit\u00e9 stup\u00e9fiante de 500 nits pour un gameplay \u00e9poustouflant. La dalle QHD de 18 pouces au format 16:10 offre des noirs d&rsquo;une profondeur stup\u00e9fiante pour un contenu spectaculaire, qu&rsquo;il s&rsquo;agisse d&rsquo;un film ou d&rsquo;un jeu de tir en ar\u00e8ne.<\/p>\n<\/div>\n<div class=\"desc-image\"><img decoding=\"async\" src=\"https:\/\/media.ldlc.com\/bo\/images\/fiches\/pc_portables\/asus\/g834\/802.jpg\" alt=\"\" \/><\/div>\n<\/section>\n<section>\n<div class=\"desc-image\"><img decoding=\"async\" src=\"https:\/\/media.ldlc.com\/bo\/images\/fiches\/pc_portables\/asus\/g834\/803.jpg\" alt=\"\" \/><\/div>\n<div class=\"desc-text\">\n<h2>Refroidissement performant<\/h2>\n<p>Pour accueillir des composants aussi puissants, le ch\u00e2ssis et la carte m\u00e8re du Strix SCAR 18 ont \u00e9t\u00e9 pens\u00e9s pour accueillir un dissipateur thermique pleine largeur, tandis que les ailettes en cuivre ont \u00e9t\u00e9 rapproch\u00e9es des \u00e9vents d&rsquo;\u00e9chappement pour un refroidissement plus efficace. Ce dissipateur unique est compos\u00e9 de trois sections diff\u00e9rentes, entourant la carte m\u00e8re d&rsquo;ailettes tr\u00e8s denses pour une surface totale de 195 509 mm\u00b2, soit une augmentation de 82,5 % par rapport au Strix SCAR 17 de 2022. Cette conception maximise le chemin disponible pour que l&rsquo;air chaud s&rsquo;\u00e9chappe de la machine et augmente consid\u00e9rablement le refroidissement global. Enfin, le SCAR 18 a pu repousser plus loin les limites de la performance gr\u00e2ce \u00e0 l&rsquo;introduction d&rsquo;un troisi\u00e8me ventilateur qui contribue \u00e0 maintenir le GPU et la VRAM au frais. Associ\u00e9 \u00e0 sept caloducs et au m\u00e9tal liquide Conductonaut Extreme sur le CPU et le GPU, le syst\u00e8me de refroidissement du SCAR 18 est une merveille d&rsquo;ing\u00e9nierie.<\/p>\n<\/div>\n<\/section>\n<section>\n<div class=\"desc-text\">\n<h2>Qualit\u00e9 audio sup\u00e9rieure<\/h2>\n<p>Les enceintes aliment\u00e9es par Dolby Atmos comprennent deux tweeters et deux woofers orient\u00e9s vers le bas pour cr\u00e9er une sc\u00e8ne sonore authentique lorsque vous jouez. L&rsquo;audio haute r\u00e9solution vous permet d&rsquo;\u00e9couter votre musique avec la m\u00eame qualit\u00e9 que lors de son enregistrement. La fonction Two Way AI Noise Cancelation traite les signaux audio entrants et sortants pour filtrer tous les bruits de fond, afin de garantir que vos appels, vos tchats et vos flux soient transmis sans nuisance.<\/p>\n<\/div>\n<div class=\"desc-image\"><img decoding=\"async\" src=\"https:\/\/media.ldlc.com\/bo\/images\/fiches\/pc_portables\/asus\/g834\/804.jpg\" alt=\"\" \/><\/div>\n<\/section>\n<section>\n<div class=\"desc-image\"><img decoding=\"async\" src=\"https:\/\/media.ldlc.com\/bo\/images\/fiches\/pc_portables\/asus\/g834\/805.jpg\" alt=\"\" \/><\/div>\n<div class=\"desc-text\">\n<h2>Clavier eSport r\u00e9tro\u00e9clair\u00e9<\/h2>\n<p>La diff\u00e9rence entre la victoire et la d\u00e9faite peut se jouer \u00e0 une seule frappe, c&rsquo;est pourquoi le SCAR 18 est dot\u00e9 d&rsquo;un clavier professionnel de qualit\u00e9 eSport con\u00e7u pour assurer la victoire. Fabriqu\u00e9s pour durer, les switches du clavier du Strix SCAR sont pr\u00e9vus pour supporter plus de 20 millions de pressions, tandis que la fonction n-key rollover garantit que votre syst\u00e8me ne manquera jamais une commande, m\u00eame si vous appuyez sur plusieurs touches \u00e0 la fois. Le SCAR dispose d&rsquo;un grand clavier, muni de commandes multim\u00e9dias et de touches de raccourci d\u00e9di\u00e9es qui sont r\u00e9gl\u00e9es par d\u00e9faut sur le volume et les commandes Armoury Crate, mais qui peuvent \u00eatre personnalis\u00e9es pour diff\u00e9rentes fonctions ou macros. Gr\u00e2ce \u00e0 la personnalisation RGB et Aura Sync par touche, le SCAR adoptera toujours le look qui correspond \u00e0 votre humeur.<\/p>\n<\/div>\n<\/section>\n<section class=\"list\">\n<h2>Caract\u00e9ristiques principales :<\/h2>\n<ul>\n<li><strong>Processeur Intel i9-13980HX<\/strong>\u00a0(8 Performance-Cores 5.6 GHz Turbo + 16 Efficient-Cores 4 GHz Turbo &#8211; 32 Threads &#8211; Cache 36 Mo)<\/li>\n<li>32 Go de m\u00e9moire vive DDR5 4800 MHz (2x 16 Go &#8211; 2 slots &#8211; maximum 64 Go au total)<\/li>\n<li>\u00c9cran de niveau IPS 18&Prime; avec r\u00e9solution QHD+ (2560 x 1600 pixels) et\u00a0<strong>fr\u00e9quence de 240 Hz<\/strong><\/li>\n<li>Puce graphique\u00a0<strong>NVIDIA GeForce RTX 4090<\/strong>\u00a0avec 16 Go de m\u00e9moire d\u00e9di\u00e9e GDDR6<\/li>\n<li><strong>Switch MUX<\/strong>\u00a0int\u00e9gr\u00e9, pour passer \u00e0 un mode GPU Direct vers l&rsquo;affichage et r\u00e9duire la latence<\/li>\n<li><strong>Deux SSD M.2 4.0 PCIe de 1 To en RAID 0<\/strong><\/li>\n<li>Communication sans fil performante :\u00a0Wi-Fi 6E + Bluetooth\u00a05.2<\/li>\n<li>Clavier gaming avec touches r\u00e9tro\u00e9clair\u00e9es RGB touche par touche<\/li>\n<li>4 haut-parleurs int\u00e9gr\u00e9s avec technologie Smart Amp<\/li>\n<li><strong>Windows 11 Professionnel<\/strong><\/li>\n<\/ul>\n<\/section>\n<\/div>\n<\/div>\n","protected":false},"featured_media":12312,"comment_status":"open","ping_status":"closed","template":"","meta":[],"product_brand":[],"product_cat":[142],"product_tag":[],"class_list":{"0":"post-12064","1":"product","2":"type-product","3":"status-publish","4":"has-post-thumbnail","6":"product_cat-gaming-laptops","8":"first","9":"instock","10":"sale","11":"shipping-taxable","12":"purchasable","13":"product-type-simple"},"_links":{"self":[{"href":"https:\/\/gautierinformatique.com\/index.php?rest_route=\/wp\/v2\/product\/12064","targetHints":{"allow":["GET"]}}],"collection":[{"href":"https:\/\/gautierinformatique.com\/index.php?rest_route=\/wp\/v2\/product"}],"about":[{"href":"https:\/\/gautierinformatique.com\/index.php?rest_route=\/wp\/v2\/types\/product"}],"replies":[{"embeddable":true,"href":"https:\/\/gautierinformatique.com\/index.php?rest_route=%2Fwp%2Fv2%2Fcomments&post=12064"}],"version-history":[{"count":1,"href":"https:\/\/gautierinformatique.com\/index.php?rest_route=\/wp\/v2\/product\/12064\/revisions"}],"predecessor-version":[{"id":12313,"href":"https:\/\/gautierinformatique.com\/index.php?rest_route=\/wp\/v2\/product\/12064\/revisions\/12313"}],"wp:featuredmedia":[{"embeddable":true,"href":"https:\/\/gautierinformatique.com\/index.php?rest_route=\/wp\/v2\/media\/12312"}],"wp:attachment":[{"href":"https:\/\/gautierinformatique.com\/index.php?rest_route=%2Fwp%2Fv2%2Fmedia&parent=12064"}],"wp:term":[{"taxonomy":"product_brand","embeddable":true,"href":"https:\/\/gautierinformatique.com\/index.php?rest_route=%2Fwp%2Fv2%2Fproduct_brand&post=12064"},{"taxonomy":"product_cat","embeddable":true,"href":"https:\/\/gautierinformatique.com\/index.php?rest_route=%2Fwp%2Fv2%2Fproduct_cat&post=12064"},{"taxonomy":"product_tag","embeddable":true,"href":"https:\/\/gautierinformatique.com\/index.php?rest_route=%2Fwp%2Fv2%2Fproduct_tag&post=12064"}],"curies":[{"name":"wp","href":"https:\/\/api.w.org\/{rel}","templated":true}]}}