{"id":12482,"date":"2025-06-28T17:25:58","date_gmt":"2025-06-28T17:25:58","guid":{"rendered":"https:\/\/gautierinformatique.com\/?post_type=product&#038;p=12482"},"modified":"2025-06-28T17:26:34","modified_gmt":"2025-06-28T17:26:34","slug":"asus-tuf-gaming-f17-tuf707vv-hx236w","status":"publish","type":"product","link":"https:\/\/gautierinformatique.com\/?product=asus-tuf-gaming-f17-tuf707vv-hx236w","title":{"rendered":"ASUS TUF Gaming F17 TUF707VV-HX236W"},"content":{"rendered":"<p>ASUS TUF Gaming F17 TUF707VV-HX236W<\/p>\n<p>\ud83d\udd16Neuf scell\u00e9<\/p>\n<p>Processeur Intel Core i7-13620H<\/p>\n<p>32Go de m\u00e9moire DDR5 4800 MHz (2 x 16Go &#8211; 2 slots)<\/p>\n<p>\u00c9cran de 17.3 pouces avec r\u00e9solution FHD (1920 x 1080) et fr\u00e9quence de 144 Hz<br \/>\nDalle de niveau IPS : couleurs lumineuses et angles de vision larges<\/p>\n<p>Puce graphique NVIDIA GeForce RTX 4060 avec 8 Go de m\u00e9moire GDDR6 (Maximum 2370 MHz + 50MHz OC &#8211; 115W \/ 140W)<br \/>\nSwitch MUX int\u00e9gr\u00e9, pour passer \u00e0 un mode GPU Direct vers l\u2019affichage et r\u00e9duire la latence<\/p>\n<p>SSD M.2 PCIe de 1 To + 1 slot M.2 PCIe libre<\/p>\n<p>Communication sans fil Wi-Fi 6 + Bluetooth 5.2<br \/>\nClavier \u00e0 touches r\u00e9tro\u00e9clair\u00e9es RGB (une seule couleur active)<br \/>\n2 haut-parleurs avec technologie Dolby Atmos<br \/>\nSyst\u00e8me de refroidissement performant<br \/>\nWebcam HD 720p<br \/>\nWindows 11 Famille<\/p>\n","protected":false},"excerpt":{"rendered":"<div class=\"logo\"><a href=\"https:\/\/www.ldlc.com\/asus\/bint000000806\/\" rel=\"nofollow\"><img decoding=\"async\" src=\"https:\/\/media.ldlc.com\/v3\/marque\/bo\/00\/05\/62\/42\/V30005624251_2.jpg\" alt=\"ASUS\" \/><\/a><\/div>\n<div id=\"description\" class=\"description\">\n<div class=\"details-pdt-desc\">\n<h2 class=\"h2-master\">Performance et confort de jeu !<\/h2>\n<section>Le\u00a0<strong>PC portable ASUS TUF Gaming F17\u00a0<\/strong>renferme un arsenal de caract\u00e9ristiques mat\u00e9rielles et logicielles qui vous assure une excellente durabilit\u00e9 et des performances surpuissantes sur vos jeux. \u00c9quip\u00e9 d&rsquo;un puissant\u00a0<strong>processeur Intel Core i7-13620H<\/strong>, de 16 Go de m\u00e9moire DDR5, d&rsquo;un\u00a0<strong>SSD M.2 PCIe de 1 To<\/strong>\u00a0et d&rsquo;une\u00a0<strong>puce graphique NVIDIA GeForce RTX 4060<\/strong>, le PC portable ASUS TUF Gaming F17 TUF707VV-HX236W offre d&rsquo;excellentes performances et un fonctionnement rapide.<\/section>\n<section>\n<div class=\"desc-image\"><img decoding=\"async\" src=\"https:\/\/media.ldlc.com\/bo\/images\/fiches\/pc_portables\/asus\/tuf707\/801.jpg\" alt=\"\" \/><\/div>\n<div class=\"desc-text\">\n<h2>TUF : The Ultimate Force<\/h2>\n<p>Arm\u00e9 de caract\u00e9ristiques l&rsquo;aidant \u00e0 affronter toutes les situations, le TUF Gaming F17 d\u00e9livre des performances de haut vol pour le gaming, le streaming, etc. Son processeur Intel Core i7 de 13e g\u00e9n\u00e9ration vous offrira la puissance n\u00e9cessaire pour toutes vos activit\u00e9s. Combin\u00e9 \u00e0 une puce graphique d\u00e9di\u00e9e GeForce RTX 4060, il est capable de produire d&rsquo;excellentes performances sur les jeux embl\u00e9matiques du moment. En outre, le TUF Gaming F17 est muni d&rsquo;un SSD M.2 PCIe NVMe afin d&rsquo;acc\u00e9l\u00e9rer les temps de chargement de nombreux jeux et applications.<\/p>\n<\/div>\n<\/section>\n<section>\n<div class=\"desc-text\">\n<h2>Clavier Gamer r\u00e9tro\u00e9clair\u00e9<\/h2>\n<p>\u00c9quipez-vous d&rsquo;un clavier similaire \u00e0 ceux des PC de bureau gaming, afin d&rsquo;\u00eatre plus \u00e0 l&rsquo;aise lorsque vous jouez. Le r\u00e9tro\u00e9clairage multi-couleurs, avec une seule couleur active, vous permet de personnaliser son style. De plus les touches ZQSD mises en valeur vous permettent de visualiser plus rapidement vos commandes de mouvement. Par ailleurs, la technologie Overstroke acc\u00e9l\u00e8re la r\u00e9activit\u00e9 des touches \u00e0 chaque frappe tandis que le N-Key Rollover enregistre pr\u00e9cis\u00e9ment chaque frappe, m\u00eame lors des combats les plus acharn\u00e9s. Pour un meilleur confort, ce mod\u00e8le b\u00e9n\u00e9ficie d&rsquo;un TouchPad 26% plus large par rapport \u00e0 la g\u00e9n\u00e9ration pr\u00e9c\u00e9dente. Le clavier dispose aussi de 4 touches multim\u00e9dias.<\/p>\n<\/div>\n<div class=\"desc-image\"><img decoding=\"async\" src=\"https:\/\/media.ldlc.com\/bo\/images\/fiches\/pc_portables\/asus\/tuf707\/802.jpg\" alt=\"\" \/><\/div>\n<\/section>\n<section>\n<div class=\"desc-image\"><img decoding=\"async\" src=\"https:\/\/media.ldlc.com\/bo\/images\/fiches\/pc_portables\/asus\/tuf707\/803.jpg\" alt=\"\" \/><\/div>\n<div class=\"desc-text\">\n<h2>Refroidissement efficace<\/h2>\n<p>Le TUF Gaming F17 est dot\u00e9 d&rsquo;un syst\u00e8me de refroidissement complet capable de maintenir le niveau de performances du PC tout en restant efficient sur le long terme. Les caloducs et les radiateurs \u00e9loignent la chaleur des composants principaux et la dissipent rapidement m\u00eame lorsque vous faites un v\u00e9ritable marathon gaming ! Le tout b\u00e9n\u00e9ficie d&rsquo;un fonctionnement silencieux, pour minimiser la nuisance sonore.<\/p>\n<\/div>\n<\/section>\n<section class=\"list\">\n<h2>Caract\u00e9ristiques principales :<\/h2>\n<ul>\n<li><strong>Processeur Intel Core i7-13620H<\/strong><\/li>\n<li>16 Go de m\u00e9moire DDR5 4800 MHz (2 x 8 Go &#8211; 2 slots &#8211; maximum 32 Go)<\/li>\n<li>\u00c9cran de 17.3 pouces avec r\u00e9solution\u00a0<strong>FHD<\/strong>\u00a0(1920 x 1080) et<strong>\u00a0fr\u00e9quence de 144 Hz<\/strong><\/li>\n<li>Dalle de niveau IPS : couleurs lumineuses et angles de vision larges<\/li>\n<li>Puce graphique\u00a0<strong>NVIDIA GeForce RTX 4060\u00a0<\/strong>avec 8 Go de m\u00e9moire GDDR6 (Maximum 2370 MHz + 50MHz OC &#8211; 115W \/ 140W)<\/li>\n<li><strong>Switch MUX<\/strong>\u00a0int\u00e9gr\u00e9, pour passer \u00e0 un mode GPU Direct vers l&rsquo;affichage et r\u00e9duire la latence<\/li>\n<li><strong>SSD M.2 PCIe de 1 To<\/strong>\u00a0+ 1 slot M.2 PCIe libre<\/li>\n<li>Communication sans fil\u00a0<strong>Wi-Fi 6<\/strong>\u00a0+\u00a0<strong>Bluetooth 5.2<\/strong><\/li>\n<li>Clavier \u00e0 touches r\u00e9tro\u00e9clair\u00e9es RGB (une seule couleur active)<\/li>\n<li>2 haut-parleurs avec technologie Dolby Atmos<\/li>\n<li>Syst\u00e8me de refroidissement performant<\/li>\n<li>Webcam HD 720p<\/li>\n<li><strong>Windows 11 Famille<\/strong><\/li>\n<\/ul>\n<\/section>\n<\/div>\n<\/div>\n","protected":false},"featured_media":12483,"comment_status":"open","ping_status":"closed","template":"","meta":[],"product_brand":[106],"product_cat":[142],"product_tag":[],"class_list":{"0":"post-12482","1":"product","2":"type-product","3":"status-publish","4":"has-post-thumbnail","6":"product_brand-asus","7":"product_cat-gaming-laptops","9":"first","10":"instock","11":"sale","12":"shipping-taxable","13":"purchasable","14":"product-type-simple"},"_links":{"self":[{"href":"https:\/\/gautierinformatique.com\/index.php?rest_route=\/wp\/v2\/product\/12482","targetHints":{"allow":["GET"]}}],"collection":[{"href":"https:\/\/gautierinformatique.com\/index.php?rest_route=\/wp\/v2\/product"}],"about":[{"href":"https:\/\/gautierinformatique.com\/index.php?rest_route=\/wp\/v2\/types\/product"}],"replies":[{"embeddable":true,"href":"https:\/\/gautierinformatique.com\/index.php?rest_route=%2Fwp%2Fv2%2Fcomments&post=12482"}],"version-history":[{"count":2,"href":"https:\/\/gautierinformatique.com\/index.php?rest_route=\/wp\/v2\/product\/12482\/revisions"}],"predecessor-version":[{"id":12488,"href":"https:\/\/gautierinformatique.com\/index.php?rest_route=\/wp\/v2\/product\/12482\/revisions\/12488"}],"wp:featuredmedia":[{"embeddable":true,"href":"https:\/\/gautierinformatique.com\/index.php?rest_route=\/wp\/v2\/media\/12483"}],"wp:attachment":[{"href":"https:\/\/gautierinformatique.com\/index.php?rest_route=%2Fwp%2Fv2%2Fmedia&parent=12482"}],"wp:term":[{"taxonomy":"product_brand","embeddable":true,"href":"https:\/\/gautierinformatique.com\/index.php?rest_route=%2Fwp%2Fv2%2Fproduct_brand&post=12482"},{"taxonomy":"product_cat","embeddable":true,"href":"https:\/\/gautierinformatique.com\/index.php?rest_route=%2Fwp%2Fv2%2Fproduct_cat&post=12482"},{"taxonomy":"product_tag","embeddable":true,"href":"https:\/\/gautierinformatique.com\/index.php?rest_route=%2Fwp%2Fv2%2Fproduct_tag&post=12482"}],"curies":[{"name":"wp","href":"https:\/\/api.w.org\/{rel}","templated":true}]}}