{"id":12537,"date":"2025-07-01T14:48:12","date_gmt":"2025-07-01T14:48:12","guid":{"rendered":"https:\/\/gautierinformatique.com\/?post_type=product&#038;p=12537"},"modified":"2025-07-01T16:20:25","modified_gmt":"2025-07-01T16:20:25","slug":"airpod-pro-2nd-generation","status":"publish","type":"product","link":"https:\/\/gautierinformatique.com\/?product=airpod-pro-2nd-generation","title":{"rendered":"AIRPOD PRO 2ND GENERATION"},"content":{"rendered":"<div id=\"produit-nom\">AIRPOD PRO 2ND GENERATION<\/div>\n<div id=\"produit-marque\"><strong>Marque:<\/strong>\u00a0<a href=\"https:\/\/djami.ci\/marques\/apple\">Apple<\/a><\/div>\n<div id=\"produit-categorie\"><strong>Cat\u00e9gorie:<\/strong>\u00a0<a href=\"https:\/\/djami.ci\/categories\/accessoires\">Accessoires<\/a><\/div>\n<div>\n<h1 class=\"page-heading\">Ecouteur AirPods Pro 2<\/h1>\n<div class=\"row\">\n<div class=\"col-12 \">\n<div class=\"product-attributes mb-2 js-product-attributes-destination\">\n<div class=\"attribute-item product-manufacturer\"><label>Marque<\/label>\u00a0<a class=\"li-a\" href=\"https:\/\/www.negoce.ci\/brand\/21-iphone-apple\">iPhone &#8211; Apple<\/a><\/div>\n<div class=\"attribute-item product-reference\"><label>R\u00e9f\u00e9rence<\/label>\u00a0Ref74555HHNB<\/div>\n<div class=\"attribute-item product-quantities\"><label>En stock<\/label>\u00a0<span data-stock=\"2\" data-allow-oosp=\"1\">2 Produits<\/span><\/div>\n<\/div>\n<div class=\"product-availability-top mb-3 js-product-availability-destination\"><span id=\"product-availability\" class=\"js-product-availability\"><span class=\"product-availability product-available alert alert-success\"><i class=\"material-icons\">check<\/i>\u00a0Disponible<\/span><\/span><\/div>\n<div class=\"product-out-of-stock\"><\/div>\n<div id=\"product-description-short-1699\" class=\"product-description-short typo sm-bottom\">\n<p>Ecouteur sans fil\u00a0<strong>\u00a0Apple AirPods Pro 2 &#8211;\u00a0Authentique &#8211;\u00a0<\/strong><strong>Les AirPods Pro 2<\/strong>\u00a0d&rsquo;Apple sont des \u00e9couteurs qui introduisent une nouvelle puce H2 qui am\u00e9liore notamment la r\u00e9duction de bruit active. Un nouvel \u00e9tui de charge est \u00e9galement introduit &#8211; il int\u00e8gre aussi un petit haut-parleur et une g\u00e9olocalisation plus pr\u00e9cise.<\/p>\n<ul>\n<li>Apple AirPods Pro 2<\/li>\n<li>R\u00e9duction de bruit active Oui<\/li>\n<li>\u00e9couteurs intra-auriculaires<\/li>\n<li>Microphone int\u00e9gr\u00e9 Oui<\/li>\n<li>Compatible Surround Dolby Atmos<\/li>\n<li>Autonomie annonc\u00e9e 6 heures<\/li>\n<li>Compatible charge sans Fil Qi : Oui<\/li>\n<li>Android, iOS, Mac OS, Windows 11<\/li>\n<li>Assistant : Siri<\/li>\n<li>Version du Bluetooth : 5.3<\/li>\n<li>Codec Bluetooth pris en charge<\/li>\n<li>AAC, SBC<\/li>\n<li>Type de connecteur : Lightning<\/li>\n<li>Compatible Surround<\/li>\n<li>Dolby Atmos<\/li>\n<li>Poids 5.3 grammes<\/li>\n<\/ul>\n<\/div>\n<\/div>\n<\/div>\n<\/div>\n<div id=\"produit-prix\">\n<p class=\"column dd-compact-large-15\">Audio spatial personnalis\u00e9 avec suivi dynamique de la t\u00eate\u00a0\u1d3c<\/p>\n<p>&nbsp;<\/p>\n<p class=\"airpods-pro row noise\" role=\"listitem\"><img decoding=\"async\" class=\"dd-icon-noise ir\" src=\"https:\/\/store.storeimages.cdn-apple.com\/4982\/as-images.apple.com\/is\/airpods-compare-icon-noise-202209?wid=224&amp;hei=112&amp;fmt=jpeg&amp;qlt=90&amp;.v=1660804050766\" alt=\"\" width=\"112\" height=\"56\" data-scale-params-1=\"wid=112&amp;hei=56&amp;fmt=jpeg&amp;qlt=95&amp;.v=1660804050766\" data-scale-initial=\"2\" \/><\/p>\n<p class=\"column dd-compact-large-15\">Annulation active du bruit et transparence adaptative<\/p>\n<p>&nbsp;<\/p>\n<p class=\"airpods-pro row water\" role=\"listitem\"><img decoding=\"async\" class=\"dd-icon-water ir\" src=\"https:\/\/store.storeimages.cdn-apple.com\/4982\/as-images.apple.com\/is\/airpods-compare-icon-water-202209?wid=112&amp;hei=112&amp;fmt=jpeg&amp;qlt=90&amp;.v=1660804050690\" alt=\"\" width=\"56\" height=\"56\" data-scale-params-1=\"wid=56&amp;hei=56&amp;fmt=jpeg&amp;qlt=95&amp;.v=1660804050690\" data-scale-initial=\"2\" \/><\/p>\n<p class=\"column dd-compact-large-8\">AirPods et \u00e9tui de chargement r\u00e9sistants \u00e0 la sueur et \u00e0 l&rsquo;eau\u00a0\u1d3c\u1d3c<\/p>\n<p>&nbsp;<\/p>\n<p class=\"column stat\">6 heures<\/p>\n<p class=\"column dd-compact-large-10 dd-compact-small-10\">Jusqu&rsquo;\u00e0 6 heures d&rsquo;\u00e9coute avec une seule charge\u00a0\u1d3c\u1d3c\u1d3c<\/p>\n<p>&nbsp;<\/p>\n<p class=\"airpods-pro row case\" role=\"listitem\"><img decoding=\"async\" class=\"dd-icon-case ir\" src=\"https:\/\/store.storeimages.cdn-apple.com\/4982\/as-images.apple.com\/is\/airpods-compare-icon-case-airpods-pro-202209?wid=112&amp;hei=112&amp;fmt=jpeg&amp;qlt=90&amp;.v=1660804050766\" alt=\"\" width=\"56\" height=\"56\" data-scale-params-1=\"wid=56&amp;hei=56&amp;fmt=jpeg&amp;qlt=95&amp;.v=1660804050766\" data-scale-initial=\"2\" \/><\/p>\n<p class=\"column dd-compact-large-15\">Bo\u00eetier de chargement MagSafe avec haut-parleur et boucle de cordon<\/p>\n<\/div>\n","protected":false},"excerpt":{"rendered":"<p>Ecouteur sans fil Apple AirPods Pro 2<\/p>\n<p>Les AirPods Pro 2 d&rsquo;Apple sont des \u00e9couteurs officialis\u00e9s le 7 septembre 2022 qui succ\u00e8dent \u00e0 la premi\u00e8re it\u00e9ration des AirPods Pro. Ils introduisent une nouvelle puce H2 qui am\u00e9liore notamment la r\u00e9duction de bruit active. Un nouvel \u00e9tui de charge est \u00e9galement introduit par cette nouvelle version qui int\u00e8gre maintenant un petit haut-parleur et une g\u00e9olocalisation plus pr\u00e9cise.<\/p>\n<p><img loading=\"lazy\" decoding=\"async\" src=\"https:\/\/lecafedugeek.fr\/wp-content\/uploads\/2022\/08\/AirPods-Pro-2-nouveautes-Apple.png\" alt=\"AirPods Pro 2 : voici les nouveaut\u00e9s pr\u00e9vues pour cette nouvelle paire d'\u00e9couteurs Apple | LCDG\" width=\"697\" height=\"392\" \/><\/p>\n<p>Apple AirPods Pro 2<\/p>\n<p>AUDIO<\/p>\n<p>Format<\/p>\n<p>ecouteurs-sans-fil<\/p>\n<p>R\u00e9duction de bruit active Oui<\/p>\n<p>Typologie<\/p>\n<p>\u00e9couteurs intra-auriculaires<\/p>\n<p>Microphone int\u00e9gr\u00e9 Oui<\/p>\n<p>Compatible Surround<\/p>\n<p>Dolby Atmos<\/p>\n<p>BATTERIE<\/p>\n<p>Technologie de la batterie : Li-Ion<\/p>\n<p>Autonomie annonc\u00e9e 6 heures<\/p>\n<p>Recharge via bo\u00eetier : Oui<\/p>\n<p>Compatible charge sans Fil Qi : Oui<\/p>\n<p>SYST\u00c8ME D&rsquo;EXPLOITATION (OS)<\/p>\n<p>Compatibilit\u00e9 OS<\/p>\n<p>Android, iOS, Mac OS, Windows 11<\/p>\n<p>Assistant : Siri<\/p>\n<p>CONNECTIVIT\u00c9<\/p>\n<p>Version du Bluetooth : 5.3<\/p>\n<p>Codec Bluetooth pris en charge<\/p>\n<p>AAC, SBC<\/p>\n<p>Type de connecteur : Lightning<\/p>\n<p>POIDS ET DIMENSIONS<\/p>\n<p>Poids<\/p>\n<p>5.3 grammes<\/p>\n<p>Poids du bo\u00eetier<\/p>\n<p>50.8 grammes<\/p>\n<p>Largeur<\/p>\n<p>21.8 mm<\/p>\n<p>DIVERS<\/p>\n<p>Couleur<\/p>\n<p>Blanc<\/p>\n<p>Apparence<\/p>\n<p>Plastique<\/p>\n<p>Date de sortie<\/p>\n<p>23\/09\/2022<\/p>\n<p>Compatible Surround<\/p>\n<p>Dolby Atmos<\/p>\n","protected":false},"featured_media":12543,"comment_status":"open","ping_status":"closed","template":"","meta":[],"product_brand":[],"product_cat":[179],"product_tag":[],"class_list":{"0":"post-12537","1":"product","2":"type-product","3":"status-publish","4":"has-post-thumbnail","6":"product_cat-ecouteur","8":"first","9":"instock","10":"shipping-taxable","11":"purchasable","12":"product-type-simple"},"_links":{"self":[{"href":"https:\/\/gautierinformatique.com\/index.php?rest_route=\/wp\/v2\/product\/12537","targetHints":{"allow":["GET"]}}],"collection":[{"href":"https:\/\/gautierinformatique.com\/index.php?rest_route=\/wp\/v2\/product"}],"about":[{"href":"https:\/\/gautierinformatique.com\/index.php?rest_route=\/wp\/v2\/types\/product"}],"replies":[{"embeddable":true,"href":"https:\/\/gautierinformatique.com\/index.php?rest_route=%2Fwp%2Fv2%2Fcomments&post=12537"}],"version-history":[{"count":2,"href":"https:\/\/gautierinformatique.com\/index.php?rest_route=\/wp\/v2\/product\/12537\/revisions"}],"predecessor-version":[{"id":12546,"href":"https:\/\/gautierinformatique.com\/index.php?rest_route=\/wp\/v2\/product\/12537\/revisions\/12546"}],"wp:featuredmedia":[{"embeddable":true,"href":"https:\/\/gautierinformatique.com\/index.php?rest_route=\/wp\/v2\/media\/12543"}],"wp:attachment":[{"href":"https:\/\/gautierinformatique.com\/index.php?rest_route=%2Fwp%2Fv2%2Fmedia&parent=12537"}],"wp:term":[{"taxonomy":"product_brand","embeddable":true,"href":"https:\/\/gautierinformatique.com\/index.php?rest_route=%2Fwp%2Fv2%2Fproduct_brand&post=12537"},{"taxonomy":"product_cat","embeddable":true,"href":"https:\/\/gautierinformatique.com\/index.php?rest_route=%2Fwp%2Fv2%2Fproduct_cat&post=12537"},{"taxonomy":"product_tag","embeddable":true,"href":"https:\/\/gautierinformatique.com\/index.php?rest_route=%2Fwp%2Fv2%2Fproduct_tag&post=12537"}],"curies":[{"name":"wp","href":"https:\/\/api.w.org\/{rel}","templated":true}]}}