{"id":12551,"date":"2025-07-02T09:54:21","date_gmt":"2025-07-02T09:54:21","guid":{"rendered":"https:\/\/gautierinformatique.com\/?post_type=product&#038;p=12551"},"modified":"2025-07-02T09:55:24","modified_gmt":"2025-07-02T09:55:24","slug":"macbook-pro-2024-m4-pro-24gb-ram-1tb-ssd-14","status":"publish","type":"product","link":"https:\/\/gautierinformatique.com\/?product=macbook-pro-2024-m4-pro-24gb-ram-1tb-ssd-14","title":{"rendered":"MACBOOK PRO 2024 \u2013 M4 PRO | 24GB RAM | 1TB SSD | 14\u201d"},"content":{"rendered":"<p>MACBOOK PRO 2024 \u2013 M4 PRO | 24GB RAM | 1TB SSD | 14\u201d<\/p>\n<p>MacBook Pro 14?. Con\u00e7u pour Apple Intelligence. MacBook Pro 14?. Vitesse spectaculaire. \u00c9cran sublime. Pro in\u00e9gal\u00e9.MacBook Pro 14?. Faites tout ce que vous aimez. Encore plus vite.MacBook Pro 14?. Le plus avanc\u00e9 des portables Mac. Con\u00e7u pour Apple Intelligence, le MacBook Pro 14 pouces avec puces M4 Pro et M4 Max est un portable surpuissant qui vous livre des performances hallucinantes1. Avec une autonomie pouvant atteindre 22 heures2 et un \u00e9cran Liquid Retina XDR \u00e0 couper le souffle offrant jusqu\u2019\u00e0 1 600 nits de luminosit\u00e9&#8230;<\/p>\n<h1 class=\"f-productHeader__heading\" data-automation-id=\"product-title-label\">Apple MacBook Pro 14&Prime; 1 To SSD 24 Go RAM Puce M4 Pro CPU 14 C\u0153urs GPU 20 C\u0153urs Argent<\/h1>\n","protected":false},"excerpt":{"rendered":"<div class=\"f-productProperties__col\">\n<dl class=\"f-productProperties__item\">\n<dt class=\"f-productProperties__term\">Marque du processeur<\/dt>\n<dd class=\"f-productProperties__definition\" aria-label=\"Liste des Marque du processeur\">APPLE<\/dd>\n<\/dl>\n<dl class=\"f-productProperties__item\">\n<dt class=\"f-productProperties__term\">Mod\u00e8le du processeur<\/dt>\n<dd class=\"f-productProperties__definition\" aria-label=\"Liste des Mod\u00e8le du processeur\">Apple M4 PRO 14 c\u0153urs<\/dd>\n<\/dl>\n<dl class=\"f-productProperties__item\">\n<dt class=\"f-productProperties__term\">Processeur<\/dt>\n<dd class=\"f-productProperties__definition\" aria-label=\"Liste des Processeur\">Neural Engine 16\u00a0c\u0153urs<\/dd>\n<\/dl>\n<dl class=\"f-productProperties__item\">\n<dt class=\"f-productProperties__term\">Fr\u00e9quence du processeur<\/dt>\n<dd class=\"f-productProperties__definition\" aria-label=\"Liste des Fr\u00e9quence du processeur\">.<\/dd>\n<\/dl>\n<dl class=\"f-productProperties__item f-productProperties__item--long \">\n<dt class=\"f-productProperties__term\">Caract\u00e9ristiques de l&rsquo;\u00e9cran<\/dt>\n<dd class=\"f-productProperties__definition\" aria-label=\"Liste des Caract\u00e9ristiques de l'\u00e9cran\">\u00c9cran Liquid Retina XDR de 14,2 pouces (diagonale) ; XDR (Gamme dyna\u00admique extr\u00eame) : 1 000 000:1 de rapport de contraste, Luminosit\u00e9 XDR : 1 000 nits de lumi\u00adnosit\u00e9 constante en plein \u00e9cran, 1 600 nits de lumi\u00adnosit\u00e9 de pointe (contenu HDR unique\u00adment), Luminosit\u00e9 SDR : jusqu\u2019\u00e0 1 000 nits (en ext\u00e9rieur) ; Couleur : 1 milliard de couleurs, Large gamme de couleurs (P3), Technologie True Tone<\/dd>\n<\/dl>\n<dl class=\"f-productProperties__item\">\n<dt class=\"f-productProperties__term\">Taille de l&rsquo;\u00e9cran (pouces)<\/dt>\n<dd class=\"f-productProperties__definition\" aria-label=\"Liste des Taille de l'\u00e9cran (pouces)\">14 \u00ab\u00a0<\/dd>\n<\/dl>\n<dl class=\"f-productProperties__item\">\n<dt class=\"f-productProperties__term\">RAM install\u00e9e<\/dt>\n<dd class=\"f-productProperties__definition\" aria-label=\"Liste des RAM install\u00e9e\">24 Go<\/dd>\n<\/dl>\n<dl class=\"f-productProperties__item\">\n<dt class=\"f-productProperties__term\">Marque de la carte graphique<\/dt>\n<dd class=\"f-productProperties__definition\" aria-label=\"Liste des Marque de la carte graphique\">Apple<\/dd>\n<\/dl>\n<dl class=\"f-productProperties__item\">\n<dt class=\"f-productProperties__term\">Mod\u00e8le de la carte graphique<\/dt>\n<dd class=\"f-productProperties__definition\" aria-label=\"Liste des Mod\u00e8le de la carte graphique\">Apple M4 PRO 20 c\u0153urs<\/dd>\n<\/dl>\n<dl class=\"f-productProperties__item\">\n<dt class=\"f-productProperties__term\">D\u00e9tail de la carte graphique<\/dt>\n<dd class=\"f-productProperties__definition\" aria-label=\"Liste des D\u00e9tail de la carte graphique\">Apple M4 MAX 20 c\u0153urs<\/dd>\n<\/dl>\n<dl class=\"f-productProperties__item\">\n<dt class=\"f-productProperties__term\">Type m\u00e9moire vid\u00e9o<\/dt>\n<dd class=\"f-productProperties__definition\" aria-label=\"Liste des Type m\u00e9moire vid\u00e9o\">GDDR6<\/dd>\n<\/dl>\n<dl class=\"f-productProperties__item\">\n<dt class=\"f-productProperties__term\">Stockage total<\/dt>\n<dd class=\"f-productProperties__definition\" aria-label=\"Liste des Stockage total\">1 To SSD<\/dd>\n<\/dl>\n<dl class=\"f-productProperties__item\">\n<dt class=\"f-productProperties__term\">Capacit\u00e9 du disque SSD<\/dt>\n<dd class=\"f-productProperties__definition\" aria-label=\"Liste des Capacit\u00e9 du disque SSD\">1 To<\/dd>\n<\/dl>\n<dl class=\"f-productProperties__item\">\n<dt class=\"f-productProperties__term\">Type de disque dur<\/dt>\n<dd class=\"f-productProperties__definition\" aria-label=\"Liste des Type de disque dur\">SSD<\/dd>\n<\/dl>\n<dl class=\"f-productProperties__item\">\n<dt class=\"f-productProperties__term\">Ecran secondaire<\/dt>\n<dd class=\"f-productProperties__definition\" aria-label=\"Liste des Ecran secondaire\">Touch Bar<\/dd>\n<\/dl>\n<dl class=\"f-productProperties__item\">\n<dt class=\"f-productProperties__term\">R\u00e9solution maximale de la carte graphique<\/dt>\n<dd class=\"f-productProperties__definition\" aria-label=\"Liste des R\u00e9solution maximale de la carte graphique\">3024 x\u00a01964 pixels \u00e0 254 pixels par pouce<\/dd>\n<\/dl>\n<dl class=\"f-productProperties__item\">\n<dt class=\"f-productProperties__term\">Ecran tactile<\/dt>\n<dd class=\"f-productProperties__definition\" aria-label=\"Liste des Ecran tactile\">Non<\/dd>\n<\/dl>\n<dl class=\"f-productProperties__item\">\n<dt class=\"f-productProperties__term\">m\u00e9moire maximale installable<\/dt>\n<dd class=\"f-productProperties__definition\" aria-label=\"Liste des m\u00e9moire maximale installable\">1000 Go<\/dd>\n<\/dl>\n<dl class=\"f-productProperties__item\">\n<dt class=\"f-productProperties__term\">Type de m\u00e9moire vive install\u00e9e<\/dt>\n<dd class=\"f-productProperties__definition\" aria-label=\"Liste des Type de m\u00e9moire vive install\u00e9e\">LPDDR5<\/dd>\n<\/dl>\n<dl class=\"f-productProperties__item\">\n<dt class=\"f-productProperties__term\">Lecteur de cartes m\u00e9moire<\/dt>\n<dd class=\"f-productProperties__definition\" aria-label=\"Liste des Lecteur de cartes m\u00e9moire\">Oui carte SDXC<\/dd>\n<\/dl>\n<dl class=\"f-productProperties__item\">\n<dt class=\"f-productProperties__term\">Communications sans fil<\/dt>\n<dd class=\"f-productProperties__definition\" aria-label=\"Liste des Communications sans fil\">Wi-Fi<\/dd>\n<\/dl>\n<dl class=\"f-productProperties__item\">\n<dt class=\"f-productProperties__term\">Connectique<\/dt>\n<dd class=\"f-productProperties__definition\" aria-label=\"Liste des Connectique\">8 1 USB 3.2 type C<\/dd>\n<\/dl>\n<dl class=\"f-productProperties__item\">\n<dt class=\"f-productProperties__term\">Coloris<\/dt>\n<dd class=\"f-productProperties__definition\" aria-label=\"Liste des Coloris\">Argent<\/dd>\n<\/dl>\n<dl class=\"f-productProperties__item\">\n<dt class=\"f-productProperties__term\">Couleur<\/dt>\n<dd class=\"f-productProperties__definition\" aria-label=\"Liste des Couleur\">Argent<\/dd>\n<\/dl>\n<dl class=\"f-productProperties__item\">\n<dt class=\"f-productProperties__term\">Syst\u00e8me d&rsquo;exploitation<\/dt>\n<dd class=\"f-productProperties__definition\" aria-label=\"Liste des Syst\u00e8me d'exploitation\">Mac OS<\/dd>\n<\/dl>\n<dl class=\"f-productProperties__item\">\n<dt class=\"f-productProperties__term\">Autres fonctions<\/dt>\n<dd class=\"f-productProperties__definition\" aria-label=\"Liste des Autres fonctions\">Lecteur d\u00a0\u00bbempreintes digitales<\/dd>\n<\/dl>\n<dl class=\"f-productProperties__item\">\n<dt class=\"f-productProperties__term\">Gamme<\/dt>\n<dd class=\"f-productProperties__definition\" aria-label=\"Liste des Gamme\">MacBook Pro<\/dd>\n<\/dl>\n<dl class=\"f-productProperties__item\">\n<dt class=\"f-productProperties__term\">Nombre de haut-parleurs int\u00e9gr\u00e9s<\/dt>\n<dd class=\"f-productProperties__definition\" aria-label=\"Liste des Nombre de haut-parleurs int\u00e9gr\u00e9s\">6<\/dd>\n<\/dl>\n<\/div>\n<div class=\"f-productProperties__col\">\n<dl class=\"f-productProperties__item\">\n<dt class=\"f-productProperties__term\">PC Gamer<\/dt>\n<dd class=\"f-productProperties__definition\" aria-label=\"Liste des PC Gamer\">Non<\/dd>\n<\/dl>\n<dl class=\"f-productProperties__item f-productProperties__item--long \">\n<dt class=\"f-productProperties__term\">Caract\u00e9ristiques compl\u00e9mentaires<\/dt>\n<dd class=\"f-productProperties__definition\" aria-label=\"Liste des Caract\u00e9ristiques compl\u00e9mentaires\">\u00c9cran : Taux de rafra\u00eechissement : Technologie ProMotion avec taux de rafra\u00eechissement adaptatif atteignant 120 Hz, Taux de rafra\u00eechissement fixes : 47,95 Hz, 48 Hz, 50 Hz, 59,94 Hz, 60 Hz ; Auto\u00adnomie et alimentation : Jusqu\u2019\u00e0 18 heures de streaming vid\u00e9o, Jusqu\u2019\u00e0 13 heures de navigation web sans fil, Adaptateur secteur USB\u2011C 96 W, C\u00e2ble USB\u2011C vers MagSafe 3 ; Lecture vid\u00e9o : Formats pris en charge : HEVC, H.264, AV1 et ProRes, HDR avec Dolby Vision, HDR10+\/HDR10 et HLG ; Lecture audio : Formats pris en charge : AAC, MP3, Apple Lossless, FLAC, Dolby Digital, Dolby Digital Plus et Dolby Atmos ; Audio : Son st\u00e9r\u00e9o ample, Prise en charge de l\u2019Audio spatial lors de la lecture de musique ou de vid\u00e9o avec Dolby Atmos via les haut\u2011parleurs int\u00e9gr\u00e9s, Prise casque 3,5 mm avec prise en charge avanc\u00e9e des casques \u00e0 haute imp\u00e9dance<\/dd>\n<\/dl>\n<dl class=\"f-productProperties__item\">\n<dt class=\"f-productProperties__term\">Norme du clavier<\/dt>\n<dd class=\"f-productProperties__definition\" aria-label=\"Liste des Norme du clavier\">Azerty<\/dd>\n<\/dl>\n<dl class=\"f-productProperties__item\">\n<dt class=\"f-productProperties__term\">Clavier r\u00e9tro-\u00e9clair\u00e9<\/dt>\n<dd class=\"f-productProperties__definition\" aria-label=\"Liste des Clavier r\u00e9tro-\u00e9clair\u00e9\">Oui Magic Keyboard r\u00e9tro\u00e9clair\u00e9 avec Capteur de lumi\u00adnosit\u00e9 ambiante<\/dd>\n<\/dl>\n<dl class=\"f-productProperties__item\">\n<dt class=\"f-productProperties__term\">Location longue dur\u00e9e<\/dt>\n<dd class=\"f-productProperties__definition\" aria-label=\"Liste des Location longue dur\u00e9e\">Non<\/dd>\n<\/dl>\n<dl class=\"f-productProperties__item\">\n<dt class=\"f-productProperties__term\">Disponibilit\u00e9 des pi\u00e8ces d\u00e9tach\u00e9es<\/dt>\n<dd class=\"f-productProperties__definition\" aria-label=\"Liste des Disponibilit\u00e9 des pi\u00e8ces d\u00e9tach\u00e9es\">7 ANS<\/dd>\n<\/dl>\n<dl class=\"f-productProperties__item\">\n<dt class=\"f-productProperties__term\">Type de batterie<\/dt>\n<dd class=\"f-productProperties__definition\" aria-label=\"Liste des Type de batterie\">lithium\u2011polym\u00e8re de 72,4 Wh<\/dd>\n<\/dl>\n<dl class=\"f-productProperties__item\">\n<dt class=\"f-productProperties__term\">Batterie amovible<\/dt>\n<dd class=\"f-productProperties__definition\" aria-label=\"Liste des Batterie amovible\">Non<\/dd>\n<\/dl>\n<dl class=\"f-productProperties__item\">\n<dt class=\"f-productProperties__term\">Charge rapide<\/dt>\n<dd class=\"f-productProperties__definition\" aria-label=\"Liste des Charge rapide\">Oui avec l\u2019Adaptateur secteur USB\u2011C 96\u00a0W<\/dd>\n<\/dl>\n<dl class=\"f-productProperties__item\">\n<dt class=\"f-productProperties__term\">Dimensions<\/dt>\n<dd class=\"f-productProperties__definition\" aria-label=\"Liste des Dimensions\">l x H x P : 31,26 x 1,55 x 22,12 cm<\/dd>\n<\/dl>\n<dl class=\"f-productProperties__item\">\n<dt class=\"f-productProperties__term\">PC personnalis\u00e9<\/dt>\n<dd class=\"f-productProperties__definition\" aria-label=\"Liste des PC personnalis\u00e9\">Non<\/dd>\n<\/dl>\n<dl class=\"f-productProperties__item\">\n<dt class=\"f-productProperties__term\">Hauteur du produit<\/dt>\n<dd class=\"f-productProperties__definition\" aria-label=\"Liste des Hauteur du produit\">1,55 cm<\/dd>\n<\/dl>\n<dl class=\"f-productProperties__item\">\n<dt class=\"f-productProperties__term\">Largeur du produit<\/dt>\n<dd class=\"f-productProperties__definition\" aria-label=\"Liste des Largeur du produit\">31,26 cm<\/dd>\n<\/dl>\n<dl class=\"f-productProperties__item\">\n<dt class=\"f-productProperties__term\">Profondeur du produit<\/dt>\n<dd class=\"f-productProperties__definition\" aria-label=\"Liste des Profondeur du produit\">22,12 cm<\/dd>\n<\/dl>\n<dl class=\"f-productProperties__item\">\n<dt class=\"f-productProperties__term\">Poids du produit<\/dt>\n<dd class=\"f-productProperties__definition\" aria-label=\"Liste des Poids du produit\">1,62 Kg<\/dd>\n<\/dl>\n<dl class=\"f-productProperties__item\">\n<dt class=\"f-productProperties__term\">Indice de r\u00e9parabilit\u00e9<\/dt>\n<dd class=\"f-productProperties__definition\" aria-label=\"Liste des Indice de r\u00e9parabilit\u00e9\">7 \/10<\/dd>\n<\/dl>\n<dl class=\"f-productProperties__item\">\n<dt class=\"f-productProperties__term\">Largeur du produit<\/dt>\n<dd class=\"f-productProperties__definition\" aria-label=\"Liste des Largeur du produit\">7,8 cm<\/dd>\n<\/dl>\n<dl class=\"f-productProperties__item\">\n<dt class=\"f-productProperties__term\">Hauteur du produit<\/dt>\n<dd class=\"f-productProperties__definition\" aria-label=\"Liste des Hauteur du produit\">26,4 cm<\/dd>\n<\/dl>\n<dl class=\"f-productProperties__item\">\n<dt class=\"f-productProperties__term\">Poids du produit<\/dt>\n<dd class=\"f-productProperties__definition\" aria-label=\"Liste des Poids du produit\">2650 g<\/dd>\n<\/dl>\n<dl class=\"f-productProperties__item\">\n<dt class=\"f-productProperties__term\">Longueur du produit<\/dt>\n<dd class=\"f-productProperties__definition\" aria-label=\"Liste des Longueur du produit\">35,7 cm<\/dd>\n<\/dl>\n<dl class=\"f-productProperties__item\">\n<dt class=\"f-productProperties__term\">Poids<\/dt>\n<dd class=\"f-productProperties__definition\" aria-label=\"Liste des Poids\">1,60\u00a0kg<\/dd>\n<\/dl>\n<dl class=\"f-productProperties__item\">\n<dt class=\"f-productProperties__term\">Indice DAS Tronc<\/dt>\n<dd class=\"f-productProperties__definition\" aria-label=\"Liste des Indice DAS Tronc\">0.72<\/dd>\n<\/dl>\n<dl class=\"f-productProperties__item\">\n<dt class=\"f-productProperties__term\">Indice DAS membre en W\/Kg<\/dt>\n<dd class=\"f-productProperties__definition\" aria-label=\"Liste des Indice DAS membre en W\/Kg\">0.72<\/dd>\n<\/dl>\n<dl class=\"f-productProperties__item\">\n<dt class=\"f-productProperties__term\">Origine de fabrication<\/dt>\n<dd class=\"f-productProperties__definition\" aria-label=\"Liste des Origine de fabrication\">Fabriqu\u00e9 hors Europe<\/dd>\n<\/dl>\n<dl class=\"f-productProperties__item\">\n<dt class=\"f-productProperties__term\">Captation d&rsquo;identifiant<\/dt>\n<dd class=\"f-productProperties__definition\" aria-label=\"Liste des Captation d'identifiant\">Captation N\u00b0 de s\u00e9rie SE<\/dd>\n<\/dl>\n<dl class=\"f-productProperties__item\">\n<dt class=\"f-productProperties__term\">SKU<\/dt>\n<dd class=\"f-productProperties__definition\" aria-label=\"Liste des SKU\">9286807<\/dd>\n<\/dl>\n<dl class=\"f-productProperties__item\">\n<dt class=\"f-productProperties__term\">EAN<\/dt>\n<dd class=\"f-productProperties__definition\" aria-label=\"Liste des EAN\">0195949873843<\/dd>\n<\/dl>\n<dl class=\"f-productProperties__item f-productProperties__item--long \">\n<dt class=\"f-productProperties__term\">Mention L\u00e9gale<\/dt>\n<dd class=\"f-productProperties__definition\" aria-label=\"Liste des Mention L\u00e9gale\">Le d\u00e9bit d&rsquo;absorption sp\u00e9cifique (DAS) local quantifie l&rsquo;exposition de l&rsquo;utilisateur aux ondes \u00e9lectromagn\u00e9tiques de l&rsquo;\u00e9quipement concern\u00e9. Le DAS maximal autoris\u00e9 est de 2 W\/kg pour la t\u00eate et le tronc et de 4 W\/kg pour les membres.<\/dd>\n<\/dl>\n<\/div>\n","protected":false},"featured_media":12559,"comment_status":"open","ping_status":"closed","template":"","meta":[],"product_brand":[],"product_cat":[176],"product_tag":[],"class_list":{"0":"post-12551","1":"product","2":"type-product","3":"status-publish","4":"has-post-thumbnail","6":"product_cat-macbook-pro-apple-macbooks","8":"first","9":"instock","10":"shipping-taxable","11":"purchasable","12":"product-type-simple"},"_links":{"self":[{"href":"https:\/\/gautierinformatique.com\/index.php?rest_route=\/wp\/v2\/product\/12551","targetHints":{"allow":["GET"]}}],"collection":[{"href":"https:\/\/gautierinformatique.com\/index.php?rest_route=\/wp\/v2\/product"}],"about":[{"href":"https:\/\/gautierinformatique.com\/index.php?rest_route=\/wp\/v2\/types\/product"}],"replies":[{"embeddable":true,"href":"https:\/\/gautierinformatique.com\/index.php?rest_route=%2Fwp%2Fv2%2Fcomments&post=12551"}],"version-history":[{"count":1,"href":"https:\/\/gautierinformatique.com\/index.php?rest_route=\/wp\/v2\/product\/12551\/revisions"}],"predecessor-version":[{"id":12561,"href":"https:\/\/gautierinformatique.com\/index.php?rest_route=\/wp\/v2\/product\/12551\/revisions\/12561"}],"wp:featuredmedia":[{"embeddable":true,"href":"https:\/\/gautierinformatique.com\/index.php?rest_route=\/wp\/v2\/media\/12559"}],"wp:attachment":[{"href":"https:\/\/gautierinformatique.com\/index.php?rest_route=%2Fwp%2Fv2%2Fmedia&parent=12551"}],"wp:term":[{"taxonomy":"product_brand","embeddable":true,"href":"https:\/\/gautierinformatique.com\/index.php?rest_route=%2Fwp%2Fv2%2Fproduct_brand&post=12551"},{"taxonomy":"product_cat","embeddable":true,"href":"https:\/\/gautierinformatique.com\/index.php?rest_route=%2Fwp%2Fv2%2Fproduct_cat&post=12551"},{"taxonomy":"product_tag","embeddable":true,"href":"https:\/\/gautierinformatique.com\/index.php?rest_route=%2Fwp%2Fv2%2Fproduct_tag&post=12551"}],"curies":[{"name":"wp","href":"https:\/\/api.w.org\/{rel}","templated":true}]}}