{"id":12647,"date":"2025-07-03T16:46:36","date_gmt":"2025-07-03T16:46:36","guid":{"rendered":"https:\/\/gautierinformatique.com\/?post_type=product&#038;p=12647"},"modified":"2025-07-03T18:27:41","modified_gmt":"2025-07-03T18:27:41","slug":"dell-xps-17-9710-i7-32gb-1tb-2021","status":"publish","type":"product","link":"https:\/\/gautierinformatique.com\/?product=dell-xps-17-9710-i7-32gb-1tb-2021","title":{"rendered":"Dell XPS 17 9710 i7 32GB 1TB (2021)"},"content":{"rendered":"<div class=\"mfp-wrap mfp-close-btn-in mfp-auto-cursor mfp-ready\" tabindex=\"-1\">\n<div class=\"mfp-container mfp-s-ready mfp-inline-holder\">\n<div class=\"mfp-content\">\n<div id=\"isures-param\" class=\"lightbox-by-id lightbox-content lightbox-white\">\n<h3>Sp\u00e9cifications du Dell XPS 17 9710 i7 32 Go 1 To (2021)<\/h3>\n<div class=\"isures-parameter in-lightbox\">\n<table>\n<thead>\n<tr>\n<th colspan=\"2\">\n<h4><b>\u00c9cran<\/b><\/h4>\n<\/th>\n<\/tr>\n<\/thead>\n<tbody>\n<tr>\n<td>Taille<\/td>\n<td>17,3 pouces<\/td>\n<\/tr>\n<tr>\n<td>R\u00e9solution<\/td>\n<td>3840 x 2400<\/td>\n<\/tr>\n<tr>\n<td>Fr\u00e9quence de balayage<\/td>\n<td>60 Hz<\/td>\n<\/tr>\n<tr>\n<td>Technologie d&rsquo;affichage<\/td>\n<td>InfinityEdge\u00a0\u00a0antireflet<\/td>\n<\/tr>\n<tr>\n<td colspan=\"2\">\n<h4><b>Processeur<\/b><\/h4>\n<\/td>\n<\/tr>\n<tr>\n<td>Technologie CPU<\/td>\n<td>Intel\u00ae Core\u2122 i7-11800H<\/td>\n<\/tr>\n<tr>\n<td>Multiplicateur<\/td>\n<td>8<\/td>\n<\/tr>\n<tr>\n<td>Nombre de threads<\/td>\n<td>16<\/td>\n<\/tr>\n<tr>\n<td>vitesse du processeur<\/td>\n<td>2,30 GHz<\/td>\n<\/tr>\n<tr>\n<td>Vitesse maximale<\/td>\n<td>Turbo Boost 5,10 GHz<\/td>\n<\/tr>\n<tr>\n<td>Cache<\/td>\n<td>Cache intelligent Intel\u00ae de 16 Mo<\/td>\n<\/tr>\n<tr>\n<td>Graphique<\/td>\n<td>NVIDIA GeForce RTX 3060 6 Go GDDR6<\/td>\n<\/tr>\n<tr>\n<td colspan=\"2\">\n<h4><b>RAM et disque dur<\/b><\/h4>\n<\/td>\n<\/tr>\n<tr>\n<td>B\u00c9LIER<\/td>\n<td>32 Go<\/td>\n<\/tr>\n<tr>\n<td>Type de RAM<\/td>\n<td>LPDDR4<\/td>\n<\/tr>\n<tr>\n<td>Vitesse du bus RAM<\/td>\n<td>3200 MHz<\/td>\n<\/tr>\n<tr>\n<td>Prise en charge maximale de la RAM<\/td>\n<td>64 Go<\/td>\n<\/tr>\n<tr>\n<td>Disque dur<\/td>\n<td>1 To<\/td>\n<\/tr>\n<tr>\n<td colspan=\"2\">\n<h4><b>Son<\/b><\/h4>\n<\/td>\n<\/tr>\n<tr>\n<td>Technologie sonore<\/td>\n<td>4 haut-parleurs avec technologie\u00a0Waves Nx\u00a0\u00ae\u00a03D<\/td>\n<\/tr>\n<tr>\n<td colspan=\"2\">\n<h4><b>Port de connexion<\/b><\/h4>\n<\/td>\n<\/tr>\n<tr>\n<td>Port de communication<\/td>\n<td>\n<div data-zone-id=\"0\" data-line-index=\"0\" data-line=\"true\">4 x Thunderbolt 3<\/div>\n<div data-zone-id=\"0\" data-line-index=\"0\" data-line=\"true\">\n<div data-zone-id=\"0\" data-line-index=\"0\" data-line=\"true\">1 prise combin\u00e9e casque\/microphone 3,5 mm<\/div>\n<div data-zone-id=\"0\" data-line-index=\"0\" data-line=\"true\">1 x fente de verrouillage en forme de coin<\/div>\n<\/div>\n<\/td>\n<\/tr>\n<tr>\n<td>Connexion sans fil<\/td>\n<td>Intel\u00ae Killer\u2122 WiFi 6\u00a0Bluetooth\u00ae sans fil<\/td>\n<\/tr>\n<tr>\n<td>Lecteur de carte m\u00e9moire<\/td>\n<td>1 x carte SD<\/td>\n<\/tr>\n<tr>\n<td colspan=\"2\">\n<h4><b>Fonctionnalit\u00e9s \u00e9tendues<\/b><\/h4>\n<\/td>\n<\/tr>\n<tr>\n<td>Appareil photo\/Webcam<\/td>\n<td>720p, HD\u00a0(cam\u00e9ra frontale)<\/td>\n<\/tr>\n<tr>\n<td>\u00c9clairage du clavier<\/td>\n<td>Avoir<\/td>\n<\/tr>\n<tr>\n<td>Syst\u00e8me op\u00e9rateur<\/td>\n<td>Windows 11 Famille<\/td>\n<\/tr>\n<tr>\n<td>\n<h4><b>Autres informations<\/b><\/h4>\n<\/td>\n<td><\/td>\n<\/tr>\n<tr>\n<td>Taille<\/td>\n<td>Longueur : (\u00a0374,45 mm\u00a0) x Largeur : (\u00a0248,05 mm\u00a0) x Hauteur : (\u00a019,5 mm\u00a0)<\/td>\n<\/tr>\n<tr>\n<td>Masse<\/td>\n<td>2510 g<\/td>\n<\/tr>\n<tr>\n<td>Mat\u00e9riel<\/td>\n<td>Aluminium\u00a0Carbone<\/td>\n<\/tr>\n<tr>\n<td>Batterie<\/td>\n<td>97 Wh<\/td>\n<\/tr>\n<tr>\n<td>Technologie des batteries<\/td>\n<td>Lithium-ion<\/td>\n<\/tr>\n<tr>\n<td>Ann\u00e9e de sortie<\/td>\n<td>2021<\/td>\n<\/tr>\n<\/tbody>\n<\/table>\n<\/div>\n<\/div>\n<\/div>\n<\/div>\n<\/div>\n<div id=\"th-oncustomer-customchat\"><\/div>\n<p><a class=\"skip-link screen-reader-text\" href=\"https:\/\/newtechshop.vn\/dell-xps-17-9710-i7-32gb-1tb-2021?srsltid=AfmBOoooTmTVRddouyS3pl-VZtOaSa6xNt-TL6-umD2n094-WJafM75X#main\">Pas<\/a><\/p>\n<div id=\"wrapper\">\n<p>&nbsp;<\/p>\n<div class=\"shop-container\">\n<div id=\"product-68263\" class=\"product type-product post-68263 status-publish first outofstock product_cat-dell-xps-17 product_cat-dell product_cat-dell-xps product_cat-laptop product_cat-laptop-15-inch product_cat-laptop-cao-cap product_cat-laptop-do-hoa has-post-thumbnail shipping-taxable purchasable product-type-variable\">\n<div class=\"custom-product-page ux-layout-750 ux-layout-scope-global\">\n<section id=\"section_227944424\" class=\"section isures-first--section\">\n<div class=\"section-content relative\">\n<div id=\"row-1855734083\" class=\"row row-gallery\">\n<div id=\"col-1692473086\" class=\"col small-12 large-12\">\n<div class=\"col-inner\">\n<div class=\"product-title-container is-xsmall\">\n<h1 class=\"product-title product_title entry-title\">Dell XPS 17 9710 i7 32 Go 1 To (2021)<\/h1>\n<\/div>\n<\/div>\n<\/div>\n<div id=\"col-703169501\" class=\"col sticky-sidebar medium-6 small-12 large-7\">\n<div class=\"col-inner\">\n<p>&nbsp;<\/p>\n<div class=\"row row-small\">\n<div class=\"col large-10\">\n<div class=\"woocommerce-product-gallery woocommerce-product-gallery--with-images woocommerce-product-gallery--columns-4 images relative mb-half has-hover\" data-columns=\"4\">\n<div class=\"badge-container is-larger absolute left top z-1\"><\/div>\n<div class=\"image-tools absolute top show-on-hover right z-3\"><\/div>\n<div class=\"woocommerce-product-gallery__wrapper product-gallery-slider slider slider-nav-small mb-0 is-draggable flickity-enabled\" tabindex=\"0\" data-flickity-options=\"{ &quot;cellAlign&quot;: &quot;center&quot;, &quot;wrapAround&quot;: true, &quot;autoPlay&quot;: false, &quot;prevNextButtons&quot;:true, &quot;adaptiveHeight&quot;: true, &quot;imagesLoaded&quot;: true, &quot;lazyLoad&quot;: 1, &quot;dragThreshold&quot; : 15, &quot;pageDots&quot;: false, &quot;rightToLeft&quot;: false }\"><\/div>\n<\/div>\n<\/div>\n<div class=\"col large-2 large-col-first vertical-thumbnails pb-0\">\n<div class=\"product-thumbnails thumbnails slider row row-small row-slider slider-nav-small small-columns-4 is-draggable flickity-enabled\" tabindex=\"0\" data-flickity-options=\"{ &quot;cellAlign&quot;: &quot;left&quot;, &quot;wrapAround&quot;: false, &quot;autoPlay&quot;: false, &quot;prevNextButtons&quot;: false, &quot;asNavFor&quot;: &quot;.product-gallery-slider&quot;, &quot;percentPosition&quot;: true, &quot;imagesLoaded&quot;: true, &quot;pageDots&quot;: false, &quot;rightToLeft&quot;: false, &quot;contain&quot;: true }\">\n<div class=\"flickity-viewport\">\n<div class=\"flickity-slider\">\n<div class=\"col first is-nav-selected is-selected\"><\/div>\n<div class=\"col show\"><\/div>\n<div class=\"col show\"><\/div>\n<div class=\"col show\"><\/div>\n<\/div>\n<\/div>\n<\/div>\n<\/div>\n<\/div>\n<\/div>\n<\/div>\n<div id=\"col-1626656724\" class=\"col col-summary medium-6 small-12 large-5\">\n<div class=\"col-inner\">\n<div id=\"row-1765989496\" class=\"row row-collapse row-full-width align-equal\">\n<div id=\"col-1952294348\" class=\"col medium-6 small-6 large-6\">\n<div class=\"col-inner text-left\"><\/div>\n<\/div>\n<div id=\"col-86801629\" class=\"col medium-6 small-6 large-6\">\n<div class=\"col-inner text-right\"><\/div>\n<\/div>\n<\/div>\n<p>&nbsp;<\/p>\n<div class=\"product-price-container is-normal\">\n<div class=\"price-wrapper\"><\/div>\n<\/div>\n<\/div>\n<\/div>\n<\/div>\n<\/div>\n<\/section>\n<section id=\"section_781137928\" class=\"section\">\n<div class=\"section-content relative\">\n<div id=\"row-1471656416\" class=\"row\">\n<div id=\"col-669238359\" class=\"col medium-12 small-12 large-7\">\n<div class=\"col-inner\">\n<div id=\"gap-1609929232\" class=\"gap-element clearfix\"><\/div>\n<p>&nbsp;<\/p>\n<div class=\"woocommerce-tabs wc-tabs-wrapper container tabbed-content\">\n<div class=\"tab-panels\">\n<div id=\"tab-description\" class=\"woocommerce-Tabs-panel woocommerce-Tabs-panel--description panel entry-content active\" role=\"tabpanel\" aria-labelledby=\"tab-title-description\">\n<p><em><strong><a href=\"https:\/\/newtechshop.vn\/dell-xps-17-9710-i7-32gb-1tb-2021\">Le Dell XPS 9710<\/a>\u00a0est un ordinateur portable haut de gamme offrant une exp\u00e9rience optimale gr\u00e2ce \u00e0 son grand \u00e9cran, ses performances exceptionnelles et sa longue autonomie. Avec son design sophistiqu\u00e9, sa configuration puissante et ses ports de connexion r\u00e9duits mais suffisants, le XPS 17 9710 saura satisfaire les utilisateurs les plus exigeants.<\/strong><\/em><\/p>\n<h2><strong>DESIGN MODERNE ET LUXUEUX<\/strong><\/h2>\n<\/div>\n<\/div>\n<\/div>\n<\/div>\n<\/div>\n<\/div>\n<\/div>\n<\/section>\n<\/div>\n<\/div>\n<\/div>\n<p>&nbsp;<\/p>\n<\/div>\n","protected":false},"excerpt":{"rendered":"<h2>DELL XPS 15 9710 i7-11800H FHD+<\/h2>\n<div>\n<p><strong>\u00c9cran InfinityEdge red\u00e9fini :<\/strong>\u00a0\u00a0profitez d&rsquo;un placement de cam\u00e9ra sup\u00e9rieur et d&rsquo;un \u00e9cran 16:10 offrant une vue bord \u00e0 bord \u00e9poustouflante, con\u00e7u pour vous rendre plus productif.<\/p>\n<p><strong>Un affichage incomparable\u00a0:<\/strong>\u00a0\u00a0Exploitez pleinement la plage dynamique sup\u00e9rieure des contenus HDR gr\u00e2ce \u00e0 Dolby Vision\u2122, qui offre des couleurs in\u00e9dites sur les \u00e9crans PC SDR. Les contenus Dolby Vision offrent des hautes lumi\u00e8res jusqu&rsquo;\u00e0 40\u00a0fois plus lumineuses et des noirs jusqu&rsquo;\u00e0 10\u00a0fois plus profonds.<\/p>\n<p><strong>Visualisez chaque d\u00e9tail\u00a0:<\/strong>\u00a0\u00a0l&rsquo;\u00e9cran 4K Ultra HD+ (3840 x 2400) en option offre une pr\u00e9cision extr\u00eame pour tous vos besoins informatiques. Visualisez chaque pixel de vos photos sans zoomer ni afficher plus de contenu lorsque vous naviguez sur le Web.<\/p>\n<p><strong>Contraste profond\u00a0:<\/strong>\u00a0\u00a0Plongez au c\u0153ur de vos contenus, films et jeux gr\u00e2ce aux couleurs vives et r\u00e9alistes du nouvel \u00e9cran OLED 3,5K (3\u00a0456 x 2\u00a0160). Le noir parfait offre un rapport de contraste exceptionnel (100\u00a0000:1), pour un contenu vivant et des d\u00e9tails \u00e9poustouflants, notamment dans les zones sombres. La large gamme de couleurs (100\u00a0% DCI-P3) offre un rendu plus r\u00e9aliste, id\u00e9al pour la visualisation de contenu.<\/p>\n<p><strong>Des couleurs \u00e9clatantes\u00a0:<\/strong>\u00a0\u00a0\u00c9quip\u00e9 d&rsquo;une gamme de couleurs Adobe RVB \u00e0 100\u00a0% et DCI-P3 \u00e0 94\u00a0%, l&rsquo;\u00e9cran 4K UHD+ en option offre des couleurs satur\u00e9es, tandis qu&rsquo;un rapport de contraste de 1600:1 vous permet de voir les tons les plus clairs et les tons les plus sombres. Sa luminosit\u00e9 de 500\u00a0nits offre une meilleure clart\u00e9 en pleine lumi\u00e8re, comme en ext\u00e9rieur.<\/p>\n<p><strong>Un \u00e9cran doux pour les yeux\u00a0:<\/strong>\u00a0\u00a0un \u00e9cran Eyesafe\u00ae\u00a0<sup>r\u00e9duit<\/sup>\u00a0\u00a0la lumi\u00e8re bleue nocive et pr\u00e9serve l&rsquo;\u00e9clat des couleurs. C&rsquo;est le premier \u00e9cran \u00e0 g\u00e9rer intelligemment l&rsquo;\u00e9nergie lumineuse \u00e0 la source, r\u00e9duisant s\u00e9lectivement la lumi\u00e8re bleue nocive et la dispersant sur l&rsquo;ensemble du spectre lumineux.<\/p>\n<p><strong>Superbe \u00e0 l&rsquo;int\u00e9rieur comme \u00e0 l&rsquo;ext\u00e9rieur :<\/strong>\u00a0\u00a0conservez vos visuels \u00e9clatants lorsque vous travaillez \u00e0 l&rsquo;ext\u00e9rieur ou sous une lumi\u00e8re vive avec un rev\u00eatement antireflet jusqu&rsquo;\u00e0 0,65 % qui r\u00e9duit l&rsquo;\u00e9blouissement dans ces deux sc\u00e9narios afin de conserver un \u00e9cran brillant et saisissant.<\/p>\n<\/div>\n<h2>Sp\u00e9cifications du produit DELL XPS 15<\/h2>\n<ul>\n<li>Processeur Intel Core i7-11800H de 11e g\u00e9n\u00e9ration (24 Mo de cache, jusqu&rsquo;\u00e0 4,6 GHz, 8 c\u0153urs)<\/li>\n<li>8 Go de RAM DDR4-3200 MHz<\/li>\n<li>P\u00e9riph\u00e9rique de stockage SSD de 256 Go<\/li>\n<li>\u00c9cran InfinityEdge 15,6 pouces FHD+ (1920 x 1200) non tactile et antireflet 500 nits<\/li>\n<li>Webcam HD avec microphone int\u00e9gr\u00e9<\/li>\n<li>Lecteur d&#8217;empreintes digitales int\u00e9gr\u00e9<\/li>\n<li>Tueur Wi-Fi 6 AX1650 (2\u00d72)<\/li>\n<li>Bluetooth 5.1<sup><br \/>\n<\/sup><\/li>\n<li>Batterie int\u00e9gr\u00e9e \u00e0 6 cellules de 86 Wh<\/li>\n<li>Cam\u00e9ra HD 720p \u00e0 30 ips Microphones \u00e0 double matrice<\/li>\n<li>Woofer st\u00e9r\u00e9o 2,5 W x 2 et tweeter st\u00e9r\u00e9o 1,5 W x 2 = 8 W cr\u00eate totale<\/li>\n<li>Clavier r\u00e9tro\u00e9clair\u00e9 britannique<\/li>\n<li><strong>Syst\u00e8me d&rsquo;exploitation Windows 10 Famille<\/strong><\/li>\n<li><strong>Garantie de retour \u00e0 la base d&rsquo;un an<\/strong><\/li>\n<li><strong>\u00c9tat : RENOUVEL\u00c9<\/strong><\/li>\n<\/ul>\n<h3><strong>Informations compl\u00e9mentaires pour le DELL XPS 15 9710 i7-11800H FHD+ :<\/strong><\/h3>\n<div class=\"top-offset-mini col-xs-12\">\n<h2>Ports et emplacements<\/h2>\n<div>\n<p>1. USB 3.2 Gen 2 Type-C\u2122 avec DisplayPort\/Power Delivery | 2. Lecteur de carte SD pleine taille v6.0 | 3. Prise combin\u00e9e casque\/microphone 3,5 mm | 4. Emplacement de verrouillage en forme de coin | 5. 2 ports Thunderbolt\u2122 4 (USB Type-C\u2122) avec DisplayPort et Power Delivery<\/p>\n<p>Adaptateur USB-C vers USB-A v3.0 et HDMI v2.0 livr\u00e9 en standard<\/p>\n<\/div>\n<\/div>\n<h2>Dimensions et poids<\/h2>\n<p>1. Hauteur : 18,0 mm (0,71 po) | 2. Largeur : 344,72 mm (13,57 po) | 3. Profondeur : 230,14 mm (9,06 po) | Poids de d\u00e9part : 1,81 kg (3,99 lb)\u00a0<a class=\"technote microcontent\" rel=\"technotes:weights-vary\">*<\/a>\u00a0\u00a0pour non tactile avec batterie de 56 Wh ; 1,92 kg (4,22 lb)\u00a0<a class=\"technote microcontent\" rel=\"technotes:weights-vary\">*<\/a>\u00a0\u00a0pour non tactile avec batterie de 86 Wh ; 2,01 kg (4,42 lb)\u00a0<a class=\"technote microcontent\" rel=\"technotes:weights-vary\">*<\/a>\u00a0\u00a0pour 4K+ tactile avec batterie de 86 Wh ; 1,96 kg (4,31 lb)\u00a0<a class=\"technote microcontent\" rel=\"technotes:weights-vary\">*<\/a>\u00a0\u00a0pour OLED tactile avec batterie de 86 Wh<\/p>\n<div class=\"video-shortcode\">\n<div id=\"arve-youtube-kkrsi_mqk7o\" class=\"arve\" data-mode=\"normal\" data-oembed=\"1\" data-provider=\"youtube\">\n<div class=\"arve-inner\">\n<div class=\"arve-embed arve-embed--has-aspect-ratio\">\n<div class=\"perfmatters-lazy-youtube\" data-src=\"https:\/\/www.youtube-nocookie.com\/embed\/kkrsi_Mqk7o\" data-id=\"kkrsi_Mqk7o\" data-query=\"iv_load_policy=3&amp;modestbranding=1&amp;rel=0&amp;autohide=1&amp;playsinline=0&amp;autoplay=0\">\n<div><img fetchpriority=\"high\" decoding=\"async\" class=\"perfmatters-lazy entered pmloaded\" src=\"https:\/\/i.ytimg.com\/vi\/kkrsi_Mqk7o\/hqdefault.jpg\" alt=\"Vid\u00e9o YouTube\" width=\"480\" height=\"360\" data-pin-nopin=\"true\" data-src=\"https:\/\/i.ytimg.com\/vi\/kkrsi_Mqk7o\/hqdefault.jpg\" data-ll-status=\"loaded\" \/><\/div>\n<\/div>\n<\/div>\n<\/div>\n<\/div>\n<\/div>\n","protected":false},"featured_media":12648,"comment_status":"open","ping_status":"closed","template":"","meta":[],"product_brand":[108],"product_cat":[141],"product_tag":[],"class_list":{"0":"post-12647","1":"product","2":"type-product","3":"status-publish","4":"has-post-thumbnail","6":"product_brand-dell","7":"product_cat-laptops-notebooks","9":"first","10":"instock","11":"sale","12":"shipping-taxable","13":"purchasable","14":"product-type-simple"},"_links":{"self":[{"href":"https:\/\/gautierinformatique.com\/index.php?rest_route=\/wp\/v2\/product\/12647","targetHints":{"allow":["GET"]}}],"collection":[{"href":"https:\/\/gautierinformatique.com\/index.php?rest_route=\/wp\/v2\/product"}],"about":[{"href":"https:\/\/gautierinformatique.com\/index.php?rest_route=\/wp\/v2\/types\/product"}],"replies":[{"embeddable":true,"href":"https:\/\/gautierinformatique.com\/index.php?rest_route=%2Fwp%2Fv2%2Fcomments&post=12647"}],"version-history":[{"count":2,"href":"https:\/\/gautierinformatique.com\/index.php?rest_route=\/wp\/v2\/product\/12647\/revisions"}],"predecessor-version":[{"id":12656,"href":"https:\/\/gautierinformatique.com\/index.php?rest_route=\/wp\/v2\/product\/12647\/revisions\/12656"}],"wp:featuredmedia":[{"embeddable":true,"href":"https:\/\/gautierinformatique.com\/index.php?rest_route=\/wp\/v2\/media\/12648"}],"wp:attachment":[{"href":"https:\/\/gautierinformatique.com\/index.php?rest_route=%2Fwp%2Fv2%2Fmedia&parent=12647"}],"wp:term":[{"taxonomy":"product_brand","embeddable":true,"href":"https:\/\/gautierinformatique.com\/index.php?rest_route=%2Fwp%2Fv2%2Fproduct_brand&post=12647"},{"taxonomy":"product_cat","embeddable":true,"href":"https:\/\/gautierinformatique.com\/index.php?rest_route=%2Fwp%2Fv2%2Fproduct_cat&post=12647"},{"taxonomy":"product_tag","embeddable":true,"href":"https:\/\/gautierinformatique.com\/index.php?rest_route=%2Fwp%2Fv2%2Fproduct_tag&post=12647"}],"curies":[{"name":"wp","href":"https:\/\/api.w.org\/{rel}","templated":true}]}}