{"id":12822,"date":"2025-07-19T10:33:00","date_gmt":"2025-07-19T10:33:00","guid":{"rendered":"https:\/\/gautierinformatique.com\/?post_type=product&#038;p=12822"},"modified":"2025-07-19T10:36:59","modified_gmt":"2025-07-19T10:36:59","slug":"hp-proone-240-g10-i5-all-in-one-623z2et","status":"publish","type":"product","link":"https:\/\/gautierinformatique.com\/?product=hp-proone-240-g10-i5-all-in-one-623z2et","title":{"rendered":"HP ProOne 240 G10 i5 All-in-One \u2013 623Z2ET"},"content":{"rendered":"<h1 class=\"product_title entry-title wd-entities-title\">HP ProOne 240 G10 i5 All-in-One \u2013 623Z2ET<\/h1>\n<div class=\"woocommerce-product-details__short-description\">\n<p>Intel\u00ae Core\u2122 i5-1335U (jusqu\u2019\u00e0 4,6 GHz avec la technologie Intel\u00ae Turbo Boost, 12 Mo de m\u00e9moire cache L3, 10 c\u0153urs, 12 threads)<br \/>\nRAM: 8 Go de m\u00e9moire RAM DDR4-3200 MHz (1 x 8 Go)<br \/>\nDisque dur: SSD NVMe\u2122 PCIe\u00ae 512 Go<br \/>\n\u00c9cran: Full HD d\u2019une diagonale de 60,5 cm (23,8 pouces) (1920 x 1080), IPS, micro-bords sur trois c\u00f4t\u00e9s, antireflet, 250 nits, 72 % NTSC<br \/>\nCarte graphique: Intel\u00ae Iris\u00ae X\u1d49<br \/>\nClavier \u2013 Souris filaire USB<br \/>\nWindows 11 Professionnel<\/p>\n<\/div>\n","protected":false},"excerpt":{"rendered":"<h3>HP ProOne 240 G10 i5 All-in-One \u2013 623Z2ET<\/h3>\n<p><strong><img decoding=\"async\" class=\"size-thumbnail wp-image-6563 alignright\" src=\"https:\/\/dakarstock.com\/wp-content\/uploads\/2025\/01\/HP-ProOne-240-G10-1-150x150.png\" sizes=\"(max-width: 150px) 100vw, 150px\" srcset=\"https:\/\/dakarstock.com\/wp-content\/uploads\/2025\/01\/HP-ProOne-240-G10-1-150x150.png 150w, https:\/\/dakarstock.com\/wp-content\/uploads\/2025\/01\/HP-ProOne-240-G10-1-600x600.png 600w, https:\/\/dakarstock.com\/wp-content\/uploads\/2025\/01\/HP-ProOne-240-G10-1-300x300.png 300w\" alt=\"HP ProOne 240 G10\" width=\"150\" height=\"150\" \/>la HP ProOne 240 G10 i5 All-in-One \u2013 623Z2ET:<\/strong><br \/>\nDot\u00e9 de fonctionnalit\u00e9s vid\u00e9o avanc\u00e9es, l\u2019ordinateur tout-en-un HP ProOne 240 offre des performances professionnelles qui maintiendront votre productivit\u00e9, le tout dans un format compact et \u00e0 un prix abordable.<\/p>\n<p><strong><img decoding=\"async\" class=\"size-thumbnail wp-image-6563 alignleft\" src=\"https:\/\/dakarstock.com\/wp-content\/uploads\/2025\/01\/HP-ProOne-240-G10-1-150x150.png\" sizes=\"(max-width: 150px) 100vw, 150px\" srcset=\"https:\/\/dakarstock.com\/wp-content\/uploads\/2025\/01\/HP-ProOne-240-G10-1-150x150.png 150w, https:\/\/dakarstock.com\/wp-content\/uploads\/2025\/01\/HP-ProOne-240-G10-1-600x600.png 600w, https:\/\/dakarstock.com\/wp-content\/uploads\/2025\/01\/HP-ProOne-240-G10-1-300x300.png 300w\" alt=\"HP ProOne 240 G10\" width=\"150\" height=\"150\" \/>Con\u00e7u pour le travail au quotidien<\/strong><br \/>\nMettez toutes les chances de votre c\u00f4t\u00e9 avec un ordinateur tout-en-un qui offre des performances \u00e9lev\u00e9es et des fonctionnalit\u00e9s vid\u00e9o avanc\u00e9es.<\/p>\n<p><strong><img decoding=\"async\" class=\"size-thumbnail wp-image-6565 alignright\" src=\"https:\/\/dakarstock.com\/wp-content\/uploads\/2025\/01\/HP-ProOne-240-G10-3-150x150.png\" sizes=\"(max-width: 150px) 100vw, 150px\" srcset=\"https:\/\/dakarstock.com\/wp-content\/uploads\/2025\/01\/HP-ProOne-240-G10-3-150x150.png 150w, https:\/\/dakarstock.com\/wp-content\/uploads\/2025\/01\/HP-ProOne-240-G10-3-600x600.png 600w, https:\/\/dakarstock.com\/wp-content\/uploads\/2025\/01\/HP-ProOne-240-G10-3-300x300.png 300w\" alt=\"\" width=\"150\" height=\"150\" \/>Technologie de pointe<\/strong><br \/>\nB\u00e9n\u00e9ficiez de la toute derni\u00e8re technologie \u00e0 un excellent rapport qualit\u00e9-prix gr\u00e2ce \u00e0 un puissant processeur Intel\u00ae.<\/p>\n<p><strong><img loading=\"lazy\" decoding=\"async\" class=\"size-thumbnail wp-image-6565 alignleft\" src=\"https:\/\/dakarstock.com\/wp-content\/uploads\/2025\/01\/HP-ProOne-240-G10-3-150x150.png\" sizes=\"(max-width: 150px) 100vw, 150px\" srcset=\"https:\/\/dakarstock.com\/wp-content\/uploads\/2025\/01\/HP-ProOne-240-G10-3-150x150.png 150w, https:\/\/dakarstock.com\/wp-content\/uploads\/2025\/01\/HP-ProOne-240-G10-3-600x600.png 600w, https:\/\/dakarstock.com\/wp-content\/uploads\/2025\/01\/HP-ProOne-240-G10-3-300x300.png 300w\" alt=\"\" width=\"150\" height=\"150\" \/>Un design \u00e9l\u00e9gant et professionnel<\/strong><br \/>\nAvec son \u00e9cran \u00e0 micro-bords sur trois c\u00f4t\u00e9s, cet ordinateur tout-en-un au design \u00e9pur\u00e9 saura se faire discret sur votre bureau.<\/p>\n<p><strong><img loading=\"lazy\" decoding=\"async\" class=\"alignright wp-image-6566 size-medium\" src=\"https:\/\/dakarstock.com\/wp-content\/uploads\/2025\/01\/HP-ProOne-240-G10-4-300x225.png\" sizes=\"(max-width: 300px) 100vw, 300px\" srcset=\"https:\/\/dakarstock.com\/wp-content\/uploads\/2025\/01\/HP-ProOne-240-G10-4-300x225.png 300w, https:\/\/dakarstock.com\/wp-content\/uploads\/2025\/01\/HP-ProOne-240-G10-4-150x113.png 150w, https:\/\/dakarstock.com\/wp-content\/uploads\/2025\/01\/HP-ProOne-240-G10-4.png 573w\" alt=\"\" width=\"300\" height=\"225\" \/>Un ordinateur tout-en-un performant et abordable<br \/>\n<\/strong><strong>Processeur Intel\u00ae multic\u0153ur de 13e g\u00e9n\u00e9ration<\/strong><br \/>\nProfitez d\u2019une performance rapide, d\u2019une puissance fiable et d\u2019un excellent rapport qualit\u00e9-prix gr\u00e2ce au processeur Intel\u00ae Core\u2122 de 13e g\u00e9n\u00e9ration, capable de g\u00e9rer plusieurs t\u00e2ches simultan\u00e9ment gr\u00e2ce \u00e0 ses multiples c\u0153urs de processeurs.<br \/>\n<strong>Un espace de bureau d\u00e9gag\u00e9<\/strong><br \/>\nLes caract\u00e9ristiques de conception intelligentes de cet ordinateur tout-en-un vous permettront de g\u00e9rer efficacement votre espace de travail. L\u2019acc\u00e8s rapide et facile aux ports et la connectivit\u00e9 sans fil Wi-Fi 6 en option avec Bluetooth\u00ae limite l\u2019utilisation de c\u00e2bles.<br \/>\n<strong>Gestion facilit\u00e9e<\/strong><br \/>\nObtenez les mises \u00e0 jour dont vous avez besoin plus rapidement gr\u00e2ce \u00e0 HP Support Assistant.<\/p>\n","protected":false},"featured_media":12823,"comment_status":"open","ping_status":"closed","template":"","meta":[],"product_brand":[110],"product_cat":[166],"product_tag":[],"class_list":{"0":"post-12822","1":"product","2":"type-product","3":"status-publish","4":"has-post-thumbnail","6":"product_brand-hp","7":"product_cat-all-in-one","9":"first","10":"instock","11":"shipping-taxable","12":"purchasable","13":"product-type-simple"},"_links":{"self":[{"href":"https:\/\/gautierinformatique.com\/index.php?rest_route=\/wp\/v2\/product\/12822","targetHints":{"allow":["GET"]}}],"collection":[{"href":"https:\/\/gautierinformatique.com\/index.php?rest_route=\/wp\/v2\/product"}],"about":[{"href":"https:\/\/gautierinformatique.com\/index.php?rest_route=\/wp\/v2\/types\/product"}],"replies":[{"embeddable":true,"href":"https:\/\/gautierinformatique.com\/index.php?rest_route=%2Fwp%2Fv2%2Fcomments&post=12822"}],"version-history":[{"count":2,"href":"https:\/\/gautierinformatique.com\/index.php?rest_route=\/wp\/v2\/product\/12822\/revisions"}],"predecessor-version":[{"id":12828,"href":"https:\/\/gautierinformatique.com\/index.php?rest_route=\/wp\/v2\/product\/12822\/revisions\/12828"}],"wp:featuredmedia":[{"embeddable":true,"href":"https:\/\/gautierinformatique.com\/index.php?rest_route=\/wp\/v2\/media\/12823"}],"wp:attachment":[{"href":"https:\/\/gautierinformatique.com\/index.php?rest_route=%2Fwp%2Fv2%2Fmedia&parent=12822"}],"wp:term":[{"taxonomy":"product_brand","embeddable":true,"href":"https:\/\/gautierinformatique.com\/index.php?rest_route=%2Fwp%2Fv2%2Fproduct_brand&post=12822"},{"taxonomy":"product_cat","embeddable":true,"href":"https:\/\/gautierinformatique.com\/index.php?rest_route=%2Fwp%2Fv2%2Fproduct_cat&post=12822"},{"taxonomy":"product_tag","embeddable":true,"href":"https:\/\/gautierinformatique.com\/index.php?rest_route=%2Fwp%2Fv2%2Fproduct_tag&post=12822"}],"curies":[{"name":"wp","href":"https:\/\/api.w.org\/{rel}","templated":true}]}}