{"id":13227,"date":"2025-08-21T12:01:26","date_gmt":"2025-08-21T12:01:26","guid":{"rendered":"https:\/\/gautierinformatique.com\/?post_type=product&#038;p=13227"},"modified":"2025-08-21T12:06:28","modified_gmt":"2025-08-21T12:06:28","slug":"asus-tuf-gaming-a15-fa507uv-lp009w","status":"publish","type":"product","link":"https:\/\/gautierinformatique.com\/?product=asus-tuf-gaming-a15-fa507uv-lp009w","title":{"rendered":"ASUS TUF Gaming A15 FA507UV-LP009W"},"content":{"rendered":"<h1 id=\"title\" class=\"a-size-large a-spacing-none\"><span id=\"productTitle\" class=\"a-size-large product-title-word-break\">ASUS TUF Gaming A15 FA507UV-LP009W PC Portable Gaming AMD Ryzen 9 7945HX, NVIDIA GeForce RTX 4060, 16GB DDR5-512GB SSD, Jaeger Grey<\/span><\/h1>\n","protected":false},"excerpt":{"rendered":"<p>&nbsp;<\/p>\n<h2 class=\"title\"><span dir=\"auto\">Description de l&rsquo;ordinateur portable gaming ASUS TUF Gaming A15 FA507UV, \u00e9cran 15,6&Prime; FHD 144 Hz, processeur AMD Ryzen 9 8945H, 16 Go DDR5-5600, SSD 512 Go, carte graphique NVIDIA GeForce RTX 4060 8 Go, gris | FA507UV-916512G<\/span><\/h2>\n<div class=\"product-decription-wrapper full\">\n<div class=\"product-description\">\n<h3 class=\"product-nav-title product-nav-title-after\"><span class=\"product-title title-max\" data-dynamic=\"product_name\"><span dir=\"auto\">Carte graphique ASUS TUF Gaming A15 RTX 4060 2024<\/span><\/span><\/h3>\n<div class=\"rich-content-text\">\n<div class=\"rich-content-description\"><span dir=\"auto\">Plongez au c\u0153ur de l&rsquo;action avec le TUF Gaming A15. Ex\u00e9cutant Windows 11 d\u00e8s sa sortie d&rsquo;usine, avec un processeur AMD Ryzen\u2122 9 8945H et 16 Go de RAM DDR5 ultra-rapide \u00e0 5\u00a0600 MHz, votre streaming et votre multit\u00e2che sont g\u00e9r\u00e9s en toute simplicit\u00e9. Exploitez toutes les performances de jeu d&rsquo;une carte graphique pour ordinateur portable NVIDIA\u00ae GeForce RTX\u2122 4060 avec un commutateur MUX d\u00e9di\u00e9. Lorsque votre biblioth\u00e8que de jeux est pleine, un emplacement SSD M.2 NVMe vide simplifie l&rsquo;augmentation de la capacit\u00e9 de stockage.<\/span><\/div>\n<div class=\"rich-content-description\"><\/div>\n<div class=\"rich-content-description\"><\/div>\n<div class=\"rich-content-description\"><img decoding=\"async\" class=\"img-responsive\" src=\"https:\/\/uae.microless.com\/cdn\/category_files\/1ce546fd0dd59718eb562dca9abede21.jpg\" alt=\"\" width=\"0\" height=\"0\" \/><img decoding=\"async\" class=\"img-responsive\" src=\"https:\/\/uae.microless.com\/cdn\/category_files\/d074da8ef35cef4423d3eb8cd13987f7.jpg\" alt=\"\" width=\"0\" height=\"0\" \/><img decoding=\"async\" class=\"img-responsive\" src=\"https:\/\/uae.microless.com\/cdn\/category_files\/e8edf89b4233ce2507ff227454406527.jpg\" alt=\"\" width=\"0\" height=\"0\" \/><img loading=\"lazy\" decoding=\"async\" class=\"img-responsive\" src=\"https:\/\/uae.microless.com\/cdn\/category_files\/373ad631b1113ed48a00ec8cea47a1fd.jpg\" alt=\"\" width=\"0\" height=\"0\" \/><img loading=\"lazy\" decoding=\"async\" class=\"img-responsive\" src=\"https:\/\/uae.microless.com\/cdn\/category_files\/4abee2b7d57b9fdaec2d64c94d145cdf.jpg\" alt=\"\" width=\"0\" height=\"0\" \/><img loading=\"lazy\" decoding=\"async\" class=\"img-responsive\" src=\"https:\/\/uae.microless.com\/cdn\/category_files\/daa37bec64526953ee537f1d9774a1f9.jpg\" alt=\"\" width=\"0\" height=\"0\" \/><img loading=\"lazy\" decoding=\"async\" class=\"img-responsive\" src=\"https:\/\/uae.microless.com\/cdn\/category_files\/df8fe6e9b917d3a8180e98f0b0683b75.jpg\" alt=\"\" width=\"0\" height=\"0\" \/><img loading=\"lazy\" decoding=\"async\" class=\"img-responsive\" src=\"https:\/\/uae.microless.com\/cdn\/category_files\/65d3f16fc28ee93e2fe68c780e270a05.jpg\" alt=\"\" width=\"0\" height=\"0\" \/><\/div>\n<\/div>\n<p>&nbsp;<\/p>\n<p><strong><span dir=\"auto\">Sp\u00e9cification<\/span><\/strong><\/p>\n<table class=\"table table-bordered table-responsive\" width=\"100%\">\n<tbody>\n<tr>\n<td width=\"auto\"><span dir=\"auto\">Syst\u00e8me op\u00e9rateur<\/span><\/td>\n<td width=\"auto\"><span dir=\"auto\">Windows 11 Famille<\/span><\/td>\n<\/tr>\n<tr>\n<td width=\"auto\"><span dir=\"auto\">Processeur<\/span><\/td>\n<td width=\"auto\"><span dir=\"auto\">Processeur AMD Ryzen\u2122 9 8945H 4 GHz (jusqu&rsquo;\u00e0 5,2 GHz, 8 c\u0153urs, 16 threads)\u00a0; IA AMD Ryzen\u2122 jusqu&rsquo;\u00e0 39\u00a0TOP<\/span><\/td>\n<\/tr>\n<tr>\n<td width=\"auto\"><span dir=\"auto\">Graphique<\/span><\/td>\n<td width=\"auto\"><span dir=\"auto\">Carte graphique pour ordinateur portable NVIDIA\u00ae GeForce RTX\u2122 4060, 8 Go GDDR6<\/span><\/td>\n<\/tr>\n<tr>\n<td width=\"auto\"><span dir=\"auto\">processeur neuronal<\/span><\/td>\n<td width=\"auto\"><span dir=\"auto\">XDNA 16TOPs<\/span><\/td>\n<\/tr>\n<tr>\n<td width=\"auto\"><span dir=\"auto\">Afficher<\/span><\/td>\n<td width=\"auto\"><span dir=\"auto\">\u00c9cran 15,6 pouces, FHD (1920 x 1080) 16:9, niveau IPS, antireflet, taux de rafra\u00eechissement de 144 Hz, G-Sync, commutateur MUX + NVIDIA\u00ae Advanced Optimus<\/span><\/td>\n<\/tr>\n<tr>\n<td width=\"auto\"><span dir=\"auto\">M\u00e9moire<\/span><\/td>\n<td width=\"auto\"><span dir=\"auto\">8 Go DDR5-5600 SO-DIMM x 2, capacit\u00e9 maximale\u00a0: 32 Go, prise en charge de la m\u00e9moire double canal<\/span><\/td>\n<\/tr>\n<tr>\n<td width=\"auto\"><span dir=\"auto\">Stockage<\/span><\/td>\n<td width=\"auto\"><span dir=\"auto\">SSD M.2 PCIe\u00ae 4.0 NVMe\u2122 512 Go<\/span><\/td>\n<\/tr>\n<tr>\n<td width=\"auto\"><span dir=\"auto\">Ports d&rsquo;E\/S<\/span><\/td>\n<td width=\"auto\"><span dir=\"auto\">1 prise audio combin\u00e9e 3,5 mm, 1 port HDMI 2.1, 1 port USB 3.2 Gen 2 Type-C, 2 ports USB 3.2 Gen 1 Type-A, 1 port LAN RJ45, 1 port USB 4 Type-C<\/span><\/td>\n<\/tr>\n<tr>\n<td width=\"auto\"><span dir=\"auto\">Clavier et pav\u00e9 tactile<\/span><\/td>\n<td width=\"auto\"><span dir=\"auto\">Clavier chiclet r\u00e9tro\u00e9clair\u00e9 1 zone RVB, pav\u00e9 tactile<\/span><\/td>\n<\/tr>\n<tr>\n<td width=\"auto\"><span dir=\"auto\">Cam\u00e9ra<\/span><\/td>\n<td width=\"auto\"><span dir=\"auto\">Cam\u00e9ra HD 720P<\/span><\/td>\n<\/tr>\n<tr>\n<td width=\"auto\"><span dir=\"auto\">Audio<\/span><\/td>\n<td width=\"auto\"><span dir=\"auto\">Dolby Atmos, technologie de suppression du bruit par IA, certification Hi-Res (pour casque), microphone int\u00e9gr\u00e9, syst\u00e8me \u00e0 2 haut-parleurs<\/span><\/td>\n<\/tr>\n<tr>\n<td width=\"auto\"><span dir=\"auto\">R\u00e9seau<\/span><\/td>\n<td width=\"auto\"><span dir=\"auto\">Wi-Fi 6 (802.11ax) (double bande) 2*2, Bluetooth\u00ae 5.3<\/span><\/td>\n<\/tr>\n<tr>\n<td width=\"auto\"><span dir=\"auto\">Batterie<\/span><\/td>\n<td width=\"auto\"><span dir=\"auto\">90 Wh, 4S1P, Li-ion 4 cellules<\/span><\/td>\n<\/tr>\n<tr>\n<td width=\"auto\"><span dir=\"auto\">Alimentation \u00e9lectrique<\/span><\/td>\n<td width=\"auto\"><span dir=\"auto\">Adaptateur secteur \u00f86.0, 240 W, sortie\u00a0: 20 V CC, 12 A, 240 W, entr\u00e9e\u00a0: 100 \u00e0 240 \u00b0C CA 50\/60 Hz<\/span><\/td>\n<\/tr>\n<tr>\n<td width=\"auto\"><span dir=\"auto\">Poids<\/span><\/td>\n<td width=\"auto\"><span dir=\"auto\">2,20 kg (4,85 lb)<\/span><\/td>\n<\/tr>\n<tr>\n<td width=\"auto\"><span dir=\"auto\">Dimensions (L x P x H)<\/span><\/td>\n<td width=\"auto\"><span dir=\"auto\">25,1 x 35,4 x 2,24 ~ 2,49 cm (9,88&Prime; x 13,94&Prime; x 0,88&Prime; ~ 0,98&Prime;)<\/span><\/td>\n<\/tr>\n<tr>\n<td width=\"auto\"><span dir=\"auto\">Microsoft Office<\/span><\/td>\n<td width=\"auto\"><span dir=\"auto\">Essai d&rsquo;un mois pour les nouveaux clients Microsoft 365. Carte de cr\u00e9dit requise.<\/span><\/td>\n<\/tr>\n<tr>\n<td width=\"auto\"><span dir=\"auto\">Xbox Game Pass<\/span><\/td>\n<td width=\"auto\"><span dir=\"auto\">Xbox Game Pass Ultimate_3 mois (*Conditions et exclusions applicables. Offre disponible uniquement sur les march\u00e9s \u00e9ligibles pour Xbox Game Pass Ultimate. Les march\u00e9s \u00e9ligibles sont d\u00e9termin\u00e9s lors de l&rsquo;activation. Le catalogue de jeux varie selon la r\u00e9gion, l&rsquo;appareil et l&rsquo;heure.)<\/span><\/td>\n<\/tr>\n<tr>\n<td width=\"auto\"><span dir=\"auto\">\u00c9colabels et conformit\u00e9s<\/span><\/td>\n<td width=\"auto\"><span dir=\"auto\">ENERGY STAR\u00ae<\/span><\/td>\n<\/tr>\n<\/tbody>\n<\/table>\n<\/div>\n<\/div>\n<div class=\"clearfix\"><\/div>\n<p>&nbsp;<\/p>\n<h2 class=\"title\"><span dir=\"auto\">Caract\u00e9ristiques techniques de l&rsquo;ordinateur portable gaming ASUS TUF Gaming A15 FA507UV, \u00e9cran 15,6&Prime; FHD 144 Hz, processeur AMD Ryzen 9 8945H, 16 Go DDR5-5600, SSD 512 Go, carte graphique NVIDIA GeForce RTX 4060 8 Go, gris | FA507UV-916512G<\/span><\/h2>\n<div class=\"attribute-group-wrapper\">\n<div class=\"attribute-group-heading\"><span dir=\"auto\">G\u00e9n\u00e9ral<\/span><\/div>\n<\/div>\n","protected":false},"featured_media":13234,"comment_status":"open","ping_status":"closed","template":"","meta":[],"product_brand":[],"product_cat":[142],"product_tag":[],"class_list":{"0":"post-13227","1":"product","2":"type-product","3":"status-publish","4":"has-post-thumbnail","6":"product_cat-gaming-laptops","8":"first","9":"instock","10":"sale","11":"shipping-taxable","12":"purchasable","13":"product-type-simple"},"_links":{"self":[{"href":"https:\/\/gautierinformatique.com\/index.php?rest_route=\/wp\/v2\/product\/13227","targetHints":{"allow":["GET"]}}],"collection":[{"href":"https:\/\/gautierinformatique.com\/index.php?rest_route=\/wp\/v2\/product"}],"about":[{"href":"https:\/\/gautierinformatique.com\/index.php?rest_route=\/wp\/v2\/types\/product"}],"replies":[{"embeddable":true,"href":"https:\/\/gautierinformatique.com\/index.php?rest_route=%2Fwp%2Fv2%2Fcomments&post=13227"}],"version-history":[{"count":1,"href":"https:\/\/gautierinformatique.com\/index.php?rest_route=\/wp\/v2\/product\/13227\/revisions"}],"predecessor-version":[{"id":13235,"href":"https:\/\/gautierinformatique.com\/index.php?rest_route=\/wp\/v2\/product\/13227\/revisions\/13235"}],"wp:featuredmedia":[{"embeddable":true,"href":"https:\/\/gautierinformatique.com\/index.php?rest_route=\/wp\/v2\/media\/13234"}],"wp:attachment":[{"href":"https:\/\/gautierinformatique.com\/index.php?rest_route=%2Fwp%2Fv2%2Fmedia&parent=13227"}],"wp:term":[{"taxonomy":"product_brand","embeddable":true,"href":"https:\/\/gautierinformatique.com\/index.php?rest_route=%2Fwp%2Fv2%2Fproduct_brand&post=13227"},{"taxonomy":"product_cat","embeddable":true,"href":"https:\/\/gautierinformatique.com\/index.php?rest_route=%2Fwp%2Fv2%2Fproduct_cat&post=13227"},{"taxonomy":"product_tag","embeddable":true,"href":"https:\/\/gautierinformatique.com\/index.php?rest_route=%2Fwp%2Fv2%2Fproduct_tag&post=13227"}],"curies":[{"name":"wp","href":"https:\/\/api.w.org\/{rel}","templated":true}]}}