{"id":13282,"date":"2025-08-23T11:04:05","date_gmt":"2025-08-23T11:04:05","guid":{"rendered":"https:\/\/gautierinformatique.com\/?post_type=product&#038;p=13282"},"modified":"2025-08-23T11:04:05","modified_gmt":"2025-08-23T11:04:05","slug":"xiaomi-redmi-note-14-5g-noir-8-go-256-go","status":"publish","type":"product","link":"https:\/\/gautierinformatique.com\/?product=xiaomi-redmi-note-14-5g-noir-8-go-256-go","title":{"rendered":"Xiaomi Redmi Note 14 5G Noir (8 Go \/ 256 Go)"},"content":{"rendered":"<p>REDMI NOTE 14 midnight Black<br \/>\n8Go ram : 256Go Rom<\/p>\n<h2>Smartphone 5G-LTE Dual SIM IP64 &#8211; Dimensity 7025-Ultra Octo-Core 2.5 GHz &#8211; RAM 8 Go &#8211; Ecran tactile AMOLED 120 Hz 6.67&Prime; 1080 x 2400 &#8211; 256 Go &#8211; NFC\/Bluetooth 5.3 &#8211; 5110 mAh &#8211; Android 14<\/h2>\n<p>*<\/p>\n<ul>\n<li><strong>Processeur\u00a0<\/strong>: MediaTek Dimensity 7025-Ultra Octo-Core cadenc\u00e9 \u00e0 2.5 GHz<\/li>\n<li><strong>Syst\u00e8me\u00a0<\/strong>: Android 14 bas\u00e9 sur HyperOS<\/li>\n<li><strong>Ecran\u00a0<\/strong>: 6.67&Prime;,\u00a0AMOLED,\u00a0r\u00e9solution Full HD+ 1080 x 2400 pixels, taux de rafra\u00eechissement de 120 Hz, taux d&rsquo;\u00e9chantillonnage jusqu&rsquo;\u00e0 240 Hz, 2100 nits, Corning Gorilla Glass 5<\/li>\n<li><strong>RAM\u00a0<\/strong>: 8 Go<\/li>\n<li><strong>APN arri\u00e8re\u00a0<\/strong>: capteur principal de 108 MP + capteur ultra grand angle de 8 MP + cam\u00e9ra macro de 2 MP, vid\u00e9o 1080p, Intelligence Artificielle<\/li>\n<li><strong>APN avant\u00a0<\/strong>: cam\u00e9ra 20 MP<\/li>\n<li><strong>Stockage\u00a0<\/strong>: 256 Go (extensible jusqu&rsquo;\u00e0 1 To via carte microSDXC)<\/li>\n<li><strong>Connectivit\u00e9\u00a0<\/strong>: BT 5.3, A-GPS, GPS, GLONASS,\u00a0Wi-Fi 802.11 a\/b\/g\/n\/ac, USB-C, jack 3.5mm, lecteur d&#8217;empreintes sous l&rsquo;\u00e9cran, reconnaissance faciale<\/li>\n<li><strong>Batterie :<\/strong>\u00a05110 mAh avec charge rapide de 45W<\/li>\n<li><strong>Dimensions :<\/strong>\u00a0162.4 x 75.7 x 7.99 mm pour 190 g<\/li>\n<\/ul>\n","protected":false},"excerpt":{"rendered":"<div class=\"logo\"><a href=\"https:\/\/www.ldlc.com\/fr-ch\/xiaomi\/bint000036359\/\" rel=\"nofollow\"><img decoding=\"async\" src=\"https:\/\/media.ldlc.com\/v3\/marque\/bo\/00\/06\/02\/84\/V30006028492.jpg\" alt=\"Xiaomi\" \/><\/a><\/div>\n<div id=\"description\" class=\"description\">\n<div class=\"details-pdt-desc\">\n<h2 class=\"h2-master\">Exploitez toute la puissance de la 5G<\/h2>\n<section>Con\u00e7u pour vous accompagner tout au long de votre journ\u00e9e, le\u00a0<strong>Xiaomi Redmi Note 14 5G<\/strong>\u00a0sait combler le moindre de vos d\u00e9sirs. Pour cela, il se dote d&rsquo;un superbe \u00e9cran tactile AMOLED 120 Hz de 6.67&Prime; affichant une r\u00e9solution Full HD+ de 1080 x 2400 pixels, int\u00e8gre un processeur\u00a0MediaTek Dimensity 7025-Ultra Octo-Core cadenc\u00e9 \u00e0 2.5 GHz, un espace de stockage de 256 Go et 8 Go de RAM pour vous assurer fluidit\u00e9 et rapidit\u00e9 lors de toutes vos utilisations.<\/p>\n<p>De plus, le Redmi Note 14 5G est \u00e9quip\u00e9 d&rsquo;une triple cam\u00e9ra de 108+8+2\u00a0MP et d&rsquo;une cam\u00e9ra frontale 20 MP vous permettant d&rsquo;immortaliser tous les instants de votre vie. Ce n&rsquo;est pas tout, il poss\u00e8de \u00e9galement deux slots SIM, ainsi qu&rsquo;une batterie 5110 mAh pour que vous puissiez profiter longtemps de toutes les fonctionnalit\u00e9s qu&rsquo;offre votre nouvel alli\u00e9 pour le quotidien !<\/p>\n<\/section>\n<section>\n<div class=\"desc-image\"><img decoding=\"async\" src=\"https:\/\/media.ldlc.com\/bo\/images\/fiches\/telephone_portable\/Xiaomi\/Redmi_Note_14_5G\/1.jpg\" alt=\"\" \/><\/div>\n<div class=\"desc-text\">\n<h2>Un magnifique \u00e9cran AMOLED 120 Hz de 6.67&Prime;<\/h2>\n<p>Pr\u00eat \u00e0 r\u00e9agir au doigt et \u00e0 l&rsquo;oeil, le Xiaomi\u00a0Redmi Note 14 5G est \u00e9quip\u00e9 d&rsquo;un\u00a0<strong>grand \u00e9cran AMOLED de 6.67&Prime; \u00e0 r\u00e9solution Full HD+ de 1080 x 2400 pixels<\/strong>. Et avec un\u00a0<strong>taux de rafra\u00eechissement de 120 Hz<\/strong>, visionnez vos meilleures vid\u00e9os et parcourez vos plus belles photos en profitant de couleurs exceptionnelles et d&rsquo;une fluidit\u00e9 \u00e0 couper le souffle. D&rsquo;une incroyable coh\u00e9rence, vos contenus s&rsquo;affichent de la plus belle des mani\u00e8res, quel que soit l&rsquo;angle de visionnage.<\/p>\n<p>Et avec toute la puissance de son processeur\u00a0<strong>MediaTek Dimensity 7025-Ultra Octo-Core cadenc\u00e9 \u00e0 2.5 GHz<\/strong>,\u00a0ses\u00a0<strong>8 Go de RAM<\/strong>, et sa\u00a0<strong>capacit\u00e9 de stockage de 256 Go<\/strong>,\u00a0vous allez pouvoir utiliser votre smartphone avec une fluidit\u00e9 in\u00e9gal\u00e9e.<\/p>\n<\/div>\n<\/section>\n<section>\n<div class=\"desc-text\">\n<h2>Des photos incroyables<\/h2>\n<p>Le Xiaomi Redmi Note 14 5G est \u00e9quip\u00e9 d&rsquo;une cam\u00e9ra \u00e0\u00a0<strong>trois capteurs 108+8+2\u00a0MP<\/strong>\u00a0qui vous permet de prendre des photos de haute r\u00e9solution. Avec l&rsquo;<strong>objectif macro<\/strong>, vous allez pouvoir effectuer des gros plans de qualit\u00e9. Le\u00a0<strong>capteur ultra grand angle\u00a0<\/strong>est tr\u00e8s utile pour capturer tout le paysage en une seule prise et ainsi r\u00e9aliser davantage de plans sans changer de position de prise de vue. Et avec le\u00a0<strong>nouveau mode timelapse<\/strong>, r\u00e9alisez vos plus beaux timelapse et ce m\u00eame dans des conditions d&rsquo;\u00e9clairage d\u00e9favorables.<\/p>\n<p>Quant \u00e0 la\u00a0<strong>cam\u00e9ra avant de 20 MP<\/strong>, elle est\u00a0id\u00e9ale pour r\u00e9aliser le selfie parfait, et cela \u00e0 chaque fois.<\/p>\n<\/div>\n<div class=\"desc-image\"><img decoding=\"async\" src=\"https:\/\/media.ldlc.com\/bo\/images\/fiches\/telephone_portable\/Xiaomi\/Redmi_Note_14_5G\/2.jpg\" alt=\"\" \/><\/div>\n<\/section>\n<section class=\"list\">\n<h2>Principales caract\u00e9ristiques :<\/h2>\n<ul>\n<li><strong>Processeur\u00a0<\/strong>: MediaTek Dimensity 7025-Ultra Octo-Core cadenc\u00e9 \u00e0 2.5 GHz<\/li>\n<li><strong>Syst\u00e8me\u00a0<\/strong>: Android 14 bas\u00e9 sur HyperOS<\/li>\n<li><strong>Ecran\u00a0<\/strong>: 6.67&Prime;,\u00a0AMOLED,\u00a0r\u00e9solution Full HD+ 1080 x 2400 pixels, taux de rafra\u00eechissement de 120 Hz, taux d&rsquo;\u00e9chantillonnage jusqu&rsquo;\u00e0 240 Hz, 2100 nits, Corning Gorilla Glass 5<\/li>\n<li><strong>RAM\u00a0<\/strong>: 8 Go<\/li>\n<li><strong>APN arri\u00e8re\u00a0<\/strong>: capteur principal de 108 MP + capteur ultra grand angle de 8 MP + cam\u00e9ra macro de 2 MP, vid\u00e9o 1080p, Intelligence Artificielle<\/li>\n<li><strong>APN avant\u00a0<\/strong>: cam\u00e9ra 20 MP<\/li>\n<li><strong>Stockage\u00a0<\/strong>: 256 Go (extensible jusqu&rsquo;\u00e0 1 To via carte microSDXC)<\/li>\n<li><strong>Connectivit\u00e9\u00a0<\/strong>: BT 5.3, A-GPS, GPS, GLONASS,\u00a0Wi-Fi 802.11 a\/b\/g\/n\/ac, USB-C, jack 3.5mm, lecteur d&#8217;empreintes sous l&rsquo;\u00e9cran, reconnaissance faciale<\/li>\n<li><strong>Batterie :<\/strong>\u00a05110 mAh avec charge rapide de 45W<\/li>\n<li><strong>Dimensions :<\/strong>\u00a0162.4 x 75.7 x 7.99 mm pour 190 g<\/li>\n<\/ul>\n<\/section>\n<\/div>\n<\/div>\n","protected":false},"featured_media":13283,"comment_status":"open","ping_status":"closed","template":"","meta":[],"product_brand":[],"product_cat":[142],"product_tag":[],"class_list":{"0":"post-13282","1":"product","2":"type-product","3":"status-publish","4":"has-post-thumbnail","6":"product_cat-gaming-laptops","8":"first","9":"instock","10":"sale","11":"shipping-taxable","12":"purchasable","13":"product-type-simple"},"_links":{"self":[{"href":"https:\/\/gautierinformatique.com\/index.php?rest_route=\/wp\/v2\/product\/13282","targetHints":{"allow":["GET"]}}],"collection":[{"href":"https:\/\/gautierinformatique.com\/index.php?rest_route=\/wp\/v2\/product"}],"about":[{"href":"https:\/\/gautierinformatique.com\/index.php?rest_route=\/wp\/v2\/types\/product"}],"replies":[{"embeddable":true,"href":"https:\/\/gautierinformatique.com\/index.php?rest_route=%2Fwp%2Fv2%2Fcomments&post=13282"}],"version-history":[{"count":1,"href":"https:\/\/gautierinformatique.com\/index.php?rest_route=\/wp\/v2\/product\/13282\/revisions"}],"predecessor-version":[{"id":13288,"href":"https:\/\/gautierinformatique.com\/index.php?rest_route=\/wp\/v2\/product\/13282\/revisions\/13288"}],"wp:featuredmedia":[{"embeddable":true,"href":"https:\/\/gautierinformatique.com\/index.php?rest_route=\/wp\/v2\/media\/13283"}],"wp:attachment":[{"href":"https:\/\/gautierinformatique.com\/index.php?rest_route=%2Fwp%2Fv2%2Fmedia&parent=13282"}],"wp:term":[{"taxonomy":"product_brand","embeddable":true,"href":"https:\/\/gautierinformatique.com\/index.php?rest_route=%2Fwp%2Fv2%2Fproduct_brand&post=13282"},{"taxonomy":"product_cat","embeddable":true,"href":"https:\/\/gautierinformatique.com\/index.php?rest_route=%2Fwp%2Fv2%2Fproduct_cat&post=13282"},{"taxonomy":"product_tag","embeddable":true,"href":"https:\/\/gautierinformatique.com\/index.php?rest_route=%2Fwp%2Fv2%2Fproduct_tag&post=13282"}],"curies":[{"name":"wp","href":"https:\/\/api.w.org\/{rel}","templated":true}]}}