{"id":13632,"date":"2025-10-06T15:32:18","date_gmt":"2025-10-06T15:32:18","guid":{"rendered":"https:\/\/gautierinformatique.com\/?post_type=product&#038;p=13632"},"modified":"2025-10-06T15:32:36","modified_gmt":"2025-10-06T15:32:36","slug":"cartouche-dencre-noire-hp-305-authentique","status":"publish","type":"product","link":"https:\/\/gautierinformatique.com\/?product=cartouche-dencre-noire-hp-305-authentique","title":{"rendered":"Cartouche d\u2019encre noire HP 305 authentique"},"content":{"rendered":"<div class=\"entry-left\">\n<h1 class=\"product_title entry-title\">Cartouche d\u2019encre noire HP 305 authentique<\/h1>\n<\/div>\n<div class=\"social-links\">\n<div class=\"Container-module_root__31XNI Container-module_general__2mGlW CollapseWrapper-module_desktopTitleWrapper__14Tp9\" data-test-hook=\"@hpstellar\/core\/container\">\n<h2 class=\"Typography-module_root__1WutS Typography-module_titleM__2Udpv Typography-module_responsive__3lKqJ\" data-test-hook=\"@hpstellar\/core\/typography\">SP\u00c9CIFICATIONS TECHNIQUES<\/h2>\n<\/div>\n<div>\n<div class=\"TechSpecs-module_container__2zOV3\" data-test-hook=\"@hpstellar\/pdp\/tech-specs\">\n<div class=\"TechSpecs-module_highlightsWrapper__2lOoo\">\n<section class=\"Highlights-module_container__nOmid Highlights-module_showHighlights__oQktu Highlights-module_isOpen__2nfRR\" data-test-hook=\"@hpstellar\/pdp\/tech-specs-highlights\">\n<div class=\"Highlights-module_highlights__36vPv Highlights-module_oneRowAndDesktopOnly__2BsUp\">\n<div class=\"Highlight-module_highlight__1oMTr Highlights-module_highlight__3DAX0\">\n<div class=\"Highlight-module_content__3j3zh\">\n<h3 class=\"Typography-module_root__1WutS Typography-module_bodyS__1MB7L Highlight-module_type__6fig_ Typography-module_responsive__3lKqJ\" data-test-hook=\"@hpstellar\/core\/typography\">Technologie d\u2019impression<\/h3>\n<p class=\"Typography-module_root__1WutS Typography-module_titleL__2Fw4- Highlight-module_title__3w-eu Typography-module_responsive__3lKqJ\" data-test-hook=\"@hpstellar\/core\/typography\">Jet d\u2019encre thermique HP<\/p>\n<\/div>\n<\/div>\n<div class=\"Highlight-module_highlight__1oMTr Highlights-module_highlight__3DAX0\">\n<div class=\"Highlight-module_content__3j3zh\">\n<h3 class=\"Typography-module_root__1WutS Typography-module_bodyS__1MB7L Highlight-module_type__6fig_ Typography-module_responsive__3lKqJ\" data-test-hook=\"@hpstellar\/core\/typography\">Couleur<\/h3>\n<p class=\"Typography-module_root__1WutS Typography-module_titleL__2Fw4- Highlight-module_title__3w-eu Typography-module_responsive__3lKqJ\" data-test-hook=\"@hpstellar\/core\/typography\">Noir<\/p>\n<\/div>\n<\/div>\n<div class=\"Highlight-module_highlight__1oMTr Highlights-module_highlight__3DAX0\">\n<div class=\"Highlight-module_content__3j3zh\">\n<h3 class=\"Typography-module_root__1WutS Typography-module_bodyS__1MB7L Highlight-module_type__6fig_ Typography-module_responsive__3lKqJ\" data-test-hook=\"@hpstellar\/core\/typography\">Rendement de pages<\/h3>\n<p class=\"Typography-module_root__1WutS Typography-module_titleL__2Fw4- Highlight-module_title__3w-eu Typography-module_responsive__3lKqJ\" data-test-hook=\"@hpstellar\/core\/typography\">120<\/p>\n<\/div>\n<\/div>\n<\/div>\n<div class=\"ExpandButton-module_root__2_OJk Highlights-module_seeMoreSpecsButton__1Dvc2 ExpandButton-module_hiddenOnMobile__2j8hw\" data-test-hook=\"@hpstellar\/core\/expand-button__root\">\n<div class=\"ExpandButton-module_iconWrapper__18_D8\"><\/div>\n<\/div>\n<\/section>\n<\/div>\n<section id=\"detailedSpecs\" class=\"detailed-specs DetailedSpecs-module_container__2-5QJ detailed-specs--expanded DetailedSpecs-module_withHighlights__nSr3v\" data-test-hook=\"@hpstellar\/pdp\/tech-specs-detailed-specs\">\n<div class=\"Container-module_root__31XNI Container-module_general--lg__2FQ-5 Container-module_general--xl__128XN Container-module_general--xxl__3KiKT\" data-test-hook=\"@hpstellar\/core\/container\">\n<div class=\"DetailedSpecs-module_section__38_KP\">\n<div class=\"DetailedSpecs-module_specWrapper__Tk3cI\">\n<div class=\"DetailedSpecs-module_category__1re-O\">CONTENU DE L\u2019EMBALLAGE<\/div>\n<div>\n<div class=\"Spec-module_spec__36KF7 Spec-module_subSpec__1TXZE\">\n<div class=\"Spec-module_innerLeft__1GYQ0\">\n<p class=\"Typography-module_root__1WutS Typography-module_boldL__1Nilz Typography-module_responsive__3lKqJ\" data-test-hook=\"@hpstellar\/core\/typography\">Contenu de l\u2019emballage<\/p>\n<\/div>\n<div class=\"Spec-module_innerRight__JXkTu\">\n<p>Cartouche d\u2019encre noire HP 305 authentique<\/p>\n<\/div>\n<\/div>\n<\/div>\n<\/div>\n<div class=\"DetailedSpecs-module_specWrapper__Tk3cI\">\n<div class=\"DetailedSpecs-module_category__1re-O\">POIDS<\/div>\n<div>\n<div class=\"Spec-module_spec__36KF7 Spec-module_subSpec__1TXZE\">\n<div class=\"Spec-module_innerLeft__1GYQ0\">\n<p class=\"Typography-module_root__1WutS Typography-module_boldL__1Nilz Typography-module_responsive__3lKqJ\" data-test-hook=\"@hpstellar\/core\/typography\">Poids environ 0,03 kg<\/p>\n<\/div>\n<\/div>\n<div class=\"Spec-module_spec__36KF7 Spec-module_subSpec__1TXZE\">\n<div class=\"Spec-module_innerLeft__1GYQ0\">\n<p class=\"Typography-module_root__1WutS Typography-module_boldL__1Nilz Typography-module_responsive__3lKqJ\" data-test-hook=\"@hpstellar\/core\/typography\">Poids du carton\/paquet<\/p>\n<\/div>\n<div class=\"Spec-module_innerRight__JXkTu\">\n<p>environ 0,05 kg<\/p>\n<\/div>\n<\/div>\n<\/div>\n<\/div>\n<div class=\"DetailedSpecs-module_specWrapper__Tk3cI\">\n<div class=\"DetailedSpecs-module_category__1re-O\">DIMENSIONS<\/div>\n<div>\n<div class=\"Spec-module_spec__36KF7 Spec-module_subSpec__1TXZE\">\n<div class=\"Spec-module_innerLeft__1GYQ0\">\n<p class=\"Typography-module_root__1WutS Typography-module_boldL__1Nilz Typography-module_responsive__3lKqJ\" data-test-hook=\"@hpstellar\/core\/typography\">Dimensions minimales (L x P x H) 113 x 37 x 115 mm<\/p>\n<\/div>\n<\/div>\n<div class=\"Spec-module_spec__36KF7 Spec-module_subSpec__1TXZE\">\n<div class=\"Spec-module_innerLeft__1GYQ0\">\n<p class=\"Typography-module_root__1WutS Typography-module_boldL__1Nilz Typography-module_responsive__3lKqJ\" data-test-hook=\"@hpstellar\/core\/typography\">Dimensions de l\u2019emballage (L x P x H) 113 x 37 x 115 mm<\/p>\n<\/div>\n<\/div>\n<\/div>\n<\/div>\n<div class=\"DetailedSpecs-module_specWrapper__Tk3cI\">\n<div class=\"DetailedSpecs-module_category__1re-O\">GARANTIE<\/div>\n<div>\n<div class=\"Spec-module_spec__36KF7 Spec-module_subSpec__1TXZE\">\n<div class=\"Spec-module_innerLeft__1GYQ0\">\n<p class=\"Typography-module_root__1WutS Typography-module_boldL__1Nilz Typography-module_responsive__3lKqJ\" data-test-hook=\"@hpstellar\/core\/typography\">Garantie fabricant<\/p>\n<\/div>\n<div class=\"Spec-module_innerRight__JXkTu\">\n<p>Les cartouches d\u2019encre et les t\u00eates d\u2019impression HP sont garanties sans d\u00e9faut de mat\u00e9riel et de fabrication durant toute la p\u00e9riode de validit\u00e9 de la garantie.<\/p>\n<\/div>\n<\/div>\n<\/div>\n<\/div>\n<div class=\"DetailedSpecs-module_specWrapper__Tk3cI\">\n<div class=\"DetailedSpecs-module_category__1re-O\">CARACT\u00c9RISTIQUES DE L\u2019IMPRIMANTE<\/div>\n<div>\n<div class=\"Spec-module_spec__36KF7 Spec-module_subSpec__1TXZE\">\n<div class=\"Spec-module_innerLeft__1GYQ0\">\n<p class=\"Typography-module_root__1WutS Typography-module_boldL__1Nilz Typography-module_responsive__3lKqJ\" data-test-hook=\"@hpstellar\/core\/typography\">Technologie d\u2019impression<\/p>\n<\/div>\n<div class=\"Spec-module_innerRight__JXkTu\">\n<p>Jet d\u2019encre thermique HP<\/p>\n<\/div>\n<\/div>\n<\/div>\n<\/div>\n<div class=\"DetailedSpecs-module_specWrapper__Tk3cI\">\n<div class=\"DetailedSpecs-module_category__1re-O\">R\u00c9SOLUTION D\u2019IMPRESSION<\/div>\n<div>\n<div class=\"Spec-module_spec__36KF7 Spec-module_subSpec__1TXZE\">\n<div class=\"Spec-module_innerLeft__1GYQ0\">\n<p class=\"Typography-module_root__1WutS Typography-module_boldL__1Nilz Typography-module_responsive__3lKqJ\" data-test-hook=\"@hpstellar\/core\/typography\">Technologies de r\u00e9solution d\u2019impression<\/p>\n<\/div>\n<div class=\"Spec-module_innerRight__JXkTu\">\n<p>TIJ 2.X<\/p>\n<\/div>\n<\/div>\n<\/div>\n<\/div>\n<div class=\"DetailedSpecs-module_specWrapper__Tk3cI\">\n<div class=\"DetailedSpecs-module_category__1re-O\">CARTOUCHES ET T\u00caTES D\u2019IMPRESSION<\/div>\n<div>\n<div class=\"Spec-module_spec__36KF7 Spec-module_subSpec__1TXZE\">\n<div class=\"Spec-module_innerLeft__1GYQ0\">\n<p class=\"Typography-module_root__1WutS Typography-module_boldL__1Nilz Typography-module_responsive__3lKqJ\" data-test-hook=\"@hpstellar\/core\/typography\">Nombre total de pages (noir et blanc) env. 120 pages<\/p>\n<\/div>\n<\/div>\n<div class=\"Spec-module_spec__36KF7 Spec-module_subSpec__1TXZE\">\n<div class=\"Spec-module_innerLeft__1GYQ0\">\n<p class=\"Typography-module_root__1WutS Typography-module_boldL__1Nilz Typography-module_responsive__3lKqJ\" data-test-hook=\"@hpstellar\/core\/typography\">Types d\u2019encre Pigmentaire HP Vivid<\/p>\n<\/div>\n<\/div>\n<div class=\"Spec-module_spec__36KF7 Spec-module_subSpec__1TXZE\">\n<div class=\"Spec-module_innerLeft__1GYQ0\">\n<p class=\"Typography-module_root__1WutS Typography-module_boldL__1Nilz Typography-module_responsive__3lKqJ\" data-test-hook=\"@hpstellar\/core\/typography\">Couleur(s) des consommables d\u2019impression Noir<\/p>\n<\/div>\n<\/div>\n<div class=\"Spec-module_spec__36KF7 Spec-module_subSpec__1TXZE\">\n<div class=\"Spec-module_innerLeft__1GYQ0\">\n<p class=\"Typography-module_root__1WutS Typography-module_boldL__1Nilz Typography-module_responsive__3lKqJ\" data-test-hook=\"@hpstellar\/core\/typography\">Nombre total de pages (noir) 1 noir (env. 120 pages)<\/p>\n<\/div>\n<\/div>\n<div class=\"Spec-module_spec__36KF7 Spec-module_subSpec__1TXZE\">\n<div class=\"Spec-module_innerLeft__1GYQ0\">\n<p class=\"Typography-module_root__1WutS Typography-module_boldL__1Nilz Typography-module_responsive__3lKqJ\" data-test-hook=\"@hpstellar\/core\/typography\">Note pour le rendement en nombre de pages<\/p>\n<\/div>\n<div class=\"Spec-module_innerRight__JXkTu\">\n<p>Test\u00e9 sur la gamme d\u2019imprimantes tout-en-un HP ENVY 6000. Moyenne approximative reposant sur la norme ISO\/CEI 24711 ou sur la m\u00e9thodologie de test HP et une impression continue. Le rendement r\u00e9el peut varier consid\u00e9rablement en fonction du contenu des pages \u00e0 imprimer et d\u2019autres facteurs. Pour en savoir plus, consultez le site\u00a0http:\/\/www.hp.com\/go\/learnaboutsupplies.<\/p>\n<\/div>\n<\/div>\n<div class=\"Spec-module_spec__36KF7 Spec-module_subSpec__1TXZE\">\n<div class=\"Spec-module_innerLeft__1GYQ0\">\n<p class=\"Typography-module_root__1WutS Typography-module_boldL__1Nilz Typography-module_responsive__3lKqJ\" data-test-hook=\"@hpstellar\/core\/typography\">Goutte d\u2019encre 17,9 pl<\/p>\n<\/div>\n<\/div>\n<div class=\"Spec-module_spec__36KF7 Spec-module_subSpec__1TXZE\">\n<div class=\"Spec-module_innerLeft__1GYQ0\">\n<p class=\"Typography-module_root__1WutS Typography-module_boldL__1Nilz Typography-module_responsive__3lKqJ\" data-test-hook=\"@hpstellar\/core\/typography\">Poids \u00e0 vide 23,4 g +\/- 1 g<\/p>\n<\/div>\n<\/div>\n<div class=\"Spec-module_spec__36KF7 Spec-module_subSpec__1TXZE\">\n<div class=\"Spec-module_innerLeft__1GYQ0\">\n<p class=\"Typography-module_root__1WutS Typography-module_boldL__1Nilz Typography-module_responsive__3lKqJ\" data-test-hook=\"@hpstellar\/core\/typography\">Volume fourni par les cartouches d\u2019impression 2 ml<\/p>\n<\/div>\n<\/div>\n<div class=\"Spec-module_spec__36KF7 Spec-module_subSpec__1TXZE\">\n<div class=\"Spec-module_innerLeft__1GYQ0\">\n<p class=\"Typography-module_root__1WutS Typography-module_boldL__1Nilz Typography-module_responsive__3lKqJ\" data-test-hook=\"@hpstellar\/core\/typography\">Buses des t\u00eates d\u2019impression 328<\/p>\n<\/div>\n<\/div>\n<div class=\"Spec-module_spec__36KF7 Spec-module_subSpec__1TXZE\">\n<div class=\"Spec-module_innerLeft__1GYQ0\">\n<p class=\"Typography-module_root__1WutS Typography-module_boldL__1Nilz Typography-module_responsive__3lKqJ\" data-test-hook=\"@hpstellar\/core\/typography\">Possibilit\u00e9 de s\u00e9lection 305<\/p>\n<\/div>\n<\/div>\n<\/div>\n<\/div>\n<\/div>\n<\/div>\n<\/section>\n<\/div>\n<\/div>\n<\/div>\n","protected":false},"excerpt":{"rendered":"<p>Cartouche d\u2019encre noire HP 305 authentique SP\u00c9CIFICATIONS TECHNIQUES Technologie d\u2019impression Jet d\u2019encre thermique HP Couleur Noir Rendement de pages 120<\/p>\n","protected":false},"featured_media":13633,"comment_status":"open","ping_status":"closed","template":"","meta":[],"product_brand":[110],"product_cat":[182],"product_tag":[],"class_list":{"0":"post-13632","1":"product","2":"type-product","3":"status-publish","4":"has-post-thumbnail","6":"product_brand-hp","7":"product_cat-consommables","9":"first","10":"instock","11":"shipping-taxable","12":"purchasable","13":"product-type-simple"},"_links":{"self":[{"href":"https:\/\/gautierinformatique.com\/index.php?rest_route=\/wp\/v2\/product\/13632","targetHints":{"allow":["GET"]}}],"collection":[{"href":"https:\/\/gautierinformatique.com\/index.php?rest_route=\/wp\/v2\/product"}],"about":[{"href":"https:\/\/gautierinformatique.com\/index.php?rest_route=\/wp\/v2\/types\/product"}],"replies":[{"embeddable":true,"href":"https:\/\/gautierinformatique.com\/index.php?rest_route=%2Fwp%2Fv2%2Fcomments&post=13632"}],"version-history":[{"count":1,"href":"https:\/\/gautierinformatique.com\/index.php?rest_route=\/wp\/v2\/product\/13632\/revisions"}],"predecessor-version":[{"id":13634,"href":"https:\/\/gautierinformatique.com\/index.php?rest_route=\/wp\/v2\/product\/13632\/revisions\/13634"}],"wp:featuredmedia":[{"embeddable":true,"href":"https:\/\/gautierinformatique.com\/index.php?rest_route=\/wp\/v2\/media\/13633"}],"wp:attachment":[{"href":"https:\/\/gautierinformatique.com\/index.php?rest_route=%2Fwp%2Fv2%2Fmedia&parent=13632"}],"wp:term":[{"taxonomy":"product_brand","embeddable":true,"href":"https:\/\/gautierinformatique.com\/index.php?rest_route=%2Fwp%2Fv2%2Fproduct_brand&post=13632"},{"taxonomy":"product_cat","embeddable":true,"href":"https:\/\/gautierinformatique.com\/index.php?rest_route=%2Fwp%2Fv2%2Fproduct_cat&post=13632"},{"taxonomy":"product_tag","embeddable":true,"href":"https:\/\/gautierinformatique.com\/index.php?rest_route=%2Fwp%2Fv2%2Fproduct_tag&post=13632"}],"curies":[{"name":"wp","href":"https:\/\/api.w.org\/{rel}","templated":true}]}}