{"id":13672,"date":"2025-10-10T16:47:48","date_gmt":"2025-10-10T16:47:48","guid":{"rendered":"https:\/\/gautierinformatique.com\/?post_type=product&#038;p=13672"},"modified":"2025-10-10T16:49:02","modified_gmt":"2025-10-10T16:49:02","slug":"workstation-lenovo-thinkpad-p16-gen-2-edition-2024","status":"publish","type":"product","link":"https:\/\/gautierinformatique.com\/?product=workstation-lenovo-thinkpad-p16-gen-2-edition-2024","title":{"rendered":"Workstation LENOVO ThinkPad P16 Gen 2 \u00c9dition (2024)"},"content":{"rendered":"<p>Workstation LENOVO ThinkPad P16 Gen 2 \u00c9dition (2024)<br \/>\nCore i9-13950HX vPro (24-Coeurs 32-Threads 2.3GHz \/5.5GHz Turbo &#8211; Cache 36Mo)<br \/>\nEcran 16&Prime; WUXGA (1920&#215;1200), IPS 100\u00a0% sRGB, 400nits, 60Hz,<br \/>\nRam 32Go DDR5 5600MT\/s &#8211; SSD M.2 PCIe NVMe Gen 4 2280 de 1To<br \/>\nNVIDIA\u00ae RTX 2000 ADA d\u00e9di\u00e9e 8Go GDDR6<br \/>\nClavier Fran\u00e7ais r\u00e9tro\u00e9clair\u00e9<br \/>\nWindow 11 Professionnel<br \/>\nNEUF DANS LE CARTON<\/p>\n","protected":false},"excerpt":{"rendered":"<p>Workstation LENOVO ThinkPad P16 Gen 2 \u00c9dition (2024) Core i9-13950HX vPro (24-Coeurs 32-Threads 2.3GHz \/5.5GHz Turbo &#8211; Cache 36Mo) Ecran<\/p>\n","protected":false},"featured_media":13679,"comment_status":"open","ping_status":"closed","template":"","meta":[],"product_brand":[],"product_cat":[142],"product_tag":[],"class_list":{"0":"post-13672","1":"product","2":"type-product","3":"status-publish","4":"has-post-thumbnail","6":"product_cat-gaming-laptops","8":"first","9":"instock","10":"shipping-taxable","11":"purchasable","12":"product-type-simple"},"_links":{"self":[{"href":"https:\/\/gautierinformatique.com\/index.php?rest_route=\/wp\/v2\/product\/13672","targetHints":{"allow":["GET"]}}],"collection":[{"href":"https:\/\/gautierinformatique.com\/index.php?rest_route=\/wp\/v2\/product"}],"about":[{"href":"https:\/\/gautierinformatique.com\/index.php?rest_route=\/wp\/v2\/types\/product"}],"replies":[{"embeddable":true,"href":"https:\/\/gautierinformatique.com\/index.php?rest_route=%2Fwp%2Fv2%2Fcomments&post=13672"}],"version-history":[{"count":1,"href":"https:\/\/gautierinformatique.com\/index.php?rest_route=\/wp\/v2\/product\/13672\/revisions"}],"predecessor-version":[{"id":13682,"href":"https:\/\/gautierinformatique.com\/index.php?rest_route=\/wp\/v2\/product\/13672\/revisions\/13682"}],"wp:featuredmedia":[{"embeddable":true,"href":"https:\/\/gautierinformatique.com\/index.php?rest_route=\/wp\/v2\/media\/13679"}],"wp:attachment":[{"href":"https:\/\/gautierinformatique.com\/index.php?rest_route=%2Fwp%2Fv2%2Fmedia&parent=13672"}],"wp:term":[{"taxonomy":"product_brand","embeddable":true,"href":"https:\/\/gautierinformatique.com\/index.php?rest_route=%2Fwp%2Fv2%2Fproduct_brand&post=13672"},{"taxonomy":"product_cat","embeddable":true,"href":"https:\/\/gautierinformatique.com\/index.php?rest_route=%2Fwp%2Fv2%2Fproduct_cat&post=13672"},{"taxonomy":"product_tag","embeddable":true,"href":"https:\/\/gautierinformatique.com\/index.php?rest_route=%2Fwp%2Fv2%2Fproduct_tag&post=13672"}],"curies":[{"name":"wp","href":"https:\/\/api.w.org\/{rel}","templated":true}]}}