{"id":13820,"date":"2025-10-22T11:05:44","date_gmt":"2025-10-22T11:05:44","guid":{"rendered":"https:\/\/gautierinformatique.com\/?post_type=product&#038;p=13820"},"modified":"2025-10-22T11:06:25","modified_gmt":"2025-10-22T11:06:25","slug":"modele-15-fa2013dx-serie-victus-gaming","status":"publish","type":"product","link":"https:\/\/gautierinformatique.com\/?product=modele-15-fa2013dx-serie-victus-gaming","title":{"rendered":"Mod\u00e8le : 15-fa2013dx S\u00e9rie : VICTUS GAMING"},"content":{"rendered":"<p>Mod\u00e8le : 15-fa2013dx<br \/>\nS\u00e9rie : VICTUS GAMING<br \/>\nProcesseur : Intel Core i5 13420H (E-Core max. 3,40 GHz, P-Core max. 4,60 GHz avec Turbo Boost, 8 c\u0153urs, 12 threads, 12 Mo de cache)<br \/>\nCarte graphique : NVIDIA GeForce RTX 3050 GPU pour ordinateur portable (6 Go GDDR6 d\u00e9di\u00e9s)<br \/>\n\u00c9cran : 15,6 pouces 144 Hz FHD (1920 x 1080) IPS LED, antireflet 300 nits<\/p>\n<p>Dje Bi poin trazie Gautier, [21\/10\/2025 20:36]<br \/>\nMod\u00e8le : 15-fa2013dx S\u00e9rie : VICTUS GAMING Processeur : Intel Core i5 13420H (E-Core max. 3,40 GHz, P-Core max. 4,60 GHz avec Turbo Boost, 8 c\u0153urs, 12 threads, 12 Mo de cache) Carte graphique : NVIDIA GeForce RTX 3050 GPU pour ordinateur portable (6 Go GDDR6 d\u00e9di\u00e9s) \u00c9cran : 15,6 pouces 144 Hz FHD (1920 x 1080) IPS LED, antireflet 300 nits M\u00e9moire vive install\u00e9e : 32Go de m\u00e9moire vive DDR4-3200 Stockage principal : SSD PCIe Gen4 NVMe TLC M.2 de 1TO Syst\u00e8me d\u2019exploitation : Windows 11 Pro Clavier : pleine taille r\u00e9tro\u00e9clair\u00e9 gris pierre de lune avec pav\u00e9 num\u00e9rique Ports : 2 x USB-A 5 Gbps (1 avec HP Sleep and Charge) | 1 x USB-C 5 Gbps (DP 1.4a, HP Sleep and Charge) | 1 x HDMI 2.1 | 1 x RJ-45 | 1 x broche intelligente CA | 1 x Cam\u00e9ra : HP Wide Vision 720p HD, r\u00e9duction du bruit temporel, micro double array Sans fil : Realtek Wi-Fi 6 (2\u00d72) Bluetooth : 5.4 Poids : 2,29 kg Batterie : 3 cellules, 52,5 Wh Li-ion polym\u00e8re Alimentation : adaptateur 120 W Couleur du produit : Argent mica Dimensions de l\u2019emballage (L x P x H) : 2,71 x 20,47 x 12 pouces \u00c9cran tactile : Non Sans scintillement : Oui Batterie : 4 cellules, 70 Wh Li-ion polym\u00e8re<\/p>\n<p>Neuf scell\u00e9s<br \/>\nClavier anglais<br \/>\nJ\u2019ai deux pi\u00e8ces disponibles<\/p>\n","protected":false},"excerpt":{"rendered":"<h2>HP VICTUS 15-fa2013dx Gaming Laptop \u2013 Intel Core i5 -13420H-13\u00e8 Gen 32Go DDR4 3600 Mhz\/1TOGo SSD NVme, Ecran 15.6 Pouces FHD 144Hz \u2013 NVIDIA GeForce RTX 3050 6GB<\/h2>\n<p><strong>Mod\u00e8le<\/strong>\u00a0: 15-fa2013dx<br \/>\n<strong>S\u00e9rie<\/strong>\u00a0: VICTUS GAMING<br \/>\n<strong>Processeur<\/strong>\u00a0: Intel Core i5 13420H (E-Core max. 3,40 GHz, P-Core max. 4,60 GHz avec Turbo Boost, 8 c\u0153urs, 12 threads, 12 Mo de cache)<br \/>\n<strong>Carte graphique<\/strong>\u00a0: NVIDIA GeForce RTX 3050 GPU pour ordinateur portable (6 Go GDDR6 d\u00e9di\u00e9s)<br \/>\n<strong>\u00c9cran<\/strong>\u00a0: 15,6 pouces 144 Hz FHD (1920 x 1080) IPS LED, antireflet 300 nits<br \/>\n<strong>M\u00e9moire vive install\u00e9e<\/strong> : 32Go de m\u00e9moire vive DDR4-3200<br \/>\n<strong>Stockage principal<\/strong> : SSD PCIe Gen4 NVMe TLC M.2 de 1to Go<br \/>\n<strong>Syst\u00e8me d\u2019exploitation<\/strong>\u00a0: Windows 11 Pro<br \/>\n<strong>Clavier<\/strong>\u00a0: pleine taille r\u00e9tro\u00e9clair\u00e9 gris pierre de lune avec pav\u00e9 num\u00e9rique<br \/>\n<strong>Ports<\/strong>\u00a0: 2 x USB-A 5 Gbps (1 avec HP Sleep and Charge) | 1 x USB-C 5 Gbps (DP 1.4a, HP Sleep and Charge) | 1 x HDMI 2.1 | 1 x RJ-45 | 1 x broche intelligente CA | 1 x<br \/>\n<strong>Cam\u00e9ra<\/strong>\u00a0: HP Wide Vision 720p HD, r\u00e9duction du bruit temporel, micro double array<br \/>\n<strong>Sans fil<\/strong>\u00a0: Realtek Wi-Fi 6 (2\u00d72)<br \/>\n<strong>Bluetooth<\/strong>\u00a0: 5.4<br \/>\n<strong>Poids<\/strong>\u00a0: 2,29 kg<br \/>\n<strong>Batterie<\/strong>\u00a0: 3 cellules, 52,5 Wh Li-ion polym\u00e8re<br \/>\n<strong>Alimentation<\/strong>\u00a0: adaptateur 120 W<br \/>\n<strong>Couleur du produit<\/strong>\u00a0: Argent mica<br \/>\n<strong>Dimensions de l\u2019emballage<\/strong>\u00a0(L x P x H) : 2,71 x 20,47 x 12 pouces<br \/>\n<strong>\u00c9cran tactile<\/strong>\u00a0: Non<br \/>\n<strong>Sans scintillement<\/strong>\u00a0: Oui<br \/>\n<strong>Batterie<\/strong>\u00a0: 4 cellules, 70 Wh Li-ion polym\u00e8re<\/p>\n","protected":false},"featured_media":13822,"comment_status":"open","ping_status":"closed","template":"","meta":[],"product_brand":[110],"product_cat":[142],"product_tag":[],"class_list":{"0":"post-13820","1":"product","2":"type-product","3":"status-publish","4":"has-post-thumbnail","6":"product_brand-hp","7":"product_cat-gaming-laptops","9":"first","10":"instock","11":"shipping-taxable","12":"purchasable","13":"product-type-simple"},"_links":{"self":[{"href":"https:\/\/gautierinformatique.com\/index.php?rest_route=\/wp\/v2\/product\/13820","targetHints":{"allow":["GET"]}}],"collection":[{"href":"https:\/\/gautierinformatique.com\/index.php?rest_route=\/wp\/v2\/product"}],"about":[{"href":"https:\/\/gautierinformatique.com\/index.php?rest_route=\/wp\/v2\/types\/product"}],"replies":[{"embeddable":true,"href":"https:\/\/gautierinformatique.com\/index.php?rest_route=%2Fwp%2Fv2%2Fcomments&post=13820"}],"version-history":[{"count":1,"href":"https:\/\/gautierinformatique.com\/index.php?rest_route=\/wp\/v2\/product\/13820\/revisions"}],"predecessor-version":[{"id":13824,"href":"https:\/\/gautierinformatique.com\/index.php?rest_route=\/wp\/v2\/product\/13820\/revisions\/13824"}],"wp:featuredmedia":[{"embeddable":true,"href":"https:\/\/gautierinformatique.com\/index.php?rest_route=\/wp\/v2\/media\/13822"}],"wp:attachment":[{"href":"https:\/\/gautierinformatique.com\/index.php?rest_route=%2Fwp%2Fv2%2Fmedia&parent=13820"}],"wp:term":[{"taxonomy":"product_brand","embeddable":true,"href":"https:\/\/gautierinformatique.com\/index.php?rest_route=%2Fwp%2Fv2%2Fproduct_brand&post=13820"},{"taxonomy":"product_cat","embeddable":true,"href":"https:\/\/gautierinformatique.com\/index.php?rest_route=%2Fwp%2Fv2%2Fproduct_cat&post=13820"},{"taxonomy":"product_tag","embeddable":true,"href":"https:\/\/gautierinformatique.com\/index.php?rest_route=%2Fwp%2Fv2%2Fproduct_tag&post=13820"}],"curies":[{"name":"wp","href":"https:\/\/api.w.org\/{rel}","templated":true}]}}