{"id":13887,"date":"2025-10-30T10:13:31","date_gmt":"2025-10-30T10:13:31","guid":{"rendered":"https:\/\/gautierinformatique.com\/?post_type=product&#038;p=13887"},"modified":"2025-10-30T10:14:22","modified_gmt":"2025-10-30T10:14:22","slug":"%f0%9f%92%bb-macbook-air-2025-silver-azerty","status":"publish","type":"product","link":"https:\/\/gautierinformatique.com\/?product=%f0%9f%92%bb-macbook-air-2025-silver-azerty","title":{"rendered":"\ud83d\udcbb MACBOOK AIR 2025 \u2013 SILVER | AZERTY"},"content":{"rendered":"<p>\ud83d\udcbb MACBOOK AIR 2025 \u2013 SILVER | AZERTY | NEUF SANS CARTON \ud83c\uddfa\ud83c\uddf8<\/p>\n<p>\ud83d\udd39 Caract\u00e9ristiques techniques :<br \/>\n\u2699 Processeur 10 c\u0153urs \u2013 Carte graphique 8 c\u0153urs<br \/>\n\u26a1 16 Go de m\u00e9moire unifi\u00e9e<br \/>\n\ud83d\udcbe 256 Go SSD ultrarapide<br \/>\n\ud83e\udde0 Neural Engine 16 c\u0153urs (intelligence optimis\u00e9e)<br \/>\n\ud83d\udda5 \u00c9cran Liquid Retina 13,6\u201d avec True Tone<br \/>\n\ud83d\udcf8 Cam\u00e9ra 12MP avec Center Stage (suivi automatique du visage)<br \/>\n\ud83d\udd0c Port MagSafe 3 + 2 ports Thunderbolt 4<br \/>\n\ud83d\udda5 Prise en charge de deux \u00e9crans externes<br \/>\n\u2328 Clavier Magic Keyboard AZERTY avec Touch ID<br \/>\n\ud83d\uddb1 Trackpad Force Touch pr\u00e9cis et fluide<br \/>\n\ud83d\udd0b Adaptateur secteur USB-C 30 W inclus<\/p>\n","protected":false},"excerpt":{"rendered":"<p>Poids plume. Puissance M3.Le Mac Book Air vous permet de travailler, de jouer et de tout faire comme jamais. Et gr\u00e2ce \u00e0 la puce M3, l&rsquo;ordina\u00c2\u00adteur portable le plus populaire au monde gagne encore en capacit\u00e9s. Le Mac Book Air est con\u00e7u pour Apple Intelligence, qui vous aide \u00e0 vous exprimer et \u00e0 en faire plus sans effort.<\/p>\n<p>Et avec une autonomie allant jusqu&rsquo;\u00e0 18 heures, il est taill\u00e9 pour vous suivre n&rsquo;importe o\u00f9 et dans toutes vos activit\u00e9s.Con\u00e7u pour aller loin. Et partout.Ultra-l\u00e9ger, le Mac Book Air mesure \u00e0 peine plus d&rsquo;un centim\u00e8tre d&rsquo;\u00e9paisseur. Il trouve facilement sa place dans votre vie et il est con\u00e7u avec la plan\u00e8te en t\u00eate.<\/p>\n<p>Le Mac Book Air avec puce M3 est compos\u00e9 \u00e0 50 % de mat\u00e9riaux recycl\u00e9s \u00b7 une premi\u00e8re pour Apple. Et comme tous les ordinateurs portables Mac Book Air, il est constitu\u00e9 d&rsquo;un bo\u00eetier r\u00e9sistant en aluminium recycl\u00e9.Deux formats parfaitement portables.Deux formats parfaitement portables. Le mod\u00e8le 13 pouces atteint des sommets en termes de portabilit\u00e9.<\/p>\n<p>Et le mod\u00e8le 15 pouces int\u00e8gre un \u00e9cran plus grand pour que vous puissiez faire plus de choses \u00e0 la fois2.Quatre finitions sublimes.Quatre finitions sublimes. Pour la couleur, les options qui s&rsquo;offrent \u00e0 vous rivalisent d&rsquo;\u00e9l\u00e9gance. Et chacune s&rsquo;accompagne d&rsquo;un c\u00e2ble de charge Mag Safe assorti.Sa puce se charge de tout.D\u00e8s l&rsquo;instant o\u00f9 vous l&rsquo;ouvrez, votre Mac Book Air est d\u00e9j\u00e0 pr\u00eat \u00e0 tout.<\/p>\n<p>Et quelle que soit la charge de travail que vous lui imposez, il reste silencieux gr\u00e2ce \u00e0 son design sans ventilateur. Vous pouvez utiliser plusieurs apps \u00e0 la fois, monter des vid\u00e9os dans iMovie ou m\u00eame profiter de Baldur&rsquo;s Gate 3 en mode Jeu, la puce M3 vous offre toute la rapidit\u00e9 et la fluidit\u00e9 dont vous avez besoin.Le Mac Book Air avec puce M3 exploite toute la puissance du Neural Engine pour l&rsquo;IA et permet \u00e0 macOS d&rsquo;offrir des fonctionnalit\u00e9s intelligentes qui boostent la productivit\u00e9 et la cr\u00e9ativit\u00e9, notamment pour l&rsquo;appareil photo, la dict\u00e9e en temps r\u00e9el et la compr\u00e9hension visuelle.Le vaste \u00e9cosyst\u00e8me d&rsquo;apps vous donne acc\u00e8s \u00e0 des fonctionnalit\u00e9s d&rsquo;IA avanc\u00e9es pour faire toutes sortes de choses, comme rep\u00e9rer des erreurs \u00e0 l&rsquo;aide d&rsquo;Assistant maths avec IA dans Goodnotes, am\u00e9liorer automatiquement des photos dans Pixelmator Pro ou supprimer le bruit de fond d&rsquo;une vid\u00e9o dans Cap Cut.Toute une journ\u00e9e sans recharger.<\/p>\n<p>Le Mac Book Air avec puce M2 et le Mac Book Air avec puce M3 offrent jusqu&rsquo;\u00e0 18 heures d&rsquo;autonomie. Vous pouvez donc laisser le chargeur \u00e0 la maison.Vous d\u00e9couvrez le Mac ?Si vous aimez l&rsquo;iPhone, vous allez adorer le Mac. Le Mac est con\u00e7u pour \u00eatre aussi facile \u00e0 ma\u00eetriser que l&rsquo;iPhone.<\/p>\n<p>Et vous pouvez les utiliser ensemble pour copier-coller du texte de votre t\u00e9l\u00e9phone vers votre Mac, chatter avec vos proches dans Messages ou encore retrouver un appareil avec Localiser. Le Mac et l&rsquo;iPhone s&rsquo;entendent \u00e0 merveille.Configuration \u00e9clair.Configuration \u00e9clair. Transf\u00e9rez facilement les fichiers, apps et autres \u00e9l\u00e9ments de votre ancien PC ou Mac.<\/p>\n<p>Et si vous avez besoin d&rsquo;aide, l&rsquo;assistance Apple est toujours l\u00e0 pour vous guider par chat, par t\u00e9l\u00e9phone ou sur rendez-vous en magasin.Vos fichiers \u00e0 port\u00e9e de main avec iCloud.Vos fichiers \u00e0 port\u00e9e de main avec iCloud. iCloud vous permet de stocker l&rsquo;ensemble de vos photos, contacts et documents, et d&rsquo;y acc\u00e9der depuis tous vos appareils.<\/p>\n<p>Vous pouvez, par exemple, commencer une liste de t\u00e2ches sur votre iPhone, puis cocher les \u00e9l\u00e9ments sur votre Mac Book Air.Apps puissantes int\u00e9gr\u00e9es.Apps puissantes int\u00e9gr\u00e9es. Le Mac int\u00e8gre des apps telles que Face Time, Freeform, Photos et Keynote, qui vous permettent d&rsquo;exprimer votre cr\u00e9ativit\u00e9 ou de r\u00e9fl\u00e9chir \u00e0 plusieurs sur un grand projet.Le Mac est con\u00e7u pour durer.Le Mac est con\u00e7u pour durer.<\/p>\n<p>\u00c9quip\u00e9s d&rsquo;un bo\u00eetier r\u00e9sistant en aluminium recycl\u00e9, les ordinateurs portables Mac sont pr\u00eats \u00e0 relever tous les d\u00e9fis. Et les mises \u00e0 jour logicielles gratuites de macOS garan\u00adtissent la s\u00e9curit\u00e9 et le fonctionnement optimal de votre Mac ann\u00e9e apr\u00e8s ann\u00e9e.Oui, le Mac fait tout \u00e7a.Oui, le Mac fait tout \u00e7a. Et pas seulement le Mac Book Air.<\/p>\n<p>Chaque Mac est con\u00e7u pour allier puissance et simplicit\u00e9. Et vous \u00e9blouir.<\/p>\n","protected":false},"featured_media":13891,"comment_status":"open","ping_status":"closed","template":"","meta":[],"product_brand":[105],"product_cat":[155],"product_tag":[],"class_list":{"0":"post-13887","1":"product","2":"type-product","3":"status-publish","4":"has-post-thumbnail","6":"product_brand-apple","7":"product_cat-apple","9":"first","10":"instock","11":"sale","12":"shipping-taxable","13":"purchasable","14":"product-type-simple"},"_links":{"self":[{"href":"https:\/\/gautierinformatique.com\/index.php?rest_route=\/wp\/v2\/product\/13887","targetHints":{"allow":["GET"]}}],"collection":[{"href":"https:\/\/gautierinformatique.com\/index.php?rest_route=\/wp\/v2\/product"}],"about":[{"href":"https:\/\/gautierinformatique.com\/index.php?rest_route=\/wp\/v2\/types\/product"}],"replies":[{"embeddable":true,"href":"https:\/\/gautierinformatique.com\/index.php?rest_route=%2Fwp%2Fv2%2Fcomments&post=13887"}],"version-history":[{"count":2,"href":"https:\/\/gautierinformatique.com\/index.php?rest_route=\/wp\/v2\/product\/13887\/revisions"}],"predecessor-version":[{"id":13893,"href":"https:\/\/gautierinformatique.com\/index.php?rest_route=\/wp\/v2\/product\/13887\/revisions\/13893"}],"wp:featuredmedia":[{"embeddable":true,"href":"https:\/\/gautierinformatique.com\/index.php?rest_route=\/wp\/v2\/media\/13891"}],"wp:attachment":[{"href":"https:\/\/gautierinformatique.com\/index.php?rest_route=%2Fwp%2Fv2%2Fmedia&parent=13887"}],"wp:term":[{"taxonomy":"product_brand","embeddable":true,"href":"https:\/\/gautierinformatique.com\/index.php?rest_route=%2Fwp%2Fv2%2Fproduct_brand&post=13887"},{"taxonomy":"product_cat","embeddable":true,"href":"https:\/\/gautierinformatique.com\/index.php?rest_route=%2Fwp%2Fv2%2Fproduct_cat&post=13887"},{"taxonomy":"product_tag","embeddable":true,"href":"https:\/\/gautierinformatique.com\/index.php?rest_route=%2Fwp%2Fv2%2Fproduct_tag&post=13887"}],"curies":[{"name":"wp","href":"https:\/\/api.w.org\/{rel}","templated":true}]}}