{"id":14009,"date":"2025-11-06T11:42:22","date_gmt":"2025-11-06T11:42:22","guid":{"rendered":"https:\/\/gautierinformatique.com\/?post_type=product&#038;p=14009"},"modified":"2025-11-06T11:44:02","modified_gmt":"2025-11-06T11:44:02","slug":"asus-rog-g713p-ryzen9","status":"publish","type":"product","link":"https:\/\/gautierinformatique.com\/?product=asus-rog-g713p-ryzen9","title":{"rendered":"Asus ROG G713P Ryzen9"},"content":{"rendered":"<p>Asus ROG G713P<br \/>\nRyzen9<br \/>\n32Go ram<br \/>\n1tera SSD stockage<br \/>\n\u00c9cran 17 pouces<br \/>\nRTX Nvidia GeForce 4060 de 8Go<br \/>\nWindows 11 home fran\u00e7ais<br \/>\nClavier fran\u00e7ais\u00a0r\u00e9tro\u00a0\u00e9clair\u00e9<\/p>\n","protected":false},"excerpt":{"rendered":"<div id=\"aplus_feature_div\" class=\"celwidget pd_rd_w-nxA80 pd_rd_r-M1RN3BX5WV54DYGC7J18 pd_rd_wg-Y49ga\" data-feature-name=\"aplus\" data-csa-c-type=\"widget\" data-csa-c-content-id=\"aplus\" data-csa-c-slot-id=\"aplus_feature_div\" data-csa-c-asin=\"\" data-csa-c-is-in-initial-active-row=\"false\" data-csa-c-id=\"h8envc-aemrps-ivfgzi-prgneu\" data-cel-widget=\"aplus_feature_div\">\n<div id=\"aplus\" class=\"a-section a-spacing-large bucket\">\n<div lang=\"fr_FR\">\n<div class=\"aplus-v2 desktop celwidget\" data-csa-c-id=\"94r0jz-zc4kqg-tuo4tl-k4vakm\" data-cel-widget=\"aplus\">\n<div class=\"celwidget aplus-module module-12 aplus-standard\" data-csa-c-id=\"i2xpvh-mwjebt-aeyob7-i8j8ml\" data-cel-widget=\"aplus-module-12\">\n<div class=\"aplus-module-wrapper apm-spacing apm-floatnone apm-fixed-width\">\n<div class=\"apm-sidemodule aplus-module-content\">\n<div class=\"apm-hero-image\"><img decoding=\"async\" class=\"\" src=\"https:\/\/m.media-amazon.com\/images\/S\/aplus-media-library-service-media\/013ed55d-3571-4b7e-94c8-bd9ef4777988.__CR0,0,970,300_PT0_SX970_V1___.png\" alt=\"Asus Rog Strix, Pc portable, Ordinateur portable, Gaming, RGB Pc gameur \" data-src=\"https:\/\/m.media-amazon.com\/images\/S\/aplus-media-library-service-media\/013ed55d-3571-4b7e-94c8-bd9ef4777988.__CR0,0,970,300_PT0_SX970_V1___.png\" \/><\/div>\n<\/div>\n<\/div>\n<div><\/div>\n<\/div>\n<div class=\"celwidget aplus-module module-9 aplus-standard\" data-csa-c-id=\"a6hi82-b0d9iy-rdece4-kuk1em\" data-cel-widget=\"aplus-module-9\">\n<div class=\"aplus-module-wrapper apm-fixed-width apm-spacing\">\n<div class=\"apm-flex\">\n<div class=\"apm-flex-item-third-width\">\n<p class=\"apm-text-center\"><img decoding=\"async\" class=\"a-spacing-mini\" src=\"https:\/\/m.media-amazon.com\/images\/S\/aplus-media-library-service-media\/dd546998-0ca4-4c01-9dfc-38e115b63573.__CR0,0,300,300_PT0_SX300_V1___.jpg\" alt=\"Asus Rog Strix, Pc portable, Ordinateur portable, Gaming, RGB Pc gameur \" data-src=\"https:\/\/m.media-amazon.com\/images\/S\/aplus-media-library-service-media\/dd546998-0ca4-4c01-9dfc-38e115b63573.__CR0,0,300,300_PT0_SX300_V1___.jpg\" \/><\/p>\n<p>&nbsp;<\/p>\n<ul class=\"a-unordered-list a-vertical\">\n<li><span class=\"a-list-item\">Jusqu&rsquo;\u00e0 un processeur AMD Ryzen 9 7945HX et jusqu&rsquo;\u00e0 une carte graphique pour ordinateur portable NVIDIA GeForce RTX 4070<\/span><\/li>\n<li><span class=\"a-list-item\">Jusqu&rsquo;\u00e0 une carte graphique pour ordinateur portable NVIDIA GeForce RTX 4070 avec une TGP maximale de 140 W, DLSS 3 et NVIDIA Advanced Optimus<\/span><\/li>\n<li><span class=\"a-list-item\">Refroidissement intelligent ROG avec un compos\u00e9 thermique \u00e0 base de m\u00e9tal liquide Conductonaut Extreme sur le CPU<\/span><\/li>\n<li><span class=\"a-list-item\">Jeu fluide et rapide avec un \u00e9cran FHD 144 Hz<\/span><\/li>\n<li><span class=\"a-list-item\">Prise en charge de Dolby Vision et Dolby Atmos pour un contenu immersif<\/span><\/li>\n<\/ul>\n<p>&nbsp;<\/p>\n<p>.<\/p>\n<\/div>\n<div class=\"apm-flex-item-third-width\">\n<p class=\"apm-text-center\"><img decoding=\"async\" class=\"a-spacing-mini\" src=\"https:\/\/m.media-amazon.com\/images\/S\/aplus-media-library-service-media\/315bcd86-04a2-4369-8d2d-b4bb804f2820.__CR0,0,300,300_PT0_SX300_V1___.jpg\" alt=\"ASUS ROG STRIX G17 (G713) PC Portable Gamer 17&amp;#39;\" data-src=\"https:\/\/m.media-amazon.com\/images\/S\/aplus-media-library-service-media\/315bcd86-04a2-4369-8d2d-b4bb804f2820.__CR0,0,300,300_PT0_SX300_V1___.jpg\" \/><\/p>\n<h4 class=\"a-spacing-mini\">Optimisez votre puissance de jeu.<\/h4>\n<p>Profitez de la puissance de Ryzen avec le processeur AMD Ryzen 9 7945HX. Ce processeur phare offre des performances incroyables en mono-thread, essentielles pour une exp\u00e9rience de jeu fluide. Lorsque vous avez besoin de diffuser ou d&rsquo;enregistrer votre gameplay, les 16 c\u0153urs et 32 threads peuvent \u00e9galement montrer leur puissance multi-thread sans aucun probl\u00e8me. Peu importe comment vous pr\u00e9voyez de jouer, l&rsquo;AMD Ryzen 9 7945HX est l\u00e0 pour vous soutenir. Les composants de haut niveau n\u00e9cessitent de la puissance, surtout en ce qui concerne les GPU de pointe. C&rsquo;est pourquoi nous avons \u00e9quip\u00e9 le Strix G17 d&rsquo;une TGP maximale de 140 W avec Dynamic Boost pour le GPU NVIDIA GeForce RTX 4070 pour ordinateur portable. Des limites de puissance plus \u00e9lev\u00e9es d\u00e9bloquent encore plus de performances de ce silicium de pointe, garantissant une exp\u00e9rience de jeu absolument exceptionnelle.<\/p>\n<\/div>\n<div class=\"apm-flex-item-third-width\">\n<p class=\"apm-text-center\"><img decoding=\"async\" class=\"a-spacing-mini\" src=\"https:\/\/m.media-amazon.com\/images\/S\/aplus-media-library-service-media\/e74d97cf-997f-4adc-84cb-d5f414719a90.__CR0,0,300,300_PT0_SX300_V1___.jpg\" alt=\"Asus Rog Strix, Pc portable, Ordinateur portable, Gaming, RGB Pc gameur \" data-src=\"https:\/\/m.media-amazon.com\/images\/S\/aplus-media-library-service-media\/e74d97cf-997f-4adc-84cb-d5f414719a90.__CR0,0,300,300_PT0_SX300_V1___.jpg\" \/><\/p>\n<h4 class=\"a-spacing-mini\">Refroidissement intelligent ROG<\/h4>\n<p>Les composants de jeu haut de gamme g\u00e9n\u00e8rent de la chaleur, ce qui peut avoir un impact sur les performances et les niveaux sonores. Le Strix G17 utilise le refroidissement intelligent ROG pour maintenir les temp\u00e9ratures sous contr\u00f4le. Le conductonaut Extreme, un m\u00e9tal liquide, est utilis\u00e9 sur le CPU pour commencer le processus, ce qui permet de r\u00e9duire les temp\u00e9ratures jusqu&rsquo;\u00e0 15\u00b0 Celsius par rapport aux p\u00e2tes thermiques traditionnelles. Quatre sorties d&rsquo;air assurent que l&rsquo;ordinateur portable puisse se d\u00e9barrasser de la chaleur excessive de la mani\u00e8re la plus efficace possible.<\/p>\n<\/div>\n<\/div>\n<\/div>\n<div><\/div>\n<\/div>\n<div class=\"celwidget aplus-module module-9 aplus-standard\" data-csa-c-id=\"gyuzme-u0gkwd-c1vdvx-9356tq\" data-cel-widget=\"aplus-module-9\">\n<div class=\"aplus-module-wrapper apm-fixed-width apm-spacing\">\n<div class=\"apm-flex\">\n<div class=\"apm-flex-item-third-width\">\n<p class=\"apm-text-center\"><img decoding=\"async\" class=\"a-spacing-mini\" src=\"https:\/\/m.media-amazon.com\/images\/S\/aplus-media-library-service-media\/bcb28802-9ff1-42cd-b193-d6ac3ba8afe6.__CR0,0,300,300_PT0_SX300_V1___.jpg\" alt=\"Asus Rog Strix, Pc portable, Ordinateur portable Gaming, Gmaeur, RGB\" data-src=\"https:\/\/m.media-amazon.com\/images\/S\/aplus-media-library-service-media\/bcb28802-9ff1-42cd-b193-d6ac3ba8afe6.__CR0,0,300,300_PT0_SX300_V1___.jpg\" \/><\/p>\n<h4 class=\"a-spacing-mini\">Sous les radars<\/h4>\n<p>L&rsquo;option de couleur Eclipse Gray permet de garder le v\u00e9ritable potentiel de votre ordinateur portable discret, permettant \u00e0 cette machine de jeu de se fondre dans la foule lorsque vous \u00eates en d\u00e9placement.<\/p>\n<\/div>\n<div class=\"apm-flex-item-third-width\">\n<p class=\"apm-text-center\"><img decoding=\"async\" class=\"a-spacing-mini\" src=\"https:\/\/m.media-amazon.com\/images\/S\/aplus-media-library-service-media\/be02e8df-718c-496a-9fe0-16861e28b3f7.__CR0,0,300,300_PT0_SX300_V1___.jpg\" alt=\"ASUS ROG STRIX G17 (G713) PC Portable Gamer 17&amp;#39;\" data-src=\"https:\/\/m.media-amazon.com\/images\/S\/aplus-media-library-service-media\/be02e8df-718c-496a-9fe0-16861e28b3f7.__CR0,0,300,300_PT0_SX300_V1___.jpg\" \/><\/p>\n<h4 class=\"a-spacing-mini\">Fr\u00e9quence de comp\u00e9tition<\/h4>\n<p>En tant qu&rsquo;ordinateur de jeu sp\u00e9cialement con\u00e7u, le Strix G17 offre des options d&rsquo;\u00e9cran QHD 240 Hz et FHD 144 Hz, avec prise en charge du NVIDIA G-SYNC. Les \u00e9crans \u00e0 taux de rafra\u00eechissement \u00e9lev\u00e9 sont essentiels pour les jeux comp\u00e9titifs, ils permettent de lisser les animations et de rendre les mouvements des ennemis plus faciles \u00e0 suivre. M\u00eame dans les jeux les plus rapides, le Strix G17 peut vous aider \u00e0 rester concentr\u00e9 sur votre cible. Certains mod\u00e8les ont un temps de r\u00e9ponse de 3 ms et prennent en charge la technologie Dolby Vision HDR pour un contraste et une qualit\u00e9 d&rsquo;image exceptionnels.<\/p>\n<\/div>\n<div class=\"apm-flex-item-third-width\">\n<p class=\"apm-text-center\"><img decoding=\"async\" class=\"a-spacing-mini\" src=\"https:\/\/m.media-amazon.com\/images\/S\/aplus-media-library-service-media\/fc84dd67-b258-4f1a-b5fb-9579f203ab7c.__CR0,0,300,300_PT0_SX300_V1___.jpg\" alt=\"ASUS ROG STRIX G17 (G713) PC Portable Gamer 17&amp;#39;\" data-src=\"https:\/\/m.media-amazon.com\/images\/S\/aplus-media-library-service-media\/fc84dd67-b258-4f1a-b5fb-9579f203ab7c.__CR0,0,300,300_PT0_SX300_V1___.jpg\" \/><\/p>\n<h4 class=\"a-spacing-mini\">Communication claire comme du cristal<\/h4>\n<p>Les haut-parleurs Smart Amp associ\u00e9s au Dolby Atmos am\u00e9liorent l&rsquo;immersion spatiale avec des effets sonores plus nuanc\u00e9s et superpos\u00e9s que vous pouvez optimiser avec des modes pr\u00e9d\u00e9finis sp\u00e9cialement r\u00e9gl\u00e9s pour les films et les jeux. L&rsquo;audio Hi-Res garantit une qualit\u00e9 sonore optimale lorsque vous \u00e9coutez avec des \u00e9couteurs. La technologie de suppression du bruit AI filtre \u00e0 la fois le son entrant et sortant, garantissant une communication d&rsquo;une clart\u00e9 cristalline, m\u00eame en pr\u00e9sence de bruit de fond. Ne manquez plus jamais un appel important.<\/p>\n<\/div>\n<\/div>\n<\/div>\n<div><\/div>\n<\/div>\n<div class=\"celwidget aplus-module module-9 aplus-standard\" data-csa-c-id=\"7po3c1-8ji4dy-la2sur-a5rtw2\" data-cel-widget=\"aplus-module-9\">\n<div class=\"aplus-module-wrapper apm-fixed-width apm-spacing\">\n<div class=\"apm-flex\">\n<div class=\"apm-flex-item-third-width\">\n<p class=\"apm-text-center\"><img decoding=\"async\" class=\"a-spacing-mini\" src=\"https:\/\/m.media-amazon.com\/images\/S\/aplus-media-library-service-media\/5b6a6451-fa07-4fc8-945d-920e84ebb1d6.__CR0,0,300,300_PT0_SX300_V1___.jpg\" alt=\" \" data-src=\"https:\/\/m.media-amazon.com\/images\/S\/aplus-media-library-service-media\/5b6a6451-fa07-4fc8-945d-920e84ebb1d6.__CR0,0,300,300_PT0_SX300_V1___.jpg\" \/><\/p>\n<h4 class=\"a-spacing-mini\">Frappez avec pr\u00e9cision<\/h4>\n<p>La technologie Overstroke offre une exp\u00e9rience de travail et de jeu sublime sur le Strix G17, r\u00e9duisant l&rsquo;activation des touches et am\u00e9liorant la r\u00e9activit\u00e9. Con\u00e7u en pensant aux joueurs, il dispose de touches de fonction espac\u00e9es pour une identification intuitive et de touches de raccourci d\u00e9di\u00e9es pour un acc\u00e8s rapide aux commandes essentielles. Les touches fl\u00e9ch\u00e9es de grande taille permettent un contr\u00f4le plus pr\u00e9cis dans l&rsquo;intensit\u00e9 du combat. Un pav\u00e9 tactile g\u00e9n\u00e9reux facilite le suivi sur l&rsquo;ensemble de vos applications. L&rsquo;\u00e9clairage RGB \u00e0 4 zones vous permet de choisir parmi des millions de couleurs pour rendre le Strix G17 unique en son genre.<\/p>\n<\/div>\n<div class=\"apm-flex-item-third-width\">\n<p class=\"apm-text-center\"><img decoding=\"async\" class=\"a-spacing-mini\" src=\"https:\/\/m.media-amazon.com\/images\/S\/aplus-media-library-service-media\/9eacfd91-f5fc-4561-92f9-f14fc7b64c53.__CR0,0,300,300_PT0_SX300_V1___.jpg\" alt=\"ASUS ROG STRIX G17 (G713) PC Portable Gamer 17&amp;#39;\" data-src=\"https:\/\/m.media-amazon.com\/images\/S\/aplus-media-library-service-media\/9eacfd91-f5fc-4561-92f9-f14fc7b64c53.__CR0,0,300,300_PT0_SX300_V1___.jpg\" \/><\/p>\n<h4 class=\"a-spacing-mini\">Restez aux commandes<\/h4>\n<p>Lorsque vous avez besoin de jouer en d\u00e9placement, d\u00e9branchez-vous et faites-en plus avec une batterie haute capacit\u00e9 de 90 Wh. Profitez de jusqu&rsquo;\u00e0 12 heures de lecture vid\u00e9o sans vous soucier des prises de courant. Le Strix G prend en charge la charge rapide qui peut porter la capacit\u00e9 de votre appareil de 0 \u00e0 50% en seulement 30 minutes. Ou rechargez en d\u00e9placement avec un port USB de type C, en utilisant la batterie externe de votre choix.<\/p>\n<\/div>\n<div class=\"apm-flex-item-third-width\">\n<p class=\"apm-text-center\"><img decoding=\"async\" class=\"a-spacing-mini\" src=\"https:\/\/m.media-amazon.com\/images\/S\/aplus-media-library-service-media\/b52170e3-313f-45ea-b4e5-fe0a0893167a.__CR0,0,300,300_PT0_SX300_V1___.jpg\" alt=\"Asus Rog Strix, Pc portable, Ordinateur portable Gaming, Gmaeur, RGB\" data-src=\"https:\/\/m.media-amazon.com\/images\/S\/aplus-media-library-service-media\/b52170e3-313f-45ea-b4e5-fe0a0893167a.__CR0,0,300,300_PT0_SX300_V1___.jpg\" \/><\/p>\n<h4 class=\"a-spacing-mini\">Connectivit\u00e9 compl\u00e8te<\/h4>\n<p>Donnez de la puissance \u00e0 votre configuration avec une s\u00e9lection polyvalente de ports d&rsquo;E\/S. Cr\u00e9ez facilement une configuration multi-\u00e9crans gr\u00e2ce aux deux ports USB 3.2 de type C qui prennent tous deux en charge le DisplayPort 1.4, dont l&rsquo;un prend \u00e9galement en charge la livraison d&rsquo;alimentation USB. Deux ports USB 3.2 de type A de g\u00e9n\u00e9ration 1 sont pr\u00eats pour votre \u00e9quipement de jeu pr\u00e9f\u00e9r\u00e9, et un port LAN 1G garantit une connexion r\u00e9seau solide. Les ports cl\u00e9s sont strat\u00e9giquement positionn\u00e9s \u00e0 l&rsquo;arri\u00e8re pour \u00e9loigner les c\u00e2bles de votre main de souris.<\/p>\n<\/div>\n<\/div>\n<\/div>\n<div><\/div>\n<\/div>\n<div class=\"celwidget aplus-module 3p-module-b aplus-standard\" data-csa-c-id=\"b79bb4-ki2s24-laprxg-oal17e\" data-cel-widget=\"aplus-3p-module-b\">\n<div class=\"aplus-module-wrapper aplus-3p-fixed-width\">\n<p><img decoding=\"async\" class=\"a-spacing-base\" src=\"https:\/\/m.media-amazon.com\/images\/S\/aplus-media-library-service-media\/0a50b0ea-130b-40c3-a7fa-bd9b25f7fd0c.__CR0,0,970,600_PT0_SX970_V1___.png\" alt=\" \" data-src=\"https:\/\/m.media-amazon.com\/images\/S\/aplus-media-library-service-media\/0a50b0ea-130b-40c3-a7fa-bd9b25f7fd0c.__CR0,0,970,600_PT0_SX970_V1___.png\" \/><\/p>\n<h3 class=\"a-spacing-mini\">3 mois d&rsquo;essai au Xbox Game Pass<\/h3>\n<p class=\"a-spacing-base\">Acc\u00e8s illimit\u00e9 Jouez \u00e0 plus de 100 jeux de haute qualit\u00e9 avec vos amis sur votre PC, console, t\u00e9l\u00e9phone ou tablette, le tout pour un prix mensuel avantageux. *Avec de nouveaux jeux ajout\u00e9s en permanence, il y a toujours quelque chose de nouveau \u00e0 jouer.<\/p>\n<\/div>\n<\/div>\n<\/div>\n<\/div>\n<\/div>\n<\/div>\n<div id=\"promotions_feature_div\" class=\"celwidget pd_rd_w-89P4R pd_rd_r-M1RN3BX5WV54DYGC7J18 pd_rd_wg-Y49ga\" data-feature-name=\"promotions\" data-csa-c-type=\"widget\" data-csa-c-content-id=\"promotions\" data-csa-c-slot-id=\"promotions_feature_div\" data-csa-c-asin=\"\" data-csa-c-is-in-initial-active-row=\"false\" data-csa-c-id=\"9c5wmv-p6478o-d049f1-7150ws\" data-cel-widget=\"promotions_feature_div\"><\/div>\n<div id=\"aplusBrandStory_feature_div\" class=\"celwidget pd_rd_w-Jjeas pd_rd_r-M1RN3BX5WV54DYGC7J18 pd_rd_wg-Y49ga\" data-feature-name=\"aplusBrandStory\" data-csa-c-type=\"widget\" data-csa-c-content-id=\"aplusBrandStory\" data-csa-c-slot-id=\"aplusBrandStory_feature_div\" data-csa-c-asin=\"\" data-csa-c-is-in-initial-active-row=\"false\" data-csa-c-id=\"9latre-dvf160-xp9q6w-4whtu5\" data-cel-widget=\"aplusBrandStory_feature_div\"><\/div>\n<div id=\"productDescription_feature_div\" class=\"celwidget pd_rd_w-LmGE0 pd_rd_r-M1RN3BX5WV54DYGC7J18 pd_rd_wg-Y49ga\" data-feature-name=\"productDescription\" data-csa-c-type=\"widget\" data-csa-c-content-id=\"productDescription\" data-csa-c-slot-id=\"productDescription_feature_div\" data-csa-c-asin=\"\" data-csa-c-is-in-initial-active-row=\"false\" data-csa-c-id=\"7gbjfh-ucy7n7-7zkv1m-avkl76\" data-cel-widget=\"productDescription_feature_div\">\n<div>\n<div id=\"productDescription_feature_div\" class=\"a-row feature\" data-feature-name=\"productDescription\" data-template-name=\"productDescription\" data-cel-widget=\"productDescription_feature_div\">\n<div class=\"a-divider a-divider-section\">\n<div class=\"a-divider-inner\"><\/div>\n<\/div>\n<h2 class=\"default\">Description du produit<\/h2>\n<div id=\"productDescription\" class=\"a-section a-spacing-small\">\n<p>STRIX G17<\/p>\n<\/div>\n<\/div>\n<\/div>\n<\/div>\n<div id=\"productDetails2_feature_div\" class=\"celwidget pd_rd_w-03MDZ pd_rd_r-M1RN3BX5WV54DYGC7J18 pd_rd_wg-Y49ga\" data-feature-name=\"productDetails2\" data-csa-c-type=\"widget\" data-csa-c-content-id=\"productDetails2\" data-csa-c-slot-id=\"productDetails2_feature_div\" data-csa-c-asin=\"\" data-csa-c-is-in-initial-active-row=\"false\" data-csa-c-id=\"qpo9xk-p2twzf-pnej3m-icrszd\" data-cel-widget=\"productDetails2_feature_div\">\n<p><a id=\"productDetails\" name=\"productDetails\"><\/a><\/p>\n<hr class=\"a-divider-normal\" aria-hidden=\"true\" \/>\n<div>\n<div id=\"prodDetails\" class=\"a-section a-spacing-none\">\n<h2>Informations sur le produit<\/h2>\n<div class=\"a-row\">\n<div class=\"a-column a-span12 a-span-last\">\n<div class=\"a-row a-spacing-top-base\">\n<div class=\"a-column a-span6\">\n<div class=\"a-row a-spacing-base\">\n<div class=\"a-row a-expander-container a-expander-extend-container\">\n<div class=\"a-row\">\n<div class=\"a-column a-span6\">\n<h1 class=\"a-size-medium a-spacing-small\">Descriptif technique<\/h1>\n<\/div>\n<\/div>\n<div class=\"a-expander-content a-expander-extend-content\" data-expanded=\"true\">\n<div class=\"a-row a-expander-container a-expander-inline-container\">\n<div class=\"a-expander-content a-expander-section-content a-section-expander-inner\" data-expanded=\"true\">\n<table id=\"productDetails_techSpec_section_1\" class=\"a-keyvalue prodDetTable\">\n<tbody>\n<tr>\n<th class=\"a-color-secondary a-size-base prodDetSectionEntry\">Marque<\/th>\n<td class=\"a-size-base prodDetAttrValue\">\u200eASUS<\/td>\n<\/tr>\n<tr>\n<th class=\"a-color-secondary a-size-base prodDetSectionEntry\">Num\u00e9ro du mod\u00e8le de l&rsquo;article<\/th>\n<td class=\"a-size-base prodDetAttrValue\">\u200e90NR0GG4-M00AB0<\/td>\n<\/tr>\n<tr>\n<th class=\"a-color-secondary a-size-base prodDetSectionEntry\">s\u00e9ries<\/th>\n<td class=\"a-size-base prodDetAttrValue\">\u200eSTRIX-G17-G713PI-HX120W<\/td>\n<\/tr>\n<tr>\n<th class=\"a-color-secondary a-size-base prodDetSectionEntry\">Couleur<\/th>\n<td class=\"a-size-base prodDetAttrValue\">\u200eGris<\/td>\n<\/tr>\n<tr>\n<th class=\"a-color-secondary a-size-base prodDetSectionEntry\">Garantie constructeur<\/th>\n<td class=\"a-size-base prodDetAttrValue\">\u200e3 ans contructeur<\/td>\n<\/tr>\n<tr>\n<th class=\"a-color-secondary a-size-base prodDetSectionEntry\">Syst\u00e8me d&rsquo;exploitation<\/th>\n<td class=\"a-size-base prodDetAttrValue\">\u200eWindows 11 Home<\/td>\n<\/tr>\n<tr>\n<th class=\"a-color-secondary a-size-base prodDetSectionEntry\">Description du clavier<\/th>\n<td class=\"a-size-base prodDetAttrValue\">\u200eJeu<\/td>\n<\/tr>\n<tr>\n<th class=\"a-color-secondary a-size-base prodDetSectionEntry\">Marque du processeur<\/th>\n<td class=\"a-size-base prodDetAttrValue\">\u200eAMD<\/td>\n<\/tr>\n<tr>\n<th class=\"a-color-secondary a-size-base prodDetSectionEntry\">Type de processeur<\/th>\n<td class=\"a-size-base prodDetAttrValue\">\u200eRyzen 9<\/td>\n<\/tr>\n<tr>\n<th class=\"a-color-secondary a-size-base prodDetSectionEntry\">Vitesse du processeur<\/th>\n<td class=\"a-size-base prodDetAttrValue\">\u200e5.2<\/td>\n<\/tr>\n<tr>\n<th class=\"a-color-secondary a-size-base prodDetSectionEntry\">Nombre de coeurs<\/th>\n<td class=\"a-size-base prodDetAttrValue\">\u200e1<\/td>\n<\/tr>\n<tr>\n<th class=\"a-color-secondary a-size-base prodDetSectionEntry\">M\u00e9moire maximale<\/th>\n<td class=\"a-size-base prodDetAttrValue\">\u200e32 Go<\/td>\n<\/tr>\n<tr>\n<th class=\"a-color-secondary a-size-base prodDetSectionEntry\">Taille du disque dur<\/th>\n<td class=\"a-size-base prodDetAttrValue\">\u200e1 To<\/td>\n<\/tr>\n<tr>\n<th class=\"a-color-secondary a-size-base prodDetSectionEntry\">Technologie du disque dur<\/th>\n<td class=\"a-size-base prodDetAttrValue\">\u200eSSD<\/td>\n<\/tr>\n<tr>\n<th class=\"a-color-secondary a-size-base prodDetSectionEntry\">Type d&rsquo;\u00e9cran<\/th>\n<td class=\"a-size-base prodDetAttrValue\">\u200eIPS<\/td>\n<\/tr>\n<tr>\n<th class=\"a-color-secondary a-size-base prodDetSectionEntry\">Taille de l&rsquo;\u00e9cran<\/th>\n<td class=\"a-size-base prodDetAttrValue\">\u200e17,3 Pouces<\/td>\n<\/tr>\n<tr>\n<th class=\"a-color-secondary a-size-base prodDetSectionEntry\">R\u00e9solution de l&rsquo;\u00e9cran<\/th>\n<td class=\"a-size-base prodDetAttrValue\">\u200e1920 x 1080 pixels<\/td>\n<\/tr>\n<tr>\n<th class=\"a-color-secondary a-size-base prodDetSectionEntry\">Resolution<\/th>\n<td class=\"a-size-base prodDetAttrValue\">\u200e1920&#215;1080 Pixels<\/td>\n<\/tr>\n<tr>\n<th class=\"a-color-secondary a-size-base prodDetSectionEntry\">Marque chipset graphique<\/th>\n<td class=\"a-size-base prodDetAttrValue\">\u200eNVIDIA<\/td>\n<\/tr>\n<tr>\n<th class=\"a-color-secondary a-size-base prodDetSectionEntry\">Description de la carte graphique<\/th>\n<td class=\"a-size-base prodDetAttrValue\">\u200eRTX 4070 TGP 140W<\/td>\n<\/tr>\n<tr>\n<th class=\"a-color-secondary a-size-base prodDetSectionEntry\">GPU<\/th>\n<td class=\"a-size-base prodDetAttrValue\">\u200eNVIDIA GeForce RTX 4070<\/td>\n<\/tr>\n<tr>\n<th class=\"a-color-secondary a-size-base prodDetSectionEntry\">M\u00e9moire vive de la carte graphique<\/th>\n<td class=\"a-size-base prodDetAttrValue\">\u200e8 Go<\/td>\n<\/tr>\n<tr>\n<th class=\"a-color-secondary a-size-base prodDetSectionEntry\">Type de m\u00e9moire vive (carte graphique)<\/th>\n<td class=\"a-size-base prodDetAttrValue\">\u200eM\u00e9moire DDR<\/td>\n<\/tr>\n<tr>\n<th class=\"a-color-secondary a-size-base prodDetSectionEntry\">Type de connectivit\u00e9<\/th>\n<td class=\"a-size-base prodDetAttrValue\">\u200eBluetooth, Wi-Fi<\/td>\n<\/tr>\n<tr>\n<th class=\"a-color-secondary a-size-base prodDetSectionEntry\">Type de technologie sans fil<\/th>\n<td class=\"a-size-base prodDetAttrValue\">\u200e802.11ax, Bluetooth<\/td>\n<\/tr>\n<tr>\n<th class=\"a-color-secondary a-size-base prodDetSectionEntry\">Bluetooth<\/th>\n<td class=\"a-size-base prodDetAttrValue\">\u200eOui<\/td>\n<\/tr>\n<tr>\n<th class=\"a-color-secondary a-size-base prodDetSectionEntry\">Interface du mat\u00e9riel informatique<\/th>\n<td class=\"a-size-base prodDetAttrValue\">\u200eAudio 3,5 mm, Bluetooth 5, Ethernet, HDMI, USB 3.2 Gen 2, USB Type C<\/td>\n<\/tr>\n<tr>\n<th class=\"a-color-secondary a-size-base prodDetSectionEntry\">Nombre de ports HDMI<\/th>\n<td class=\"a-size-base prodDetAttrValue\">\u200e1<\/td>\n<\/tr>\n<tr>\n<th class=\"a-color-secondary a-size-base prodDetSectionEntry\">Nombre de ports USB 3.0<\/th>\n<td class=\"a-size-base prodDetAttrValue\">\u200e4<\/td>\n<\/tr>\n<tr>\n<th class=\"a-color-secondary a-size-base prodDetSectionEntry\">Nombre de ports Ethernet<\/th>\n<td class=\"a-size-base prodDetAttrValue\">\u200e1<\/td>\n<\/tr>\n<tr>\n<th class=\"a-color-secondary a-size-base prodDetSectionEntry\">Type de connecteur<\/th>\n<td class=\"a-size-base prodDetAttrValue\">\u200eBluetooth, Ethernet, HDMI, USB, Wi-Fi<\/td>\n<\/tr>\n<tr>\n<th class=\"a-color-secondary a-size-base prodDetSectionEntry\">Compatibilit\u00e9 du p\u00e9riph\u00e9rique<\/th>\n<td class=\"a-size-base prodDetAttrValue\">\u200e\u00c9cran externe, clavier, souris, stockage externe, imprimante (via HDMI, USB, Bluetooth, Wi-Fi)<\/td>\n<\/tr>\n<tr>\n<th class=\"a-color-secondary a-size-base prodDetSectionEntry\">Logiciels inclus<\/th>\n<td class=\"a-size-base prodDetAttrValue\">\u200eMicrosoft Office 365<\/td>\n<\/tr>\n<tr>\n<th class=\"a-color-secondary a-size-base prodDetSectionEntry\">Divers<\/th>\n<td class=\"a-size-base prodDetAttrValue\">\u200eBluetooth, Portable<\/td>\n<\/tr>\n<tr>\n<th class=\"a-color-secondary a-size-base prodDetSectionEntry\">Disponibilit\u00e9 des pi\u00e8ces d\u00e9tach\u00e9es<\/th>\n<td class=\"a-size-base prodDetAttrValue\">\u200eInformation indisponible sur les pi\u00e8ces d\u00e9tach\u00e9es<\/td>\n<\/tr>\n<tr>\n<th class=\"a-color-secondary a-size-base prodDetSectionEntry\">Mises \u00e0 jour logicielles garanties jusqu\u2019\u00e0<\/th>\n<td class=\"a-size-base prodDetAttrValue\">\u200eInformation non disponible<\/td>\n<\/tr>\n<\/tbody>\n<\/table>\n<\/div>\n<\/div>\n<\/div>\n<\/div>\n<\/div>\n<\/div>\n<\/div>\n<\/div>\n<\/div>\n<\/div>\n<\/div>\n<\/div>\n","protected":false},"featured_media":14013,"comment_status":"open","ping_status":"closed","template":"","meta":[],"product_brand":[106],"product_cat":[142],"product_tag":[],"class_list":{"0":"post-14009","1":"product","2":"type-product","3":"status-publish","4":"has-post-thumbnail","6":"product_brand-asus","7":"product_cat-gaming-laptops","9":"first","10":"instock","11":"sale","12":"shipping-taxable","13":"purchasable","14":"product-type-simple"},"_links":{"self":[{"href":"https:\/\/gautierinformatique.com\/index.php?rest_route=\/wp\/v2\/product\/14009","targetHints":{"allow":["GET"]}}],"collection":[{"href":"https:\/\/gautierinformatique.com\/index.php?rest_route=\/wp\/v2\/product"}],"about":[{"href":"https:\/\/gautierinformatique.com\/index.php?rest_route=\/wp\/v2\/types\/product"}],"replies":[{"embeddable":true,"href":"https:\/\/gautierinformatique.com\/index.php?rest_route=%2Fwp%2Fv2%2Fcomments&post=14009"}],"version-history":[{"count":2,"href":"https:\/\/gautierinformatique.com\/index.php?rest_route=\/wp\/v2\/product\/14009\/revisions"}],"predecessor-version":[{"id":14019,"href":"https:\/\/gautierinformatique.com\/index.php?rest_route=\/wp\/v2\/product\/14009\/revisions\/14019"}],"wp:featuredmedia":[{"embeddable":true,"href":"https:\/\/gautierinformatique.com\/index.php?rest_route=\/wp\/v2\/media\/14013"}],"wp:attachment":[{"href":"https:\/\/gautierinformatique.com\/index.php?rest_route=%2Fwp%2Fv2%2Fmedia&parent=14009"}],"wp:term":[{"taxonomy":"product_brand","embeddable":true,"href":"https:\/\/gautierinformatique.com\/index.php?rest_route=%2Fwp%2Fv2%2Fproduct_brand&post=14009"},{"taxonomy":"product_cat","embeddable":true,"href":"https:\/\/gautierinformatique.com\/index.php?rest_route=%2Fwp%2Fv2%2Fproduct_cat&post=14009"},{"taxonomy":"product_tag","embeddable":true,"href":"https:\/\/gautierinformatique.com\/index.php?rest_route=%2Fwp%2Fv2%2Fproduct_tag&post=14009"}],"curies":[{"name":"wp","href":"https:\/\/api.w.org\/{rel}","templated":true}]}}