{"id":14027,"date":"2025-11-11T10:45:58","date_gmt":"2025-11-11T10:45:58","guid":{"rendered":"https:\/\/gautierinformatique.com\/?post_type=product&#038;p=14027"},"modified":"2025-11-11T10:46:40","modified_gmt":"2025-11-11T10:46:40","slug":"lenovo-thinkpad-t14s-gen-2-14","status":"publish","type":"product","link":"https:\/\/gautierinformatique.com\/?product=lenovo-thinkpad-t14s-gen-2-14","title":{"rendered":"Lenovo ThinkPad T14s Gen 2 &#8211; 14"},"content":{"rendered":"<p>Lenovo Thinkpad T14 14&Prime; avec \u00e9cran IPS FHD 1920 x 1080 et processeur Intel Core i7-1185G7 Intel Evo,4 coeurs, fr\u00e9quence 3.0 GHz jusqu&rsquo;\u00e0 4.8 GHz, m\u00e9moire de 24 Go, DDR4, carte graphique int\u00e9gr\u00e9e Intel Iris Xe Graphics, stockage SSD 500Go NVMe, clavier r\u00e9tro\u00e9clair\u00e9 et webcam, R\u00e9seau Bluetooth 5.2, Wi-Fi 6E AX210, Ethernet, 1 port USB 3.1 Gen 2, 1 port USB-C, 1 port Thunderbolt 3, 1 port HDMI 2.0, 1 port Jack, 1 lecteur de cartes Mico SD, 1 port RJ 45, Windows 11 Pro<\/p>\n","protected":false},"excerpt":{"rendered":"<p>Lenovo Thinkpad T14 14&Prime; avec \u00e9cran IPS FHD 1920 x 1080 et processeur Intel Core i7-1185G7 Intel Evo,4 coeurs, fr\u00e9quence<\/p>\n","protected":false},"featured_media":14037,"comment_status":"open","ping_status":"closed","template":"","meta":[],"product_brand":[110],"product_cat":[141],"product_tag":[],"class_list":{"0":"post-14027","1":"product","2":"type-product","3":"status-publish","4":"has-post-thumbnail","6":"product_brand-hp","7":"product_cat-laptops-notebooks","9":"first","10":"instock","11":"shipping-taxable","12":"purchasable","13":"product-type-simple"},"_links":{"self":[{"href":"https:\/\/gautierinformatique.com\/index.php?rest_route=\/wp\/v2\/product\/14027","targetHints":{"allow":["GET"]}}],"collection":[{"href":"https:\/\/gautierinformatique.com\/index.php?rest_route=\/wp\/v2\/product"}],"about":[{"href":"https:\/\/gautierinformatique.com\/index.php?rest_route=\/wp\/v2\/types\/product"}],"replies":[{"embeddable":true,"href":"https:\/\/gautierinformatique.com\/index.php?rest_route=%2Fwp%2Fv2%2Fcomments&post=14027"}],"version-history":[{"count":1,"href":"https:\/\/gautierinformatique.com\/index.php?rest_route=\/wp\/v2\/product\/14027\/revisions"}],"predecessor-version":[{"id":14043,"href":"https:\/\/gautierinformatique.com\/index.php?rest_route=\/wp\/v2\/product\/14027\/revisions\/14043"}],"wp:featuredmedia":[{"embeddable":true,"href":"https:\/\/gautierinformatique.com\/index.php?rest_route=\/wp\/v2\/media\/14037"}],"wp:attachment":[{"href":"https:\/\/gautierinformatique.com\/index.php?rest_route=%2Fwp%2Fv2%2Fmedia&parent=14027"}],"wp:term":[{"taxonomy":"product_brand","embeddable":true,"href":"https:\/\/gautierinformatique.com\/index.php?rest_route=%2Fwp%2Fv2%2Fproduct_brand&post=14027"},{"taxonomy":"product_cat","embeddable":true,"href":"https:\/\/gautierinformatique.com\/index.php?rest_route=%2Fwp%2Fv2%2Fproduct_cat&post=14027"},{"taxonomy":"product_tag","embeddable":true,"href":"https:\/\/gautierinformatique.com\/index.php?rest_route=%2Fwp%2Fv2%2Fproduct_tag&post=14027"}],"curies":[{"name":"wp","href":"https:\/\/api.w.org\/{rel}","templated":true}]}}