{"id":14068,"date":"2025-11-15T14:33:50","date_gmt":"2025-11-15T14:33:50","guid":{"rendered":"https:\/\/gautierinformatique.com\/?post_type=product&#038;p=14068"},"modified":"2025-11-15T17:15:59","modified_gmt":"2025-11-15T17:15:59","slug":"asus-zenbook-ultra-7asus-zenbook-ultra-7-ux3405c","status":"publish","type":"product","link":"https:\/\/gautierinformatique.com\/?product=asus-zenbook-ultra-7asus-zenbook-ultra-7-ux3405c","title":{"rendered":"Asus Zenbook ULTRA 7Asus Zenbook ULTRA 7 UX3405C"},"content":{"rendered":"<p>Asus Zenbook ULTRA 7Asus Zenbook ULTRA 7 UX3405C<br \/>\nElegant, ultra-lightweight design<br \/>\nIntel Core Ultra 7 255H processor<br \/>\n16 GB LPDDR5X memory (built-in memory)<br \/>\n14&Prime; anti-glare OLED screen with Full HD+ resolution<br \/>\n512 GB M.2 PCIe 4.0 SSD<br \/>\nHigh-performance wireless connection with Wi-Fi 7 and Bluetooth 5.4 technologies<br \/>\nBacklit chiclet keyboard for perfect typing comfort<br \/>\nIntegrated 1080p HD webcam<br \/>\nTouchpad with integrated \u00ab\u00a0NumPad\u00a0\u00bb numeric keypad<br \/>\nWindows 11 Professional<\/p>\n","protected":false},"excerpt":{"rendered":"<div class=\"f-productProperties__col\">\n<dl class=\"f-productProperties__item\">\n<dt class=\"f-productProperties__term\">Marque du processeur<\/dt>\n<dd class=\"f-productProperties__definition\" aria-label=\"Liste des Marque du processeur\">INTEL<\/dd>\n<\/dl>\n<dl class=\"f-productProperties__item\">\n<dt class=\"f-productProperties__term\">Mod\u00e8le du processeur<\/dt>\n<dd class=\"f-productProperties__definition\" aria-label=\"Liste des Mod\u00e8le du processeur\">Intel Core Ultra 7 155H<\/dd>\n<\/dl>\n<dl class=\"f-productProperties__item\">\n<dt class=\"f-productProperties__term\">Processeur<\/dt>\n<dd class=\"f-productProperties__definition\" aria-label=\"Liste des Processeur\">Intel<\/dd>\n<\/dl>\n<dl class=\"f-productProperties__item\">\n<dt class=\"f-productProperties__term\">M\u00e9moire cache du processeur<\/dt>\n<dd class=\"f-productProperties__definition\" aria-label=\"Liste des M\u00e9moire cache du processeur\">24 Mo<\/dd>\n<\/dl>\n<dl class=\"f-productProperties__item\">\n<dt class=\"f-productProperties__term\">Fr\u00e9quence du processeur<\/dt>\n<dd class=\"f-productProperties__definition\" aria-label=\"Liste des Fr\u00e9quence du processeur\">1.4 GHz (4.8 GHz Turbo)<\/dd>\n<\/dl>\n<dl class=\"f-productProperties__item\">\n<dt class=\"f-productProperties__term\">Caract\u00e9ristiques de l&rsquo;\u00e9cran<\/dt>\n<dd class=\"f-productProperties__definition\" aria-label=\"Liste des Caract\u00e9ristiques de l'\u00e9cran\">OLED, 2880 x 1800 pixels (3K), 600 nits, 120 Hz, HDR True Black 600, Brillant<\/dd>\n<\/dl>\n<dl class=\"f-productProperties__item\">\n<dt class=\"f-productProperties__term\">Capacit\u00e9 de stockage<\/dt>\n<dd class=\"f-productProperties__definition\" aria-label=\"Liste des Capacit\u00e9 de stockage\">1 To SSD<\/dd>\n<\/dl>\n<dl class=\"f-productProperties__item\">\n<dt class=\"f-productProperties__term\">Taille de l&rsquo;\u00e9cran (pouces)<\/dt>\n<dd class=\"f-productProperties__definition\" aria-label=\"Liste des Taille de l'\u00e9cran (pouces)\">14 \u00ab\u00a0<\/dd>\n<\/dl>\n<dl class=\"f-productProperties__item\">\n<dt class=\"f-productProperties__term\">RAM install\u00e9e<\/dt>\n<dd class=\"f-productProperties__definition\" aria-label=\"Liste des RAM install\u00e9e\">16 Go<\/dd>\n<\/dl>\n<dl class=\"f-productProperties__item\">\n<dt class=\"f-productProperties__term\">Marque de la carte graphique<\/dt>\n<dd class=\"f-productProperties__definition\" aria-label=\"Liste des Marque de la carte graphique\">Intel<\/dd>\n<\/dl>\n<dl class=\"f-productProperties__item\">\n<dt class=\"f-productProperties__term\">Mod\u00e8le de la carte graphique<\/dt>\n<dd class=\"f-productProperties__definition\" aria-label=\"Liste des Mod\u00e8le de la carte graphique\">Intel Arc<\/dd>\n<\/dl>\n<dl class=\"f-productProperties__item\">\n<dt class=\"f-productProperties__term\">D\u00e9tail de la carte graphique<\/dt>\n<dd class=\"f-productProperties__definition\" aria-label=\"Liste des D\u00e9tail de la carte graphique\">Intel Arc Graphics<\/dd>\n<\/dl>\n<dl class=\"f-productProperties__item\">\n<dt class=\"f-productProperties__term\">M\u00e9moire vid\u00e9o d\u00e9di\u00e9e<\/dt>\n<dd class=\"f-productProperties__definition\" aria-label=\"Liste des M\u00e9moire vid\u00e9o d\u00e9di\u00e9e\">3 Mo<\/dd>\n<\/dl>\n<dl class=\"f-productProperties__item\">\n<dt class=\"f-productProperties__term\">Stockage total<\/dt>\n<dd class=\"f-productProperties__definition\" aria-label=\"Liste des Stockage total\">16 Go RAM, 1 To SSD<\/dd>\n<\/dl>\n<dl class=\"f-productProperties__item\">\n<dt class=\"f-productProperties__term\">Capacit\u00e9 du disque SSD<\/dt>\n<dd class=\"f-productProperties__definition\" aria-label=\"Liste des Capacit\u00e9 du disque SSD\">1 To<\/dd>\n<\/dl>\n<dl class=\"f-productProperties__item\">\n<dt class=\"f-productProperties__term\">Type de disque dur<\/dt>\n<dd class=\"f-productProperties__definition\" aria-label=\"Liste des Type de disque dur\">SSD<\/dd>\n<\/dl>\n<dl class=\"f-productProperties__item\">\n<dt class=\"f-productProperties__term\">Ecran tactile<\/dt>\n<dd class=\"f-productProperties__definition\" aria-label=\"Liste des Ecran tactile\">Non<\/dd>\n<\/dl>\n<dl class=\"f-productProperties__item\">\n<dt class=\"f-productProperties__term\">m\u00e9moire maximale installable<\/dt>\n<dd class=\"f-productProperties__definition\" aria-label=\"Liste des m\u00e9moire maximale installable\">16 Go<\/dd>\n<\/dl>\n<dl class=\"f-productProperties__item\">\n<dt class=\"f-productProperties__term\">Type de m\u00e9moire vive install\u00e9e<\/dt>\n<dd class=\"f-productProperties__definition\" aria-label=\"Liste des Type de m\u00e9moire vive install\u00e9e\">DDR5<\/dd>\n<\/dl>\n<dl class=\"f-productProperties__item\">\n<dt class=\"f-productProperties__term\">Lecteur \/ Graveur<\/dt>\n<dd class=\"f-productProperties__definition\" aria-label=\"Liste des Lecteur \/ Graveur\">Non<\/dd>\n<\/dl>\n<dl class=\"f-productProperties__item\">\n<dt class=\"f-productProperties__term\">Lecteur de cartes m\u00e9moire<\/dt>\n<dd class=\"f-productProperties__definition\" aria-label=\"Liste des Lecteur de cartes m\u00e9moire\">Non<\/dd>\n<\/dl>\n<dl class=\"f-productProperties__item\">\n<dt class=\"f-productProperties__term\">Communications sans fil<\/dt>\n<dd class=\"f-productProperties__definition\" aria-label=\"Liste des Communications sans fil\">Bluetooth 5.3<\/p>\n<p>Infra-rouge (RF\/IR)<\/p>\n<p>Wifi 802.11 ax (6)<\/dd>\n<\/dl>\n<dl class=\"f-productProperties__item\">\n<dt class=\"f-productProperties__term\">Connectique<\/dt>\n<dd class=\"f-productProperties__definition\" aria-label=\"Liste des Connectique\">DisplayPort via adaptateur USB-C optionnel<\/p>\n<p>1 HDMI 2.1<\/p>\n<p>1 Thunderbolt 4<\/p>\n<p>1 USB 3.2<\/p>\n<p>Analogique 3.5mm jack<\/dd>\n<\/dl>\n<dl class=\"f-productProperties__item\">\n<dt class=\"f-productProperties__term\">Couleur<\/dt>\n<dd class=\"f-productProperties__definition\" aria-label=\"Liste des Couleur\">Ponder Blue<\/dd>\n<\/dl>\n<\/div>\n<div class=\"f-productProperties__col\">\n<dl class=\"f-productProperties__item\">\n<dt class=\"f-productProperties__term\">Syst\u00e8me d&rsquo;exploitation<\/dt>\n<dd class=\"f-productProperties__definition\" aria-label=\"Liste des Syst\u00e8me d'exploitation\">Microsoft Windows 11<\/dd>\n<\/dl>\n<dl class=\"f-productProperties__item\">\n<dt class=\"f-productProperties__term\">Autres fonctions<\/dt>\n<dd class=\"f-productProperties__definition\" aria-label=\"Liste des Autres fonctions\">Pav\u00e9 num\u00e9rique<\/p>\n<p>Microphone int\u00e9gr\u00e9<\/p>\n<p>Webcam int\u00e9gr\u00e9e Full HD (1080p)<\/p>\n<p>Reconnaissance faciale<\/dd>\n<\/dl>\n<dl class=\"f-productProperties__item\">\n<dt class=\"f-productProperties__term\">Gamme<\/dt>\n<dd class=\"f-productProperties__definition\" aria-label=\"Liste des Gamme\">Zenbook<\/dd>\n<\/dl>\n<dl class=\"f-productProperties__item\">\n<dt class=\"f-productProperties__term\">PC Gamer<\/dt>\n<dd class=\"f-productProperties__definition\" aria-label=\"Liste des PC Gamer\">Non<\/dd>\n<\/dl>\n<dl class=\"f-productProperties__item\">\n<dt class=\"f-productProperties__term\">Caract\u00e9ristiques compl\u00e9mentaires<\/dt>\n<dd class=\"f-productProperties__definition\" aria-label=\"Liste des Caract\u00e9ristiques compl\u00e9mentaires\">Puissance de Calcul NPU (TOPS): 10 TOPS, Mat\u00e9riau du bo\u00eetier: Aluminium<\/dd>\n<\/dl>\n<dl class=\"f-productProperties__item\">\n<dt class=\"f-productProperties__term\">Norme du clavier<\/dt>\n<dd class=\"f-productProperties__definition\" aria-label=\"Liste des Norme du clavier\">Azerty Belge<\/dd>\n<\/dl>\n<dl class=\"f-productProperties__item\">\n<dt class=\"f-productProperties__term\">Clavier r\u00e9tro-\u00e9clair\u00e9<\/dt>\n<dd class=\"f-productProperties__definition\" aria-label=\"Liste des Clavier r\u00e9tro-\u00e9clair\u00e9\">Oui<\/dd>\n<\/dl>\n<dl class=\"f-productProperties__item\">\n<dt class=\"f-productProperties__term\">Type de batterie<\/dt>\n<dd class=\"f-productProperties__definition\" aria-label=\"Liste des Type de batterie\">Lithium-Ion, 4-cells, 75 Wh<\/dd>\n<\/dl>\n<dl class=\"f-productProperties__item\">\n<dt class=\"f-productProperties__term\">Hauteur du produit<\/dt>\n<dd class=\"f-productProperties__definition\" aria-label=\"Liste des Hauteur du produit\">1,49 cm<\/dd>\n<\/dl>\n<dl class=\"f-productProperties__item\">\n<dt class=\"f-productProperties__term\">Largeur du produit<\/dt>\n<dd class=\"f-productProperties__definition\" aria-label=\"Liste des Largeur du produit\">22,01 cm<\/dd>\n<\/dl>\n<dl class=\"f-productProperties__item\">\n<dt class=\"f-productProperties__term\">Profondeur du produit<\/dt>\n<dd class=\"f-productProperties__definition\" aria-label=\"Liste des Profondeur du produit\">22,01 cm<\/dd>\n<\/dl>\n<dl class=\"f-productProperties__item\">\n<dt class=\"f-productProperties__term\">Poids du produit<\/dt>\n<dd class=\"f-productProperties__definition\" aria-label=\"Liste des Poids du produit\">1,2 Kg<\/dd>\n<\/dl>\n<dl class=\"f-productProperties__item\">\n<dt class=\"f-productProperties__term\">Indice de r\u00e9parabilit\u00e9<\/dt>\n<dd class=\"f-productProperties__definition\" aria-label=\"Liste des Indice de r\u00e9parabilit\u00e9\">8,3 \/10<\/dd>\n<\/dl>\n<dl class=\"f-productProperties__item\">\n<dt class=\"f-productProperties__term\">Gamme de produits<\/dt>\n<dd class=\"f-productProperties__definition\" aria-label=\"Liste des Gamme de produits\">ASUS ZenBook 14 OLED<\/dd>\n<\/dl>\n<dl class=\"f-productProperties__item\">\n<dt class=\"f-productProperties__term\">Largeur du produit<\/dt>\n<dd class=\"f-productProperties__definition\" aria-label=\"Liste des Largeur du produit\">31,24 cm<\/dd>\n<\/dl>\n<dl class=\"f-productProperties__item\">\n<dt class=\"f-productProperties__term\">Hauteur du produit<\/dt>\n<dd class=\"f-productProperties__definition\" aria-label=\"Liste des Hauteur du produit\">1,49 cm<\/dd>\n<\/dl>\n<dl class=\"f-productProperties__item\">\n<dt class=\"f-productProperties__term\">Poids du produit<\/dt>\n<dd class=\"f-productProperties__definition\" aria-label=\"Liste des Poids du produit\">1,2 Kg<\/dd>\n<\/dl>\n<dl class=\"f-productProperties__item\">\n<dt class=\"f-productProperties__term\">Profondeur<\/dt>\n<dd class=\"f-productProperties__definition\" aria-label=\"Liste des Profondeur\">22,01 cm<\/dd>\n<\/dl>\n<dl class=\"f-productProperties__item\">\n<dt class=\"f-productProperties__term\">Poids<\/dt>\n<dd class=\"f-productProperties__definition\" aria-label=\"Liste des Poids\">1.2 kg<\/dd>\n<\/dl>\n<dl class=\"f-productProperties__item\">\n<dt class=\"f-productProperties__term\">Fonctionnalit\u00e9s IA<\/dt>\n<dd class=\"f-productProperties__definition\" aria-label=\"Liste des Fonctionnalit\u00e9s IA\">Oui<\/dd>\n<\/dl>\n<dl class=\"f-productProperties__item\">\n<dt class=\"f-productProperties__term\">SKU<\/dt>\n<dd class=\"f-productProperties__definition\" aria-label=\"Liste des SKU\">19406579<\/dd>\n<\/dl>\n<dl class=\"f-productProperties__item\">\n<dt class=\"f-productProperties__term\">EAN<\/dt>\n<dd class=\"f-productProperties__definition\" aria-label=\"Liste des EAN\">4711387365649<\/dd>\n<\/dl>\n<dl class=\"f-productProperties__item f-productProperties__item--long \">\n<dt class=\"f-productProperties__term\">Mention L\u00e9gale<\/dt>\n<dd class=\"f-productProperties__definition\" aria-label=\"Liste des Mention L\u00e9gale\">Le d\u00e9bit d&rsquo;absorption sp\u00e9cifique (DAS) local quantifie l&rsquo;exposition de l&rsquo;utilisateur aux ondes \u00e9lectromagn\u00e9tiques de l&rsquo;\u00e9quipement concern\u00e9. Le DAS maximal autoris\u00e9 est de 2 W\/kg pour la t\u00eate et le tronc et de 4 W\/kg pour les membres.<\/dd>\n<\/dl>\n<\/div>\n","protected":false},"featured_media":14071,"comment_status":"open","ping_status":"closed","template":"","meta":[],"product_brand":[106],"product_cat":[141],"product_tag":[],"class_list":{"0":"post-14068","1":"product","2":"type-product","3":"status-publish","4":"has-post-thumbnail","6":"product_brand-asus","7":"product_cat-laptops-notebooks","9":"first","10":"instock","11":"shipping-taxable","12":"purchasable","13":"product-type-simple"},"_links":{"self":[{"href":"https:\/\/gautierinformatique.com\/index.php?rest_route=\/wp\/v2\/product\/14068","targetHints":{"allow":["GET"]}}],"collection":[{"href":"https:\/\/gautierinformatique.com\/index.php?rest_route=\/wp\/v2\/product"}],"about":[{"href":"https:\/\/gautierinformatique.com\/index.php?rest_route=\/wp\/v2\/types\/product"}],"replies":[{"embeddable":true,"href":"https:\/\/gautierinformatique.com\/index.php?rest_route=%2Fwp%2Fv2%2Fcomments&post=14068"}],"version-history":[{"count":1,"href":"https:\/\/gautierinformatique.com\/index.php?rest_route=\/wp\/v2\/product\/14068\/revisions"}],"predecessor-version":[{"id":14076,"href":"https:\/\/gautierinformatique.com\/index.php?rest_route=\/wp\/v2\/product\/14068\/revisions\/14076"}],"wp:featuredmedia":[{"embeddable":true,"href":"https:\/\/gautierinformatique.com\/index.php?rest_route=\/wp\/v2\/media\/14071"}],"wp:attachment":[{"href":"https:\/\/gautierinformatique.com\/index.php?rest_route=%2Fwp%2Fv2%2Fmedia&parent=14068"}],"wp:term":[{"taxonomy":"product_brand","embeddable":true,"href":"https:\/\/gautierinformatique.com\/index.php?rest_route=%2Fwp%2Fv2%2Fproduct_brand&post=14068"},{"taxonomy":"product_cat","embeddable":true,"href":"https:\/\/gautierinformatique.com\/index.php?rest_route=%2Fwp%2Fv2%2Fproduct_cat&post=14068"},{"taxonomy":"product_tag","embeddable":true,"href":"https:\/\/gautierinformatique.com\/index.php?rest_route=%2Fwp%2Fv2%2Fproduct_tag&post=14068"}],"curies":[{"name":"wp","href":"https:\/\/api.w.org\/{rel}","templated":true}]}}