{"id":14345,"date":"2025-12-12T17:09:54","date_gmt":"2025-12-12T17:09:54","guid":{"rendered":"https:\/\/gautierinformatique.com\/?post_type=product&#038;p=14345"},"modified":"2025-12-13T10:23:58","modified_gmt":"2025-12-13T10:23:58","slug":"zbook-fury-156-pouces-station-mobile-de-travail-workstation","status":"publish","type":"product","link":"https:\/\/gautierinformatique.com\/?product=zbook-fury-156-pouces-station-mobile-de-travail-workstation","title":{"rendered":"Zbook Fury 15,6 pouces Station Mobile de Travail (Workstation)"},"content":{"rendered":"<p>Zbook Fury 15,6 pouces Station Mobile de Travail (Workstation)<br \/>\nCore i7 11th g\u00e9n\u00e9ration<br \/>\n32 Go ram DDR4<br \/>\n1 t\u00e9ra SSD stockage<br \/>\nCarte graphique Nvidia GeForce RTX A2000 Laptop GPU de 4Go<br \/>\n15,6 pouces<br \/>\nClavier r\u00e9tro \u00e9clair\u00e9 fran\u00e7ais d\u2019origine<br \/>\nPav\u00e9 num\u00e9rique<\/p>\n","protected":false},"excerpt":{"rendered":"<p>Zbook Fury 15,6 pouces Station Mobile de Travail (Workstation) Core i7 11th g\u00e9n\u00e9ration 32 Go ram DDR4 1 t\u00e9ra SSD<\/p>\n","protected":false},"featured_media":14349,"comment_status":"open","ping_status":"closed","template":"","meta":[],"product_brand":[110],"product_cat":[142],"product_tag":[],"class_list":{"0":"post-14345","1":"product","2":"type-product","3":"status-publish","4":"has-post-thumbnail","6":"product_brand-hp","7":"product_cat-gaming-laptops","9":"first","10":"instock","11":"shipping-taxable","12":"purchasable","13":"product-type-simple"},"_links":{"self":[{"href":"https:\/\/gautierinformatique.com\/index.php?rest_route=\/wp\/v2\/product\/14345","targetHints":{"allow":["GET"]}}],"collection":[{"href":"https:\/\/gautierinformatique.com\/index.php?rest_route=\/wp\/v2\/product"}],"about":[{"href":"https:\/\/gautierinformatique.com\/index.php?rest_route=\/wp\/v2\/types\/product"}],"replies":[{"embeddable":true,"href":"https:\/\/gautierinformatique.com\/index.php?rest_route=%2Fwp%2Fv2%2Fcomments&post=14345"}],"version-history":[{"count":1,"href":"https:\/\/gautierinformatique.com\/index.php?rest_route=\/wp\/v2\/product\/14345\/revisions"}],"predecessor-version":[{"id":14351,"href":"https:\/\/gautierinformatique.com\/index.php?rest_route=\/wp\/v2\/product\/14345\/revisions\/14351"}],"wp:featuredmedia":[{"embeddable":true,"href":"https:\/\/gautierinformatique.com\/index.php?rest_route=\/wp\/v2\/media\/14349"}],"wp:attachment":[{"href":"https:\/\/gautierinformatique.com\/index.php?rest_route=%2Fwp%2Fv2%2Fmedia&parent=14345"}],"wp:term":[{"taxonomy":"product_brand","embeddable":true,"href":"https:\/\/gautierinformatique.com\/index.php?rest_route=%2Fwp%2Fv2%2Fproduct_brand&post=14345"},{"taxonomy":"product_cat","embeddable":true,"href":"https:\/\/gautierinformatique.com\/index.php?rest_route=%2Fwp%2Fv2%2Fproduct_cat&post=14345"},{"taxonomy":"product_tag","embeddable":true,"href":"https:\/\/gautierinformatique.com\/index.php?rest_route=%2Fwp%2Fv2%2Fproduct_tag&post=14345"}],"curies":[{"name":"wp","href":"https:\/\/api.w.org\/{rel}","templated":true}]}}