{"id":14400,"date":"2025-12-20T17:04:51","date_gmt":"2025-12-20T17:04:51","guid":{"rendered":"https:\/\/gautierinformatique.com\/?post_type=product&#038;p=14400"},"modified":"2026-01-13T14:57:31","modified_gmt":"2026-01-13T14:57:31","slug":"asus-prime-z790-p-wifi-core-i9-14900kf-64go-ram-2to-ssd-rtx-5080-16go-ecran-koorui-34-wind-11-pro-2","status":"publish","type":"product","link":"https:\/\/gautierinformatique.com\/?product=asus-prime-z790-p-wifi-core-i9-14900kf-64go-ram-2to-ssd-rtx-5080-16go-ecran-koorui-34-wind-11-pro-2","title":{"rendered":"ASUS PRIME Z790-P WIFI-CORE I9-14900KF-64Go RAM-2To SSD-RTX 5080 16Go-Ecran KOORUI 34-WIND 11 PRO"},"content":{"rendered":"<ul>\n<li><strong>GAMER BUREAU ASUS PRIME Z790-P<\/strong><\/li>\n<li>Processeur\u00a0<strong>Intel Core i9-14900kf\u00a0<\/strong>(3.2 GHz \/ 5.8 GHz) Processeur 24-Core (8 Performance-Cores + 16 Efficient-Cores) 32-Threads Socket 1700 Cache L3 36 Mo Intel UHD Graphics 770 0.010 micron<\/li>\n<li>Ram :\u00a0<strong>64Go DDR5<\/strong><\/li>\n<li>Stockage :\u00a0<strong>2To SSD CRUCIAL<\/strong><\/li>\n<li>Carte graphique :\u00a0<strong>NVIDIA RTX 5080<\/strong>\u00a0de\u00a0<strong>16Go<\/strong><\/li>\n<li>Ecran:<strong>\u00a0KOORUI 34 POUCES INCURVE<\/strong><\/li>\n<li><strong>WINDOWS 11PRO<\/strong><\/li>\n<\/ul>\n","protected":false},"excerpt":{"rendered":"<div class=\"logo\"><img decoding=\"async\" class=\"aligncenter\" src=\"https:\/\/media.ldlc.com\/v3\/marque\/bo\/00\/05\/62\/42\/V30005624251_2.jpg\" alt=\"ASUS\" width=\"190\" height=\"84\" \/><\/div>\n<div id=\"description\" class=\"description\">\n<div class=\"details-pdt-desc\">\n<h2 class=\"h2-master\">Exploitez toute la puissance de votre processeur Intel Core<\/h2>\n<section>Con\u00e7ue pour accueillir les processeurs Intel Core hybrides de 12\u00e8me et 13\u00e8me g\u00e9n\u00e9ration sur socket Intel LGA 1700, la\u00a0<strong>carte m\u00e8re ASUS PRIME Z790-P WIFI<\/strong>\u00a0servira de base solide \u00e0 une configuration ax\u00e9e sur les performances. Les\u00a0<strong>cartes m\u00e8res ASUS Prime\u00a0<\/strong>sont pens\u00e9es et con\u00e7ues pour les utilisateurs exigeants \u00e0 la recherche de performances constantes et de fiabilit\u00e9 \u00e0 long terme. Elles permettent de tirer parti du meilleur de leurs composants gr\u00e2ce \u00e0 une conception unique faite de mat\u00e9riaux robustes et d\u2019utilitaires exclusifs. Elles int\u00e8grent des fonctionnalit\u00e9s professionnelles et associent les avantages des nouveaux processeurs Intel avec le design et les caract\u00e9ristiques embl\u00e9matiques d\u2019ASUS.<\/section>\n<section>\n<div class=\"desc-image\"><img decoding=\"async\" src=\"https:\/\/media.ldlc.com\/bo\/images\/fiches\/carte-mere\/ASUS\/asus_prime_series_0001.jpg\" alt=\"\" \/><\/div>\n<div class=\"desc-text\">\n<h2>ASUS PRIME Z790-P WIFI<\/h2>\n<ul>\n<li>Support des processeurs Intel Core de 12\u00e8me et 13\u00e8me g\u00e9n\u00e9ration sur socket LGA 1700<\/li>\n<li>Support de la m\u00e9moire DDR5, jusqu\u2019\u00e0 7000 MHz (OC)<\/li>\n<li>3 emplacements M.2 PCIe 4.0 4x + 4 ports SATA 6 Gbps<\/li>\n<li>Port PCI-Express 5.0 16x<\/li>\n<li>ASUS 5X PROTECTION III avec\u00a0DIGI+ VRM, LANGuard, Overvoltage Protection<\/li>\n<li>Refroidissement complet : grand radiateur VRM, radiateur M.2, connecteurs de ventilateurs hybrides et Fan Xpert 4<\/li>\n<li>Port USB 3.2 Type C<\/li>\n<li>LAN 2.5 GbE<\/li>\n<li>Wi-Fi 6 \/ Bluetooth 5.2<\/li>\n<li>Compatible Aura Sync et ventilateurs ARGB<\/li>\n<\/ul>\n<\/div>\n<\/section>\n<\/div>\n<\/div>\n","protected":false},"featured_media":14406,"comment_status":"open","ping_status":"closed","template":"","meta":[],"product_brand":[106],"product_cat":[145],"product_tag":[],"class_list":{"0":"post-14400","1":"product","2":"type-product","3":"status-publish","4":"has-post-thumbnail","6":"product_brand-asus","7":"product_cat-business-desktops","9":"first","10":"instock","11":"shipping-taxable","12":"purchasable","13":"product-type-simple"},"_links":{"self":[{"href":"https:\/\/gautierinformatique.com\/index.php?rest_route=\/wp\/v2\/product\/14400","targetHints":{"allow":["GET"]}}],"collection":[{"href":"https:\/\/gautierinformatique.com\/index.php?rest_route=\/wp\/v2\/product"}],"about":[{"href":"https:\/\/gautierinformatique.com\/index.php?rest_route=\/wp\/v2\/types\/product"}],"replies":[{"embeddable":true,"href":"https:\/\/gautierinformatique.com\/index.php?rest_route=%2Fwp%2Fv2%2Fcomments&post=14400"}],"version-history":[{"count":1,"href":"https:\/\/gautierinformatique.com\/index.php?rest_route=\/wp\/v2\/product\/14400\/revisions"}],"predecessor-version":[{"id":14408,"href":"https:\/\/gautierinformatique.com\/index.php?rest_route=\/wp\/v2\/product\/14400\/revisions\/14408"}],"wp:featuredmedia":[{"embeddable":true,"href":"https:\/\/gautierinformatique.com\/index.php?rest_route=\/wp\/v2\/media\/14406"}],"wp:attachment":[{"href":"https:\/\/gautierinformatique.com\/index.php?rest_route=%2Fwp%2Fv2%2Fmedia&parent=14400"}],"wp:term":[{"taxonomy":"product_brand","embeddable":true,"href":"https:\/\/gautierinformatique.com\/index.php?rest_route=%2Fwp%2Fv2%2Fproduct_brand&post=14400"},{"taxonomy":"product_cat","embeddable":true,"href":"https:\/\/gautierinformatique.com\/index.php?rest_route=%2Fwp%2Fv2%2Fproduct_cat&post=14400"},{"taxonomy":"product_tag","embeddable":true,"href":"https:\/\/gautierinformatique.com\/index.php?rest_route=%2Fwp%2Fv2%2Fproduct_tag&post=14400"}],"curies":[{"name":"wp","href":"https:\/\/api.w.org\/{rel}","templated":true}]}}