{"id":14522,"date":"2026-01-16T13:07:04","date_gmt":"2026-01-16T13:07:04","guid":{"rendered":"https:\/\/gautierinformatique.com\/?post_type=product&#038;p=14522"},"modified":"2026-01-16T13:13:03","modified_gmt":"2026-01-16T13:13:03","slug":"msi-vector-16-hx-ai-a2xwhg-472fr","status":"publish","type":"product","link":"https:\/\/gautierinformatique.com\/?product=msi-vector-16-hx-ai-a2xwhg-472fr","title":{"rendered":"MSI Vector 16 HX AI A2XWHG-472FR"},"content":{"rendered":"<h1 class=\"title-1\" data-brand=\"MSI\" data-category=\"PC portable\" data-seller=\"LDLC\" data-universe=\"Informatique\">MSI Vector 16 HX AI A2XWHG-472FR<\/h1>\n<div class=\"product-content\">\n<div class=\"product-subtitle\">\n<h2>Intel Core Ultra 9 275HX 32Go SSD 1 To 16&Prime; LED QHD+ 240 Hz NVIDIA GeForce RTX 5080 Ti 16 Go DLSS 4 Wi-Fi 6E\/Bluetooth Webcam Windows 11 Famille<\/h2>\n<\/div>\n<\/div>\n","protected":false},"excerpt":{"rendered":"<div class=\"logo\"><a href=\"https:\/\/www.ldlc.com\/msi\/bint000000992\/\" rel=\"nofollow\"><img decoding=\"async\" src=\"https:\/\/media.ldlc.com\/v3\/marque\/bo\/00\/05\/99\/39\/V30005993997.gif\" alt=\"MSI\" \/><\/a><\/div>\n<div id=\"description\" class=\"description\">\n<div class=\"details-pdt-desc\">\n<h2 class=\"h2-master\">Hautes performances pour le jeu et la cr\u00e9ation<\/h2>\n<section>\u00c0 la fois adapt\u00e9 pour les jeux vid\u00e9os et pour les besoins des professionnels des STEM (science, technologie, ing\u00e9nierie et math\u00e9matiques), le PC portable\u00a0<strong>MSI Vector 16 HX AI A2XW<\/strong>\u00a0offre haute performance et stabilit\u00e9. Que ce soit pour d\u00e9velopper un logiciel, analyser des donn\u00e9es ou effectuer des simulations sur votre ordinateur, le Vector 16 HX AI vous offre un niveau de performances et de fiabilit\u00e9 qui vous permettra d&rsquo;exceller dans tous vos d\u00e9fis du quotidien.<\/section>\n<section>\n<div class=\"desc-image\"><img decoding=\"async\" src=\"https:\/\/media.ldlc.com\/bo\/images\/fiches\/pc_portables\/msi\/Vector_16_HX_AI_A2XW\/801.jpg\" alt=\"\" \/><\/div>\n<div class=\"desc-text\">\n<h2>Performances avec Intel COre Ultra 9<\/h2>\n<p>Avec une architecture regroupant des c\u0153urs P-core et E-core et apportant un niveau de performances par watt optimis\u00e9, le processeur Intel Core Ultra 9 275HX est pr\u00eat pour rendre votre exp\u00e9rience de jeu toujours plus extr\u00eame, silencieuse et bien refroidie, avec des performances dignes d&rsquo;un PC de bureau de qualit\u00e9 \u00e9lite.<\/p>\n<\/div>\n<\/section>\n<section>\n<div class=\"desc-text\">\n<h2>Changez la donne avec NVIDIA GeForce RTX 50<\/h2>\n<p>Aliment\u00e9s par l&rsquo;architecture NVIDIA Blackwell, les puces graphiques GeForce RTX s\u00e9rie 50 fournissent des capacit\u00e9s r\u00e9volutionnaires aux joueurs et aux cr\u00e9ateurs. La puissance d&rsquo;IA ph\u00e9nom\u00e9nale des mod\u00e8les de la s\u00e9rie RTX 50 vous aident \u00e0 vivre des exp\u00e9riences in\u00e9dites avec une fid\u00e9lit\u00e9 graphique incomparable. Acc\u00e9l\u00e9rez les performances visuelles avec le NVIDIA DLSS 4, g\u00e9n\u00e9rez des images \u00e0 une vitesse sans pr\u00e9c\u00e9dent et exprimez toute votre cr\u00e9ativit\u00e9 avec NVIDIA Studio.<\/p>\n<p>Cet ordinateur portable MSI est con\u00e7u pour prendre en charge les microservices NVIDIA NIM et sont donc optimis\u00e9s pour les mod\u00e8les d&rsquo;IA pour le traitement du langage, de la parole, de la vision, de la g\u00e9n\u00e9ration de contenu et de bien plus encore. Gr\u00e2ce \u00e0 ces outils, les utilisateurs les plus enthousiastes et les d\u00e9veloppeurs pourront cr\u00e9er des assistants IA, d\u00e9velopper des plugins de productivit\u00e9 ou encore concevoir localement des flux de travail de cr\u00e9ation de contenu innovants sur des PC IA RTX.<\/p>\n<\/div>\n<div class=\"desc-image\"><img decoding=\"async\" src=\"https:\/\/media.ldlc.com\/bo\/images\/fiches\/pc_portables\/msi\/Vector_16_HX_AI_A2XW\/802.jpg\" alt=\"\" \/><\/div>\n<\/section>\n<section>\n<div class=\"desc-image\"><img decoding=\"async\" src=\"https:\/\/media.ldlc.com\/bo\/images\/fiches\/pc_portables\/msi\/Vector_16_HX_AI_A2XW\/803.jpg\" alt=\"\" \/><\/div>\n<div class=\"desc-text\">\n<h2>Refroidissement performant<\/h2>\n<p>Con\u00e7ue pour assurer un refroidissement parfait, la technologie MSI Cooler Boost 5 offre une solution \u00e0 la fois pour le processeur et la carte graphique. Gr\u00e2ce \u00e0 des ventilateurs plus larges et \u00e0 des caloducs plus \u00e9pais, elle garantit des performances optimales m\u00eame lors des sessions de jeux les plus intenses.<\/p>\n<\/div>\n<\/section>\n<section>\n<div class=\"desc-text\">\n<h2>Connecteurs Thunderbolt 5<\/h2>\n<p>B\u00e9n\u00e9ficiez d&rsquo;une solution de pointe en mati\u00e8re de transfert de donn\u00e9es et de connectique. Avec Thunderbolt 5, vous profitez d&rsquo;une bande passante allant jusqu&rsquo;\u00e0 120 Gbit\/s avec Thunderbolt Bandwidth Boost, ainsi que de la possibilit\u00e9 de connecter un plus grand nombre d&rsquo;\u00e9crans avec une r\u00e9solution et des taux de rafra\u00eechissement plus \u00e9lev\u00e9s que jamais.<\/p>\n<\/div>\n<div class=\"desc-image\"><img decoding=\"async\" src=\"https:\/\/media.ldlc.com\/bo\/images\/fiches\/pc_portables\/msi\/Vector_16_HX_AI_A2XW\/804.jpg\" alt=\"\" \/><\/div>\n<\/section>\n<section>\n<div class=\"desc-image\"><img decoding=\"async\" src=\"https:\/\/media.ldlc.com\/bo\/images\/fiches\/pc_portables\/msi\/Vector_16_HX_AI_A2XW\/805.jpg\" alt=\"\" \/><\/div>\n<div class=\"desc-text\">\n<h2>\u00c9cran de 16 pouces QHD+ avec 240 Hz<\/h2>\n<p>Les ordinateurs portables gaming MSI sont v\u00e9ritablement pens\u00e9s pour r\u00e9pondre aux besoins des joueurs, notamment en termes de qualit\u00e9 d&rsquo;image. Pour cela, ce mod\u00e8le propose une r\u00e9solution et un taux de rafra\u00eechissement \u00e9lev\u00e9s pour vous permettre de vivre votre jeu comme si vous y \u00e9tiez, gr\u00e2ce \u00e0 une fluidit\u00e9 et une rapidit\u00e9 d&rsquo;affichage \u00e9patants.<\/p>\n<\/div>\n<\/section>\n<section class=\"list\">\n<h2>Caract\u00e9ristiques principales :<\/h2>\n<ul>\n<li><strong>Processeur\u00a0Intel Core Ultra 9 275HX<\/strong><\/li>\n<li>\u00c9cran de 16&Prime; avec\u00a0r\u00e9solution<strong>\u00a0QHD+\u00a0<\/strong>et\u00a0<strong>fr\u00e9quence de 240 Hz<\/strong><\/li>\n<li>Dalle de niveau IPS : couleurs lumineuses et angles de vision larges<\/li>\n<li>32 Go de m\u00e9moire vive DDR5 (2 slots avec maximum 96 Go)<\/li>\n<li>Puce graphique\u00a0<strong>NVIDIA GeForce RTX 5080 Ti<\/strong> avec 16 Go de m\u00e9moire d\u00e9di\u00e9e GDDR7<\/li>\n<li><strong>SSD M.2 PCIe 4.0 x4 de 1 To<\/strong>\u00a0+ 1 slot M.2 PCIe 5.0 libre pour un second SSD<\/li>\n<li>2 ports Thunderbolt 5 (DisplayPort, Power Delivery 3.1)<\/li>\n<li>Communication sans fil fiable et performante avec les technologies\u00a0<strong>Wi-Fi 6E<\/strong>\u00a0et<strong>\u00a0Bluetooth 5.3<\/strong><\/li>\n<li>Refroidissement performant \u00e0 double ventilateur avec technologie Cooler Boost 5<\/li>\n<li>Clavier r\u00e9tro\u00e9clair\u00e9 avec 24 zones RGB et touche Copilot<\/li>\n<li>Webcam HD 720p<\/li>\n<li><strong>Windows 11 Famille<\/strong><\/li>\n<\/ul>\n<\/section>\n<\/div>\n<div class=\"emphasis\"><\/div>\n<\/div>\n","protected":false},"featured_media":14524,"comment_status":"open","ping_status":"closed","template":"","meta":[],"product_brand":[180],"product_cat":[142],"product_tag":[],"class_list":{"0":"post-14522","1":"product","2":"type-product","3":"status-publish","4":"has-post-thumbnail","6":"product_brand-msi","7":"product_cat-gaming-laptops","9":"first","10":"instock","11":"sale","12":"shipping-taxable","13":"purchasable","14":"product-type-simple"},"_links":{"self":[{"href":"https:\/\/gautierinformatique.com\/index.php?rest_route=\/wp\/v2\/product\/14522","targetHints":{"allow":["GET"]}}],"collection":[{"href":"https:\/\/gautierinformatique.com\/index.php?rest_route=\/wp\/v2\/product"}],"about":[{"href":"https:\/\/gautierinformatique.com\/index.php?rest_route=\/wp\/v2\/types\/product"}],"replies":[{"embeddable":true,"href":"https:\/\/gautierinformatique.com\/index.php?rest_route=%2Fwp%2Fv2%2Fcomments&post=14522"}],"version-history":[{"count":2,"href":"https:\/\/gautierinformatique.com\/index.php?rest_route=\/wp\/v2\/product\/14522\/revisions"}],"predecessor-version":[{"id":14530,"href":"https:\/\/gautierinformatique.com\/index.php?rest_route=\/wp\/v2\/product\/14522\/revisions\/14530"}],"wp:featuredmedia":[{"embeddable":true,"href":"https:\/\/gautierinformatique.com\/index.php?rest_route=\/wp\/v2\/media\/14524"}],"wp:attachment":[{"href":"https:\/\/gautierinformatique.com\/index.php?rest_route=%2Fwp%2Fv2%2Fmedia&parent=14522"}],"wp:term":[{"taxonomy":"product_brand","embeddable":true,"href":"https:\/\/gautierinformatique.com\/index.php?rest_route=%2Fwp%2Fv2%2Fproduct_brand&post=14522"},{"taxonomy":"product_cat","embeddable":true,"href":"https:\/\/gautierinformatique.com\/index.php?rest_route=%2Fwp%2Fv2%2Fproduct_cat&post=14522"},{"taxonomy":"product_tag","embeddable":true,"href":"https:\/\/gautierinformatique.com\/index.php?rest_route=%2Fwp%2Fv2%2Fproduct_tag&post=14522"}],"curies":[{"name":"wp","href":"https:\/\/api.w.org\/{rel}","templated":true}]}}