{"id":14699,"date":"2026-01-27T11:53:28","date_gmt":"2026-01-27T11:53:28","guid":{"rendered":"https:\/\/gautierinformatique.com\/?post_type=product&#038;p=14699"},"modified":"2026-01-27T11:54:07","modified_gmt":"2026-01-27T11:54:07","slug":"gigabyte-aero-x16-1wh93frc64ah-copilot-pc","status":"publish","type":"product","link":"https:\/\/gautierinformatique.com\/?product=gigabyte-aero-x16-1wh93frc64ah-copilot-pc","title":{"rendered":"GIGABYTE AERO X16 1WH93FRC64AH Copilot+ PC"},"content":{"rendered":"<p>GIGABYTE AERO X16 1WH93FRC64AH Copilot+ PC<\/p>\n<p>16 pouces \/ IPS \/ 165 Hz \/ 3 ms<br \/>\nR\u00e9solution : QHD+ (2560 x 1600) 16:10<br \/>\nType de dalle : Anti-reflet<br \/>\nAMD Ryzen\u2122\ufe0f Al 7 350<br \/>\nC\u0153urs : 8 (Jusqu&rsquo;\u00e0 5 GHz) Threads 16,Cache 16 Mo<br \/>\n32 Go DDR5 (5600 MHz) \/ 2 slots (occup\u00e9s) Extension possible jusqu&rsquo;\u00e0 64 Go<br \/>\nSSD : 1 To NVMe PCIe Gen4x4 M.2<br \/>\nPr\u00e9sence d&rsquo;un second port SSD NVMe PCIe Gen4x2 M.2<br \/>\nNvidia GeForce RTX 5070 d\u00e9die 8 Go GDDR7<\/p>\n","protected":false},"excerpt":{"rendered":"<div class=\"logo\"><a href=\"https:\/\/www.ldlc.com\/gigabyte\/bint000000990\/\" rel=\"nofollow\"><img decoding=\"async\" src=\"https:\/\/media.ldlc.com\/v3\/marque\/190\/C000000990.gif\" alt=\"Gigabyte\" \/><\/a><\/div>\n<div id=\"description\" class=\"description\">\n<div class=\"details-pdt-desc\">\n<h2 class=\"h2-master\">Hautes performances pour le jeu et la cr\u00e9ation<\/h2>\n<section>Le\u00a0<strong>PC portable Gigabyte AERO X16<\/strong>\u00a0offre de hautes performances pour le jeu et la cr\u00e9ation graphique. Il b\u00e9n\u00e9ficie d&rsquo;un processeur AMD Ryzen AI s\u00e9rie 300 offrant des performances CPU et NPU de pointe, et d&rsquo;une puce graphique NVIDIA GeForce RTX s\u00e9rie 50, pour une haute qualit\u00e9 d&rsquo;image. Avec ses dimensions compactes et son poids l\u00e9ger, cet ordinateur portable Gigabyte sera aussi un excellent compagnon mobile.<\/section>\n<section>\n<div class=\"desc-image\"><img decoding=\"async\" src=\"https:\/\/media.ldlc.com\/bo\/images\/fiches\/pc_portables\/gigabyte\/aero_x16\/801.jpg\" alt=\"\" \/><\/div>\n<div class=\"desc-text\">\n<h2>Performances boost\u00e9es par l&rsquo;IA<\/h2>\n<p>Avec un processeur AMD Ryzen AI s\u00e9rie 300, le PC portable Gigabyte AERO X16 offre un coup de boost \u00e0 votre productivit\u00e9 et \u00e0 votre cr\u00e9ativit\u00e9. Il donnera vie \u00e0 de nouvelles exp\u00e9riences PC IA et les faisant passer au niveau sup\u00e9rieur ! De plus, l&rsquo;assistant d&rsquo;IA GiMATE transformera votre fa\u00e7on d&rsquo;interagir avec la technologie. GiMATE cr\u00e9e une interface intelligente qui comprend parfaitement vos besoins. Le contr\u00f4le sera d\u00e9sormais plus intuitif, plus intelligent et plus personnalis\u00e9 !<\/p>\n<\/div>\n<\/section>\n<section>\n<div class=\"desc-text\">\n<h2>NVIDIA GeForce RTX s\u00e9rie 50<\/h2>\n<p>Propuls\u00e9s par NVIDIA Blackwell, les GPU pour ordinateurs portables de la GeForce RTX s\u00e9rie 50 offrent des performances r\u00e9volutionnaires pour les joueurs et les cr\u00e9ateurs. Avec une puissance IA avanc\u00e9e, la RTX s\u00e9rie 50 d\u00e9bloque de nouvelles exp\u00e9riences et une fid\u00e9lit\u00e9 graphique de niveau sup\u00e9rieur. NVIDIA DLSS 4 am\u00e9liore les performances et les visuels, tandis que NVIDIA Studio \u00e9l\u00e8ve les flux de travail cr\u00e9atifs, permettant aux utilisateurs d&rsquo;obtenir des r\u00e9sultats \u00e9poustouflants dans le jeu et la cr\u00e9ation de contenu.<\/p>\n<\/div>\n<div class=\"desc-image\"><img decoding=\"async\" src=\"https:\/\/media.ldlc.com\/bo\/images\/fiches\/pc_portables\/gigabyte\/Master_18\/802.jpg\" alt=\"\" \/><\/div>\n<\/section>\n<section>\n<div class=\"desc-image\"><img decoding=\"async\" src=\"https:\/\/media.ldlc.com\/bo\/images\/fiches\/pc_portables\/gigabyte\/aero_x16\/803.jpg\" alt=\"\" \/><\/div>\n<div class=\"desc-text\">\n<h2>\u00c9cran IPS de 16 pouces QHD+ 165 Hz<\/h2>\n<p>La puissance n&rsquo;est rien sans un \u00e9cran capable d&rsquo;offrir une qualit\u00e9 d&rsquo;image \u00e0 la hauteur. L&rsquo;AERO X16 offre une superbe qualit\u00e9 d&rsquo;image gr\u00e2ce \u00e0 son \u00e9cran de 16 pouces avec dalle IPS, r\u00e9solution QHD+ et fr\u00e9quence d&rsquo;image maximale de 165 Hz. Le r\u00e9sultat : des d\u00e9tails pr\u00e9cis, des couleurs fid\u00e8les et un affichage ultra-fluide !<\/p>\n<p>Gr\u00e2ce \u00e0 ses bords fins sur les quatre c\u00f4t\u00e9s, l&rsquo;AERO X16 pr\u00e9sente un \u00e9cran de 16 pouces avec un rapport \u00e9cran\/corps de 92 %, pour un meilleur confort et une parfaite immersion. De plus, chaque \u00e9cran est pr\u00e9-calibr\u00e9 en usine pour une reproduction optimale des couleurs \u00e9clatantes.<\/p>\n<\/div>\n<\/section>\n<section>\n<div class=\"desc-text\">\n<h2>Refroidissement WINDFORCE Infinity<\/h2>\n<p>Le PC portable AERO X16 est \u00e9quip\u00e9 d&rsquo;une paire de ventilateurs \u00e0 puissance am\u00e9lior\u00e9e de 12 V pour cr\u00e9er des flux d&rsquo;air \u00e0 haute efficacit\u00e9 thermique dans son ch\u00e2ssis ultra-mince. Pour une exp\u00e9rience plus silencieuse pendant les moments plus calmes, l&rsquo;assistant GiMATE est capable d&rsquo;adapter dynamiquement la vitesse de rotation des ventilateurs.<\/p>\n<\/div>\n<div class=\"desc-image\"><img decoding=\"async\" src=\"https:\/\/media.ldlc.com\/bo\/images\/fiches\/pc_portables\/gigabyte\/aero_x16\/804.jpg\" alt=\"\" \/><\/div>\n<\/section>\n<section>\n<div class=\"desc-image\"><img decoding=\"async\" src=\"https:\/\/media.ldlc.com\/bo\/images\/fiches\/pc_portables\/gigabyte\/Master_16\/805.jpg\" alt=\"\" \/><\/div>\n<div class=\"desc-text\">\n<h2>GiMATE, Votre Agent IA Personnel<\/h2>\n<p>GiMATE, un agent IA innovant pour un contr\u00f4le mat\u00e9riel et logiciel sans faille, est au centre de la gamme Master, red\u00e9finissant le jeu, la cr\u00e9ation et la productivit\u00e9 \u00e0 l&rsquo;\u00e8re de l&rsquo;IA. De l&rsquo;annulation de bruit pilot\u00e9e par IA aux ajustements de ventilateur bas\u00e9s sur des sc\u00e9narios et \u00e0 l&rsquo;overclocking intelligent, GiMATE optimise votre exp\u00e9rience \u00e0 tout moment, n&rsquo;importe o\u00f9. Adapt\u00e9 \u00e0 vos besoins uniques, GiMATE garantit des performances sans faille et une assistance personnalis\u00e9e pour chaque t\u00e2che.<\/p>\n<\/div>\n<\/section>\n<section class=\"list\">\n<h2>Caract\u00e9ristiques principales :<\/h2>\n<ul>\n<li><strong>Processeur\u00a0AMD Ryzen AI 7 350<\/strong><\/li>\n<li>32 Go de m\u00e9moire SO-DIMM DDR5 5600 MHz (2 slots pour un maximum de 64 Go)<\/li>\n<li>\u00c9cran de 16&Prime; au format 16\/10 avec r\u00e9solution QHD+ et\u00a0<strong>fr\u00e9quence d&rsquo;affichage de 165 Hz<\/strong><\/li>\n<li>Puce graphique<strong>\u00a0NVIDIA GeForce RTX 5070<\/strong>\u00a0avec 8 Go de m\u00e9moire GDDR6<\/li>\n<li><strong>SSD M.2 PCIe de 1 To<\/strong><\/li>\n<li>Clavier gamer avec r\u00e9tro\u00e9clairage RGB sur 1 zone<\/li>\n<li>Communication sans fil performante\u00a0Wi-Fi 6E + Bluetooth 5.2<\/li>\n<li>Syst\u00e8me audio st\u00e9r\u00e9o avec technologie Dolby Atmos<\/li>\n<li>Adaptateur d&rsquo;alimentation 150 watts<\/li>\n<li><strong>Windows 11 Famille<\/strong><\/li>\n<\/ul>\n<\/section>\n<\/div>\n<\/div>\n","protected":false},"featured_media":14700,"comment_status":"open","ping_status":"closed","template":"","meta":[],"product_brand":[109],"product_cat":[100],"product_tag":[],"class_list":{"0":"post-14699","1":"product","2":"type-product","3":"status-publish","4":"has-post-thumbnail","6":"product_brand-gigabyte","7":"product_cat-accessories","9":"first","10":"instock","11":"shipping-taxable","12":"purchasable","13":"product-type-simple"},"_links":{"self":[{"href":"https:\/\/gautierinformatique.com\/index.php?rest_route=\/wp\/v2\/product\/14699","targetHints":{"allow":["GET"]}}],"collection":[{"href":"https:\/\/gautierinformatique.com\/index.php?rest_route=\/wp\/v2\/product"}],"about":[{"href":"https:\/\/gautierinformatique.com\/index.php?rest_route=\/wp\/v2\/types\/product"}],"replies":[{"embeddable":true,"href":"https:\/\/gautierinformatique.com\/index.php?rest_route=%2Fwp%2Fv2%2Fcomments&post=14699"}],"version-history":[{"count":2,"href":"https:\/\/gautierinformatique.com\/index.php?rest_route=\/wp\/v2\/product\/14699\/revisions"}],"predecessor-version":[{"id":14705,"href":"https:\/\/gautierinformatique.com\/index.php?rest_route=\/wp\/v2\/product\/14699\/revisions\/14705"}],"wp:featuredmedia":[{"embeddable":true,"href":"https:\/\/gautierinformatique.com\/index.php?rest_route=\/wp\/v2\/media\/14700"}],"wp:attachment":[{"href":"https:\/\/gautierinformatique.com\/index.php?rest_route=%2Fwp%2Fv2%2Fmedia&parent=14699"}],"wp:term":[{"taxonomy":"product_brand","embeddable":true,"href":"https:\/\/gautierinformatique.com\/index.php?rest_route=%2Fwp%2Fv2%2Fproduct_brand&post=14699"},{"taxonomy":"product_cat","embeddable":true,"href":"https:\/\/gautierinformatique.com\/index.php?rest_route=%2Fwp%2Fv2%2Fproduct_cat&post=14699"},{"taxonomy":"product_tag","embeddable":true,"href":"https:\/\/gautierinformatique.com\/index.php?rest_route=%2Fwp%2Fv2%2Fproduct_tag&post=14699"}],"curies":[{"name":"wp","href":"https:\/\/api.w.org\/{rel}","templated":true}]}}