{"id":14756,"date":"2026-02-16T11:24:19","date_gmt":"2026-02-16T11:24:19","guid":{"rendered":"https:\/\/gautierinformatique.com\/?post_type=product&#038;p=14756"},"modified":"2026-02-16T11:36:30","modified_gmt":"2026-02-16T11:36:30","slug":"hp-victus-15-fb3093dx-gaming-performance-pro","status":"publish","type":"product","link":"https:\/\/gautierinformatique.com\/?product=hp-victus-15-fb3093dx-gaming-performance-pro","title":{"rendered":"HP VICTUS 15 FB3093DX \u2013 GAMING &#038; PERFORMANCE PRO"},"content":{"rendered":"<p>\ud83d\udd25 HP VICTUS 15 FB3093DX \u2013 GAMING &amp; PERFORMANCE PRO \ud83d\udd25<br \/>\nTu cherches un PC portable puissant, rapide et fiable pour le gaming, le montage vid\u00e9o, le graphisme ou le travail intensif ?<br \/>\n\ud83d\udc49 Le HP Victus 15 est fait pour toi \ud83d\udcaa\ud83c\udfae<br \/>\n\u2699\ufe0f Caract\u00e9ristiques principales :<br \/>\n\u2714\ufe0f AMD Ryzen 7 7445HS<br \/>\n\u2714\ufe0f NVIDIA GeForce RTX 4050 \u2013 6 Go GDDR6<br \/>\n\u2714\ufe0f 32Go RAM DDR5 \u2013 multit\u00e2che ultra fluide<br \/>\n\u2714\ufe0f SSD NVMe 1TB SSD\u2013 d\u00e9marrage rapide<br \/>\n\u2714\ufe0f \u00c9cran 15,6\u2019\u2019 Full HD \u2013 144 Hz<br \/>\n\u2714\ufe0f Clavier r\u00e9tro\u00e9clair\u00e9<br \/>\n\u2714\ufe0f Windows 11<br \/>\n\ud83c\udfae Gaming : joue aux jeux r\u00e9cents en Full HD avec fluidit\u00e9<br \/>\n\ud83c\udfac Cr\u00e9ation : parfait pour montage vid\u00e9o et design<br \/>\n\u26a1\ufe0f Performance : rapidit\u00e9, puissance et fiabilit\u00e9 au quotidien<br \/>\n\ud83d\udee1 Garantie : 1 an<br \/>\n\ud83c\udfec Disponible chez Gautier Informatique<br \/>\n\ud83d\ude9a Livraison possible partout \u00e0 Abidjan<br \/>\n\ud83d\udcf2 WhatsApp \/ Appel : 07 57 24 05 18 | 01 41 77 55 53<br \/>\n\ud83c\udf10 www.gautierinformatique.com<br \/>\n\ud83d\udccc Stock limit\u00e9 \u2013 Premier arriv\u00e9, premier servi !<br \/>\n#GautierInformatique #HPVictus #PCGaming #RTX4050 #GamingAbidjan #InformatiqueCI<\/p>\n","protected":false},"excerpt":{"rendered":"<div id=\"undefined1\" class=\"overflow-hidden mb-2 js-read-more-read-less read-more-read-less position-relative expand-xl\" data-trigger-css=\"d-xl-none\" data-block=\"features\" data-scroll-top=\"true\" data-scroll-amount=\"100\" data-readmore=\"\" aria-expanded=\"false\">\n<div class=\"pt-3\">\n<div id=\"fsFeatures\" class=\"np_toggle_np1 section_content\">\n<div class=\"container padding-remove position-relative pt-0 pb-4\">\n<div class=\"row \">\n<div class=\"col-12\">\n<div id=\"b68905\" class=\"content_block_container image_block text-center\">\n<div class=\"d-none d-md-block img-fluid\">\n<div class=\"\"><picture><img decoding=\"async\" class=\"img-fluid rounded ls-is-cached lazyloaded\" src=\"https:\/\/www.pbtech.co.nz\/api\/files\/image?path=imglib\/blockimage\/20250423180041_Learn_more_about_the_Game_Pass_Ultimate_Bonus_at_PBTech_NZ.jpg\" alt=\"Image de la promotion BONUS Game Pass Ultimate chez PB Tech\" width=\"auto\" height=\"auto\" data-src=\"api\/files\/image?path=imglib\/blockimage\/20250423180041_Learn_more_about_the_Game_Pass_Ultimate_Bonus_at_PBTech_NZ.jpg\" \/><\/picture><\/div>\n<\/div>\n<\/div>\n<\/div>\n<\/div>\n<\/div>\n<div class=\"container padding-remove position-relative pt-0 pb-4\">\n<div class=\"row \">\n<div class=\"col-12\">\n<div id=\"b68829\" class=\"content_block_container image_block none\">\n<div class=\"d-none d-xl-block img-fluid\">\n<div class=\"position-relative image-aspect-ratio-4by1\"><picture><source srcset=\"api\/files\/image?path=imglib\/blockimage\/20250305172058_AO Desk.webp\" type=\"image\/webp\" data-srcset=\"api\/files\/image?path=imglib\/blockimage\/20250305172058_AO Desk.webp\" \/><img decoding=\"async\" class=\"img-fluid position-absolute start-0 top-0 rounded ls-is-cached lazyloaded\" src=\"https:\/\/www.pbtech.co.nz\/api\/files\/image?path=imglib\/blockimage\/20250305172058_AO%20Desk.png\" alt=\"D\u00e9couvrez et testez une vaste s\u00e9lection de produits HP dans la boutique HP en magasin.\" width=\"auto\" height=\"auto\" data-src=\"api\/files\/image?path=imglib\/blockimage\/20250305172058_AO Desk.png\" \/><\/picture><\/div>\n<\/div>\n<\/div>\n<\/div>\n<\/div>\n<\/div>\n<div>\n<h3><span dir=\"auto\">L\u00e0 o\u00f9 la performance rencontre la stabilit\u00e9<\/span><\/h3>\n<p><span dir=\"auto\">Avec un processeur AMD et une carte graphique NVIDIA\u00ae GeForce RTX\u2122 associ\u00e9s \u00e0 la suite logicielle OMEN Gaming Hub, vous disposerez de toute la puissance n\u00e9cessaire pour profiter de performances optimales et stables dans tous vos jeux pr\u00e9f\u00e9r\u00e9s.<\/span><\/p>\n<h3><span dir=\"auto\">D\u00e9couvrez le design le plus abouti du jeu<\/span><\/h3>\n<p><span dir=\"auto\">De sa couleur embl\u00e9matique \u00e0 son format compact de 15,6 pouces au design dynamique, ce mod\u00e8le de sophistication est une affirmation de style rarement vue dans l&rsquo;univers du jeu vid\u00e9o.<\/span><\/p>\n<h3><span dir=\"auto\">Voil\u00e0 tout ce qu&rsquo;il vous faut emporter. Allons-y.<\/span><\/h3>\n<p><span dir=\"auto\">Cet ordinateur portable a tout pour plaire. Sa conception thermique am\u00e9lior\u00e9e assure un refroidissement optimal, que ce soit pour des sessions de jeu intenses ou des marathons de streaming. Profitez d&rsquo;une exp\u00e9rience de jeu immersive gr\u00e2ce \u00e0 un pav\u00e9 tactile plus grand, un clavier int\u00e9gr\u00e9 et une webcam HD grand angle dot\u00e9e de la r\u00e9duction du bruit temporel pour une nettet\u00e9 exceptionnelle lors de vos streams et appels.<\/span><\/p>\n<h3><span dir=\"auto\">Le d\u00e9veloppement durable en action<\/span><\/h3>\n<p><span dir=\"auto\">Innover avec un objectif pr\u00e9cis et une intention claire pour aller au-del\u00e0 de l&rsquo;impact \u00e0 court terme et susciter un changement positif et durable.<\/span><\/p>\n<h3><span dir=\"auto\">Adoptez une nouvelle perspective avec Windows 11<\/span><\/h3>\n<p><span dir=\"auto\">Avec un menu D\u00e9marrer repens\u00e9 et de nouvelles fa\u00e7ons de se connecter \u00e0 vos personnes, actualit\u00e9s, jeux et contenus pr\u00e9f\u00e9r\u00e9s, Windows 11 est l&rsquo;endroit id\u00e9al pour penser, s&rsquo;exprimer et cr\u00e9er de fa\u00e7on naturelle.<\/span><\/p>\n<h3><span dir=\"auto\">Microsoft Copilot<\/span><\/h3>\n<p><span dir=\"auto\">Boostez votre cr\u00e9ativit\u00e9 et votre productivit\u00e9 avec Microsoft Copilot. Il optimise vos comp\u00e9tences et votre cr\u00e9ativit\u00e9 gr\u00e2ce \u00e0 une assistance intelligente et des r\u00e9ponses pertinentes. D\u00e9sormais, avec la cl\u00e9 Copilot, acc\u00e9dez \u00e0 cet assistant intelligent bas\u00e9 sur l&rsquo;IA d&rsquo;une simple pression sur un bouton.<\/span><\/p>\n<h3><span dir=\"auto\">D\u00e9veloppez votre exp\u00e9rience<\/span><\/h3>\n<p><span dir=\"auto\">Respirez profond\u00e9ment et d\u00e9couvrez une vitesse, une autonomie et des exp\u00e9riences exaltantes comme jamais auparavant avec le processeur AMD Ryzen\u2122 7 7445HS.<\/span><\/p>\n<h3><span dir=\"auto\">Carte graphique NVIDIA\u00ae GeForce RTX\u2122 4050<\/span><\/h3>\n<p><span dir=\"auto\">Une vitesse fulgurante pour les joueurs et les cr\u00e9ateurs. D\u00e9couvrez des mondes virtuels plus vrais que nature, des jeux \u00e0 tr\u00e8s haute fr\u00e9quence d&rsquo;images, des m\u00e9thodes de cr\u00e9ation r\u00e9volutionnaires et une acc\u00e9l\u00e9ration du flux de travail sans pr\u00e9c\u00e9dent.<\/span><\/p>\n<h3><span dir=\"auto\">Technologie AMD FreeSync\u2122 Premium<\/span><\/h3>\n<p><span dir=\"auto\">Chaque joueur m\u00e9rite une exp\u00e9rience de jeu parfaitement fluide et des performances optimales. Jouez en toute confiance gr\u00e2ce \u00e0 un taux de rafra\u00eechissement \u00e9lev\u00e9, une compensation des faibles fr\u00e9quences d&rsquo;images et une latence minimale.<\/span><\/p>\n<h3><span dir=\"auto\">\u00c9cran antireflet Full HD 144 Hz<\/span><\/h3>\n<p><span dir=\"auto\">R\u00e9duisez les d\u00e9calages frustrants et les effets de r\u00e9manence gr\u00e2ce \u00e0 un \u00e9cran qui combine un taux de rafra\u00eechissement de 144 Hz et une r\u00e9solution Full HD 1080p pour une exp\u00e9rience de jeu fluide et nette.<\/span><\/p>\n<h3><span dir=\"auto\">\u00e9cran IPS<\/span><\/h3>\n<p><span dir=\"auto\">Peu importe votre position, cet \u00e9cran offre des images claires et \u00e9clatantes gr\u00e2ce \u00e0 ses angles de vision larges de 178 degr\u00e9s, permettant \u00e0 chacun de profiter d&rsquo;une vue optimale.<\/span><\/p>\n<h3><span dir=\"auto\">HP Fast Charge<\/span><\/h3>\n<p><span dir=\"auto\">Passez de 0 \u00e0 50 % de charge en 30 minutes environ.<\/span><\/p>\n<h3><span dir=\"auto\">Connect\u00e9 sans effort<\/span><\/h3>\n<p><span dir=\"auto\">Profitez de vitesses plus rapides, de performances am\u00e9lior\u00e9es et d&rsquo;une plus grande capacit\u00e9 gr\u00e2ce \u00e0 la carte sans fil Wi-Fi 6 et Bluetooth\u00ae 5.4.<\/span><\/p>\n<h3><span dir=\"auto\">Cam\u00e9ra HP Wide Vision HD<\/span><\/h3>\n<p><span dir=\"auto\">Le champ de vision grand angle de 88 degr\u00e9s vous permet de discuter en vid\u00e9o avec toute votre famille ou un groupe d&rsquo;amis avec une nettet\u00e9 exceptionnelle.<\/span><\/p>\n<h3><span dir=\"auto\">SSD PCIe\u00ae Gen4 NVMe\u2122 M.2<\/span><\/h3>\n<p><span dir=\"auto\">Gr\u00e2ce \u00e0 son transfert de donn\u00e9es \u00e0 haute vitesse, le SSD PCIe\u00ae Gen4 NVMe\u2122 M.2 offre une vitesse rapide et un stockage efficace.<\/span><\/p>\n<h3><span dir=\"auto\">pav\u00e9 tactile agrandi<\/span><\/h3>\n<p><span dir=\"auto\">Un pav\u00e9 tactile plus spacieux rend le contr\u00f4le de votre PC plus facile et intuitif.<\/span><\/p>\n<h3><span dir=\"auto\">\u00c9cran \u00e0 micro-bordures<\/span><\/h3>\n<p><span dir=\"auto\">En int\u00e9grant un \u00e9cran plus grand dans un cadre plus petit, ce cadre ultra-fin, quasiment invisible, r\u00e9volutionne l&rsquo;apparence de votre \u00e9cran gr\u00e2ce \u00e0 un design d&rsquo;une efficacit\u00e9 remarquable.<\/span><\/p>\n<h3><span dir=\"auto\">Clavier r\u00e9tro\u00e9clair\u00e9 avec pav\u00e9 num\u00e9rique int\u00e9gr\u00e9<\/span><\/h3>\n<p><span dir=\"auto\">Continuez \u00e0 avancer confortablement m\u00eame dans des environnements plus sombres.<\/span><\/p>\n<\/div>\n<div class=\"container padding-remove position-relative pt-0 pb-4\">\n<div class=\"row \">\n<div class=\"col-12\">\n<div id=\"b75675\" class=\"content_block_container image_block none\">\n<div class=\" img-fluid\">\n<div class=\"\"><picture><source srcset=\"api\/files\/image?path=imglib\/blockimage\/20250527130559_laptop-selector-win11.webp\" type=\"image\/webp\" data-srcset=\"api\/files\/image?path=imglib\/blockimage\/20250527130559_laptop-selector-win11.webp\" \/><img decoding=\"async\" class=\"img-fluid rounded ls-is-cached lazyloaded\" src=\"https:\/\/www.pbtech.co.nz\/api\/files\/image?path=imglib\/blockimage\/20250527130559_laptop-selector-win11.jpg\" alt=\"Windows 11 - Besoin d'aide pour choisir votre nouvel ordinateur\u00a0? Essayez notre outil d'aide au choix bas\u00e9 sur l'IA\u00a0! Commencez d\u00e8s maintenant\u00a0!\" width=\"1920\" height=\"auto\" data-src=\"api\/files\/image?path=imglib\/blockimage\/20250527130559_laptop-selector-win11.jpg\" \/><\/picture><\/div>\n<\/div>\n<\/div>\n<\/div>\n<\/div>\n<\/div>\n<div id=\"b34694\" class=\"content_block_container position-relative pt-0 pb-4\" data-block-id=\"34694\">\n<div class=\"content_block_no_title \">\n<div class=\"container\">\n<div class=\"row\">\n<div class=\"col-12\">\n<p><a href=\"https:\/\/www.kingston.com\/us\/configurator?ktc_campaign=config_pbtech\"><img decoding=\"async\" class=\"img-fluid\" src=\"https:\/\/www.pbtech.co.nz\/fileslib\/_20201013152404_Kingston_product.jpg\" alt=\"\" width=\"100%\" \/><\/a><\/p>\n<\/div>\n<\/div>\n<\/div>\n<\/div>\n<\/div>\n<div id=\"b8329\" class=\"content_block_container position-relative pt-0 pb-4\" data-block-id=\"8329\">\n<div class=\"content_block_no_title \">\n<div class=\"container\">\n<div class=\"row\">\n<div class=\"col-12\">\n<p><strong><span dir=\"auto\">PB Tech est un partenaire HP Gold<\/span><\/strong><\/p>\n<p><img decoding=\"async\" src=\"https:\/\/www.pbtech.co.nz\/fileslib\/_20160430163018_Gold_Partner_Insignia_reverse.png\" \/><\/p>\n<p><img decoding=\"async\" src=\"https:\/\/www.pbtech.co.nz\/fileslib\/_20201223172629_HP_Gold_Partner_Award_2020.jpg\" width=\"150px\" \/><\/p>\n<\/div>\n<\/div>\n<\/div>\n<\/div>\n<\/div>\n<div id=\"b7297\" class=\"content_block_container position-relative pt-0 pb-4\" data-block-id=\"7297\">\n<div class=\"content_block_no_title \">\n<div class=\"container\">\n<div class=\"row\">\n<div class=\"col-12\">\n<p><strong><span dir=\"auto\">PB Tech est un centre de service agr\u00e9\u00e9 HP<\/span><\/strong><\/p>\n<p><img decoding=\"async\" src=\"https:\/\/www.pbtech.co.nz\/fileslib\/_20190516101331_HP_Service_Center.jpg\" \/><\/p>\n<\/div>\n<\/div>\n<\/div>\n<\/div>\n<\/div>\n<\/div>\n<\/div>\n<\/div>\n<div id=\"product-specs-anchor\" class=\"anchor-point\"><\/div>\n<h2 id=\"np2\" class=\"content_block_title mx-0 productPrintHide np_blockTitle mt-4\"><span dir=\"auto\">Caract\u00e9ristiques<\/span><\/h2>\n<div id=\"undefined2\" class=\"overflow-hidden mb-2 js-read-more-read-less read-more-read-less position-relative expand-xl\" data-trigger-css=\"d-xl-none\" data-block=\"specifications\" data-scroll-top=\"true\" data-scroll-amount=\"100\" data-readmore=\"\" aria-expanded=\"false\">\n<div>\n<div id=\"featuresSpecs\" class=\"np_hidden np_toggle_np2 mt-4\">\n<p class=\"label_\"><span dir=\"auto\">Syst\u00e8me op\u00e9rateur<\/span><\/p>\n<p class=\"value_\"><span dir=\"auto\">Windows 11 Famille<\/span><\/p>\n<p class=\"label_\"><span dir=\"auto\">Processeur<\/span><\/p>\n<p class=\"value_\"><span dir=\"auto\">AMD Ryzen\u2122 7 7445HS<\/span><br \/>\n<span dir=\"auto\">6 c\u0153urs<\/span><\/p>\n<p class=\"label_\"><span dir=\"auto\">Vitesse du processeur<\/span><\/p>\n<p class=\"value_\"><span dir=\"auto\">Fr\u00e9quence d&rsquo;horloge maximale en mode boost jusqu&rsquo;\u00e0 4,7 GHz<\/span><\/p>\n<p class=\"label_\"><span dir=\"auto\">Cache du processeur<\/span><\/p>\n<p class=\"value_\"><span dir=\"auto\">Cache L3 de 16 Mo<\/span><\/p>\n<p class=\"label_\"><span dir=\"auto\">M\u00e9moire<\/span><\/p>\n<p class=\"value_\"><span dir=\"auto\">32 Go DDR5-5600 MT\/s (2 x 16 Go)<\/span><\/p>\n<p class=\"label_\"><span dir=\"auto\">emplacements m\u00e9moire accessibles<\/span><\/p>\n<p class=\"value_\"><span dir=\"auto\">2<\/span><\/p>\n<p class=\"label_\"><span dir=\"auto\">Graphiques vid\u00e9o<\/span><\/p>\n<p class=\"value_\"><span dir=\"auto\">Carte graphique pour ordinateur portable NVIDIA\u00ae GeForce RTX\u2122 4050 (6 Go GDDR6 d\u00e9di\u00e9s)<\/span><\/p>\n<p class=\"label_\"><span dir=\"auto\">Stockage interne<\/span><\/p>\n<p class=\"value_\"><span dir=\"auto\">SSD M.2 NVMe\u2122 PCIe\u00ae Gen4 de 1 To<\/span><\/p>\n<p class=\"label_\"><span dir=\"auto\">Finition et caract\u00e9ristiques<\/span><\/p>\n<p class=\"value_\"><span dir=\"auto\">Capot sup\u00e9rieur\u00a0: argent mica\u00a0;<\/span><br \/>\n<span dir=\"auto\">Clavier\u00a0: argent mica\u00a0;<\/span><br \/>\n<span dir=\"auto\">Logo\u00a0: chrome noir<\/span><\/p>\n<p class=\"label_\"><span dir=\"auto\">Cam\u00e9ra<\/span><\/p>\n<p class=\"value_\"><span dir=\"auto\">Cam\u00e9ra HP Wide Vision HD 720p avec r\u00e9duction du bruit temporel et double microphone num\u00e9rique int\u00e9gr\u00e9<\/span><\/p>\n<p class=\"label_\"><span dir=\"auto\">Afficher<\/span><\/p>\n<p class=\"value_\"><span dir=\"auto\">\u00c9cran de 15,6 pouces (diagonale), Full HD (1920 x 1080), 144 Hz, IPS, micro-bordures, antireflet, 300 nits, 62,5 % sRGB,<\/span><br \/>\n<span dir=\"auto\">AMD FreeSync\u2122 Premium<\/span><\/p>\n<p class=\"label_\"><span dir=\"auto\">Rapport \u00e9cran\/corps<\/span><\/p>\n<p class=\"value_\"><span dir=\"auto\">82,2%<\/span><\/p>\n<p class=\"label_\"><span dir=\"auto\">carte r\u00e9seau<\/span><\/p>\n<p class=\"value_\"><span dir=\"auto\">R\u00e9seau local 10\/100\/1 000 GbE int\u00e9gr\u00e9<\/span><\/p>\n<p class=\"label_\"><span dir=\"auto\">Sans fil<\/span><\/p>\n<p class=\"value_\"><span dir=\"auto\">Carte sans fil Wi-Fi 6 (2&#215;2) et Bluetooth\u00ae 5.4<\/span><\/p>\n<p class=\"label_\"><span dir=\"auto\">Son<\/span><\/p>\n<p class=\"value_\"><span dir=\"auto\">Audio HD avec haut-parleurs st\u00e9r\u00e9o<\/span><br \/>\n<span dir=\"auto\">DTS:X\u00ae Ultra<\/span><\/p>\n<p class=\"label_\"><span dir=\"auto\">Clavier int\u00e9gr\u00e9<\/span><\/p>\n<p class=\"value_\"><span dir=\"auto\">Clavier HP Imagepad\u00a0complet, r\u00e9tro\u00e9clair\u00e9, gris pierre de lune, avec pav\u00e9 num\u00e9rique<\/span><\/p>\n<p class=\"label_\"><span dir=\"auto\">ports externes pour ordinateur portable<\/span><\/p>\n<p class=\"value_\"><span dir=\"auto\">1 port USB Type-C\u00ae 5 Gbit\/s (DisplayPort\u2122 1.4a, HP Sleep and Charge)<\/span><br \/>\n<span dir=\"auto\">1 port USB Type-A 5 Gbit\/s (HP Sleep and Charge)<\/span><br \/>\n<span dir=\"auto\">1 port USB Type-A 5 Gbit\/s<\/span><br \/>\n<span dir=\"auto\">1 port RJ-45<\/span><br \/>\n<span dir=\"auto\">1 prise casque\/microphone combin\u00e9e<\/span><br \/>\n<span dir=\"auto\">1 prise d&rsquo;alimentation secteur intelligente<\/span><br \/>\n<span dir=\"auto\">1 port HDMI 2.1<\/span><\/p>\n<p class=\"label_\"><span dir=\"auto\">Dimensions<\/span><\/p>\n<p class=\"value_\"><span dir=\"auto\">Dimensions hors emballage\u00a0: 35,8 cm (L) x 25,5 cm (P) x 2,4 cm (H)\u00a0;<\/span><br \/>\n<span dir=\"auto\">Dimensions emball\u00e9\u00a0: 52 cm (L) x 6,9 cm (l) x 30,5 cm (H)<\/span><\/p>\n<p class=\"label_\"><span dir=\"auto\">Poids<\/span><\/p>\n<p class=\"value_\"><span dir=\"auto\">Poids non emball\u00e9 : 2,3 kg (5,06 lb)<\/span><br \/>\n<span dir=\"auto\">Poids emball\u00e9 : 3,3 kg (7,39 lb)<\/span><\/p>\n<p class=\"label_\"><span dir=\"auto\">Pouvoir<\/span><\/p>\n<p class=\"value_\"><span dir=\"auto\">Batterie lithium-ion polym\u00e8re 4 cellules, 70 Wh\u00a0;<\/span><br \/>\n<span dir=\"auto\">adaptateur secteur 120 W<\/span><\/p>\n<p class=\"label_\"><span dir=\"auto\">Autonomie de la batterie<\/span><\/p>\n<p class=\"value_\"><span dir=\"auto\">Jusqu&rsquo;\u00e0 7 heures et 45 minutes (utilisation mixte)<\/span><br \/>\n<span dir=\"auto\">Jusqu&rsquo;\u00e0 12 heures (lecture vid\u00e9o)<\/span><br \/>\n<span dir=\"auto\">Jusqu&rsquo;\u00e0 7 heures et 45 minutes (streaming sans fil)<\/span><\/p>\n<div class=\"col-12 bg-showcase mt-3\">\n<div class=\"mt-3 pb-3 pt-2\">\n<div class=\"row mx-0\">\n<div class=\"col-12 col-md-3 col-lg-2 py-2 fw-semibold\"><span dir=\"auto\">R\u00e9f\u00e9rence fabricant\u00a0:<\/span><\/div>\n<div class=\"col-12 col-md-3 col-lg-2 py-md-2\"><span dir=\"auto\">&#8211;<\/span><\/div>\n<div class=\"col-12 col-md-3 col-lg-2 py-2 fw-semibold\"><span dir=\"auto\">Marque:<\/span><\/div>\n<div class=\"col-12 col-md-3 col-lg-2 py-md-2\"><a class=\"pblink\" href=\"https:\/\/www.pbtech.co.nz\/brand\/hp\"><span dir=\"auto\">HP<\/span><\/a><\/div>\n<div class=\"col-12 col-md-3 col-lg-2 py-2 fw-semibold\"><span dir=\"auto\">Type de produit :<\/span><\/div>\n<div class=\"col-12 col-md-3 col-lg-2 py-md-2\"><span dir=\"auto\">Ordinateur portable de jeu<\/span><\/div>\n<div class=\"col-12 col-md-3 col-lg-2 py-2 fw-semibold\"><span dir=\"auto\">UPC<\/span><\/div>\n<div class=\"col-12 col-md-3 col-lg-2 py-md-2\"><span dir=\"auto\">&#8211;<\/span><\/div>\n<div class=\"col-12 col-md-3 col-lg-2 py-2 fw-semibold\"><span dir=\"auto\">Famille de produits\u00a0:<\/span><\/div>\n<div class=\"col-12 col-md-3 col-lg-2 py-md-2\"><span dir=\"auto\">Victus<\/span><\/div>\n<div class=\"col-12 col-md-3 col-lg-2 py-2 fw-semibold\"><span dir=\"auto\">Poids \u00e0 l&rsquo;exp\u00e9dition\u00a0:<\/span><\/div>\n<div class=\"col-12 col-md-3 col-lg-2 py-md-2\"><span dir=\"auto\">3,21 kg<\/span><\/div>\n<div class=\"col-12 col-md-3 col-lg-2 py-2 fw-semibold\"><span dir=\"auto\">R\u00e9f\u00e9rence PB :<\/span><\/div>\n<div class=\"col-12 col-md-3 col-lg-2 py-md-2\"><span dir=\"auto\">NBKHNB153093IBS<\/span><\/div>\n<div class=\"col-12 col-md-3 col-lg-2 py-2 fw-semibold\"><span dir=\"auto\">Mod\u00e8le de produit\u00a0:<\/span><\/div>\n<div class=\"col-12 col-md-3 col-lg-2 py-md-2\"><span dir=\"auto\">15-fb3093dx<\/span><\/div>\n<\/div>\n<div class=\"row mx-0 mt-3\">\n<div class=\"col-12\"><span class=\"fw-semibold\"><span dir=\"auto\">Garantie\u00a0:<\/span><\/span><span dir=\"auto\">\u00a012\u00a0mois *<\/span><br \/>\n<i><span dir=\"auto\">* La p\u00e9riode de garantie est celle indiqu\u00e9e ci-dessus, sauf si le fabricant a sp\u00e9cifi\u00e9 une p\u00e9riode plus longue.<\/span><br \/>\n<span dir=\"auto\">Toutes les garanties sont retourn\u00e9es \u00e0 l\u2019atelier, sauf indication contraire.<\/span><\/i><\/div>\n<\/div>\n<\/div>\n<\/div>\n<div class=\"product-feedback-modal-section\">\n<p><span class=\"fw-semibold\"><span dir=\"auto\">Donnez votre avis sur le contenu du produit\u00a0:<\/span><\/span><span dir=\"auto\">\u00a0si cette page produit ne contient pas d\u2019informations essentielles ou si vous avez rep\u00e9r\u00e9 une erreur.<\/span><\/p>\n<div id=\"product-feedback-Section-Link\">\n<div class=\"LaunchElement-sc-8qhwws-8 kjVHfb\" data-component=\"LaunchElement\"><button class=\"ButtonHolder-sc-3wundj-0 StyledButton-sc-3wundj-4 gjFa-dA feedback-modal-section-link-button button-holder micro d-inline-flex p-0 h-auto\" type=\"button\"><label class=\"ButtonLabel-sc-3wundj-2 PIacR button-label\" data-component=\"ButtonLabel\"><span dir=\"auto\">Veuillez nous le faire savoir.<\/span><\/label><\/button><\/div>\n<\/div>\n<\/div>\n<\/div>\n<\/div>\n<\/div>\n","protected":false},"featured_media":14758,"comment_status":"open","ping_status":"closed","template":"","meta":[],"product_brand":[110],"product_cat":[142],"product_tag":[],"class_list":{"0":"post-14756","1":"product","2":"type-product","3":"status-publish","4":"has-post-thumbnail","6":"product_brand-hp","7":"product_cat-gaming-laptops","9":"first","10":"instock","11":"sale","12":"shipping-taxable","13":"purchasable","14":"product-type-simple"},"_links":{"self":[{"href":"https:\/\/gautierinformatique.com\/index.php?rest_route=\/wp\/v2\/product\/14756","targetHints":{"allow":["GET"]}}],"collection":[{"href":"https:\/\/gautierinformatique.com\/index.php?rest_route=\/wp\/v2\/product"}],"about":[{"href":"https:\/\/gautierinformatique.com\/index.php?rest_route=\/wp\/v2\/types\/product"}],"replies":[{"embeddable":true,"href":"https:\/\/gautierinformatique.com\/index.php?rest_route=%2Fwp%2Fv2%2Fcomments&post=14756"}],"version-history":[{"count":2,"href":"https:\/\/gautierinformatique.com\/index.php?rest_route=\/wp\/v2\/product\/14756\/revisions"}],"predecessor-version":[{"id":14762,"href":"https:\/\/gautierinformatique.com\/index.php?rest_route=\/wp\/v2\/product\/14756\/revisions\/14762"}],"wp:featuredmedia":[{"embeddable":true,"href":"https:\/\/gautierinformatique.com\/index.php?rest_route=\/wp\/v2\/media\/14758"}],"wp:attachment":[{"href":"https:\/\/gautierinformatique.com\/index.php?rest_route=%2Fwp%2Fv2%2Fmedia&parent=14756"}],"wp:term":[{"taxonomy":"product_brand","embeddable":true,"href":"https:\/\/gautierinformatique.com\/index.php?rest_route=%2Fwp%2Fv2%2Fproduct_brand&post=14756"},{"taxonomy":"product_cat","embeddable":true,"href":"https:\/\/gautierinformatique.com\/index.php?rest_route=%2Fwp%2Fv2%2Fproduct_cat&post=14756"},{"taxonomy":"product_tag","embeddable":true,"href":"https:\/\/gautierinformatique.com\/index.php?rest_route=%2Fwp%2Fv2%2Fproduct_tag&post=14756"}],"curies":[{"name":"wp","href":"https:\/\/api.w.org\/{rel}","templated":true}]}}