{"id":14991,"date":"2026-04-17T17:19:03","date_gmt":"2026-04-17T17:19:03","guid":{"rendered":"https:\/\/gautierinformatique.com\/?post_type=product&#038;p=14991"},"modified":"2026-04-17T17:22:47","modified_gmt":"2026-04-17T17:22:47","slug":"msi-mpg-491cqp-qd-oled","status":"publish","type":"product","link":"https:\/\/gautierinformatique.com\/?product=msi-mpg-491cqp-qd-oled","title":{"rendered":"MSI MPG 491CQP QD-OLED"},"content":{"rendered":"<p>L&rsquo;\u00e9cran gaming incurv\u00e9 MSI MPG 491CQP QD-OLED est dot\u00e9 d&rsquo;une dalle DQHD (5120&#215;1440) QD-OLED de 49 pouces avec un taux de rafra\u00eechissement \u00e9lev\u00e9 de 144 Hz et un temps de r\u00e9ponse ultra-faible de 0,03 ms (certifi\u00e9 VESA ClearMR 8000). Le MPG 491CQP QD-OLED int\u00e8gre la technologie Quantum Dot, une gamme de couleurs exceptionnelle (1,07 milliard de couleurs, 98% Adobe RGB \/ 146% sRGB \/ 99% DCI-P3 ), un contraste et une luminosit\u00e9 dynamiques VESA DisplayHDR True Black 400, ainsi qu&rsquo;un pied r\u00e9glable.<\/p>\n<div class=\"product-image\">\n<div class=\"pic\">\n<div id=\"productphoto\" data-ean=\"4711377237932\" data-language=\"fr\">\n<div class=\"zoom\">\n<ul class=\"clearfix\">\n<li id=\"liZoom_0\" class=\"zoomboxover vignette selected\" data-index=\"0\" data-type=\"photo\"><a class=\"pVignette photo\" tabindex=\"0\" href=\"https:\/\/media.ldlc.com\/r1600\/ld\/products\/00\/06\/19\/72\/LD0006197257.jpg\" rel=\"photopopup\"><img decoding=\"async\" title=\"MSI 49&quot; QD-OLED - MPG 491CQPX QD-OLED Ecran PC 5K - 5120 x 1440 pixels - 0.03 ms (gris \u00e0 gris) - Format 32\/9 - Dalle QD-OLED - 240 Hz - VESA DisplayHDR True Black 400 - Adaptive-Sync\/G-SYNC Compatible - HDMI\/DisplayPort\/USB-C - Hauteur r\u00e9glable - Noir\" src=\"https:\/\/media.ldlc.com\/r80\/ld\/products\/00\/06\/19\/72\/LD0006197257.jpg\" alt=\"MSI 49&quot; QD-OLED - MPG 491CQPX QD-OLED Ecran PC 5K - 5120 x 1440 pixels - 0.03 ms (gris \u00e0 gris) - Format 32\/9 - Dalle QD-OLED - 240 Hz - VESA DisplayHDR True Black 400 - Adaptive-Sync\/G-SYNC Compatible - HDMI\/DisplayPort\/USB-C - Hauteur r\u00e9glable - Noir\" \/><\/a><\/li>\n<li id=\"liZoom_1\" class=\"zoomboxover vignette \" data-index=\"1\" data-type=\"photo\"><a class=\"pVignette photo\" tabindex=\"0\" href=\"https:\/\/media.ldlc.com\/r1600\/ld\/products\/00\/06\/19\/72\/LD0006197258.jpg\" rel=\"photopopup\"><img decoding=\"async\" title=\"Ecran PC\" src=\"https:\/\/media.ldlc.com\/r80\/ld\/products\/00\/06\/19\/72\/LD0006197258.jpg\" alt=\"Ecran PC\" \/><\/a><\/li>\n<li id=\"liZoom_2\" class=\"zoomboxover vignette \" data-index=\"2\" data-type=\"photo\"><a class=\"pVignette photo\" tabindex=\"0\" href=\"https:\/\/media.ldlc.com\/r1600\/ld\/products\/00\/06\/19\/72\/LD0006197259.jpg\" rel=\"photopopup\"><img decoding=\"async\" title=\"Avis MSI 49&quot; QD-OLED - MPG 491CQPX QD-OLED\" src=\"https:\/\/media.ldlc.com\/r80\/ld\/products\/00\/06\/19\/72\/LD0006197259.jpg\" alt=\"Avis MSI 49&quot; QD-OLED - MPG 491CQPX QD-OLED\" \/><\/a><\/li>\n<li id=\"liZoom_3\" class=\"zoomboxover vignette \" data-index=\"3\" data-type=\"photo\"><a class=\"pVignette photo\" tabindex=\"0\" href=\"https:\/\/media.ldlc.com\/r1600\/ld\/products\/00\/06\/19\/72\/LD0006197260.jpg\" rel=\"photopopup\"><img decoding=\"async\" title=\"Acheter MSI 49&quot; QD-OLED - MPG 491CQPX QD-OLED\" src=\"https:\/\/media.ldlc.com\/r80\/ld\/products\/00\/06\/19\/72\/LD0006197260.jpg\" alt=\"Acheter MSI 49&quot; QD-OLED - MPG 491CQPX QD-OLED\" \/><\/a><\/li>\n<li id=\"liZoom_4\" class=\"zoomboxover vignette \" data-index=\"4\" data-type=\"photo\"><a class=\"pVignette photo\" tabindex=\"0\" href=\"https:\/\/media.ldlc.com\/r1600\/ld\/products\/00\/06\/19\/72\/LD0006197261.jpg\" rel=\"photopopup\"><img decoding=\"async\" title=\"MSI 49&quot; QD-OLED - MPG 491CQPX QD-OLED pas cher\" src=\"https:\/\/media.ldlc.com\/r80\/ld\/products\/00\/06\/19\/72\/LD0006197261.jpg\" alt=\"MSI 49&quot; QD-OLED - MPG 491CQPX QD-OLED pas cher\" \/><\/a><\/li>\n<\/ul>\n<\/div>\n<\/div>\n<\/div>\n<\/div>\n<h1 class=\"title-1\" data-brand=\"MSI\" data-category=\"Ecran PC\" data-seller=\"LDLC\" data-universe=\"Informatique\">MSI 49&Prime; QD-OLED &#8211; MPG 491CQPX QD-OLED<\/h1>\n<div class=\"product-content\">\n<div class=\"product-subtitle\">\n<h2>Ecran PC 5K &#8211; 5120 x 1440 pixels &#8211; 0.03 ms (gris \u00e0 gris) &#8211; Format 32\/9 &#8211; Dalle QD-OLED &#8211; 240 Hz &#8211; VESA DisplayHDR True Black 400 &#8211; Adaptive-Sync\/G-SYNC Compatible &#8211; HDMI\/DisplayPort\/USB-C &#8211; Hauteur r\u00e9glable &#8211; Noir<\/h2>\n<\/div>\n<\/div>\n","protected":false},"excerpt":{"rendered":"<div class=\"logo\"><a href=\"https:\/\/www.ldlc.com\/msi\/bint000000992\/\" rel=\"nofollow\"><img decoding=\"async\" src=\"https:\/\/media.ldlc.com\/v3\/marque\/bo\/00\/05\/99\/39\/V30005993997.gif\" alt=\"MSI\" \/><\/a><\/div>\n<div id=\"description\" class=\"description\">\n<div class=\"details-pdt-desc\">\n<h2 class=\"h2-master\">Performances sup\u00e9rieures et confort optimal<\/h2>\n<section>Vivez intens\u00e9ment le jeu avec l&rsquo;\u00e9cran\u00a0<strong>MSI MPG 491CQPX QD-OLED<\/strong>\u00a0! Avec une dalle QD-OLED incurv\u00e9e de 49 pouces, un taux de rafra\u00eechissement de 240 Hz et un pied r\u00e9glable en hauteur, cet \u00e9cran MSI vous offre la qualit\u00e9 d&rsquo;image, la fluidit\u00e9 d&rsquo;affichage et le confort d&rsquo;utilisation dont vous avez besoin !Pour vous offrir des images impressionnantes de r\u00e9alisme et pour \u00e9viter les flous de mouvement, il est conforme aux normes ClearMR 13000 et DisplayHDR True Black 400 de l&rsquo;organisme VESA. De plus, pour les amateurs de jeux sur console, le MPG 491CQPX QD-OLED propose des ports HDMI 2.1 avec bande passante de 48 Gb\/s, support d&rsquo;une fr\u00e9quence de 120 Hz et fonctions VRR et ALLM.<\/section>\n<section>\n<div class=\"desc-image\"><img decoding=\"async\" src=\"https:\/\/media.ldlc.com\/bo\/images\/fiches\/moniteur%20LED\/MSI\/MPG_491CQP_QD_OLED\/801.jpg\" alt=\"\" \/><\/div>\n<div class=\"desc-text\">\n<h2>Dalle incurv\u00e9e QD-OLED au format 32\/9<\/h2>\n<p>Une couche \u00e9missive de lumi\u00e8re bleue fonctionne de concert avec une innovante couche Quantum dot (points quantiques) afin d&rsquo;assurer une excellente reproduction des couleurs ainsi que des teintes de noir plus profondes et pr\u00e9cises. Le temps de r\u00e9ponse descend jusqu&rsquo;\u00e0 0,03 ms et vous garantit une exp\u00e9rience gaming incroyable. Avec cet \u00e9cran QD-OLED, pr\u00e9parez-vous \u00e0 red\u00e9couvrir le plaisir de jouer ! Ces caract\u00e9ristiques vous seront d&rsquo;une grande aide si vous \u00eates amateur de jeux rapides tels que les jeux de fps, de combats, de courses, de strat\u00e9gie en temps r\u00e9el ou encore de sports. En effet, tous ces types de jeux requi\u00e8rent des mouvements pr\u00e9cis et rapides ainsi qu&rsquo;un taux de rafra\u00eechissement et un temps de r\u00e9ponse ultrarapides pour vous assurer de finir en t\u00eate du classement.<\/p>\n<\/div>\n<\/section>\n<section>\n<div class=\"desc-text\">\n<h2>ClearMR 13 000 et HDR True Black 400<\/h2>\n<p>La certification ClearMR, d\u00e9finie par l&rsquo;organisme VESA, est une nouvelle certification concernant les performances en termes de nettet\u00e9 des images en mouvement. L&rsquo;\u00e9cran MPG 491CQPX QD-OLED a pass\u00e9 avec brio les tests exigeants et a re\u00e7u la certification ClearMR 13 000. La plage CMR repr\u00e9sente des niveaux de performances de flou bas\u00e9s sur le rapport entre les pixels clairs et les pixels flous. Contrairement aux dalles LCD standards, la dalle QD-OLED peut contr\u00f4ler chaque pixel de mani\u00e8re ind\u00e9pendante et ainsi offrir des teintes de noires plus intenses sans ph\u00e9nom\u00e8ne de backlight bleeding, un probl\u00e8me qui arrive souvent sur les dalles LCD. L&rsquo;\u00e9cran MPG 491CQPX QD-OLED offre un taux de contraste \u00e9lev\u00e9 et est certifi\u00e9 VESA DisplayHDR True Black 400. Gr\u00e2ce au contr\u00f4le ind\u00e9pendant des pixels, l&rsquo;\u00e9cran MPG 491CQPX QD-OLED offre un contraste am\u00e9lior\u00e9 et un meilleur affichage des couleurs.<\/p>\n<\/div>\n<div class=\"desc-image\"><img decoding=\"async\" src=\"https:\/\/media.ldlc.com\/bo\/images\/fiches\/moniteur%20LED\/MSI\/MPG_321URX_QD_OLED\/802.jpg\" alt=\"\" \/><\/div>\n<\/section>\n<section>\n<div class=\"desc-image\"><img decoding=\"async\" src=\"https:\/\/media.ldlc.com\/bo\/images\/fiches\/moniteur_lcd\/msi\/msi_oled-care2_0_001.jpg\" alt=\"\" \/><\/div>\n<div class=\"desc-text\">\n<h2>MSI OLED CARE 2.0<\/h2>\n<p>MSI prend soin de votre \u00e9cran OLED gr\u00e2ce \u00e0 la technologie exclusive OLED Care 2.0. MSI OLED CARE 2.0 optimise la protection de la dalle OLED et r\u00e9duit le risque d&rsquo;endommagement durant une utilisation prolong\u00e9e. Le design sans ventilateur permet la dispersion efficace et silencieuse de la chaleur, prolongeant davantage la dur\u00e9e de vie des \u00e9crans innovants QD-OLED. MSI OLED CARE 2.0 propose trois fonctionnalit\u00e9s avanc\u00e9es pour ce faire : d\u00e9calage de pixels, protection de la dalle et d\u00e9tection d\u2019image statique.<\/p>\n<\/div>\n<\/section>\n<section>\n<div class=\"desc-text\">\n<h2>Connectique compl\u00e8te<\/h2>\n<p>Pour une compatibilit\u00e9 \u00e9tendue, le moniteur MSI MPG 491CQPX QD-OLED dispose de connecteurs DisplayPort, HDMI et USB-C. De plus, le port USB Type-C vous permet de recharger vos p\u00e9riph\u00e9riques (jusqu&rsquo;\u00e0 98 watts) et supporte le signal vid\u00e9o gr\u00e2ce \u00e0 la fonction DisplayPort Alt Mode. En connectant votre \u00e9cran et votre PC avec le c\u00e2ble USB fourni, profitez de plusieurs ports USB pour connecter tous vos p\u00e9riph\u00e9riques et gagnez la possibilit\u00e9 de r\u00e9gler facilement les param\u00e8tres de l&rsquo;\u00e9cran en utilisant votre souris.<\/p>\n<\/div>\n<div class=\"desc-image\"><img decoding=\"async\" src=\"https:\/\/media.ldlc.com\/bo\/images\/fiches\/moniteur%20LED\/MSI\/MPG_491CQP_QD_OLED\/803.jpg\" alt=\"\" \/><\/div>\n<\/section>\n<section class=\"list\">\n<h2>Caract\u00e9ristiques principales :<\/h2>\n<ul>\n<li><strong>Dalle QD-OLED de 49 pouces<\/strong>\u00a0avec haute r\u00e9solution de 5120 x 1440<\/li>\n<li>Temps de r\u00e9ponse gris \u00e0 gris de seulement 0,03 ms et\u00a0<strong>taux de rafra\u00eechissement de 240 Hz<\/strong><\/li>\n<li>QD Premium Color pour assurer des couleurs qui r\u00e9pondent aux normes du march\u00e9, avec valeur Delta E\u22642<\/li>\n<li>Norme\u00a0<strong>VESA DisplayHDR True Black 400<\/strong>\u00a0pour des visuels HDR \u00e0 couper le souffle<\/li>\n<li>Gaming Intelligence App pour facilement param\u00e9trer vos jeux<\/li>\n<li><strong>MSI OLED Care 2.0<\/strong>\u00a0pour r\u00e9duire les risques de br\u00fblures de la dalle OLED<\/li>\n<li>Module KVM pour contr\u00f4ler plusieurs appareils via votre clavier, votre souris et votre \u00e9cran<\/li>\n<li>Mode Console avec port HDMI 2.1 et bande passante totale de 48 Gb\/s<\/li>\n<li>Pied de support r\u00e9glable en hauteur pour trouver la position la plus confortable pour jouer<\/li>\n<\/ul>\n<\/section>\n<\/div>\n<\/div>\n","protected":false},"featured_media":14992,"comment_status":"open","ping_status":"closed","template":"","meta":[],"product_brand":[180],"product_cat":[126],"product_tag":[],"class_list":{"0":"post-14991","1":"product","2":"type-product","3":"status-publish","4":"has-post-thumbnail","6":"product_brand-msi","7":"product_cat-5k-4k-2k-monitors","9":"first","10":"instock","11":"sale","12":"shipping-taxable","13":"purchasable","14":"product-type-simple"},"_links":{"self":[{"href":"https:\/\/gautierinformatique.com\/index.php?rest_route=\/wp\/v2\/product\/14991","targetHints":{"allow":["GET"]}}],"collection":[{"href":"https:\/\/gautierinformatique.com\/index.php?rest_route=\/wp\/v2\/product"}],"about":[{"href":"https:\/\/gautierinformatique.com\/index.php?rest_route=\/wp\/v2\/types\/product"}],"replies":[{"embeddable":true,"href":"https:\/\/gautierinformatique.com\/index.php?rest_route=%2Fwp%2Fv2%2Fcomments&post=14991"}],"version-history":[{"count":3,"href":"https:\/\/gautierinformatique.com\/index.php?rest_route=\/wp\/v2\/product\/14991\/revisions"}],"predecessor-version":[{"id":15000,"href":"https:\/\/gautierinformatique.com\/index.php?rest_route=\/wp\/v2\/product\/14991\/revisions\/15000"}],"wp:featuredmedia":[{"embeddable":true,"href":"https:\/\/gautierinformatique.com\/index.php?rest_route=\/wp\/v2\/media\/14992"}],"wp:attachment":[{"href":"https:\/\/gautierinformatique.com\/index.php?rest_route=%2Fwp%2Fv2%2Fmedia&parent=14991"}],"wp:term":[{"taxonomy":"product_brand","embeddable":true,"href":"https:\/\/gautierinformatique.com\/index.php?rest_route=%2Fwp%2Fv2%2Fproduct_brand&post=14991"},{"taxonomy":"product_cat","embeddable":true,"href":"https:\/\/gautierinformatique.com\/index.php?rest_route=%2Fwp%2Fv2%2Fproduct_cat&post=14991"},{"taxonomy":"product_tag","embeddable":true,"href":"https:\/\/gautierinformatique.com\/index.php?rest_route=%2Fwp%2Fv2%2Fproduct_tag&post=14991"}],"curies":[{"name":"wp","href":"https:\/\/api.w.org\/{rel}","templated":true}]}}