{"id":15002,"date":"2026-04-22T14:56:36","date_gmt":"2026-04-22T14:56:36","guid":{"rendered":"https:\/\/gautierinformatique.com\/?post_type=product&#038;p=15002"},"modified":"2026-04-22T17:29:01","modified_gmt":"2026-04-22T17:29:01","slug":"hp-omnistudio-x-27-cs1003nf","status":"publish","type":"product","link":"https:\/\/gautierinformatique.com\/?product=hp-omnistudio-x-27-cs1003nf","title":{"rendered":"HP OmniStudio X 27-cs1003nf"},"content":{"rendered":"<p>HP OmniStudio X 27-cs1003nf<\/p>\n<p>\u00c9cran tactile Full HD de 68,6 cm (27 pouces) (1920 x 1080), IPS, micro-bords sur trois c\u00f4t\u00e9s, antireflet, 300 nits, 99 % sRGB<br \/>\nProcesseur Intel\u00ae\ufe0f Core\u2122\ufe0f Ultra 7 256V (jusqu\u2019\u00e0 4,8 GHz avec la technologie Intel\u00ae\ufe0f Turbo Boost, 12 Mo de m\u00e9moire cache L3, 8 c\u0153urs, 8 threads<br \/>\n16 Go de m\u00e9moire LPDDR5x-8533 MT\/s (int\u00e9gr\u00e9e)<br \/>\nDisque SSD PCIe\u00ae\ufe0f NVMe\u2122\ufe0f M.2 1 To<br \/>\nCarte graphique Intel\u00ae\ufe0f Arc<br \/>\nSyst\u00e8me d&rsquo;exploitation<br \/>\nWindows 11 Famille<br \/>\nEnsemble clavier et souris USB HP 710 Argent m\u00e9t\u00e9ore<\/p>\n","protected":false},"excerpt":{"rendered":"<div>\n<h3 id=\"title\" class=\"a-size-large a-spacing-none\"><span id=\"productTitle\" class=\"a-size-large product-title-word-break\">HP OmniStudio X 27-cs1003nf\/27 Touch\/Ultra 7 256V\/16GB\/1TB\/W11 All-in-One Computer<\/span><\/h3>\n<\/div>\n<div class=\"clean-specs-module--separator\">\n<div class=\"subspec_mainnode\"><span class=\"clean-specs-module--sub-title\">Famille de processeurs<\/span><span class=\"clean-specs-module--sub-content\">Processeur Intel\u00ae Core\u2122 Ultra 7<\/span><\/div>\n<div class=\"subspec_mainnode\"><span class=\"clean-specs-module--sub-title\">Processeurs<\/span><span class=\"clean-specs-module--sub-content\">Processeur Intel\u00ae Core\u2122 Ultra 7 256V (jusqu\u2019\u00e0 4,8 GHz avec la technologie Intel\u00ae Turbo Boost, 12 Mo de m\u00e9moire cache L3, 8 c\u0153urs, 8 threads)<sup>[6,7]<\/sup><\/span><\/div>\n<div class=\"subspec_mainnode\"><span class=\"clean-specs-module--sub-title\">Support du processeur<\/span><span class=\"clean-specs-module--sub-content\">BGA<\/span><\/div>\n<div class=\"subspec_mainnode\"><span class=\"clean-specs-module--sub-title\">Unit\u00e9 Traitement Neuronal<\/span><span class=\"clean-specs-module--sub-content\">Intel\u00ae AI Boost (47 NPU MAX)<\/span><\/div>\n<\/div>\n<div class=\"subspec_mainnode\"><span class=\"clean-specs-module--sub-title\">M\u00e9moire, standard<\/span><span class=\"clean-specs-module--sub-content\">16 Go de m\u00e9moire LPDDR5x-8533 MT\/s (int\u00e9gr\u00e9e)<\/span><\/div>\n<div class=\"subspec_mainnode\"><span class=\"clean-specs-module--sub-title\">Note de m\u00e9moire<\/span><span class=\"clean-specs-module--sub-content\">Taux de transfert pouvant atteindre 8533 MT\/s.<\/span><\/div>\n<div class=\"subspec_mainnode\"><span class=\"clean-specs-module--sub-title\">Disposition de la m\u00e9moire<\/span><span class=\"clean-specs-module--sub-content\">int\u00e9gr\u00e9<\/span><\/div>\n<div class=\"clean-specs-module--separator\"><\/div>\n<div class=\"subspec_mainnode\"><span class=\"clean-specs-module--sub-title\">M\u00e9moire interne<\/span><span class=\"clean-specs-module--sub-content\">Disque SSD PCIe\u00ae NVMe\u2122 M.2 1 To<\/span><\/div>\n<div class=\"subspec_mainnode\"><span class=\"clean-specs-module--sub-title\">Service Cloud<\/span><span class=\"clean-specs-module--sub-content\">100 Go d\u2019espace de stockage Dropbox pendant 3 mois<sup>[1]<\/sup><\/span><\/div>\n<div class=\"clean-specs-module--separator\"><\/div>\n<div class=\"subspec_mainnode\"><span class=\"clean-specs-module--sub-title\">Graphiques<\/span><span class=\"clean-specs-module--sub-content\">Carte graphique Intel\u00ae Arc\u2122<\/span><\/div>\n<div class=\"clean-specs-module--separator\"><\/div>\n<div class=\"subspec_mainnode\"><span class=\"clean-specs-module--sub-title\">Emplacement de port d\u2019E\/S<\/span><span class=\"clean-specs-module--sub-content\">C\u00f4t\u00e9<\/span><\/div>\n<div class=\"subspec_mainnode\"><span class=\"clean-specs-module--sub-title\">Ports<\/span><span class=\"clean-specs-module--sub-content\">1 port USB Type-C\u00ae, vitesse de transfert 10 Gbit\/s<br \/>\n2 ports USB Type-A, vitesse de transfert de 10 Gbit\/s<\/span><\/div>\n<div class=\"subspec_mainnode\"><span class=\"clean-specs-module--sub-title\">Emplacement de port d\u2019E\/S<\/span><span class=\"clean-specs-module--sub-content\">Arri\u00e8re<\/span><\/div>\n<div class=\"subspec_mainnode\"><span class=\"clean-specs-module--sub-title\">Ports<\/span><span class=\"clean-specs-module--sub-content\">2 ports USB Type-A avec vitesse de transfert de 10 Gbit\/s<br \/>\n1 prise combin\u00e9e casque\/microphone<br \/>\n1 port RJ-45<br \/>\n1 port USB Type-C\u00ae vitesse de transfert de 20 Gbit\/s (entr\u00e9e\/sortie DisplayPort\u2122 1.4)<\/span><\/div>\n<div class=\"subspec_mainnode\"><span class=\"clean-specs-module--sub-title\">Sans fil<\/span><span class=\"clean-specs-module--sub-content\">Carte sans fil Intel\u00ae Wi-Fi 7 BE201 (2\u00d72) et Bluetooth\u00ae 5.4<sup>[13,46]<\/sup><\/span><\/div>\n<div class=\"subspec_mainnode\"><span class=\"clean-specs-module--sub-title\">Interface r\u00e9seau<\/span><span class=\"clean-specs-module--sub-content\">Carte r\u00e9seau Realtek RTL8125BGH-CG 10\/100\/1 000\/2 500 GbE<\/span><\/div>\n<div class=\"subspec_mainnode\"><span class=\"clean-specs-module--sub-title\">Logements d\u2019extension<\/span><span class=\"clean-specs-module--sub-content\">2 M.2 (1 pour SSD, 1 pour WLAN)<\/span><\/div>\n<div class=\"subspec_mainnode\"><span class=\"clean-specs-module--sub-title\">Connecteurs vid\u00e9o<\/span><span class=\"clean-specs-module--sub-content\">1 sortie HDMI 1.4<br \/>\n1 entr\u00e9e HDMI<\/span><\/div>\n<div class=\"clean-specs-module--separator\"><\/div>\n<div class=\"subspec_mainnode\"><span class=\"clean-specs-module--sub-title\">Fonctions audio<\/span><span class=\"clean-specs-module--sub-content\">Deux haut-parleurs 5 W<br \/>\nPoly Studio<\/span><\/div>\n<div class=\"subspec_mainnode\"><span class=\"clean-specs-module--sub-title\">Clavier<\/span><span class=\"clean-specs-module--sub-content\">Ensemble clavier et souris USB HP 710 Argent m\u00e9t\u00e9ore<\/span><\/div>\n<div class=\"clean-specs-module--separator\"><\/div>\n<div class=\"subspec_mainnode\"><span class=\"clean-specs-module--sub-title\">Poids<\/span><span class=\"clean-specs-module--sub-content\">8,4 kg<\/span><\/div>\n<div class=\"subspec_mainnode\"><span class=\"clean-specs-module--sub-title\">Poids du carton\/paquet<\/span><span class=\"clean-specs-module--sub-content\">14,7 kg<\/span><\/div>\n<div class=\"clean-specs-module--separator\"><\/div>\n<div class=\"subspec_mainnode\"><span class=\"clean-specs-module--sub-title\">Couleur produit<\/span><span class=\"clean-specs-module--sub-content\">Argent m\u00e9t\u00e9ore<\/span><\/div>\n<div class=\"subspec_mainnode\"><span class=\"clean-specs-module--sub-title\">Conception du produit<\/span><span class=\"clean-specs-module--sub-content\">Peinture \u00e0 base d\u2019eau<\/span><\/div>\n<div class=\"clean-specs-module--separator\"><\/div>\n<div class=\"subspec_mainnode\"><span class=\"clean-specs-module--sub-title\">Dimensions minimales (L x P x H)<\/span><span class=\"clean-specs-module--sub-content\">61.24 x 20 x 53.71 cm<\/span><\/div>\n<div class=\"subspec_mainnode\"><span class=\"clean-specs-module--sub-title\">Dimensions de l\u2019emballage (L x P x H)<\/span><span class=\"clean-specs-module--sub-content\">76 x 16,3 x 48 cm<\/span><\/div>\n<div class=\"clean-specs-module--separator\"><\/div>\n<div class=\"subspec_mainnode\"><span class=\"clean-specs-module--sub-title\">Type d\u2019alimentation \u00e9lectrique<\/span><span class=\"clean-specs-module--sub-content\">Adaptateur secteur 180 W<\/span><\/div>\n<div><span class=\"clean-specs-module--sub-title\">Syst\u00e8me d\u2019exploitation<\/span><span class=\"clean-specs-module--sub-content\">Windows 11 Famille<\/span><\/div>\n<div class=\"clean-specs-module--separator\"><\/div>\n<div class=\"subspec_mainnode\"><span class=\"clean-specs-module--sub-title\">Logiciels fournis<\/span><span class=\"clean-specs-module--sub-content\">30 jours d\u2019essai McAfee Online Protection<br \/>\nOffre d\u2019essai gratuite Adobe de 1 mois<br \/>\nEssai PC Game Pass de 3 mois<\/span><\/div>\n<div class=\"subspec_mainnode\"><span class=\"clean-specs-module--sub-title\">Logiciels pr\u00e9install\u00e9s<\/span><span class=\"clean-specs-module--sub-content\">Copilot dans Windows avec touche Copilot<br \/>\nCam\u00e9ra Poly Pro<\/span><\/div>\n<div>\n<div class=\"subspec_mainnode\"><span class=\"clean-specs-module--sub-title\">\u00c9cran tactile<\/span><span class=\"clean-specs-module--sub-content\">Oui<\/span><\/div>\n<div class=\"subspec_mainnode\"><span class=\"clean-specs-module--sub-title\">Ecran<\/span><span class=\"clean-specs-module--sub-content\">\u00c9cran tactile Full HD de 68,6 cm (27 pouces) (1920 x 1080), IPS, micro-bords sur trois c\u00f4t\u00e9s, antireflet, 300 nits, 99 % sRGB<\/span><\/div>\n<div class=\"subspec_mainnode\"><span class=\"clean-specs-module--sub-title\">Anti-scintillement<\/span><span class=\"clean-specs-module--sub-content\">Oui<sup>[45]<\/sup><\/span><\/div>\n<div class=\"subspec_mainnode\"><span class=\"clean-specs-module--sub-title\">Rapport \u00e9cran\/bo\u00eetier (avec haut-parleurs)<\/span><span class=\"clean-specs-module--sub-content\">92,93 %<\/span><\/div>\n<\/div>\n","protected":false},"featured_media":15007,"comment_status":"open","ping_status":"closed","template":"","meta":[],"product_brand":[110],"product_cat":[166],"product_tag":[],"class_list":{"0":"post-15002","1":"product","2":"type-product","3":"status-publish","4":"has-post-thumbnail","6":"product_brand-hp","7":"product_cat-all-in-one","9":"first","10":"instock","11":"shipping-taxable","12":"product-type-simple"},"_links":{"self":[{"href":"https:\/\/gautierinformatique.com\/index.php?rest_route=\/wp\/v2\/product\/15002","targetHints":{"allow":["GET"]}}],"collection":[{"href":"https:\/\/gautierinformatique.com\/index.php?rest_route=\/wp\/v2\/product"}],"about":[{"href":"https:\/\/gautierinformatique.com\/index.php?rest_route=\/wp\/v2\/types\/product"}],"replies":[{"embeddable":true,"href":"https:\/\/gautierinformatique.com\/index.php?rest_route=%2Fwp%2Fv2%2Fcomments&post=15002"}],"version-history":[{"count":1,"href":"https:\/\/gautierinformatique.com\/index.php?rest_route=\/wp\/v2\/product\/15002\/revisions"}],"predecessor-version":[{"id":15008,"href":"https:\/\/gautierinformatique.com\/index.php?rest_route=\/wp\/v2\/product\/15002\/revisions\/15008"}],"wp:featuredmedia":[{"embeddable":true,"href":"https:\/\/gautierinformatique.com\/index.php?rest_route=\/wp\/v2\/media\/15007"}],"wp:attachment":[{"href":"https:\/\/gautierinformatique.com\/index.php?rest_route=%2Fwp%2Fv2%2Fmedia&parent=15002"}],"wp:term":[{"taxonomy":"product_brand","embeddable":true,"href":"https:\/\/gautierinformatique.com\/index.php?rest_route=%2Fwp%2Fv2%2Fproduct_brand&post=15002"},{"taxonomy":"product_cat","embeddable":true,"href":"https:\/\/gautierinformatique.com\/index.php?rest_route=%2Fwp%2Fv2%2Fproduct_cat&post=15002"},{"taxonomy":"product_tag","embeddable":true,"href":"https:\/\/gautierinformatique.com\/index.php?rest_route=%2Fwp%2Fv2%2Fproduct_tag&post=15002"}],"curies":[{"name":"wp","href":"https:\/\/api.w.org\/{rel}","templated":true}]}}