{"id":15024,"date":"2026-04-22T18:07:49","date_gmt":"2026-04-22T18:07:49","guid":{"rendered":"https:\/\/gautierinformatique.com\/?post_type=product&#038;p=15024"},"modified":"2026-04-22T18:21:13","modified_gmt":"2026-04-22T18:21:13","slug":"acer-predator-helios-neo-16-phn16-72-97k3","status":"publish","type":"product","link":"https:\/\/gautierinformatique.com\/?product=acer-predator-helios-neo-16-phn16-72-97k3","title":{"rendered":"Acer Predator Helios Neo 16 PHN16-72-97K3"},"content":{"rendered":"<ul>\n<li><strong>Processeur Intel Core i9-13900HX<\/strong><\/li>\n<li>32 Go de m\u00e9moire DDR5 (2x 16 Go &#8211; 2 slots &#8211; Maximum 32 Go)<\/li>\n<li>\u00c9cran mat de 16 pouces avec r\u00e9solution\u00a0<strong>QHD+<\/strong>\u00a0(2560 x 1600) et\u00a0<strong>fr\u00e9quence de 240 Hz<\/strong><\/li>\n<li><strong>Dalle IPS<\/strong>\u00a0: couleurs lumineuses et angles de vision larges (178\u00b0)<\/li>\n<li>Puce graphique\u00a0<strong>NVIDIA GeForce RTX 4070<\/strong>\u00a0avec 8 Go de m\u00e9moire GDDR6<\/li>\n<li><strong>SSD M.2 PCIe NVMe de 1 To ( + 1 emplacement libre pour SSD M.2 PCIe NVME 2280)<\/strong><\/li>\n<li>Connexion Gigabit Ethernet + communication sans fil Wi-Fi 6 + Bluetooth 5.3<\/li>\n<li>Webcam int\u00e9gr\u00e9e HD 1080p<\/li>\n<li>Clavier avec<strong>\u00a0touches r\u00e9tro\u00e9clair\u00e9es RGB<\/strong><\/li>\n<li><strong>Windows 11 Famille<\/strong><\/li>\n<li><\/li>\n<li><strong>Processeur Intel Core i9-13900HX<\/strong><\/li>\n<li>32 Go de m\u00e9moire DDR5 (2x 16 Go &#8211; 2 slots &#8211; Maximum 32 Go)<\/li>\n<li>\u00c9cran mat de 16 pouces avec r\u00e9solution\u00a0<strong>QHD+<\/strong>\u00a0(2560 x 1600) et\u00a0<strong>fr\u00e9quence de 240 Hz<\/strong><\/li>\n<li><strong>Dalle IPS<\/strong>\u00a0: couleurs lumineuses et angles de vision larges (178\u00b0)<\/li>\n<li>Puce graphique\u00a0<strong>NVIDIA GeForce RTX 4070<\/strong>\u00a0avec 8 Go de m\u00e9moire GDDR6<\/li>\n<li><strong>SSD M.2 PCIe NVMe de 1 To ( + 1 emplacement libre pour SSD M.2 PCIe NVME 2280)<\/strong><\/li>\n<li>Connexion Gigabit Ethernet + communication sans fil Wi-Fi 6 + Bluetooth 5.3<\/li>\n<li>Webcam int\u00e9gr\u00e9e HD 1080p<\/li>\n<li>Clavier avec<strong>\u00a0touches r\u00e9tro\u00e9clair\u00e9es RGB<\/strong><\/li>\n<li><strong>Windows 11 Famille<\/strong><\/li>\n<\/ul>\n","protected":false},"excerpt":{"rendered":"<div class=\"logo\"><a href=\"https:\/\/www.ldlc.com\/acer\/bint000001041\/\" rel=\"nofollow\"><img decoding=\"async\" src=\"https:\/\/media.ldlc.com\/v3\/marque\/190\/C000001041.gif\" alt=\"Acer\" \/><\/a><\/div>\n<div id=\"description\" class=\"description\">\n<div class=\"details-pdt-desc\">\n<h2 class=\"h2-master\">Puissance et vitesse sur un \u00e9cran de 16 pouces 240 Hz<\/h2>\n<section>Jouez sans contraintes avec le PC portable Gamer\u00a0<strong>Acer Predator Helios Neo 16 PHN16\u00a0<\/strong>! Taill\u00e9 pour la performance, cet \u00e9l\u00e9gant\u00a0<strong>PC portable gaming\u00a0<\/strong>b\u00e9n\u00e9ficie de composants performants et offre un divertissement audio\/vid\u00e9o de qualit\u00e9. Le PC portable Acer Predator Helios Neo 16 offre de superbes performances gr\u00e2ce \u00e0 son processeur\u00a0<strong>Intel Core i9-14900HX<\/strong>, ses 32 Go de m\u00e9moire DDR5, son\u00a0<strong>SSD M.2 PCIe de 1 To<\/strong>\u00a0et sa puce graphique\u00a0<strong>NVIDIA GeForce RTX 4070<\/strong>.<\/section>\n<section>\n<div class=\"desc-image\"><img decoding=\"async\" src=\"https:\/\/media.ldlc.com\/bo\/images\/fiches\/pc_portables\/acer\/Helios_Neo_16\/phn16-72\/801.jpg\" alt=\"\" \/><\/div>\n<div class=\"desc-text\">\n<h2>\u00c9CRAN DE 16 POUCES QHD+ 240 HZ<\/h2>\n<p>Avec son \u00e9cran au format 16\/10 avec dalle IPS et r\u00e9solution QHD+, le PC portable Acer Predator Helios Neo 16 offre une belle qualit\u00e9 d&rsquo;image avec des couleurs riches et des angles de vision larges. Avec sa fr\u00e9quence de 240 Hz, il offre aussi un affichage particuli\u00e8rement fluide et pr\u00e9cis.<\/p>\n<\/div>\n<\/section>\n<section>\n<div class=\"desc-text\">\n<h2>PERFORMANCES GAMING SUP\u00c9RIEURES<\/h2>\n<p>La coque de ce PC portable renferme un processeur Intel Core i9 de 14e\u00a0g\u00e9n\u00e9ration, une puce graphique NVIDIA GeForce RTX 4070 embarquant 8 Go de GDDR6 et de la m\u00e9moire DDR5 ainsi qu&rsquo;un vaste espace de stockage haute vitesse pr\u00eat \u00e0 accueillir votre biblioth\u00e8que de jeux.<\/p>\n<p>Les puces graphiques NVIDIA GeForce RTX s\u00e9rie 40 offrent de hautes performances pour les joueurs et les cr\u00e9ateurs. Elles utilisent l&rsquo;architecture NVIDIA Ada Lovelace ultra-efficace, qui repr\u00e9sente un v\u00e9ritable bond en avant en termes de performances et de graphismes optimis\u00e9s par l&rsquo;intelligence artificielle. L&rsquo;architecture Ada lib\u00e8re tout le potentiel du ray tracing, qui simule le comportement de la lumi\u00e8re dans le monde r\u00e9el.<\/p>\n<\/div>\n<div class=\"desc-image\"><img decoding=\"async\" src=\"https:\/\/media.ldlc.com\/bo\/images\/fiches\/pc_portables\/acer\/Helios_Neo_16\/phn16-72\/802.jpg\" alt=\"\" \/><\/div>\n<\/section>\n<section>\n<div class=\"desc-image\"><img decoding=\"async\" src=\"https:\/\/media.ldlc.com\/bo\/images\/fiches\/pc_portables\/acer\/Helios_Neo_16\/phn16-72\/803.jpg\" alt=\"\" \/><\/div>\n<div class=\"desc-text\">\n<h2>SYST\u00c8ME DE REFROIDISSEMENT PERFORMANT<\/h2>\n<p>L&rsquo;ordinateur portable Acer Predator Helios Neo 16 b\u00e9n\u00e9ficie d&rsquo;une technologie de refroidissement ultra-efficace avec notamment des ventilateurs AeroBlade 3D Gen 5 enti\u00e8rement m\u00e9talliques et con\u00e7us sur mesure, des caloducs et un refroidissement par p\u00e2te thermique en m\u00e9tal liquide.<\/p>\n<\/div>\n<\/section>\n<section>\n<h2>CARACT\u00c9RISTIQUES PRINCIPALES :<\/h2>\n<ul>\n<li><strong>Processeur Intel Core i9-13900HX<\/strong><\/li>\n<li>32 Go de m\u00e9moire DDR5 (2x 16 Go &#8211; 2 slots &#8211; Maximum 32 Go)<\/li>\n<li>\u00c9cran mat de 16 pouces avec r\u00e9solution\u00a0<strong>QHD+<\/strong>\u00a0(2560 x 1600) et\u00a0<strong>fr\u00e9quence de 240 Hz<\/strong><\/li>\n<li><strong>Dalle IPS<\/strong>\u00a0: couleurs lumineuses et angles de vision larges (178\u00b0)<\/li>\n<li>Puce graphique\u00a0<strong>NVIDIA GeForce RTX 4070<\/strong>\u00a0avec 8 Go de m\u00e9moire GDDR6<\/li>\n<li><strong>SSD M.2 PCIe NVMe de 1 To ( + 1 emplacement libre pour SSD M.2 PCIe NVME 2280)<\/strong><\/li>\n<li>Connexion Gigabit Ethernet + communication sans fil Wi-Fi 6 + Bluetooth 5.3<\/li>\n<li>Webcam int\u00e9gr\u00e9e HD 1080p<\/li>\n<li>Clavier avec<strong>\u00a0touches r\u00e9tro\u00e9clair\u00e9es RGB<\/strong><\/li>\n<li><strong>Windows 11 Famille<\/strong><\/li>\n<\/ul>\n<\/section>\n<\/div>\n<\/div>\n","protected":false},"featured_media":15030,"comment_status":"open","ping_status":"closed","template":"","meta":[],"product_brand":[183],"product_cat":[100,142],"product_tag":[],"class_list":{"0":"post-15024","1":"product","2":"type-product","3":"status-publish","4":"has-post-thumbnail","6":"product_brand-acer","7":"product_cat-accessories","8":"product_cat-gaming-laptops","10":"first","11":"instock","12":"shipping-taxable","13":"purchasable","14":"product-type-simple"},"_links":{"self":[{"href":"https:\/\/gautierinformatique.com\/index.php?rest_route=\/wp\/v2\/product\/15024","targetHints":{"allow":["GET"]}}],"collection":[{"href":"https:\/\/gautierinformatique.com\/index.php?rest_route=\/wp\/v2\/product"}],"about":[{"href":"https:\/\/gautierinformatique.com\/index.php?rest_route=\/wp\/v2\/types\/product"}],"replies":[{"embeddable":true,"href":"https:\/\/gautierinformatique.com\/index.php?rest_route=%2Fwp%2Fv2%2Fcomments&post=15024"}],"version-history":[{"count":3,"href":"https:\/\/gautierinformatique.com\/index.php?rest_route=\/wp\/v2\/product\/15024\/revisions"}],"predecessor-version":[{"id":15035,"href":"https:\/\/gautierinformatique.com\/index.php?rest_route=\/wp\/v2\/product\/15024\/revisions\/15035"}],"wp:featuredmedia":[{"embeddable":true,"href":"https:\/\/gautierinformatique.com\/index.php?rest_route=\/wp\/v2\/media\/15030"}],"wp:attachment":[{"href":"https:\/\/gautierinformatique.com\/index.php?rest_route=%2Fwp%2Fv2%2Fmedia&parent=15024"}],"wp:term":[{"taxonomy":"product_brand","embeddable":true,"href":"https:\/\/gautierinformatique.com\/index.php?rest_route=%2Fwp%2Fv2%2Fproduct_brand&post=15024"},{"taxonomy":"product_cat","embeddable":true,"href":"https:\/\/gautierinformatique.com\/index.php?rest_route=%2Fwp%2Fv2%2Fproduct_cat&post=15024"},{"taxonomy":"product_tag","embeddable":true,"href":"https:\/\/gautierinformatique.com\/index.php?rest_route=%2Fwp%2Fv2%2Fproduct_tag&post=15024"}],"curies":[{"name":"wp","href":"https:\/\/api.w.org\/{rel}","templated":true}]}}